{"id":9944,"date":"2025-07-07T16:27:50","date_gmt":"2025-07-07T13:27:50","guid":{"rendered":"https:\/\/eltechnika.eu\/produktas\/gietarka-do-akrylu-1300-mm\/"},"modified":"2025-08-21T16:37:29","modified_gmt":"2025-08-21T13:37:29","slug":"gietarka-do-akrylu-1300-mm","status":"publish","type":"product","link":"https:\/\/eltechnika.eu\/pl\/produkt\/gietarka-do-akrylu-1300-mm\/","title":{"rendered":"Gi\u0119tarka do akrylu 1300 mm"},"content":{"rendered":"<p data-start=\"953\" data-end=\"975\"><strong data-start=\"953\" data-end=\"975\">W\u0142a\u015bciwo\u015bci techniczne:<\/strong><\/p>\n<ul data-start=\"976\" data-end=\"1352\">\n<li data-start=\"976\" data-end=\"1082\">\n<p data-start=\"978\" data-end=\"1082\">Nadaje si\u0119 do tworzyw sztucznych: akrylu (PMMA), pleksi, PVC, poliw\u0119glanu (PC), ABS, polipropylenu (PP);<\/p>\n<\/li>\n<li data-start=\"1083\" data-end=\"1132\">\n<p data-start=\"1085\" data-end=\"1132\">Zalecana grubo\u015b\u0107 blachy: od 1 do 10 mm;<\/p>\n<\/li>\n<li data-start=\"1133\" data-end=\"1161\">\n<p data-start=\"1135\" data-end=\"1161\">D\u0142ugo\u015b\u0107 gi\u0119cia: do 1250 mm;<\/p>\n<\/li>\n<li data-start=\"1162\" data-end=\"1217\">\n<p data-start=\"1164\" data-end=\"1217\">Temperatura ogrzewania: regulowana w zakresie od 0 do 600 \u00b0C;<\/p>\n<\/li>\n<li data-start=\"1218\" data-end=\"1248\">\n<p data-start=\"1220\" data-end=\"1248\">Zasilanie: 230 V AC, 50 Hz;<\/p>\n<\/li>\n<li data-start=\"1249\" data-end=\"1297\">\n<p data-start=\"1251\" data-end=\"1297\">Moc: 1000 W &#8211; wystarczaj\u0105ca do szybkiego nagrzewania;<\/p>\n<\/li>\n<li data-start=\"1298\" data-end=\"1352\">\n<p data-start=\"1300\" data-end=\"1352\">Kompaktowa i lekka obudowa.<\/p>\n<\/li>\n<\/ul>\n<p data-start=\"1354\" data-end=\"1626\">Urz\u0105dzenie jest \u0142atwe w obs\u0142udze, dzi\u0119ki czemu nadaje si\u0119 do warsztat\u00f3w, \u015brodowisk edukacyjnych lub produkcji na ma\u0142\u0105 skal\u0119. Maszyny s\u0105 niezawodne i trwa\u0142e, co czyni je idealnym wyborem zar\u00f3wno dla profesjonalist\u00f3w, jak i pocz\u0105tkuj\u0105cych poszukuj\u0105cych wysokiej jako\u015bci rezultat\u00f3w. <\/p>\n","protected":false},"excerpt":{"rendered":"<p><strong>Gi\u0119tarka do akrylu &#8211; uniwersalne narz\u0119dzie do obr\u00f3bki p\u0142yt z tworzyw sztucznych<\/strong><\/p>\n<p>Te gi\u0119tarki do akrylu, znane r\u00f3wnie\u017c jako gi\u0119tarki do p\u0142yt z tworzyw sztucznych, s\u0105 przeznaczone do profesjonalnego i precyzyjnego formowania szerokiej gamy arkuszy termoplastycznych. Wykorzystuj\u0105 one ogrzewanie, aby zmi\u0119kczy\u0107 materia\u0142 dok\u0142adnie we w\u0142a\u015bciwym miejscu, dzi\u0119ki czemu mo\u017cna uzyska\u0107 czysty i precyzyjny k\u0105t gi\u0119cia bez widocznych deformacji lub uszkodze\u0144 powierzchni. <\/p>\n<p>Dzi\u0119ki kontroli temperatury i kompatybilno\u015bci mi\u0119dzy r\u00f3\u017cnymi tworzywami sztucznymi, maszyny te s\u0105 szeroko stosowane do produkcji produkt\u00f3w promocyjnych, stojak\u00f3w POS, paneli ochronnych, element\u00f3w wewn\u0119trznych lub cz\u0119\u015bci technicznych. U\u017cytkownik mo\u017ce kontrolowa\u0107 temperatur\u0119 do 600 \u00b0C, a maksymalna d\u0142ugo\u015b\u0107 gi\u0119cia do 1250 mm pozwala na prac\u0119 z szerszymi arkuszami. <\/p>\n","protected":false},"featured_media":9119,"template":"","meta":{"_acf_changed":false},"product_brand":[],"product_cat":[362],"product_tag":[],"class_list":{"0":"post-9944","1":"product","2":"type-product","3":"status-publish","4":"has-post-thumbnail","6":"product_cat-gietarka-do-akrylu","7":"","8":"woocommerce-text-align-center","9":"woocommerce-image-align-center","10":"wc-has-gallery","12":"first","13":"instock","14":"shipping-taxable","15":"product-type-simple"},"acf":[],"_links":{"self":[{"href":"https:\/\/eltechnika.eu\/pl\/wp-json\/wp\/v2\/product\/9944","targetHints":{"allow":["GET"]}}],"collection":[{"href":"https:\/\/eltechnika.eu\/pl\/wp-json\/wp\/v2\/product"}],"about":[{"href":"https:\/\/eltechnika.eu\/pl\/wp-json\/wp\/v2\/types\/product"}],"wp:featuredmedia":[{"embeddable":true,"href":"https:\/\/eltechnika.eu\/pl\/wp-json\/wp\/v2\/media\/9119"}],"wp:attachment":[{"href":"https:\/\/eltechnika.eu\/pl\/wp-json\/wp\/v2\/media?parent=9944"}],"wp:term":[{"taxonomy":"product_brand","embeddable":true,"href":"https:\/\/eltechnika.eu\/pl\/wp-json\/wp\/v2\/product_brand?post=9944"},{"taxonomy":"product_cat","embeddable":true,"href":"https:\/\/eltechnika.eu\/pl\/wp-json\/wp\/v2\/product_cat?post=9944"},{"taxonomy":"product_tag","embeddable":true,"href":"https:\/\/eltechnika.eu\/pl\/wp-json\/wp\/v2\/product_tag?post=9944"}],"curies":[{"name":"wp","href":"https:\/\/api.w.org\/{rel}","templated":true}]}}