{"id":7107,"date":"2024-06-25T11:47:50","date_gmt":"2024-06-25T08:47:50","guid":{"rendered":"https:\/\/eltechnika.eu\/produktas\/znakowarka-laserowa-uv\/"},"modified":"2025-08-21T15:41:13","modified_gmt":"2025-08-21T12:41:13","slug":"znakowarka-laserowa-uv","status":"publish","type":"product","link":"https:\/\/eltechnika.eu\/pl\/produkt\/znakowarka-laserowa-uv\/","title":{"rendered":"Maszyna do znakowania laserowego UV"},"content":{"rendered":"<h2>Laser UV: znakowanie na zimno dla najbardziej wra\u017cliwych materia\u0142\u00f3w<\/h2>\n<p>Tam, gdzie standardowe lasery \u015bwiat\u0142owodowe lub CO2 s\u0105 zbyt agresywne, z pomoc\u0105 przychodzi technologia laser\u00f3w UV. Wi\u0119kszo\u015b\u0107 laser\u00f3w dzia\u0142a na zasadzie termicznej &#8211; podgrzewaj\u0105 i odparowuj\u0105 materia\u0142. Z drugiej strony lasery UV wykorzystuj\u0105 kr\u00f3tsz\u0105 d\u0142ugo\u015b\u0107 fali 355 nm i dzia\u0142aj\u0105 na zasadzie fotochemicznej. Wysokoenergetyczne fotony UV bezpo\u015brednio rozbijaj\u0105 wi\u0105zania molekularne w materiale bez podgrzewania otaczaj\u0105cego obszaru. Proces ten, znany jako &#8222;znakowanie na zimno&#8221;, umo\u017cliwia tworzenie idealnie wyra\u017anych i kontrastowych znak\u00f3w bez uszkodzenia samego materia\u0142u.    <\/p>\n<h2>Dlaczego warto wybra\u0107 laser UV?<\/h2>\n<p>Laser UV otwiera drzwi do obszar\u00f3w, kt\u00f3re wcze\u015bniej by\u0142y niedost\u0119pne dla znakowania laserowego ze wzgl\u0119du na wra\u017cliwo\u015b\u0107 materia\u0142u na ciep\u0142o.<\/p>\n<h3>Niezr\u00f3wnana precyzja i jako\u015b\u0107<\/h3>\n<p>Dzi\u0119ki bardzo ma\u0142emu rozmiarowi plamki lasera, laser UV mo\u017ce tworzy\u0107 niezwykle drobne i precyzyjne szczeg\u00f3\u0142y. Pozwala to na mikroznakowanie &#8211; grawerowanie bardzo ma\u0142ego tekstu, skomplikowanych logo lub kod\u00f3w QR o wysokiej rozdzielczo\u015bci &#8211; kt\u00f3re b\u0119d\u0105 \u0142atwo czytelne i bezb\u0142\u0119dnie wyra\u017ane. <\/p>\n<h3>Pe\u0142na ochrona przed naruszeniami<\/h3>\n<p>Proces &#8222;znakowania na zimno&#8221; gwarantuje, \u017ce produkt nie b\u0119dzie wykazywa\u0142 \u017cadnych niepo\u017c\u0105danych efekt\u00f3w: bez przypalania, topienia, spieniania lub mikrop\u0119kni\u0119\u0107, kt\u00f3re cz\u0119sto wyst\u0119puj\u0105, gdy powierzchnie s\u0105 wystawione na dzia\u0142anie ciep\u0142a. Struktura i integralno\u015b\u0107 powierzchni materia\u0142u pozostaje nienaruszona, co ma kluczowe znaczenie w produkcji urz\u0105dze\u0144 medycznych, elektroniki lub opakowa\u0144 do \u017cywno\u015bci. <\/p>\n<h2>Szeroki zakres zastosowa\u0144<\/h2>\n<p>Laser UV to wszechstronne rozwi\u0105zanie, kt\u00f3re wype\u0142nia nisz\u0119 mi\u0119dzy technologiami \u015bwiat\u0142owodowymi i CO2. Jest idealny tam, gdzie inne technologie s\u0105 bezsilne. <\/p>\n<h3>Spektrum materia\u0142\u00f3w:<\/h3>\n<ul>\n<li><strong>Wszystkie tworzywa sztuczne:<\/strong> ABS, PVC, PLA, poliw\u0119glan, polipropylen, a zw\u0142aszcza silikon.<\/li>\n<li><strong>Szk\u0142o i kryszta\u0142:<\/strong> znakowanie bez ryzyka mikrop\u0119kni\u0119\u0107.<\/li>\n<li><strong>Ceramika:<\/strong> precyzyjne grawerowanie na r\u00f3\u017cnych rodzajach ceramiki.<\/li>\n<li><strong>Komponenty elektroniczne:<\/strong> obudowy mikroprocesor\u00f3w, p\u0142ytki drukowane (PCB), wafle krzemowe.<\/li>\n<li><strong>Medycyna:<\/strong> znakowanie plastikowych cz\u0119\u015bci narz\u0119dzi chirurgicznych, implant\u00f3w i sprz\u0119tu medycznego.<\/li>\n<li><strong>Energia s\u0142oneczna:<\/strong> etykietowanie p\u0142ytek ogniw s\u0142onecznych.<\/li>\n<li>Mo\u017ce r\u00f3wnie\u017c znakowa\u0107 drewno, papier, sk\u00f3r\u0119, a nawet metale, daj\u0105c inny kontrast ni\u017c laser \u015bwiat\u0142owodowy.<\/li>\n<\/ul>\n<h3>Przyk\u0142ady u\u017cycia:<\/h3>\n<ul>\n<li>Logo i oznaczenia certyfikacyjne na \u0142adowarkach do telefon\u00f3w, pami\u0119ciach USB.<\/li>\n<li>Grawerowanie numer\u00f3w seryjnych i kod\u00f3w kreskowych na szklanych pojemnikach lub naczyniach laboratoryjnych.<\/li>\n<li>Oznaczanie kod\u00f3w identyfikacyjnych na silikonowych rurkach lub urz\u0105dzeniach medycznych.<\/li>\n<li>Oznaczanie ma\u0142ych schemat\u00f3w i numer\u00f3w na komponentach elektronicznych.<\/li>\n<\/ul>\n<p>&nbsp;<\/p>\n<div class=\"product-descr-table\">\n<table width=\"634\">\n<tbody>\n<tr>\n<td colspan=\"2\" width=\"634\">\n<p style=\"text-align: left;\"><strong>SPECYFIKACJA<\/strong><\/p>\n<\/td>\n<\/tr>\n<tr>\n<td style=\"text-align: left;\" width=\"217\"><strong>\u0179r\u00f3d\u0142o lasera<\/strong><\/td>\n<td width=\"417\">\n<p style=\"text-align: center;\">Uszczelka JPT &#8211; 355 &#8211; 3SE\/3C\/5C\/10S<\/p>\n<\/td>\n<\/tr>\n<tr>\n<td width=\"217\">\n<p style=\"text-align: left;\"><strong>Moc lasera<\/strong><\/p>\n<\/td>\n<td style=\"text-align: center;\" width=\"417\">3W, 5W, 10W<\/td>\n<\/tr>\n<tr>\n<td style=\"text-align: left;\" width=\"217\"><strong>Zakres impuls\u00f3w<\/strong><\/td>\n<td width=\"417\">\n<p style=\"text-align: center;\">20 &#8211; 150 kHz<\/p>\n<\/td>\n<\/tr>\n<tr>\n<td width=\"217\">\n<p style=\"text-align: left;\"><strong>Pr\u0119dko\u015b\u0107 grawerowania<\/strong><\/p>\n<\/td>\n<td style=\"text-align: center;\" width=\"417\">0 &#8211; 8000 mm\/s<\/td>\n<\/tr>\n<tr>\n<td style=\"text-align: left;\" width=\"217\"><strong>Minimalna grubo\u015b\u0107 linii<\/strong><\/td>\n<td width=\"417\">\n<p style=\"text-align: center;\">&lt;0,01 mm<\/p>\n<\/td>\n<\/tr>\n<tr>\n<td width=\"217\">\n<p style=\"text-align: left;\"><strong>D\u0142ugo\u015b\u0107 fali lasera<\/strong><\/p>\n<\/td>\n<td style=\"text-align: center;\" width=\"417\">355nm<\/td>\n<\/tr>\n<tr>\n<td style=\"text-align: left;\" width=\"217\"><strong>Pole robocze<\/strong><\/td>\n<td width=\"417\">\n<p style=\"text-align: center;\">70x70mm, 110x110mm, 150x150mm, 175x175mm, 200x200mm, 300x300mm<\/p>\n<\/td>\n<\/tr>\n<tr>\n<td width=\"217\">\n<p style=\"text-align: left;\"><strong>Ch\u0142odzenie<\/strong><\/p>\n<\/td>\n<td style=\"text-align: center;\" width=\"417\">Powietrze\/woda<\/td>\n<\/tr>\n<tr>\n<td style=\"text-align: left;\" width=\"217\"><strong>\u017bywotno\u015b\u0107 \u017ar\u00f3d\u0142a lasera<\/strong><\/td>\n<td width=\"417\">\n<p style=\"text-align: center;\">Do 20 000 godzin.<\/p>\n<\/td>\n<\/tr>\n<tr>\n<td width=\"217\">\n<p style=\"text-align: left;\"><strong>Napi\u0119cie zasilania<\/strong><\/p>\n<\/td>\n<td style=\"text-align: center;\" width=\"417\">230VAC, 50-60Hz<\/td>\n<\/tr>\n<tr>\n<td style=\"text-align: left;\" width=\"217\"><strong>Zu\u017cycie energii<\/strong><\/td>\n<td width=\"417\">\n<p style=\"text-align: center;\">&lt;= 500W<\/p>\n<\/td>\n<\/tr>\n<tr>\n<td width=\"217\">\n<p style=\"text-align: left;\"><strong>Poziom temperatury\/wilgotno\u015bci<\/strong><\/p>\n<\/td>\n<td style=\"text-align: center;\" width=\"417\">0~35\u00b0C \/ 10~95%<\/td>\n<\/tr>\n<tr>\n<td style=\"text-align: left;\" width=\"217\"><strong>Wymiary i waga obrabiarki<\/strong><\/td>\n<td width=\"417\">\n<p style=\"text-align: center;\">660x240x500mm, 35kg<\/p>\n<\/td>\n<\/tr>\n<tr>\n<td width=\"217\">\n<p style=\"text-align: left;\"><strong>Oprogramowanie<\/strong><\/p>\n<\/td>\n<td style=\"text-align: center;\" width=\"417\">EzCAD (zalecany LightBurn Pro, oddzielna p\u0142atna licencja)<\/td>\n<\/tr>\n<tr>\n<td style=\"text-align: left;\" width=\"217\"><strong>Obs\u0142ugiwane formaty<\/strong><\/td>\n<td width=\"417\">\n<p style=\"text-align: center;\">AI, PLT, DXF, BMP, DWG, DXP, PNG, JPG itp.<\/p>\n<\/td>\n<\/tr>\n<tr>\n<td width=\"217\">\n<p style=\"text-align: left;\"><strong>Odpowiednie materia\u0142y<\/strong><\/p>\n<\/td>\n<td style=\"text-align: center;\" width=\"417\">Prawie wszystkie (substancje organiczne, cia\u0142a sta\u0142e, szk\u0142o, kryszta\u0142y, metale, tworzywa sztuczne, krzem itp.)<\/td>\n<\/tr>\n<tr>\n<td style=\"text-align: left;\" width=\"217\"><strong>Obrotowy<\/strong><\/td>\n<td width=\"417\">\n<p style=\"text-align: center;\">Opcja dodatkowa (dla pier\u015bcionk\u00f3w, bransoletek, okular\u00f3w itp.)<\/p>\n<\/td>\n<\/tr>\n<\/tbody>\n<\/table>\n<\/div>\n","protected":false},"excerpt":{"rendered":"<p><strong>Znakowarki laserowe UV<\/strong> to specjalistyczne urz\u0105dzenia do precyzyjnego znakowania wra\u017cliwych materia\u0142\u00f3w. Wykorzystuj\u0105c unikaln\u0105 technologi\u0119 &#8222;zimnego znakowania&#8221;, laser UV dzia\u0142a na powierzchni\u0119 bez efekt\u00f3w termicznych, unikaj\u0105c jakichkolwiek uszkodze\u0144, przypale\u0144 lub mikrop\u0119kni\u0119\u0107. Jest to niezast\u0105pione narz\u0119dzie podczas pracy z <strong>tworzywami sztucznymi, szk\u0142em, silikonem, ceramik\u0105<\/strong> i delikatn\u0105 elektronik\u0105, gdzie wymagana jest najwy\u017csza jako\u015b\u0107 i zachowanie integralno\u015bci powierzchni.  <\/p>\n","protected":false},"featured_media":7108,"template":"","meta":{"_acf_changed":false},"product_brand":[],"product_cat":[310],"product_tag":[],"class_list":{"0":"post-7107","1":"product","2":"type-product","3":"status-publish","4":"has-post-thumbnail","6":"product_cat-plotery-laserowe","7":"","8":"woocommerce-text-align-center","9":"woocommerce-image-align-center","11":"first","12":"instock","13":"shipping-taxable","14":"purchasable","15":"product-type-simple"},"acf":[],"_links":{"self":[{"href":"https:\/\/eltechnika.eu\/pl\/wp-json\/wp\/v2\/product\/7107","targetHints":{"allow":["GET"]}}],"collection":[{"href":"https:\/\/eltechnika.eu\/pl\/wp-json\/wp\/v2\/product"}],"about":[{"href":"https:\/\/eltechnika.eu\/pl\/wp-json\/wp\/v2\/types\/product"}],"wp:featuredmedia":[{"embeddable":true,"href":"https:\/\/eltechnika.eu\/pl\/wp-json\/wp\/v2\/media\/7108"}],"wp:attachment":[{"href":"https:\/\/eltechnika.eu\/pl\/wp-json\/wp\/v2\/media?parent=7107"}],"wp:term":[{"taxonomy":"product_brand","embeddable":true,"href":"https:\/\/eltechnika.eu\/pl\/wp-json\/wp\/v2\/product_brand?post=7107"},{"taxonomy":"product_cat","embeddable":true,"href":"https:\/\/eltechnika.eu\/pl\/wp-json\/wp\/v2\/product_cat?post=7107"},{"taxonomy":"product_tag","embeddable":true,"href":"https:\/\/eltechnika.eu\/pl\/wp-json\/wp\/v2\/product_tag?post=7107"}],"curies":[{"name":"wp","href":"https:\/\/api.w.org\/{rel}","templated":true}]}}