{"id":7038,"date":"2025-12-15T15:00:59","date_gmt":"2025-12-15T12:00:59","guid":{"rendered":"https:\/\/eltechnika.eu\/produktas\/aeon-mira-5-7-9\/"},"modified":"2025-08-21T15:40:31","modified_gmt":"2025-08-21T12:40:31","slug":"aeon-mira-5-7-9","status":"publish","type":"product","link":"https:\/\/eltechnika.eu\/pl\/produkt\/aeon-mira-5-7-9\/","title":{"rendered":"Aeon Mira 5\/7\/9"},"content":{"rendered":"<h2><strong>AEON MIRA: Gdzie spotykaj\u0105 si\u0119 szybko\u015b\u0107 i kompaktowo\u015b\u0107<\/strong><\/h2>\n<p>Seria AEON MIRA zosta\u0142a zaprojektowana, aby zaspokoi\u0107 potrzeby u\u017cytkownik\u00f3w, kt\u00f3rzy wymagaj\u0105 maksymalnej pr\u0119dko\u015bci, ale s\u0105 ograniczeni rozmiarem stacji roboczej. Te stacjonarne modele s\u0105 najszybsze w swojej klasie i oferuj\u0105 profesjonalne mo\u017cliwo\u015bci grawerowania i ci\u0119cia. Dzi\u0119ki przemy\u015blanej konstrukcji, MIRA mo\u017ce by\u0107 \u0142atwo przenoszona przez standardowe drzwi, a nowoczesna konstrukcja all-in-one pozwala na oszcz\u0119dno\u015b\u0107 miejsca i eliminacj\u0119 dodatkowych urz\u0105dze\u0144 peryferyjnych. Jest to idealne rozwi\u0105zanie dla tych, kt\u00f3rzy nie chc\u0105 po\u015bwi\u0119ca\u0107 jako\u015bci na rzecz rozmiaru.   <\/p>\n<h3><strong>Wyj\u0105tkowa szybko\u015b\u0107 i wydajno\u015b\u0107<\/strong><\/h3>\n<p>Jedn\u0105 z g\u0142\u00f3wnych zalet serii MIRA jest osza\u0142amiaj\u0105ca pr\u0119dko\u015b\u0107 grawerowania do <strong>1200 mm\/s<\/strong>. Pozwala to na realizacj\u0119 projekt\u00f3w znacznie szybciej ni\u017c w przypadku wielu podobnych urz\u0105dze\u0144 dost\u0119pnych na rynku. Wraz z szybkim ruchem, maszyna zachowuje doskona\u0142\u0105 dok\u0142adno\u015b\u0107, dzi\u0119ki czemu nawet najmniejsze szczeg\u00f3\u0142y mog\u0105 by\u0107 odwzorowane bezb\u0142\u0119dnie.  <\/p>\n<h3><strong>Zaawansowana konstrukcja All-in-One<\/strong><\/h3>\n<p>Modele MIRA wyr\u00f3\u017cniaj\u0105 si\u0119 zintegrowanym systemem, w kt\u00f3rym wszystko, czego potrzebujesz do wykonania swojej pracy, znajduje si\u0119 ju\u017c w urz\u0105dzeniu:<\/p>\n<ul>\n<li><strong>Zintegrowane ch\u0142odzenie wodne:<\/strong> nie ma potrzeby stosowania zewn\u0119trznej ch\u0142odnicy (chillera), system dzia\u0142a wydajnie i cicho.<\/li>\n<li><strong>Zintegrowane zasilanie powietrzem:<\/strong> wydajna spr\u0119\u017carka powietrza chroni obiektyw i zapewnia czyste ci\u0119cie.<\/li>\n<li><strong>Zintegrowany poch\u0142aniacz dymu:<\/strong> skutecznie usuwa dym z obszaru roboczego.<\/li>\n<\/ul>\n<p>Rozwi\u0105zanie to nie tylko oszcz\u0119dza miejsce, ale tak\u017ce zapewnia optymalne dopasowanie wszystkich komponent\u00f3w, zwi\u0119kszaj\u0105c tym samym niezawodno\u015b\u0107 systemu.<\/p>\n<h3><strong>Innowacyjne technologie dla wygodnej pracy<\/strong><\/h3>\n<p>Aby zapewni\u0107 trwa\u0142o\u015b\u0107 i komfort, w serii MIRA zastosowano <strong>technologi\u0119 Clean Pack<\/strong>. Chroni ona wszystkie ruchome cz\u0119\u015bci &#8211; osie, szyny, \u0142o\u017cyska &#8211; przed kurzem i osadami smo\u0142y. Znacznie zmniejsza to potrzeb\u0119 konserwacji i wyd\u0142u\u017ca \u017cywotno\u015b\u0107 maszyny. Dla dodatkowej wygody maszyna jest wyposa\u017cona w <strong>\u0142\u0105czno\u015b\u0107 Wi-Fi<\/strong>, umo\u017cliwiaj\u0105c\u0105 wysy\u0142anie zada\u0144 bez u\u017cycia kabli.   <\/p>\n<hr>\n<h2><strong>Wybierz sw\u00f3j model MIRA<\/strong><\/h2>\n<p>G\u0142\u00f3wn\u0105 r\u00f3\u017cnic\u0105 mi\u0119dzy modelami MIRA 5, MIRA 7 i MIRA 9 jest rozmiar sto\u0142u roboczego. Pozwala to wybra\u0107 opcj\u0119 najbardziej odpowiedni\u0105 do potrzeb i specyfiki produkt\u00f3w. <\/p>\n<h3><strong>MIRA 5: Maksymalna kompaktowo\u015b\u0107<\/strong><\/h3>\n<p>Z obszarem roboczym <strong>500 x 300 mm<\/strong>, model ten jest idealnym wyborem, gdy przestrze\u0144 jest g\u0142\u00f3wnym ograniczeniem. Idealny do wyrobu piecz\u0105tek, personalizacji drobnych pami\u0105tek, grawerowania akcesori\u00f3w do telefon\u00f3w kom\u00f3rkowych lub pracy w domu. <\/p>\n<h3><strong>MIRA 7: Wszechstronny i popularny wyb\u00f3r<\/strong><\/h3>\n<p>Obszar roboczy <strong>700 x 450 mm<\/strong> oferuje znacznie wi\u0119ksz\u0105 elastyczno\u015b\u0107. Jest to najpopularniejszy model w\u015br\u00f3d ma\u0142ych firm, umo\u017cliwiaj\u0105cy im przetwarzanie wi\u0119kszych arkuszy materia\u0142u i wytwarzanie szerszej gamy produkt\u00f3w. MIRA 7 to idealna r\u00f3wnowaga mi\u0119dzy kompaktowymi rozmiarami i du\u017c\u0105 wydajno\u015bci\u0105.  <\/p>\n<h3><strong>MIRA 9: Maksymalny obszar roboczy w wersji desktopowej<\/strong><\/h3>\n<p>Je\u015bli potrzebujesz maksymalnego obszaru roboczego, jaki mo\u017ce zaoferowa\u0107 maszyna stacjonarna, MIRA 9 o <strong>wymiarach 900 x 600<\/strong> mm jest najlepszym wyborem. Model ten pozwala na realizacj\u0119 wi\u0119kszych projekt\u00f3w, bardziej wydajne umieszczanie mniejszych produkt\u00f3w na arkuszu materia\u0142u i prac\u0119 z wi\u0119kszymi elementami, zachowuj\u0105c przy tym wszystkie zalety serii MIRA. <\/p>\n<div class=\"product-descr-table\">\n<table>\n<tbody>\n<tr>\n<td colspan=\"4\" width=\"548\">\n<p style=\"text-align: center;\"><strong>SPECYFIKACJA<\/strong><\/p>\n<\/td>\n<\/tr>\n<tr>\n<td width=\"189\">\n<p style=\"text-align: center;\"><strong>MODEL<\/strong><\/p>\n<\/td>\n<td style=\"text-align: center;\" width=\"113\"><strong>MIRA 5<\/strong><\/td>\n<td style=\"text-align: center;\" width=\"123\"><strong>MIRA 7<\/strong><\/td>\n<td width=\"123\">\n<p style=\"text-align: center;\"><strong>MIRA 9<\/strong><\/p>\n<\/td>\n<\/tr>\n<tr>\n<td width=\"189\">\n<p style=\"text-align: center;\"><strong>Obszar roboczy<\/strong><\/p>\n<\/td>\n<td style=\"text-align: center;\" width=\"113\">300x500mm<\/td>\n<td style=\"text-align: center;\" width=\"123\">450x700mm<\/td>\n<td width=\"123\">\n<p style=\"text-align: center;\">900x600mm<\/p>\n<\/td>\n<\/tr>\n<tr>\n<td width=\"189\">\n<p style=\"text-align: center;\"><strong>Wymiary maszyny<\/strong><\/p>\n<\/td>\n<td style=\"text-align: center;\" width=\"113\">900x710x430mm<\/td>\n<td style=\"text-align: center;\" width=\"123\">1100x845x480mm<\/td>\n<td width=\"123\">\n<p style=\"text-align: center;\">1300x1012x514mm<\/p>\n<\/td>\n<\/tr>\n<tr>\n<td width=\"189\">\n<p style=\"text-align: center;\"><strong>Typ\/moc lasera<\/strong><\/p>\n<\/td>\n<td style=\"text-align: center;\" width=\"113\">CO2(40\/60W)<br \/>\nRF 30W<\/td>\n<td style=\"text-align: center;\" width=\"123\">CO2(40\/60\/80W)<br \/>\nRF 30W<\/td>\n<td width=\"123\">\n<p style=\"text-align: center;\">CO2(40\/60\/80\/100W)<br \/>\nRF 30W<\/p>\n<\/td>\n<\/tr>\n<tr>\n<td width=\"189\">\n<p style=\"text-align: center;\"><strong>Wysoko\u015b\u0107 osi Z<\/strong><\/p>\n<\/td>\n<td style=\"text-align: center;\" width=\"113\">Regulacja w zakresie 100 mm<\/td>\n<td style=\"text-align: center;\" width=\"123\">150 mm Regulacja<\/td>\n<td width=\"123\">\n<p style=\"text-align: center;\">150 mm Regulacja<\/p>\n<\/td>\n<\/tr>\n<tr>\n<td width=\"189\">\n<p style=\"text-align: center;\"><strong>Waga maszyny<\/strong><\/p>\n<\/td>\n<td style=\"text-align: center;\" width=\"113\">105 kg<\/td>\n<td style=\"text-align: center;\" width=\"123\">158 kg<\/td>\n<td width=\"123\">\n<p style=\"text-align: center;\">185 kg<\/p>\n<\/td>\n<\/tr>\n<tr>\n<td width=\"189\">\n<p style=\"text-align: center;\"><strong>St\u00f3\u0142 warsztatowy<\/strong><\/p>\n<\/td>\n<td style=\"text-align: center;\" width=\"113\">Korek<\/td>\n<td colspan=\"2\" width=\"246\">\n<p style=\"text-align: center;\">Kom\u00f3rkowa + specjalna powierzchnia tn\u0105ca<\/p>\n<\/td>\n<\/tr>\n<tr>\n<td width=\"189\">\n<p style=\"text-align: center;\"><strong>Napi\u0119cie zasilania<\/strong><\/p>\n<\/td>\n<td colspan=\"3\" width=\"359\">\n<p style=\"text-align: center;\">220V AC 50Hz<\/p>\n<\/td>\n<\/tr>\n<tr>\n<td width=\"189\">\n<p style=\"text-align: center;\"><strong>Ca\u0142kowita moc<\/strong><\/p>\n<\/td>\n<td colspan=\"3\" width=\"359\">\n<p style=\"text-align: center;\">1200W<\/p>\n<\/td>\n<\/tr>\n<tr>\n<td width=\"189\">\n<p style=\"text-align: center;\"><strong>Maksymalna pr\u0119dko\u015b\u0107 grawerowania<\/strong><\/p>\n<\/td>\n<td colspan=\"3\" width=\"359\">\n<p style=\"text-align: center;\">1200 mm\/s<\/p>\n<\/td>\n<\/tr>\n<tr>\n<td width=\"189\">\n<p style=\"text-align: center;\"><strong>Maksymalna pr\u0119dko\u015b\u0107 ci\u0119cia<\/strong><\/p>\n<\/td>\n<td colspan=\"3\" width=\"359\">\n<p style=\"text-align: center;\">680 mm\/s<\/p>\n<\/td>\n<\/tr>\n<tr>\n<td width=\"189\">\n<p style=\"text-align: center;\"><strong>Minimalny rozmiar graweru<\/strong><\/p>\n<\/td>\n<td colspan=\"3\" width=\"359\">\n<p style=\"text-align: center;\">1 x 1 mm<\/p>\n<\/td>\n<\/tr>\n<tr>\n<td width=\"189\">\n<p style=\"text-align: center;\"><strong>Maksymalna rozdzielczo\u015b\u0107 \u017ar\u00f3d\u0142a CO2<\/strong><\/p>\n<\/td>\n<td colspan=\"3\" width=\"359\">\n<p style=\"text-align: center;\">1000 DPI<\/p>\n<\/td>\n<\/tr>\n<tr>\n<td width=\"189\">\n<p style=\"text-align: center;\"><strong>Maksymalna rozdzielczo\u015b\u0107 \u017ar\u00f3d\u0142a RF<\/strong><\/p>\n<\/td>\n<td colspan=\"3\" width=\"359\">\n<p style=\"text-align: center;\">4000 DPI<\/p>\n<\/td>\n<\/tr>\n<tr>\n<td width=\"189\">\n<p style=\"text-align: center;\"><strong>Dok\u0142adno\u015b\u0107 pozycjonowania<\/strong><\/p>\n<\/td>\n<td colspan=\"3\" width=\"359\">\n<p style=\"text-align: center;\">&lt;  0,01 mm<\/p>\n<\/td>\n<\/tr>\n<tr>\n<td width=\"189\">\n<p style=\"text-align: center;\"><strong>Grubo\u015b\u0107 ci\u0119cia<\/strong><\/p>\n<\/td>\n<td colspan=\"3\" width=\"359\">\n<p style=\"text-align: center;\">&lt;  10 mm (w zale\u017cno\u015bci od materia\u0142u i mocy \u017ar\u00f3d\u0142a)<\/p>\n<\/td>\n<\/tr>\n<tr>\n<td width=\"189\">\n<p style=\"text-align: center;\"><strong>Pompa powietrza<\/strong><\/p>\n<\/td>\n<td style=\"text-align: center;\" width=\"113\">Zainstalowana pompa powietrza 18 W<\/td>\n<td style=\"text-align: center;\" width=\"123\">Zainstalowana pompa powietrza 105 W<\/td>\n<td width=\"123\">\n<p style=\"text-align: center;\">Zainstalowana pompa powietrza 105 W<\/p>\n<\/td>\n<\/tr>\n<tr>\n<td width=\"189\">\n<p style=\"text-align: center;\"><strong>Ch\u0142odzenie<\/strong><\/p>\n<\/td>\n<td style=\"text-align: center;\" width=\"113\">Ch\u0142odnica wody<br \/>\n34W<\/td>\n<td style=\"text-align: center;\" width=\"123\">Ch\u0142odnica wody<br \/>\nCW3000<\/td>\n<td width=\"123\">\n<p style=\"text-align: center;\">Ch\u0142odnica wody<br \/>\nCW5000<\/p>\n<\/td>\n<\/tr>\n<tr>\n<td width=\"189\">\n<p style=\"text-align: center;\"><strong>Wentylacja<\/strong><\/p>\n<\/td>\n<td style=\"text-align: center;\" width=\"113\">Wentylator oddymiaj\u0105cy<br \/>\n45W<\/td>\n<td style=\"text-align: center;\" width=\"123\">Wentylator oddymiaj\u0105cy<br \/>\n330W<\/td>\n<td width=\"123\">\n<p style=\"text-align: center;\">Wentylator oddymiaj\u0105cy<br \/>\n330W<\/p>\n<\/td>\n<\/tr>\n<tr>\n<td width=\"189\">\n<p style=\"text-align: center;\"><strong>Autofokus<\/strong><\/p>\n<\/td>\n<td colspan=\"3\" width=\"359\">\n<p style=\"text-align: center;\">Zintegrowany w<\/p>\n<\/td>\n<\/tr>\n<tr>\n<td width=\"189\">\n<p style=\"text-align: center;\"><strong>Oprogramowanie<\/strong><\/p>\n<\/td>\n<td colspan=\"3\" width=\"359\">\n<p style=\"text-align: center;\">RDWorks (zalecane Lightburn, oddzielna p\u0142atna licencja)<\/p>\n<\/td>\n<\/tr>\n<tr>\n<td width=\"189\">\n<p style=\"text-align: center;\"><strong>Obs\u0142ugiwane formaty<\/strong><\/p>\n<\/td>\n<td colspan=\"3\" width=\"359\">\n<p style=\"text-align: center;\">DSP\/PLT\/BMP\/DXF\/AI\/DWG\/SVG<\/p>\n<\/td>\n<\/tr>\n<tr>\n<td width=\"189\">\n<p style=\"text-align: center;\"><strong>Obrotowy<\/strong><\/p>\n<\/td>\n<td colspan=\"3\" width=\"359\">\n<p style=\"text-align: center;\">Opcja dodatkowa (uchwyt\/rolka)<\/p>\n<\/td>\n<\/tr>\n<\/tbody>\n<\/table>\n<\/div>\n<p>&nbsp;<\/p>\n","protected":false},"excerpt":{"rendered":"<p><strong>Seria AEON MIRA<\/strong> to rewolucja w \u015bwiecie laser\u00f3w stacjonarnych, \u0142\u0105cz\u0105ca szybko\u015b\u0107 klasy przemys\u0142owej i profesjonaln\u0105 precyzj\u0119 z kompaktow\u0105 konstrukcj\u0105, kt\u00f3ra pasuje nawet do ma\u0142ych warsztat\u00f3w. Unikalna koncepcja &#8222;wszystko w jednym&#8221; ze zintegrowanym ch\u0142odzeniem, dop\u0142ywem powietrza i odci\u0119ciem dymu zapewnia maksymaln\u0105 wygod\u0119 i szybkie uruchomienie. Idealny wyb\u00f3r dla ma\u0142ych firm, plac\u00f3wek edukacyjnych lub wymagaj\u0105cych u\u017cytkownik\u00f3w hobbystycznych poszukuj\u0105cych najwy\u017cszej jako\u015bci rezultat\u00f3w.  <\/p>\n","protected":false},"featured_media":7039,"template":"","meta":{"_acf_changed":false},"product_brand":[],"product_cat":[311],"product_tag":[],"class_list":{"0":"post-7038","1":"product","2":"type-product","3":"status-publish","4":"has-post-thumbnail","6":"product_cat-maszyna-do-ciecia-grawerowania-laserowego-aeon-co2","7":"","8":"woocommerce-text-align-center","9":"woocommerce-image-align-center","10":"wc-has-gallery","12":"first","13":"instock","14":"shipping-taxable","15":"purchasable","16":"product-type-simple"},"acf":[],"_links":{"self":[{"href":"https:\/\/eltechnika.eu\/pl\/wp-json\/wp\/v2\/product\/7038","targetHints":{"allow":["GET"]}}],"collection":[{"href":"https:\/\/eltechnika.eu\/pl\/wp-json\/wp\/v2\/product"}],"about":[{"href":"https:\/\/eltechnika.eu\/pl\/wp-json\/wp\/v2\/types\/product"}],"wp:featuredmedia":[{"embeddable":true,"href":"https:\/\/eltechnika.eu\/pl\/wp-json\/wp\/v2\/media\/7039"}],"wp:attachment":[{"href":"https:\/\/eltechnika.eu\/pl\/wp-json\/wp\/v2\/media?parent=7038"}],"wp:term":[{"taxonomy":"product_brand","embeddable":true,"href":"https:\/\/eltechnika.eu\/pl\/wp-json\/wp\/v2\/product_brand?post=7038"},{"taxonomy":"product_cat","embeddable":true,"href":"https:\/\/eltechnika.eu\/pl\/wp-json\/wp\/v2\/product_cat?post=7038"},{"taxonomy":"product_tag","embeddable":true,"href":"https:\/\/eltechnika.eu\/pl\/wp-json\/wp\/v2\/product_tag?post=7038"}],"curies":[{"name":"wp","href":"https:\/\/api.w.org\/{rel}","templated":true}]}}