{"id":7009,"date":"2025-12-15T13:00:10","date_gmt":"2025-12-15T10:00:10","guid":{"rendered":"https:\/\/eltechnika.eu\/produktas\/aeon-nova-10-14-16\/"},"modified":"2025-08-21T15:40:40","modified_gmt":"2025-08-21T12:40:40","slug":"aeon-nova-10-14-16","status":"publish","type":"product","link":"https:\/\/eltechnika.eu\/pl\/produkt\/aeon-nova-10-14-16\/","title":{"rendered":"Aeon Nova 10\/14\/16"},"content":{"rendered":"<h2><strong>AEON NOVA: Moc przemys\u0142owa i niezawodno\u015b\u0107 ka\u017cdego dnia<\/strong><\/h2>\n<p>Seria AEON NOVA to flagowy laser AEON, zaprojektowany specjalnie do zastosowa\u0144 przemys\u0142owych, w kt\u00f3rych wymagana jest maksymalna niezawodno\u015b\u0107, wytrzyma\u0142o\u015b\u0107 i wydajno\u015b\u0107. Jest to nowoczesna, szybka i stabilna maszyna zaprojektowana do wielogodzinnej pracy bez uszczerbku dla jako\u015bci. Ka\u017cdy element serii NOVA zosta\u0142 zaprojektowany tak, aby wytrzyma\u0107 du\u017ce obci\u0105\u017cenia i zapewni\u0107 p\u0142ynny proces produkcji, od pierwszej do ostatniej cz\u0119\u015bci.  <\/p>\n<h2><strong>Innowacyjna technologia Clean Pack<\/strong><\/h2>\n<p>Najwi\u0119ksz\u0105 zalet\u0105 i wyr\u00f3\u017cnikiem serii NOVA jest rewolucyjna technologia Clean Pack. Wszystkie ruchome cz\u0119\u015bci mechaniki, w tym osie, szyny i \u0142o\u017cyska, s\u0105 w pe\u0142ni zamkni\u0119te i chronione przed wnikaniem py\u0142u, opar\u00f3w i \u017cywic. Drastycznie zmniejsza to potrzeb\u0119 konserwacji, zapobiega zu\u017cyciu cz\u0119\u015bci i zapewnia d\u0142ugoterminow\u0105 dok\u0142adno\u015b\u0107 i stabilno\u015b\u0107 maszyny. Dzi\u0119ki pakietowi Clean Pack mo\u017cna zapomnie\u0107 o ci\u0105g\u0142ym czyszczeniu mechaniki i skoncentrowa\u0107 si\u0119 wy\u0142\u0105cznie na produkcji.   <\/p>\n<h2><strong>Zaprojektowany z my\u015bl\u0105 o wydajno\u015bci i wygodzie<\/strong><\/h2>\n<p>Seria NOVA to kompletne urz\u0105dzenie przemys\u0142owe typu &#8222;wszystko w jednym&#8221;. Przemys\u0142owa ch\u0142odnica wodna (agregat ch\u0142odniczy), wentylator wyci\u0105gowy opar\u00f3w i spr\u0119\u017carka powietrza s\u0105 ju\u017c zintegrowane z korpusem maszyny. Nie potrzebujesz \u017cadnych zewn\u0119trznych urz\u0105dze\u0144, co oszcz\u0119dza miejsce i upraszcza instalacj\u0119. Ka\u017cdy model jest standardowo wyposa\u017cony w dwa sto\u0142y robocze &#8211; tarczowy i o strukturze plastra miodu &#8211; co zapewnia elastyczno\u015b\u0107 w dostosowywaniu maszyny zar\u00f3wno do ci\u0119cia, jak i grawerowania ma\u0142ych cz\u0119\u015bci.   <\/p>\n<h2><strong>Wybierz skal\u0119 produkcji: NOVA 10, 14 i 16<\/strong><\/h2>\n<p>Seria NOVA r\u00f3\u017cni si\u0119 obszarem roboczym, co pozwala wybra\u0107 optymalny rozmiar dla wielko\u015bci produkcji i formatu materia\u0142u. Wszystkie modele maj\u0105 konstrukcj\u0119 przelotow\u0105, umo\u017cliwiaj\u0105c\u0105 przetwarzanie wi\u0119kszych format\u00f3w materia\u0142\u00f3w. <\/p>\n<h3><strong>NOVA 10: Uniwersalny start przemys\u0142owy<\/strong><\/h3>\n<p>Z obszarem roboczym <strong>1000 x 700 mm<\/strong>, NOVA 10 jest idealnym wyborem dla firm, kt\u00f3re chc\u0105 przej\u015b\u0107 do produkcji na poziomie przemys\u0142owym. Model ten jest wystarczaj\u0105co wszechstronny do szerokiego zakresu zada\u0144, od produkcji reklam po oznakowanie przemys\u0142owe. <\/p>\n<h3><strong>NOVA 14: Specjalista ds. du\u017cych format\u00f3w<\/strong><\/h3>\n<p>Obszar roboczy <strong>1400 x 900 mm<\/strong> umo\u017cliwia wydajn\u0105 obs\u0142ug\u0119 standardowych format\u00f3w materia\u0142\u00f3w arkuszowych. Jest to najpopularniejszy wyb\u00f3r w przemy\u015ble meblarskim, produkcji reklam wielkoformatowych i wsz\u0119dzie tam, gdzie trzeba zmaksymalizowa\u0107 wykorzystanie powierzchni materia\u0142u. <\/p>\n<h3><strong>NOVA 16: maksymalna wydajno\u015b\u0107 bez kompromis\u00f3w<\/strong><\/h3>\n<p>Najwi\u0119kszy model w serii, o obszarze roboczym <strong>1600 x 1000 mm<\/strong>, zosta\u0142 zaprojektowany z my\u015bl\u0105 o najwy\u017cszych wolumenach produkcji. NOVA 16 umo\u017cliwia obr\u00f3bk\u0119 bardzo du\u017cych element\u00f3w lub uk\u0142adanie ogromnych ilo\u015bci mniejszych produkt\u00f3w, maksymalizuj\u0105c wydajno\u015b\u0107 i obni\u017caj\u0105c koszty produkcji. <\/p>\n<div class=\"product-descr-table\">\n<table width=\"642\">\n<tbody>\n<tr>\n<td colspan=\"4\" width=\"642\">\n<p style=\"text-align: center;\"><strong>SPECYFIKACJA<\/strong><\/p>\n<\/td>\n<\/tr>\n<tr>\n<td width=\"189\">\n<p style=\"text-align: center;\"><strong>MODEL<\/strong><\/p>\n<\/td>\n<td style=\"text-align: center;\" width=\"132\"><strong>NOVA 10<\/strong><\/td>\n<td style=\"text-align: center;\" width=\"142\"><strong>NOVA 14<\/strong><\/td>\n<td width=\"180\">\n<p style=\"text-align: center;\"><strong>NOVA 16<\/strong><\/p>\n<\/td>\n<\/tr>\n<tr>\n<td width=\"189\">\n<p style=\"text-align: center;\"><strong>Obszar roboczy<\/strong><\/p>\n<\/td>\n<td style=\"text-align: center;\" width=\"132\">1000x700mm<\/td>\n<td style=\"text-align: center;\" width=\"142\">1400x900mm<\/td>\n<td width=\"180\">\n<p style=\"text-align: center;\">1600x1000mm<\/p>\n<\/td>\n<\/tr>\n<tr>\n<td width=\"189\">\n<p style=\"text-align: center;\"><strong>Wymiary maszyny<\/strong><\/p>\n<\/td>\n<td style=\"text-align: center;\" width=\"132\">1520x1295x1025mm<\/td>\n<td style=\"text-align: center;\" width=\"142\">1920x1495x1025 mm<\/td>\n<td width=\"180\">\n<p style=\"text-align: center;\">2120x1585x1025mm<\/p>\n<\/td>\n<\/tr>\n<tr>\n<td width=\"189\">\n<p style=\"text-align: center;\"><strong>Typ\/moc lasera<\/strong><\/p>\n<\/td>\n<td style=\"text-align: center;\" width=\"132\">CO2(60W\/75W\/80W\/90W\/100W)<\/p>\n<p>RF 30W\/60W<\/td>\n<td style=\"text-align: center;\" width=\"142\">CO2 (80W\/90W\/100W\/130W\/150W)<\/p>\n<p>RF 30W\/60W<\/td>\n<td width=\"180\">\n<p style=\"text-align: center;\">CO2 (80W\/90W\/100W\/130W\/150W)<br \/>\nRF 30W\/60W<\/p>\n<\/td>\n<\/tr>\n<tr>\n<td width=\"189\">\n<p style=\"text-align: center;\"><strong>Wysoko\u015b\u0107 osi Z<\/strong><\/p>\n<\/td>\n<td style=\"text-align: center;\" width=\"132\">200 mm<\/td>\n<td style=\"text-align: center;\" width=\"142\">200 mm<\/td>\n<td width=\"180\">\n<p style=\"text-align: center;\">200 mm<\/p>\n<\/td>\n<\/tr>\n<tr>\n<td width=\"189\">\n<p style=\"text-align: center;\"><strong>Waga maszyny<\/strong><\/p>\n<\/td>\n<td style=\"text-align: center;\" width=\"132\">370 kg<\/td>\n<td style=\"text-align: center;\" width=\"142\">540 kg<\/td>\n<td width=\"180\">\n<p style=\"text-align: center;\">560 kg<\/p>\n<\/td>\n<\/tr>\n<tr>\n<td width=\"189\">\n<p style=\"text-align: center;\"><strong>St\u00f3\u0142 warsztatowy<\/strong><\/p>\n<\/td>\n<td colspan=\"3\" width=\"453\">\n<p style=\"text-align: center;\">Kom\u00f3rkowa + specjalna powierzchnia tn\u0105ca<\/p>\n<\/td>\n<\/tr>\n<tr>\n<td width=\"189\">\n<p style=\"text-align: center;\"><strong>Napi\u0119cie zasilania<\/strong><\/p>\n<\/td>\n<td colspan=\"3\" width=\"453\">\n<p style=\"text-align: center;\">220V AC 50Hz<\/p>\n<\/td>\n<\/tr>\n<tr>\n<td width=\"189\">\n<p style=\"text-align: center;\"><strong>Ca\u0142kowita moc<\/strong><\/p>\n<\/td>\n<td colspan=\"3\" width=\"453\">\n<p style=\"text-align: center;\">1905W + \u017ar\u00f3d\u0142o<\/p>\n<\/td>\n<\/tr>\n<tr>\n<td width=\"189\">\n<p style=\"text-align: center;\"><strong>Maksymalna pr\u0119dko\u015b\u0107 grawerowania<\/strong><\/p>\n<\/td>\n<td colspan=\"3\" width=\"453\">\n<p style=\"text-align: center;\">1200 mm\/s<\/p>\n<\/td>\n<\/tr>\n<tr>\n<td width=\"189\">\n<p style=\"text-align: center;\"><strong>Maksymalna pr\u0119dko\u015b\u0107 ci\u0119cia<\/strong><\/p>\n<\/td>\n<td colspan=\"3\" width=\"453\">\n<p style=\"text-align: center;\">680 mm\/s<\/p>\n<\/td>\n<\/tr>\n<tr>\n<td width=\"189\">\n<p style=\"text-align: center;\"><strong>Minimalny rozmiar graweru<\/strong><\/p>\n<\/td>\n<td colspan=\"3\" width=\"453\">\n<p style=\"text-align: center;\">1 x 1 mm<\/p>\n<\/td>\n<\/tr>\n<tr>\n<td width=\"189\">\n<p style=\"text-align: center;\"><strong>Maksymalna rozdzielczo\u015b\u0107 \u017ar\u00f3d\u0142a CO2<\/strong><\/p>\n<\/td>\n<td colspan=\"3\" width=\"453\">\n<p style=\"text-align: center;\">1000 DPI<\/p>\n<\/td>\n<\/tr>\n<tr>\n<td width=\"189\">\n<p style=\"text-align: center;\"><strong>Maksymalna rozdzielczo\u015b\u0107 \u017ar\u00f3d\u0142a RF<\/strong><\/p>\n<\/td>\n<td colspan=\"3\" width=\"453\">\n<p style=\"text-align: center;\">4000 DPI<\/p>\n<\/td>\n<\/tr>\n<tr>\n<td width=\"189\">\n<p style=\"text-align: center;\"><strong>Dok\u0142adno\u015b\u0107 pozycjonowania<\/strong><\/p>\n<\/td>\n<td colspan=\"3\" width=\"453\">\n<p style=\"text-align: center;\">&lt;  0,01 mm<\/p>\n<\/td>\n<\/tr>\n<tr>\n<td width=\"189\">\n<p style=\"text-align: center;\"><strong>Grubo\u015b\u0107 ci\u0119cia<\/strong><\/p>\n<\/td>\n<td colspan=\"3\" width=\"453\">\n<p style=\"text-align: center;\">&lt;  15 mm (w zale\u017cno\u015bci od materia\u0142u i mocy \u017ar\u00f3d\u0142a)<\/p>\n<\/td>\n<\/tr>\n<tr>\n<td width=\"189\">\n<p style=\"text-align: center;\"><strong>Pompa powietrza<\/strong><\/p>\n<\/td>\n<td style=\"text-align: center;\" width=\"132\">Zainstalowana pompa powietrza 135 W<\/td>\n<td style=\"text-align: center;\" width=\"142\">Zainstalowana pompa powietrza 135 W<\/td>\n<td width=\"180\">\n<p style=\"text-align: center;\">Zainstalowana pompa powietrza 135 W<\/p>\n<\/td>\n<\/tr>\n<tr>\n<td width=\"189\">\n<p style=\"text-align: center;\"><strong>Ch\u0142odzenie<\/strong><\/p>\n<\/td>\n<td style=\"text-align: center;\" width=\"132\">Ch\u0142odnica wody<br \/>\nCW5000<\/td>\n<td style=\"text-align: center;\" width=\"142\">Ch\u0142odnica wody<br \/>\nCW5000<\/td>\n<td width=\"180\">\n<p style=\"text-align: center;\">Ch\u0142odnica wody<br \/>\nCW5000<\/p>\n<\/td>\n<\/tr>\n<tr>\n<td width=\"189\">\n<p style=\"text-align: center;\"><strong>Wentylacja<\/strong><\/p>\n<\/td>\n<td style=\"text-align: center;\" width=\"132\">Wentylator oddymiaj\u0105cy 750W<\/td>\n<td style=\"text-align: center;\" width=\"142\">Wentylator oddymiaj\u0105cy 750W<\/td>\n<td width=\"180\">\n<p style=\"text-align: center;\">Wentylator oddymiaj\u0105cy 750W<\/p>\n<\/td>\n<\/tr>\n<tr>\n<td width=\"189\">\n<p style=\"text-align: center;\"><strong>Autofokus<\/strong><\/p>\n<\/td>\n<td colspan=\"3\" width=\"453\">\n<p style=\"text-align: center;\">Zintegrowany w<\/p>\n<\/td>\n<\/tr>\n<tr>\n<td width=\"189\">\n<p style=\"text-align: center;\"><strong>Oprogramowanie<\/strong><\/p>\n<\/td>\n<td colspan=\"3\" width=\"453\">\n<p style=\"text-align: center;\">Rdworks (Lightburn zalecany za dodatkow\u0105 op\u0142at\u0105)<\/p>\n<\/td>\n<\/tr>\n<tr>\n<td width=\"189\">\n<p style=\"text-align: center;\"><strong>Obs\u0142ugiwane formaty<\/strong><\/p>\n<\/td>\n<td colspan=\"3\" width=\"453\">\n<p style=\"text-align: center;\">DSP\/PLT\/BMP\/DXF\/AI\/DWG\/SVG itp.<\/p>\n<\/td>\n<\/tr>\n<tr>\n<td width=\"189\">\n<p style=\"text-align: center;\"><strong>Obrotowy<\/strong><\/p>\n<\/td>\n<td colspan=\"3\" width=\"453\">\n<p style=\"text-align: center;\">Opcja opcjonalna (uchwyt\/rolka)<\/p>\n<\/td>\n<\/tr>\n<\/tbody>\n<\/table>\n<\/div>\n<p>&nbsp;<\/p>\n","protected":false},"excerpt":{"rendered":"<p>Seria AEON NOVA to maszyna laserowa CO2 klasy przemys\u0142owej przeznaczona do intensywnej produkcji i obr\u00f3bki wielkoformatowej. Unikalna technologia Clean Pack chroni ruchome cz\u0119\u015bci przed py\u0142em, zapewniaj\u0105c d\u0142ug\u0105 \u017cywotno\u015b\u0107 i minimaln\u0105 konserwacj\u0119. Pot\u0119\u017cne hybrydowe serwomotory, zintegrowany system ch\u0142odzenia i dwa standardowe sto\u0142y robocze (n\u00f3\u017c i plaster miodu) sprawiaj\u0105, \u017ce seria NOVA jest niezawodnym i wydajnym rozwi\u0105zaniem dla ka\u017cdego zak\u0142adu produkcyjnego.  <\/p>\n","protected":false},"featured_media":7010,"template":"","meta":{"_acf_changed":false},"product_brand":[],"product_cat":[311,310],"product_tag":[],"class_list":{"0":"post-7009","1":"product","2":"type-product","3":"status-publish","4":"has-post-thumbnail","6":"product_cat-maszyna-do-ciecia-grawerowania-laserowego-aeon-co2","7":"product_cat-plotery-laserowe","8":"","9":"woocommerce-text-align-center","10":"woocommerce-image-align-center","11":"wc-has-gallery","13":"first","14":"instock","15":"shipping-taxable","16":"purchasable","17":"product-type-simple"},"acf":[],"_links":{"self":[{"href":"https:\/\/eltechnika.eu\/pl\/wp-json\/wp\/v2\/product\/7009","targetHints":{"allow":["GET"]}}],"collection":[{"href":"https:\/\/eltechnika.eu\/pl\/wp-json\/wp\/v2\/product"}],"about":[{"href":"https:\/\/eltechnika.eu\/pl\/wp-json\/wp\/v2\/types\/product"}],"wp:featuredmedia":[{"embeddable":true,"href":"https:\/\/eltechnika.eu\/pl\/wp-json\/wp\/v2\/media\/7010"}],"wp:attachment":[{"href":"https:\/\/eltechnika.eu\/pl\/wp-json\/wp\/v2\/media?parent=7009"}],"wp:term":[{"taxonomy":"product_brand","embeddable":true,"href":"https:\/\/eltechnika.eu\/pl\/wp-json\/wp\/v2\/product_brand?post=7009"},{"taxonomy":"product_cat","embeddable":true,"href":"https:\/\/eltechnika.eu\/pl\/wp-json\/wp\/v2\/product_cat?post=7009"},{"taxonomy":"product_tag","embeddable":true,"href":"https:\/\/eltechnika.eu\/pl\/wp-json\/wp\/v2\/product_tag?post=7009"}],"curies":[{"name":"wp","href":"https:\/\/api.w.org\/{rel}","templated":true}]}}