{"id":6881,"date":"2025-12-15T14:00:15","date_gmt":"2025-12-15T11:00:15","guid":{"rendered":"https:\/\/eltechnika.eu\/produktas\/aeon-mira-s-5-7-9\/"},"modified":"2025-08-21T15:40:41","modified_gmt":"2025-08-21T12:40:41","slug":"aeon-mira-s-5-7-9","status":"publish","type":"product","link":"https:\/\/eltechnika.eu\/pl\/produkt\/aeon-mira-s-5-7-9\/","title":{"rendered":"Aeon Mira S 5\/7\/9"},"content":{"rendered":"<h2><strong>AEON MIRA S: Kompaktowy rozmiar, przemys\u0142owa moc<\/strong><\/h2>\n<p>Seria <strong>AEON MIRA <span style=\"color: #ff0000;\">S<\/span><\/strong> jest bezpo\u015bredni\u0105 odpowiedzi\u0105 na zapotrzebowanie rynku na jeszcze mocniejszy i szybszy laser biurkowy. Zbudowane na popularnej platformie MIRA, modele S (Strong) s\u0105 jak MIRA na sterydach &#8211; zachowuj\u0105 wszystkie najlepsze cechy swoich poprzednik\u00f3w, takie jak konstrukcja all-in-one i kompaktowo\u015b\u0107, ale przenosz\u0105 wydajno\u015b\u0107 na zupe\u0142nie nowy poziom. Maszyny te zosta\u0142y zaprojektowane z my\u015bl\u0105 o profesjonalistach i intensywnej produkcji, w kt\u00f3rej liczy si\u0119 ka\u017cda sekunda.  <\/p>\n<h3><strong>Fenomenalna pr\u0119dko\u015b\u0107: najszybsza w swojej klasie<\/strong><\/h3>\n<p>Najbardziej wyj\u0105tkow\u0105 cech\u0105 serii <strong>MIRA<\/strong> <strong> <span style=\"color: #ff0000;\">S<\/span><\/strong> jest imponuj\u0105ca pr\u0119dko\u015b\u0107 grawerowania do <strong>2000 mm\/s<\/strong>. To prawie dwa razy szybciej ni\u017c w przypadku standardowych modeli MIRA, co czyni <strong>MIRA<\/strong> <strong> <span style=\"color: #ff0000;\">S<\/span><\/strong> jedn\u0105 z najszybszych grawerek biurkowych na \u015bwiecie. Pr\u0119dko\u015b\u0107 ta pozwala drastycznie skr\u00f3ci\u0107 czas produkcji i zrealizowa\u0107 du\u017ce zam\u00f3wienia w rekordowym czasie.  <\/p>\n<h3><strong>Wzmocniona konstrukcja do intensywnej pracy<\/strong><\/h3>\n<p>Modele <strong>MIRA <span style=\"color: #ff0000;\">S<\/span><\/strong> maj\u0105 bardziej wytrzyma\u0142\u0105, w pe\u0142ni zamkni\u0119t\u0105 obudow\u0119, kt\u00f3ra zosta\u0142a zaprojektowana tak, aby wytrzyma\u0107 du\u017ce i d\u0142ugotrwa\u0142e obci\u0105\u017cenia. Wszystkie komponenty s\u0105 wy\u017cszej klasy, zapewniaj\u0105c trwa\u0142o\u015b\u0107 i stabilno\u015b\u0107 nawet przy maksymalnych pr\u0119dko\u015bciach. Podobnie jak w standardowej serii, znajdziemy tu zintegrowane systemy ch\u0142odzenia, doprowadzania powietrza i odprowadzania dymu, ale wszystkie zosta\u0142y zaprojektowane do pracy z wi\u0119ksz\u0105 moc\u0105 i intensywno\u015bci\u0105.  <\/p>\n<h3><strong>Zwi\u0119kszona moc i wszechstronno\u015b\u0107<\/strong><\/h3>\n<p>Seria <strong>MIRA <span style=\"color: #ff0000;\">S<\/span><\/strong> oferuje mo\u017cliwo\u015b\u0107 zintegrowania mocniejszych \u017ar\u00f3de\u0142 laserowych, w tym wytrzyma\u0142ych <strong>metalowych lamp laserowych RF (o cz\u0119stotliwo\u015bci radiowej) o mocy do 60 W<\/strong>. Nie tylko wyd\u0142u\u017ca to \u017cywotno\u015b\u0107 \u017ar\u00f3d\u0142a laserowego, ale tak\u017ce zapewnia jeszcze wi\u0119ksz\u0105 precyzj\u0119 i mo\u017cliwo\u015b\u0107 obr\u00f3bki szerszej gamy materia\u0142\u00f3w. Oczywi\u015bcie maszyna zachowuje wszystkie wygodne funkcje, takie jak <strong>technologia Clean Pack<\/strong> i <strong>\u0142\u0105czno\u015b\u0107 Wi-Fi<\/strong>.  <\/p>\n<hr>\n<h2><strong>Wybierz odpowiedni model MIRA S dla siebie<\/strong><\/h2>\n<p>Seria MIRA S oferuje trzy modele, ka\u017cdy z innym obszarem roboczym. Wybierz optymaln\u0105 opcj\u0119, aby spe\u0142ni\u0107 swoje potrzeby produkcyjne. <\/p>\n<h3><strong>MIRA S 5: maksymalna moc w najmniejszej przestrzeni<\/strong><\/h3>\n<p>Z obszarem roboczym <strong>500 x 300 mm<\/strong>, model ten jest najbardziej wydajnym wyborem dla bardzo ograniczonej przestrzeni. Jest to idealne rozwi\u0105zanie tam, gdzie liczy si\u0119 ka\u017cdy centymetr, ale nie mo\u017cna i\u015b\u0107 na kompromis w zakresie szybko\u015bci i jako\u015bci. <\/p>\n<h3><strong>MIRA S 7: Zr\u00f3wnowa\u017cona moc<\/strong><\/h3>\n<p>Dzi\u0119ki obszarowi roboczemu <strong>700 x 450 mm<\/strong> jest to wszechstronne rozwi\u0105zanie do wielu zada\u0144. Model ten zapewnia idealn\u0105 r\u00f3wnowag\u0119 mi\u0119dzy kompaktowo\u015bci\u0105 a mo\u017cliwo\u015bci\u0105 obs\u0142ugi wi\u0119kszych element\u00f3w, dzi\u0119ki czemu jest popularnym wyborem w\u015br\u00f3d rozwijaj\u0105cych si\u0119 firm. <\/p>\n<h3><strong>MIRA S 9: Maksymalna wydajno\u015b\u0107 w wersji desktopowej<\/strong><\/h3>\n<p>Obszar roboczy <strong>900 x 600 mm<\/strong> oferuje maksymalne mo\u017cliwo\u015bci stacjonarnej maszyny laserowej. MIRA S 9 pozwala na efektywne wykorzystanie arkuszy materia\u0142u, du\u017cych serii produkcyjnych i produkcji seryjnej bez \u017cadnych ogranicze\u0144. <\/p>\n<div class=\"product-descr-table\">\n<table width=\"940\">\n<tbody>\n<tr>\n<td colspan=\"4\" width=\"940\"><strong>SPECYFIKACJA<\/strong><\/td>\n<\/tr>\n<tr>\n<td width=\"214\"><strong>MODEL<\/strong><\/td>\n<td width=\"242\"><strong>MIRA 5<\/strong><strong>S<\/strong><\/td>\n<td width=\"242\"><strong>MIRA 7<\/strong><strong>S<\/strong><\/td>\n<td width=\"242\"><strong>MIRA 9<\/strong><strong>S<\/strong><\/td>\n<\/tr>\n<tr>\n<td width=\"214\"><strong>Obszar roboczy<\/strong><\/td>\n<td width=\"242\">300&#215;500 mm<\/td>\n<td width=\"242\">500&#215;700 mm<\/td>\n<td width=\"242\">600&#215;900 mm<\/td>\n<\/tr>\n<tr>\n<td width=\"214\"><strong>Maksymalna wysoko\u015b\u0107 zmotoryzowanej osi Z<\/strong><\/td>\n<td width=\"242\">140 mm<\/td>\n<td width=\"242\">140 mm<\/td>\n<td width=\"242\">150 mm<\/td>\n<\/tr>\n<tr>\n<td width=\"214\"><strong>Maksymalny ud\u017awig<\/strong><\/td>\n<td width=\"242\">15 kg<\/td>\n<td width=\"242\">25 kg<\/td>\n<td width=\"242\">25 kg<\/td>\n<\/tr>\n<tr>\n<td rowspan=\"2\" width=\"214\"><strong>Typ\/moc lasera<\/strong><\/td>\n<td width=\"242\">DC Glass 45\/60W<\/td>\n<td width=\"242\">DC Glass 60\/75\/80W<\/td>\n<td width=\"242\">DC Glass 60\/75\/80\/90\/100W<\/td>\n<\/tr>\n<tr>\n<td width=\"242\">RF Metal 30\/60W<\/td>\n<td width=\"242\">RF Metal 30\/60W<\/td>\n<td width=\"242\">RF Metal 30\/60W<\/td>\n<\/tr>\n<tr>\n<td width=\"214\"><strong>Maksymalna pr\u0119dko\u015b\u0107 grawerowania<\/strong><\/td>\n<td width=\"242\">DC 1200 mm\/s, RF 3500 mm\/s<\/td>\n<td colspan=\"2\" width=\"484\">DC 1200 mm\/s, RF 4000 mm\/s<\/td>\n<\/tr>\n<tr>\n<td rowspan=\"2\" width=\"214\"><strong>Przyspieszenie<\/strong><\/td>\n<td colspan=\"3\" width=\"726\">5G (DC)<\/td>\n<\/tr>\n<tr>\n<td colspan=\"3\" width=\"726\">8G (RF)<\/td>\n<\/tr>\n<tr>\n<td rowspan=\"2\" width=\"214\"><strong>Typ silnika<\/strong><\/td>\n<td colspan=\"3\" width=\"726\">DC Stepper (DC)<\/td>\n<\/tr>\n<tr>\n<td colspan=\"3\" width=\"726\">Serwo AC (RF)<\/td>\n<\/tr>\n<tr>\n<td width=\"214\"><strong>Maksymalna rozdzielczo\u015b\u0107 \u017ar\u00f3d\u0142a DC<\/strong><\/td>\n<td colspan=\"3\" width=\"726\">1000 DPI<\/td>\n<\/tr>\n<tr>\n<td width=\"214\"><strong>Maksymalna rozdzielczo\u015b\u0107 \u017ar\u00f3d\u0142a RF<\/strong><\/td>\n<td colspan=\"3\" width=\"726\">4000 DPI<\/td>\n<\/tr>\n<tr>\n<td width=\"214\"><strong>Minimalny rozmiar grawerowanej litery<\/strong><\/td>\n<td colspan=\"3\" width=\"726\">1 x 1 mm (RF)<\/td>\n<\/tr>\n<tr>\n<td width=\"214\"><strong>Dok\u0142adno\u015b\u0107 pozycjonowania<\/strong><\/td>\n<td colspan=\"3\" width=\"726\">&lt; 0,01 mm<\/td>\n<\/tr>\n<tr>\n<td width=\"214\"><strong>Grubo\u015b\u0107 ci\u0119cia<\/strong><\/td>\n<td colspan=\"3\" width=\"726\">&lt; 10 mm (w zale\u017cno\u015bci od materia\u0142u i mocy \u017ar\u00f3d\u0142a)<\/td>\n<\/tr>\n<tr>\n<td width=\"214\"><strong>St\u00f3\u0142 warsztatowy<\/strong><\/td>\n<td width=\"242\">Koret<\/td>\n<td colspan=\"2\" width=\"484\">Korek + specjalna powierzchnia robocza do ci\u0119cia<\/td>\n<\/tr>\n<tr>\n<td width=\"214\"><strong>Ch\u0142odzenie<\/strong><\/td>\n<td colspan=\"2\" width=\"484\">DC: Ch\u0142odnica wodna CW3000<\/td>\n<td width=\"242\">DC: Ch\u0142odnica wodna CW5000<\/td>\n<\/tr>\n<tr>\n<td width=\"214\"><\/td>\n<td colspan=\"3\" width=\"726\">RF: Ch\u0142odzenie powietrzem<\/td>\n<\/tr>\n<tr>\n<td width=\"214\"><strong>Wentylator oddymiaj\u0105cy<\/strong><\/td>\n<td width=\"242\">60W<\/td>\n<td colspan=\"2\" width=\"484\">75W<\/td>\n<\/tr>\n<tr>\n<td width=\"214\"><strong>Zintegrowana pompa powietrza<\/strong><\/td>\n<td width=\"242\">45W<\/td>\n<td colspan=\"2\" width=\"484\">85W<\/td>\n<\/tr>\n<tr>\n<td width=\"214\"><strong>Autofokus<\/strong><\/td>\n<td colspan=\"3\" width=\"726\">Wbudowany<\/td>\n<\/tr>\n<tr>\n<td width=\"214\"><strong>Kamera<\/strong><\/td>\n<td width=\"242\">160\u00b0 5 megapikseli<\/td>\n<td colspan=\"2\" width=\"484\">90\u00b0 5 megapikseli<\/td>\n<\/tr>\n<tr>\n<td width=\"214\"><strong>Klasyfikacja bezpiecze\u0144stwa laser\u00f3w<\/strong><\/td>\n<td colspan=\"3\" width=\"726\">Produkt laserowy klasy 1<\/td>\n<\/tr>\n<tr>\n<td width=\"214\"><strong>Oprogramowanie<\/strong><\/td>\n<td colspan=\"3\" width=\"726\">RDWorks (zalecane Lightburn, oddzielna p\u0142atna licencja)<\/td>\n<\/tr>\n<tr>\n<td width=\"214\"><strong>Obs\u0142ugiwane formaty<\/strong><\/td>\n<td colspan=\"3\" width=\"726\">DSP\/PLT\/BMP\/DXF\/AI\/DWG\/SVG (punktowy, wektorowy i \u0142\u0105czony)<\/td>\n<\/tr>\n<tr>\n<td width=\"214\"><strong>Wymiary maszyny<\/strong><\/td>\n<td width=\"242\">900*700*410 mm<\/td>\n<td width=\"242\">1128*945*510 mm<\/td>\n<td width=\"242\">1328*1070*530 mm<\/td>\n<\/tr>\n<tr>\n<td width=\"214\"><strong>Masa brutto<\/strong><\/td>\n<td width=\"242\">125 kg<\/td>\n<td width=\"242\">230 kg<\/td>\n<td width=\"242\">290 kg<\/td>\n<\/tr>\n<tr>\n<td width=\"214\"><strong>Masa netto<\/strong><\/td>\n<td width=\"242\">110 kg<\/td>\n<td width=\"242\">180 kg<\/td>\n<td width=\"242\">220 kg<\/td>\n<\/tr>\n<tr>\n<td width=\"214\"><strong>Napi\u0119cie zasilania<\/strong><\/td>\n<td colspan=\"3\" width=\"726\">220V AC 50Hz<\/td>\n<\/tr>\n<tr>\n<td width=\"214\"><strong>Moc ca\u0142kowita<\/strong><\/td>\n<td colspan=\"3\" width=\"726\">1200W<\/td>\n<\/tr>\n<tr>\n<td width=\"214\"><strong>Obrotowy<\/strong><\/td>\n<td colspan=\"3\" width=\"726\">Opcjonalnie (uchwyt\/rolka)<\/td>\n<\/tr>\n<\/tbody>\n<\/table>\n<\/div>\n<p>&nbsp;<\/p>\n","protected":false},"excerpt":{"rendered":"<p>AEON MIRA S to profesjonalna, wzmocniona wersja serii MIRA, zaprojektowana dla u\u017cytkownik\u00f3w wymagaj\u0105cych maksymalnej pr\u0119dko\u015bci i wytrzyma\u0142o\u015bci. Z zadziwiaj\u0105c\u0105 <strong>pr\u0119dko\u015bci\u0105 grawerowania 2000 mm\/s<\/strong>, maszyna ta jest jednym z najszybszych laser\u00f3w stacjonarnych na rynku. Solidna, w pe\u0142ni zamkni\u0119ta konstrukcja i mocniejsze podzespo\u0142y zapewniaj\u0105 niezawodne dzia\u0142anie nawet w najbardziej intensywnych warunkach. MIRA S to przemys\u0142owa moc w kompaktowej obudowie.   <\/p>\n","protected":false},"featured_media":6882,"template":"","meta":{"_acf_changed":false},"product_brand":[],"product_cat":[311,310],"product_tag":[],"class_list":{"0":"post-6881","1":"product","2":"type-product","3":"status-publish","4":"has-post-thumbnail","6":"product_cat-maszyna-do-ciecia-grawerowania-laserowego-aeon-co2","7":"product_cat-plotery-laserowe","8":"","9":"woocommerce-text-align-center","10":"woocommerce-image-align-center","11":"wc-has-gallery","13":"first","14":"instock","15":"shipping-taxable","16":"purchasable","17":"product-type-simple"},"acf":[],"_links":{"self":[{"href":"https:\/\/eltechnika.eu\/pl\/wp-json\/wp\/v2\/product\/6881","targetHints":{"allow":["GET"]}}],"collection":[{"href":"https:\/\/eltechnika.eu\/pl\/wp-json\/wp\/v2\/product"}],"about":[{"href":"https:\/\/eltechnika.eu\/pl\/wp-json\/wp\/v2\/types\/product"}],"wp:featuredmedia":[{"embeddable":true,"href":"https:\/\/eltechnika.eu\/pl\/wp-json\/wp\/v2\/media\/6882"}],"wp:attachment":[{"href":"https:\/\/eltechnika.eu\/pl\/wp-json\/wp\/v2\/media?parent=6881"}],"wp:term":[{"taxonomy":"product_brand","embeddable":true,"href":"https:\/\/eltechnika.eu\/pl\/wp-json\/wp\/v2\/product_brand?post=6881"},{"taxonomy":"product_cat","embeddable":true,"href":"https:\/\/eltechnika.eu\/pl\/wp-json\/wp\/v2\/product_cat?post=6881"},{"taxonomy":"product_tag","embeddable":true,"href":"https:\/\/eltechnika.eu\/pl\/wp-json\/wp\/v2\/product_tag?post=6881"}],"curies":[{"name":"wp","href":"https:\/\/api.w.org\/{rel}","templated":true}]}}