{"id":6829,"date":"2025-12-15T12:00:10","date_gmt":"2025-12-15T09:00:10","guid":{"rendered":"https:\/\/eltechnika.eu\/produktas\/aeon-elite-nova-10-14-16\/"},"modified":"2025-08-21T15:40:52","modified_gmt":"2025-08-21T12:40:52","slug":"aeon-elite-nova-10-14-16","status":"publish","type":"product","link":"https:\/\/eltechnika.eu\/pl\/produkt\/aeon-elite-nova-10-14-16\/","title":{"rendered":"Aeon Elite Nova 10\/14\/16"},"content":{"rendered":"<h2><strong>AEON Elite NOVA: Gdy najlepsi staj\u0105 si\u0119 jeszcze lepsi<\/strong><\/h2>\n<p>Seria AEON Elite NOVA to ulepszona i jeszcze bardziej wydajna wersja popularnej serii NOVA. Zosta\u0142a zaprojektowana dla profesjonalist\u00f3w i firm produkcyjnych, kt\u00f3re d\u0105\u017c\u0105 do absolutnego maksimum i nie mog\u0105 sobie pozwoli\u0107 na \u017cadne kompromisy. Modele Elite zachowuj\u0105 solidn\u0105 i niezawodn\u0105 platform\u0119 NOVA, w tym rewolucyjn\u0105 technologi\u0119 Clean Pack, ale uzupe\u0142niaj\u0105 j\u0105 o najnowocze\u015bniejsze serwomotory AC, kt\u00f3re zapewniaj\u0105 osza\u0142amiaj\u0105c\u0105 przewag\u0119 pr\u0119dko\u015bci i przyspieszenia.  <\/p>\n<h2><strong>Kluczowa zaleta: serwomotory AC<\/strong><\/h2>\n<p>Najwi\u0119ksz\u0105 r\u00f3\u017cnic\u0105, kt\u00f3ra przenosi seri\u0119 Elite na wy\u017cszy poziom, jest wysokowydajny system serwomotor\u00f3w AC. W przeciwie\u0144stwie do standardowych silnik\u00f3w krokowych lub hybrydowych, system serwo oferuje wyra\u017ane korzy\u015bci. <\/p>\n<h3><strong>Fenomenalna pr\u0119dko\u015b\u0107 i przyspieszenie<\/strong><\/h3>\n<p>Serwomotory AC umo\u017cliwiaj\u0105 znacznie wy\u017csze pr\u0119dko\u015bci ci\u0119cia i grawerowania oraz, co wa\u017cniejsze, znacznie wi\u0119ksze przyspieszenie. Oznacza to, \u017ce maszyna nie tylko porusza si\u0119 szybciej w liniach prostych, ale tak\u017ce natychmiast zmienia kierunek, dzi\u0119ki czemu ci\u0119cie z\u0142o\u017conych kszta\u0142t\u00f3w, ma\u0142ych cz\u0119\u015bci i skomplikowanych wzor\u00f3w zajmuje znacznie mniej czasu. Wydajno\u015b\u0107 produkcji mo\u017ce wzrosn\u0105\u0107 w mgnieniu oka.  <\/p>\n<h3><strong>Nienaganna dok\u0142adno\u015b\u0107 i p\u0142ynno\u015b\u0107<\/strong><\/h3>\n<p>System serwo dzia\u0142a na zasadzie sprz\u0119\u017cenia zwrotnego, stale dostosowuj\u0105c pozycj\u0119 silnika. Zapewnia to absolutn\u0105 precyzj\u0119, g\u0142adsze krzywe i ostrzejsze k\u0105ty, nawet przy najwy\u017cszej pr\u0119dko\u015bci. Rezultatem jest wy\u017csza jako\u015b\u0107 produktu ko\u0144cowego z mniejsz\u0105 liczb\u0105 odrzut\u00f3w.  <\/p>\n<h2><strong>Niezawodna i sprawdzona platforma<\/strong><\/h2>\n<p>Seria Elite zosta\u0142a zbudowana na solidnym fundamencie NOVA, wi\u0119c otrzymujesz nie tylko szybko\u015b\u0107, ale tak\u017ce wszystkie funkcje, kt\u00f3re uczyni\u0142y seri\u0119 NOVA liderem na rynku.<\/p>\n<h3><strong>&#8222;Technologia Clean Pack<\/strong><\/h3>\n<p>Podobnie jak w standardowych modelach, wszystkie ruchome cz\u0119\u015bci s\u0105 w pe\u0142ni hermetyczne. Chroni to kosztown\u0105 mechanik\u0119 przed kurzem, wyd\u0142u\u017ca jej \u017cywotno\u015b\u0107 i ogranicza koszty konserwacji do minimum. <\/p>\n<h3><strong>Przemys\u0142owa konstrukcja typu &#8222;wszystko w jednym<\/strong><\/h3>\n<p>Nie musisz martwi\u0107 si\u0119 o \u017cadne zewn\u0119trzne akcesoria. Pot\u0119\u017cna ch\u0142odnica przemys\u0142owa, odci\u0105g opar\u00f3w i spr\u0119\u017carka powietrza s\u0105 ju\u017c zintegrowane z korpusem maszyny, zapewniaj\u0105c stabiln\u0105 i bezpieczn\u0105 prac\u0119. <\/p>\n<h2><strong>Wybierz sw\u00f3j model Elite NOVA<\/strong><\/h2>\n<p>Seria Elite oferuje trzy rozmiary, co pozwala dostosowa\u0107 maszyn\u0119 do przestrzeni i potrzeb produkcyjnych.<\/p>\n<ul>\n<li><strong>Elite NOVA 10:<\/strong> Z obszarem roboczym <strong>1000 x 700 mm<\/strong>, jest to pot\u0119\u017cne i wszechstronne narz\u0119dzie odpowiednie do wielu zada\u0144 przemys\u0142owych.<\/li>\n<li>Obszar roboczy <strong>Elite NOVA 14:<\/strong><strong>1400 x 900 mm<\/strong> umo\u017cliwia wydajn\u0105 prac\u0119 z du\u017cymi arkuszami materia\u0142u, maksymalizuj\u0105c produktywno\u015b\u0107.<\/li>\n<li><strong>Elite NOVA 16:<\/strong> Dzi\u0119ki maksymalnemu obszarowi roboczemu <strong>1600 x 1000 mm<\/strong>, Elite <strong>NOVA 16<\/strong> jest przeznaczona do najwy\u017cszych wolumen\u00f3w produkcji i niestandardowych projekt\u00f3w bez \u017cadnych ogranicze\u0144.<\/li>\n<\/ul>\n<div class=\"product-descr-table\">\n<table width=\"971\">\n<tbody>\n<tr>\n<td colspan=\"4\" width=\"971\">SPECYFIKACJA<\/td>\n<\/tr>\n<tr>\n<td width=\"221\"><strong>MODEL<\/strong><\/td>\n<td style=\"text-align: center;\" width=\"250\"><strong>NOVA10 Elite<\/strong><\/td>\n<td style=\"text-align: center;\" width=\"250\"><strong>NOVA14 Elite<\/strong><\/td>\n<td style=\"text-align: center;\" width=\"250\"><strong>NOVA16 Elite<\/strong><\/td>\n<\/tr>\n<tr>\n<td width=\"221\"><strong>Obszar roboczy<\/strong><\/td>\n<td style=\"text-align: center;\" width=\"250\">700&#215;1000 mm<\/td>\n<td style=\"text-align: center;\" width=\"250\">900&#215;1400 mm<\/td>\n<td style=\"text-align: center;\" width=\"250\">1000&#215;1600 mm<\/td>\n<\/tr>\n<tr>\n<td width=\"221\"><strong>Maksymalna wysoko\u015b\u0107 zmotoryzowanej osi Z<\/strong><\/td>\n<td style=\"text-align: center;\" width=\"250\">200 mm<\/td>\n<td style=\"text-align: center;\" width=\"250\">200 mm<\/td>\n<td style=\"text-align: center;\" width=\"250\">200 mm<\/td>\n<\/tr>\n<tr>\n<td width=\"221\"><strong>Maksymalny ud\u017awig<\/strong><\/td>\n<td style=\"text-align: center;\" width=\"250\">120 kg<\/td>\n<td style=\"text-align: center;\" width=\"250\">120 kg<\/td>\n<td style=\"text-align: center;\" width=\"250\">120 kg<\/td>\n<\/tr>\n<tr>\n<td rowspan=\"2\" width=\"221\"><strong>Typ\/moc lasera<\/strong><\/td>\n<td style=\"text-align: center;\" width=\"250\">DC Glass 90\/100W<\/td>\n<td style=\"text-align: center;\" width=\"250\">DC Glass 90\/100\/130W<\/td>\n<td style=\"text-align: center;\" width=\"250\">DC Glass 90\/100\/130\/150W<\/td>\n<\/tr>\n<tr>\n<td style=\"text-align: center;\" width=\"250\">RF Metal 30\/60W<\/td>\n<td style=\"text-align: center;\" width=\"250\">RF Metal 30\/60W<\/td>\n<td style=\"text-align: center;\" width=\"250\">RF Metal 30\/60W<\/td>\n<\/tr>\n<tr>\n<td width=\"221\"><strong>Maksymalna pr\u0119dko\u015b\u0107 grawerowania<\/strong><\/td>\n<td style=\"text-align: center;\" width=\"250\">DC 1200 mm\/s, RF 4000 mm\/s<\/td>\n<td style=\"text-align: center;\" colspan=\"2\" width=\"500\">DC 1200 mm\/s, RF 4200 mm\/s<\/td>\n<\/tr>\n<tr>\n<td rowspan=\"2\" width=\"221\"><strong>Przyspieszenie<\/strong><\/td>\n<td style=\"text-align: center;\" colspan=\"3\">5G (DC)<\/td>\n<\/tr>\n<tr>\n<td style=\"text-align: center;\" colspan=\"3\">8G (RF)<\/td>\n<\/tr>\n<tr>\n<td rowspan=\"2\" width=\"221\"><strong>Typ silnika<\/strong><\/td>\n<td style=\"text-align: center;\" colspan=\"3\">DC Stepper (DC)<\/td>\n<\/tr>\n<tr>\n<td style=\"text-align: center;\" colspan=\"3\">Serwo AC (RF)<\/td>\n<\/tr>\n<tr>\n<td width=\"221\"><strong>Maksymalna rozdzielczo\u015b\u0107 \u017ar\u00f3d\u0142a DC<\/strong><\/td>\n<td style=\"text-align: center;\" colspan=\"3\" width=\"750\">1000 DPI<\/td>\n<\/tr>\n<tr>\n<td width=\"221\"><strong>Maksymalna rozdzielczo\u015b\u0107 \u017ar\u00f3d\u0142a RF<\/strong><\/td>\n<td style=\"text-align: center;\" colspan=\"3\" width=\"750\">4000 DPI<\/td>\n<\/tr>\n<tr>\n<td width=\"221\"><strong>Minimalny rozmiar grawerowanej litery<\/strong><\/td>\n<td style=\"text-align: center;\" colspan=\"3\" width=\"750\">1 x 1 mm (RF)<\/td>\n<\/tr>\n<tr>\n<td width=\"221\"><strong>Dok\u0142adno\u015b\u0107 pozycjonowania<\/strong><\/td>\n<td style=\"text-align: center;\" colspan=\"3\" width=\"750\">&lt; 0,01 mm<\/td>\n<\/tr>\n<tr>\n<td width=\"221\"><strong>Grubo\u015b\u0107 ci\u0119cia<\/strong><\/td>\n<td style=\"text-align: center;\" colspan=\"3\" width=\"750\">&lt; 15 mm (w zale\u017cno\u015bci od materia\u0142u i mocy \u017ar\u00f3d\u0142a)<\/td>\n<\/tr>\n<tr>\n<td width=\"221\"><strong>St\u00f3\u0142 warsztatowy<\/strong><\/td>\n<td style=\"text-align: center;\" colspan=\"3\" width=\"750\">Kom\u00f3rkowa + specjalna powierzchnia robocza do ci\u0119cia<\/td>\n<\/tr>\n<tr>\n<td width=\"221\"><strong>Ch\u0142odzenie<\/strong><\/td>\n<td style=\"text-align: center;\" width=\"250\">DC: Ch\u0142odnica wodna CW5000<\/td>\n<td style=\"text-align: center;\" colspan=\"2\" width=\"500\">DC: Ch\u0142odnica wodna CW5200<\/td>\n<\/tr>\n<tr>\n<td width=\"221\"><\/td>\n<td style=\"text-align: center;\" colspan=\"3\" width=\"750\">RF: Ch\u0142odzenie powietrzem<\/td>\n<\/tr>\n<tr>\n<td width=\"221\"><strong>Wentylator oddymiaj\u0105cy<\/strong><\/td>\n<td style=\"text-align: center;\" colspan=\"3\" width=\"750\">500W<\/td>\n<\/tr>\n<tr>\n<td width=\"221\"><strong>Zintegrowana pompa powietrza<\/strong><\/td>\n<td style=\"text-align: center;\" width=\"250\">750W z 24L pojemno\u015bci powietrza<\/td>\n<td style=\"text-align: center;\" colspan=\"2\" width=\"500\">750W z 40L pojemno\u015bci powietrza<\/td>\n<\/tr>\n<tr>\n<td width=\"221\"><strong>Autofokus<\/strong><\/td>\n<td style=\"text-align: center;\" colspan=\"3\" width=\"750\">Wbudowany<\/td>\n<\/tr>\n<tr>\n<td width=\"221\"><strong>Kamera<\/strong><\/td>\n<td style=\"text-align: center;\" colspan=\"3\">100\u00b0 8 megapikseli<\/td>\n<\/tr>\n<tr>\n<td width=\"221\"><strong>Klasyfikacja bezpiecze\u0144stwa laser\u00f3w<\/strong><\/td>\n<td style=\"text-align: center;\" colspan=\"3\">Produkt laserowy klasy 1<\/td>\n<\/tr>\n<tr>\n<td width=\"221\"><strong>Oprogramowanie<\/strong><\/td>\n<td style=\"text-align: center;\" colspan=\"3\" width=\"750\">RDWorks (zalecane Lightburn, oddzielna p\u0142atna licencja)<\/td>\n<\/tr>\n<tr>\n<td width=\"221\"><strong>Obs\u0142ugiwane formaty<\/strong><\/td>\n<td style=\"text-align: center;\" colspan=\"3\" width=\"750\">DSP\/PLT\/BMP\/DXF\/AI\/DWG\/SVG<\/td>\n<\/tr>\n<tr>\n<td><strong>Wymiary maszyny<\/strong><\/td>\n<td style=\"text-align: center;\">1500*1210*1125 mm<\/td>\n<td style=\"text-align: center;\">1900*1410*1125 mm<\/td>\n<td style=\"text-align: center;\">2100*1510*1125 mm<\/td>\n<\/tr>\n<tr>\n<td><strong>Masa brutto<\/strong><\/td>\n<td style=\"text-align: center;\">532 kg<\/td>\n<td style=\"text-align: center;\">683 kg<\/td>\n<td style=\"text-align: center;\">730 kg<\/td>\n<\/tr>\n<tr>\n<td><strong>Masa netto<\/strong><\/td>\n<td style=\"text-align: center;\">415 kg<\/td>\n<td style=\"text-align: center;\">560 kg<\/td>\n<td style=\"text-align: center;\">566 kg<\/td>\n<\/tr>\n<tr>\n<td width=\"221\"><strong>Napi\u0119cie zasilania<\/strong><\/td>\n<td style=\"text-align: center;\" colspan=\"3\" width=\"750\">220V AC 50Hz<\/td>\n<\/tr>\n<tr>\n<td width=\"221\"><strong>Moc ca\u0142kowita<\/strong><\/td>\n<td style=\"text-align: center;\" colspan=\"3\" width=\"750\">2300W<\/td>\n<\/tr>\n<tr>\n<td width=\"221\"><strong>Obrotowy<\/strong><\/td>\n<td style=\"text-align: center;\" colspan=\"3\" width=\"750\">Opcjonalnie (uchwyt\/rolka)<\/td>\n<\/tr>\n<\/tbody>\n<\/table>\n<\/div>\n","protected":false},"excerpt":{"rendered":"<p><strong>AEON Elite NOVA<\/strong> to seria wysokiej klasy laser\u00f3w przemys\u0142owych zaprojektowanych dla najbardziej wymagaj\u0105cych u\u017cytkownik\u00f3w. Zintegrowane <strong>serwomotory AC<\/strong> przenosz\u0105 pr\u0119dko\u015b\u0107 i przyspieszenie na nowy poziom, zapewniaj\u0105c niezr\u00f3wnan\u0105 wydajno\u015b\u0107 i jako\u015b\u0107 ci\u0119cia. Zachowuj\u0105c wszystkie najlepsze cechy NOVA, takie jak technologia Clean Pack, seria Elite jest idealnym wyborem do produkcji wielkoseryjnej, gdzie liczy si\u0119 ka\u017cda sekunda i wa\u017cna jest absolutna precyzja.  <\/p>\n","protected":false},"featured_media":6830,"template":"","meta":{"_acf_changed":false},"product_brand":[],"product_cat":[311,310],"product_tag":[],"class_list":{"0":"post-6829","1":"product","2":"type-product","3":"status-publish","4":"has-post-thumbnail","6":"product_cat-maszyna-do-ciecia-grawerowania-laserowego-aeon-co2","7":"product_cat-plotery-laserowe","8":"","9":"woocommerce-text-align-center","10":"woocommerce-image-align-center","11":"wc-has-gallery","13":"first","14":"instock","15":"shipping-taxable","16":"purchasable","17":"product-type-simple"},"acf":[],"_links":{"self":[{"href":"https:\/\/eltechnika.eu\/pl\/wp-json\/wp\/v2\/product\/6829","targetHints":{"allow":["GET"]}}],"collection":[{"href":"https:\/\/eltechnika.eu\/pl\/wp-json\/wp\/v2\/product"}],"about":[{"href":"https:\/\/eltechnika.eu\/pl\/wp-json\/wp\/v2\/types\/product"}],"wp:featuredmedia":[{"embeddable":true,"href":"https:\/\/eltechnika.eu\/pl\/wp-json\/wp\/v2\/media\/6830"}],"wp:attachment":[{"href":"https:\/\/eltechnika.eu\/pl\/wp-json\/wp\/v2\/media?parent=6829"}],"wp:term":[{"taxonomy":"product_brand","embeddable":true,"href":"https:\/\/eltechnika.eu\/pl\/wp-json\/wp\/v2\/product_brand?post=6829"},{"taxonomy":"product_cat","embeddable":true,"href":"https:\/\/eltechnika.eu\/pl\/wp-json\/wp\/v2\/product_cat?post=6829"},{"taxonomy":"product_tag","embeddable":true,"href":"https:\/\/eltechnika.eu\/pl\/wp-json\/wp\/v2\/product_tag?post=6829"}],"curies":[{"name":"wp","href":"https:\/\/api.w.org\/{rel}","templated":true}]}}