{"id":6815,"date":"2025-12-15T11:00:23","date_gmt":"2025-12-15T08:00:23","guid":{"rendered":"https:\/\/eltechnika.eu\/produktas\/aeon-super-nova-10-14-16\/"},"modified":"2025-08-21T15:40:31","modified_gmt":"2025-08-21T12:40:31","slug":"aeon-super-nova-10-14-16","status":"publish","type":"product","link":"https:\/\/eltechnika.eu\/pl\/produkt\/aeon-super-nova-10-14-16\/","title":{"rendered":"Aeon Super Nova 10\/14\/16"},"content":{"rendered":"<h2><strong>AEON Super NOVA: Uniwersalne Centrum Laserowe<\/strong><\/h2>\n<p>AEON Super NOVA to szczyt technologii laserowej, zaprojektowany jako wszechstronne rozwi\u0105zanie, kt\u00f3re mo\u017ce zast\u0105pi\u0107 kilka r\u00f3\u017cnych urz\u0105dze\u0144. To nie tylko maszyna do ci\u0119cia lub grawerowania &#8211; to kompletne centrum obr\u00f3bcze, kt\u00f3re \u0142\u0105czy najlepsze cechy r\u00f3\u017cnych typ\u00f3w laser\u00f3w CO2 w jednej obudowie. Super NOVA jest przeznaczona dla firm produkcyjnych, kt\u00f3re maj\u0105 do wykonania szeroki zakres zada\u0144 i chc\u0105 mie\u0107 jedn\u0105 maszyn\u0119, kt\u00f3ra mo\u017ce wykona\u0107 wszystko bezb\u0142\u0119dnie.  <\/p>\n<h2><strong>Dwie g\u0142owice laserowe &#8211; podw\u00f3jne mo\u017cliwo\u015bci<\/strong><\/h2>\n<p>G\u0142\u00f3wn\u0105 innowacj\u0105 Super NOVA jest hybrydowy system z dwoma oddzielnymi \u017ar\u00f3d\u0142ami lasera i g\u0142owicami zamontowanymi na tej samej osi. Zapewnia to niezr\u00f3wnan\u0105 elastyczno\u015b\u0107 i wydajno\u015b\u0107. <\/p>\n<h3><strong>Szklana tuba CO2: moc i wydajno\u015b\u0107 ci\u0119cia<\/strong><\/h3>\n<p>Pierwsza g\u0142owica jest pod\u0142\u0105czona do szklanej lampy laserowej DC (pr\u0105du sta\u0142ego) o du\u017cej mocy (100-150 W). \u0179r\u00f3d\u0142o to jest idealne do ci\u0119cia grubych materia\u0142\u00f3w organicznych, takich jak drewno, sklejka, akryl, sk\u00f3ra. Zapewnia du\u017c\u0105 pr\u0119dko\u015b\u0107, g\u0142\u0119bokie ci\u0119cia i jest ekonomicznym rozwi\u0105zaniem do ci\u0119cia.  <\/p>\n<h3><strong>Metalowa tuba RF (cz\u0119stotliwo\u015bci radiowej): precyzja i trwa\u0142o\u015b\u0107<\/strong><\/h3>\n<p>Druga g\u0142owica wykorzystuje trwa\u0142e metalowe \u017ar\u00f3d\u0142o lasera RF (o cz\u0119stotliwo\u015bci radiowej) (30-60 W). Laser RF generuje znacznie mniejsz\u0105 i bardziej stabiln\u0105 wi\u0105zk\u0119 laserow\u0105, dzi\u0119ki czemu jest niezast\u0105piony do niezwykle precyzyjnego grawerowania o fotograficznej jako\u015bci. Jest r\u00f3wnie\u017c idealny do ci\u0119cia cienkich materia\u0142\u00f3w, gdzie wymagane s\u0105 minimalne efekty termiczne i bardzo czysta kraw\u0119d\u017a tn\u0105ca.  <\/p>\n<h2><strong>Zintegrowana kamera &#8211; praca bez zgadywania<\/strong><\/h2>\n<p>Super NOVA jest standardowo wyposa\u017cona w zintegrowan\u0105 kamer\u0119 o wysokiej rozdzielczo\u015bci, kt\u00f3ra znacznie upraszcza i przyspiesza proces pracy.<\/p>\n<ul>\n<li><strong>Pozycjonowanie wizualne:<\/strong> zobacz swoje biurko bezpo\u015brednio na ekranie komputera. \u0141atwe i dok\u0142adne pozycjonowanie projektu na elemencie o nieregularnym kszta\u0142cie, co pozwala unikn\u0105\u0107 marnowania materia\u0142u. <\/li>\n<li><strong>Rozpoznawanie wydruku (Print &amp; Cut):<\/strong> aparat automatycznie rozpoznaje wydrukowane znaki rejestracyjne, umo\u017cliwiaj\u0105c precyzyjne przycinanie wydrukowanych obraz\u00f3w do kontur\u00f3w.<\/li>\n<\/ul>\n<h2><strong>Zaprojektowany z my\u015bl\u0105 o maksymalnej wydajno\u015bci i elastyczno\u015bci<\/strong><\/h2>\n<p>Super NOVA dziedziczy wszystkie najlepsze cechy serii Elite NOVA, w tym mocne <strong>serwomotory AC<\/strong> zapewniaj\u0105ce maksymaln\u0105 pr\u0119dko\u015b\u0107 i <strong>technologi\u0119 Clean Pack<\/strong> chroni\u0105c\u0105 mechanik\u0119. Maszyna posiada r\u00f3wnie\u017c zmotoryzowany st\u00f3\u0142 roboczy, autofokus i wygodn\u0105 konstrukcj\u0119 typu &#8222;wszystko w jednym&#8221; ze zintegrowanym ch\u0142odzeniem, doprowadzaniem powietrza i odci\u0105giem opar\u00f3w. <\/p>\n<h2><strong>Wybierz sw\u00f3j rozmiar Super NOVA<\/strong><\/h2>\n<p>W zale\u017cno\u015bci od wielko\u015bci produkcji mo\u017cna wybra\u0107 jeden z trzech r\u00f3\u017cnych rozmiar\u00f3w:<\/p>\n<ul>\n<li>Obszar roboczy <strong>Super NOVA 10:<\/strong><strong>1000 x 700 mm<\/strong>.<\/li>\n<li><strong>Super NOVA 14:<\/strong> obszar roboczy<strong>1400 x 900 mm<\/strong>.<\/li>\n<li>Obszar roboczy <strong>Super NOVA 16:<\/strong><strong>1600 x 1000 mm<\/strong>.<\/li>\n<\/ul>\n<div class=\"product-descr-table\">\n<table width=\"971\">\n<tbody>\n<tr>\n<td colspan=\"4\" width=\"971\"><strong>SPECYFIKACJA<\/strong><\/td>\n<\/tr>\n<tr>\n<td width=\"221\"><strong>MODEL<\/strong><\/td>\n<td style=\"text-align: center;\" width=\"250\"><strong>NOVA10 Super<\/strong><\/td>\n<td style=\"text-align: center;\" width=\"250\"><strong>NOVA14 Super<\/strong><\/td>\n<td style=\"text-align: center;\" width=\"250\"><strong>NOVA16 Super<\/strong><\/td>\n<\/tr>\n<tr>\n<td width=\"221\"><strong>Obszar roboczy<\/strong><\/td>\n<td style=\"text-align: center;\" width=\"250\">700&#215;1000 mm<\/td>\n<td style=\"text-align: center;\" width=\"250\">900&#215;1400 mm<\/td>\n<td style=\"text-align: center;\" width=\"250\">1000&#215;1600 mm<\/td>\n<\/tr>\n<tr>\n<td width=\"221\"><strong>Maksymalna wysoko\u015b\u0107 zmotoryzowanej osi Z<\/strong><\/td>\n<td style=\"text-align: center;\" width=\"250\">200 mm<\/td>\n<td style=\"text-align: center;\" width=\"250\">200 mm<\/td>\n<td style=\"text-align: center;\" width=\"250\">200 mm<\/td>\n<\/tr>\n<tr>\n<td width=\"221\"><strong>Maksymalny ud\u017awig<\/strong><\/td>\n<td style=\"text-align: center;\" width=\"250\">120 kg<\/td>\n<td style=\"text-align: center;\" width=\"250\">120 kg<\/td>\n<td style=\"text-align: center;\" width=\"250\">120 kg<\/td>\n<\/tr>\n<tr>\n<td rowspan=\"2\" width=\"221\"><strong>Typ\/moc lasera<\/strong><\/td>\n<td style=\"text-align: center;\" width=\"250\">DC Glass 90\/100W<\/td>\n<td style=\"text-align: center;\" width=\"250\">DC Glass 90\/100\/130W<\/td>\n<td style=\"text-align: center;\" width=\"250\">DC Glass 90\/100\/130\/150W<\/td>\n<\/tr>\n<tr>\n<td style=\"text-align: center;\" width=\"250\">RF Metal 30\/60W<\/td>\n<td style=\"text-align: center;\" width=\"250\">RF Metal 30\/60W<\/td>\n<td style=\"text-align: center;\" width=\"250\">RF Metal 30\/60W<\/td>\n<\/tr>\n<tr>\n<td width=\"221\"><strong>Maksymalna pr\u0119dko\u015b\u0107 grawerowania<\/strong><\/td>\n<td style=\"text-align: center;\" width=\"250\">DC 1200 mm\/s, RF 4000 mm\/s<\/td>\n<td style=\"text-align: center;\" colspan=\"2\" width=\"500\">DC 1200 mm\/s, RF 4200 mm\/s<\/td>\n<\/tr>\n<tr>\n<td rowspan=\"2\" width=\"221\"><strong>Przyspieszenie<\/strong><\/td>\n<td style=\"text-align: center;\" colspan=\"3\">5G (DC)<\/td>\n<\/tr>\n<tr>\n<td style=\"text-align: center;\" colspan=\"3\">8G (RF)<\/td>\n<\/tr>\n<tr>\n<td rowspan=\"2\" width=\"221\"><strong>Typ silnika<\/strong><\/td>\n<td style=\"text-align: center;\" colspan=\"3\">DC Stepper (DC)<\/td>\n<\/tr>\n<tr>\n<td style=\"text-align: center;\" colspan=\"3\">Serwo AC (RF)<\/td>\n<\/tr>\n<tr>\n<td width=\"221\"><strong>Maksymalna rozdzielczo\u015b\u0107 \u017ar\u00f3d\u0142a DC<\/strong><\/td>\n<td style=\"text-align: center;\" colspan=\"3\" width=\"750\">1000 DPI<\/td>\n<\/tr>\n<tr>\n<td width=\"221\"><strong>Maksymalna rozdzielczo\u015b\u0107 \u017ar\u00f3d\u0142a RF<\/strong><\/td>\n<td style=\"text-align: center;\" colspan=\"3\" width=\"750\">4000 DPI<\/td>\n<\/tr>\n<tr>\n<td width=\"221\"><strong>Minimalny rozmiar grawerowanej litery<\/strong><\/td>\n<td style=\"text-align: center;\" colspan=\"3\" width=\"750\">1 x 1 mm (RF)<\/td>\n<\/tr>\n<tr>\n<td width=\"221\"><strong>Dok\u0142adno\u015b\u0107 pozycjonowania<\/strong><\/td>\n<td style=\"text-align: center;\" colspan=\"3\" width=\"750\">&lt; 0,01 mm<\/td>\n<\/tr>\n<tr>\n<td width=\"221\"><strong>Grubo\u015b\u0107 ci\u0119cia<\/strong><\/td>\n<td style=\"text-align: center;\" colspan=\"3\" width=\"750\">&lt; 15 mm (w zale\u017cno\u015bci od materia\u0142u i mocy \u017ar\u00f3d\u0142a)<\/td>\n<\/tr>\n<tr>\n<td width=\"221\"><strong>St\u00f3\u0142 warsztatowy<\/strong><\/td>\n<td style=\"text-align: center;\" colspan=\"3\" width=\"750\">Kom\u00f3rkowa + specjalna powierzchnia robocza do ci\u0119cia<\/td>\n<\/tr>\n<tr>\n<td width=\"221\"><strong>Ch\u0142odzenie<\/strong><\/td>\n<td style=\"text-align: center;\" width=\"250\">DC: Ch\u0142odnica wodna CW5000<\/td>\n<td style=\"text-align: center;\" colspan=\"2\" width=\"500\">DC: Ch\u0142odnica wodna CW5200<\/td>\n<\/tr>\n<tr>\n<td width=\"221\"><\/td>\n<td style=\"text-align: center;\" colspan=\"3\" width=\"750\">RF: Ch\u0142odzenie powietrzem<\/td>\n<\/tr>\n<tr>\n<td width=\"221\"><strong>Wentylator oddymiaj\u0105cy<\/strong><\/td>\n<td style=\"text-align: center;\" colspan=\"3\" width=\"750\">500W<\/td>\n<\/tr>\n<tr>\n<td width=\"221\"><strong>Zintegrowana pompa powietrza<\/strong><\/td>\n<td style=\"text-align: center;\" width=\"250\">750W z 24L pojemno\u015bci powietrza<\/td>\n<td style=\"text-align: center;\" colspan=\"2\" width=\"500\">750W z 40L pojemno\u015bci powietrza<\/td>\n<\/tr>\n<tr>\n<td width=\"221\"><strong>Autofokus<\/strong><\/td>\n<td style=\"text-align: center;\" colspan=\"3\" width=\"750\">Wbudowany<\/td>\n<\/tr>\n<tr>\n<td width=\"221\"><strong>Kamera<\/strong><\/td>\n<td style=\"text-align: center;\" colspan=\"3\">100\u00b0 8 megapikseli<\/td>\n<\/tr>\n<tr>\n<td width=\"221\"><strong>Klasyfikacja bezpiecze\u0144stwa laser\u00f3w<\/strong><\/td>\n<td style=\"text-align: center;\" colspan=\"3\">Produkt laserowy klasy 1<\/td>\n<\/tr>\n<tr>\n<td width=\"221\"><strong>Oprogramowanie<\/strong><\/td>\n<td style=\"text-align: center;\" colspan=\"3\" width=\"750\">RDWorks (zalecane Lightburn, oddzielna p\u0142atna licencja)<\/td>\n<\/tr>\n<tr>\n<td width=\"221\"><strong>Obs\u0142ugiwane formaty<\/strong><\/td>\n<td style=\"text-align: center;\" colspan=\"3\" width=\"750\">DSP\/PLT\/BMP\/DXF\/AI\/DWG\/SVG<\/td>\n<\/tr>\n<tr>\n<td><strong>Wymiary maszyny<\/strong><\/td>\n<td style=\"text-align: center;\">1500*1210*1125 mm<\/td>\n<td style=\"text-align: center;\">1900*1410*1125 mm<\/td>\n<td style=\"text-align: center;\">2100*1510*1125 mm<\/td>\n<\/tr>\n<tr>\n<td><strong>Masa brutto<\/strong><\/td>\n<td style=\"text-align: center;\">532 kg<\/td>\n<td style=\"text-align: center;\">683 kg<\/td>\n<td style=\"text-align: center;\">730 kg<\/td>\n<\/tr>\n<tr>\n<td><strong>Masa netto<\/strong><\/td>\n<td style=\"text-align: center;\">415 kg<\/td>\n<td style=\"text-align: center;\">560 kg<\/td>\n<td style=\"text-align: center;\">566 kg<\/td>\n<\/tr>\n<tr>\n<td width=\"221\"><strong>Napi\u0119cie zasilania<\/strong><\/td>\n<td style=\"text-align: center;\" colspan=\"3\" width=\"750\">220V AC 50Hz<\/td>\n<\/tr>\n<tr>\n<td width=\"221\"><strong>Moc ca\u0142kowita<\/strong><\/td>\n<td style=\"text-align: center;\" colspan=\"3\" width=\"750\">2300W<\/td>\n<\/tr>\n<tr>\n<td width=\"221\"><strong>Obrotowy<\/strong><\/td>\n<td style=\"text-align: center;\" colspan=\"3\" width=\"750\">Opcjonalnie (uchwyt\/rolka)<\/td>\n<\/tr>\n<\/tbody>\n<\/table>\n<\/div>\n","protected":false},"excerpt":{"rendered":"<p><strong>AEON Super NOVA<\/strong> to wszechstronne laserowe centrum obr\u00f3bcze, kt\u00f3re \u0142\u0105czy zalety dw\u00f3ch r\u00f3\u017cnych technologii laserowych w jednym urz\u0105dzeniu. Dzi\u0119ki <strong>dw\u00f3m g\u0142owicom laser<\/strong> owym (szklana DC i metalowa RF) oraz <strong>zintegrowanej kamerze<\/strong> do pozycjonowania, maszyna ta mo\u017ce wykona\u0107 praktycznie ka\u017cde zadanie &#8211; od g\u0142\u0119bokiego i szybkiego ci\u0119cia po bardzo precyzyjne grawerowanie o fotograficznej jako\u015bci. Jest to idealne rozwi\u0105zanie dla tych, kt\u00f3rzy szukaj\u0105 maksymalnej elastyczno\u015bci bez kompromis\u00f3w.  <\/p>\n","protected":false},"featured_media":6816,"template":"","meta":{"_acf_changed":false},"product_brand":[],"product_cat":[311,310],"product_tag":[],"class_list":{"0":"post-6815","1":"product","2":"type-product","3":"status-publish","4":"has-post-thumbnail","6":"product_cat-maszyna-do-ciecia-grawerowania-laserowego-aeon-co2","7":"product_cat-plotery-laserowe","8":"","9":"woocommerce-text-align-center","10":"woocommerce-image-align-center","11":"wc-has-gallery","13":"first","14":"instock","15":"shipping-taxable","16":"purchasable","17":"product-type-simple"},"acf":[],"_links":{"self":[{"href":"https:\/\/eltechnika.eu\/pl\/wp-json\/wp\/v2\/product\/6815","targetHints":{"allow":["GET"]}}],"collection":[{"href":"https:\/\/eltechnika.eu\/pl\/wp-json\/wp\/v2\/product"}],"about":[{"href":"https:\/\/eltechnika.eu\/pl\/wp-json\/wp\/v2\/types\/product"}],"wp:featuredmedia":[{"embeddable":true,"href":"https:\/\/eltechnika.eu\/pl\/wp-json\/wp\/v2\/media\/6816"}],"wp:attachment":[{"href":"https:\/\/eltechnika.eu\/pl\/wp-json\/wp\/v2\/media?parent=6815"}],"wp:term":[{"taxonomy":"product_brand","embeddable":true,"href":"https:\/\/eltechnika.eu\/pl\/wp-json\/wp\/v2\/product_brand?post=6815"},{"taxonomy":"product_cat","embeddable":true,"href":"https:\/\/eltechnika.eu\/pl\/wp-json\/wp\/v2\/product_cat?post=6815"},{"taxonomy":"product_tag","embeddable":true,"href":"https:\/\/eltechnika.eu\/pl\/wp-json\/wp\/v2\/product_tag?post=6815"}],"curies":[{"name":"wp","href":"https:\/\/api.w.org\/{rel}","templated":true}]}}