{"id":6768,"date":"2023-11-23T13:44:51","date_gmt":"2023-11-23T13:44:51","guid":{"rendered":"https:\/\/eltechnika.eu\/produktas\/grawerki-do-znakowania-laserem-swiatlowodowym\/"},"modified":"2025-08-21T15:40:51","modified_gmt":"2025-08-21T12:40:51","slug":"grawerki-do-znakowania-laserem-swiatlowodowym","status":"publish","type":"product","link":"https:\/\/eltechnika.eu\/pl\/produkt\/grawerki-do-znakowania-laserem-swiatlowodowym\/","title":{"rendered":"Maszyny do grawerowania i znakowania laserem FIBER"},"content":{"rendered":"<p>Grawerki laserowe <strong>FIBER<\/strong> o mocy <strong>20W\/30\/50W\/60W\/100W\/200W\/300W<\/strong> z mo\u017cliwo\u015bci\u0105 wyboru obszaru roboczego. Laser ten jest przeznaczony do grawerowania na materia\u0142ach metalowych i niemetalowych. Dzi\u0119ki wysoce niezawodnemu \u017ar\u00f3d\u0142u lasera, urz\u0105dzenie wytrzyma do 100 000 godzin!  <\/p>\n<p>Grawerowanie dowolnych kszta\u0142t\u00f3w w materia\u0142ach metalowych i niemetalowych. Ogniskowanie maszyny laserowej <strong>FIBER<\/strong> zosta\u0142o jeszcze bardziej ulepszone &#8211; zamiast zwyk\u0142ych dw\u00f3ch czerwonych kropek, jest teraz jeszcze prostsze z czerwonymi liniami, aby ustawi\u0107 odpowiedni\u0105 wysoko\u015b\u0107 szybciej ni\u017c kiedykolwiek wcze\u015bniej. O\u015b obrotowa mo\u017ce by\u0107 dostosowana do grawerowania pier\u015bcieni, bransoletek, kubk\u00f3w lub innych powierzchni cylindrycznych bez wi\u0119kszego wysi\u0142ku. Dzi\u0119ki niewielkim rozmiarom i du\u017cej pr\u0119dko\u015bci pracy, laser ten mo\u017ce by\u0107 u\u017cywany nawet w \u015brodowisku biurowym. Laser jest ch\u0142odzony powietrzem, a warunki przechowywania to 0~35\u00b0C, wilgotno\u015b\u0107 10~95%. Laser jest idealny do grawerowania logo, kod\u00f3w kreskowych i kod\u00f3w QR, napis\u00f3w lub element\u00f3w dekoracyjnych! Dzi\u0119ki \u017ar\u00f3d\u0142u lasera <strong>JPT<\/strong> mo\u017cliwe jest uzyskanie koloru poprzez grawerowanie na stali nierdzewnej!     <\/p>\n<p>&nbsp;<\/p>\n<div class=\"product-descr-table\">\n<table width=\"614\">\n<tbody>\n<tr>\n<td colspan=\"2\" width=\"614\">\n<p style=\"text-align: left;\"><strong>SPECYFIKACJA<\/strong><\/p>\n<\/td>\n<\/tr>\n<tr>\n<td width=\"217\">\n<p style=\"text-align: left;\"><strong>\u0179r\u00f3d\u0142o lasera<\/strong><\/p>\n<\/td>\n<td style=\"text-align: center;\" width=\"397\">RAYCUS, JPT MOPA<\/td>\n<\/tr>\n<tr>\n<td style=\"text-align: left;\" width=\"217\"><strong>Moc lasera<\/strong><\/td>\n<td width=\"397\">\n<p style=\"text-align: center;\">20W, 30W, 50W, 60W, 100W, 200W, 300W<\/p>\n<\/td>\n<\/tr>\n<tr>\n<td width=\"217\">\n<p style=\"text-align: left;\"><strong>Zakres impuls\u00f3w<\/strong><\/p>\n<\/td>\n<td style=\"text-align: center;\" width=\"397\">1 &#8211; 600 kHz<\/td>\n<\/tr>\n<tr>\n<td style=\"text-align: left;\" width=\"217\"><strong>Pr\u0119dko\u015b\u0107 grawerowania<\/strong><\/td>\n<td width=\"397\">\n<p style=\"text-align: center;\">0 &#8211; 8000 mm\/s<\/p>\n<\/td>\n<\/tr>\n<tr>\n<td width=\"217\">\n<p style=\"text-align: left;\"><strong>Minimalna grubo\u015b\u0107 linii<\/strong><\/p>\n<\/td>\n<td style=\"text-align: center;\" width=\"397\">&gt;0,01 mm<\/td>\n<\/tr>\n<tr>\n<td style=\"text-align: left;\" width=\"217\"><strong>D\u0142ugo\u015b\u0107 fali lasera<\/strong><\/td>\n<td width=\"397\">\n<p style=\"text-align: center;\">1064nm<\/p>\n<\/td>\n<\/tr>\n<tr>\n<td width=\"217\">\n<p style=\"text-align: left;\"><strong>Pole robocze<\/strong><\/p>\n<\/td>\n<td width=\"397\">\n<p style=\"text-align: center;\">50x50mm, 70x70mm, 110x110mm, 150x150mm, 175x175mm, 200x200mm, 220x220mm, 300x300mm (maszyny zamkni\u0119te do 150x150mm)<\/p>\n<\/td>\n<\/tr>\n<tr>\n<td width=\"217\">\n<p style=\"text-align: left;\"><strong>Ch\u0142odzenie<\/strong><\/p>\n<\/td>\n<td style=\"text-align: center;\" width=\"397\">Oru<\/td>\n<\/tr>\n<tr>\n<td style=\"text-align: left;\" width=\"217\"><strong>\u017bywotno\u015b\u0107 \u017ar\u00f3d\u0142a lasera<\/strong><\/td>\n<td width=\"397\">\n<p style=\"text-align: center;\">Do 100 000 godzin.<\/p>\n<\/td>\n<\/tr>\n<tr>\n<td width=\"217\">\n<p style=\"text-align: left;\"><strong>Napi\u0119cie zasilania<\/strong><\/p>\n<\/td>\n<td style=\"text-align: center;\" width=\"397\">230VAC, 50-60Hz<\/td>\n<\/tr>\n<tr>\n<td style=\"text-align: left;\" width=\"217\"><strong>Zu\u017cycie energii<\/strong><\/td>\n<td width=\"397\">\n<p style=\"text-align: center;\">&lt;= 500W<\/p>\n<\/td>\n<\/tr>\n<tr>\n<td width=\"217\">\n<p style=\"text-align: left;\"><strong>Poziom temperatury\/wilgotno\u015bci<\/strong><\/p>\n<\/td>\n<td style=\"text-align: center;\" width=\"397\">0~35\u00b0C \/ 10~95%<\/td>\n<\/tr>\n<tr>\n<td style=\"text-align: left;\" width=\"217\"><strong>Wymiary i waga obrabiarki<\/strong><\/td>\n<td width=\"397\">\n<p style=\"text-align: center;\">660x240x500mm, 35kg<\/p>\n<\/td>\n<\/tr>\n<tr>\n<td width=\"217\">\n<p style=\"text-align: left;\"><strong>Oprogramowanie<\/strong><\/p>\n<\/td>\n<td style=\"text-align: center;\" width=\"397\">EzCAD (zalecany LightBurn Pro, oddzielna p\u0142atna licencja)<\/td>\n<\/tr>\n<tr>\n<td style=\"text-align: left;\" width=\"217\"><strong>Obs\u0142ugiwane formaty<\/strong><\/td>\n<td width=\"397\">\n<p style=\"text-align: center;\">AI, PLT, DXF, BMP, DWG, DXP, PNG, JPG itp.<\/p>\n<\/td>\n<\/tr>\n<tr>\n<td width=\"217\">\n<p style=\"text-align: left;\"><strong>Odpowiednie materia\u0142y<\/strong><\/p>\n<\/td>\n<td style=\"text-align: center;\" width=\"397\">Metale: aluminium, z\u0142oto, srebro, mied\u017a, stal nierdzewna, mosi\u0105dz, tytan i wolfram. Niemetale: kolorowy akryl, twardy plastik, ceg\u0142a, granit, marmur, p\u0142ytki, nylon, ABS, ceramika, laminat, kamienie szlachetne, marmur, sztuczna sk\u00f3ra. <\/td>\n<\/tr>\n<tr>\n<td style=\"text-align: left;\" width=\"217\"><strong>Obrotowy<\/strong><\/td>\n<td width=\"397\">\n<p style=\"text-align: center;\">Dodatkowa opcja (na pier\u015bcionki, d\u0142ugopisy, Chuck itp.)<\/p>\n<\/td>\n<\/tr>\n<\/tbody>\n<\/table>\n<\/div>\n<p>&nbsp;<\/p>\n","protected":false},"excerpt":{"rendered":"<p><strong>Znakowarki laserowe<\/strong> to profesjonalne i trwa\u0142e rozwi\u0105zanie do precyzyjnego i nieusuwalnego znakowania dowolnego metalu. Dzi\u0119ki niezwykle stabilnemu \u017ar\u00f3d\u0142u lasera o \u017cywotno\u015bci <strong>ponad 100 000 godzin<\/strong> i zerowej konserwacji, maszyna ta jest niezb\u0119dna w przemy\u015ble, jubilerstwie, produkcji narz\u0119dzi i wsz\u0119dzie tam, gdzie wymagane jest niezawodne i wysokiej jako\u015bci grawerowanie. Kompaktowa konstrukcja i prosta obs\u0142uga pozwalaj\u0105 na szybk\u0105 integracj\u0119 maszyny z ka\u017cdym miejscem pracy.  <\/p>\n","protected":false},"featured_media":6769,"template":"","meta":{"_acf_changed":false},"product_brand":[],"product_cat":[310],"product_tag":[],"class_list":{"0":"post-6768","1":"product","2":"type-product","3":"status-publish","4":"has-post-thumbnail","6":"product_cat-plotery-laserowe","7":"","8":"woocommerce-text-align-center","9":"woocommerce-image-align-center","10":"wc-has-gallery","12":"first","13":"instock","14":"shipping-taxable","15":"purchasable","16":"product-type-simple"},"acf":[],"_links":{"self":[{"href":"https:\/\/eltechnika.eu\/pl\/wp-json\/wp\/v2\/product\/6768","targetHints":{"allow":["GET"]}}],"collection":[{"href":"https:\/\/eltechnika.eu\/pl\/wp-json\/wp\/v2\/product"}],"about":[{"href":"https:\/\/eltechnika.eu\/pl\/wp-json\/wp\/v2\/types\/product"}],"wp:featuredmedia":[{"embeddable":true,"href":"https:\/\/eltechnika.eu\/pl\/wp-json\/wp\/v2\/media\/6769"}],"wp:attachment":[{"href":"https:\/\/eltechnika.eu\/pl\/wp-json\/wp\/v2\/media?parent=6768"}],"wp:term":[{"taxonomy":"product_brand","embeddable":true,"href":"https:\/\/eltechnika.eu\/pl\/wp-json\/wp\/v2\/product_brand?post=6768"},{"taxonomy":"product_cat","embeddable":true,"href":"https:\/\/eltechnika.eu\/pl\/wp-json\/wp\/v2\/product_cat?post=6768"},{"taxonomy":"product_tag","embeddable":true,"href":"https:\/\/eltechnika.eu\/pl\/wp-json\/wp\/v2\/product_tag?post=6768"}],"curies":[{"name":"wp","href":"https:\/\/api.w.org\/{rel}","templated":true}]}}