{"id":6745,"date":"2024-06-19T11:24:24","date_gmt":"2024-06-19T11:24:24","guid":{"rendered":"https:\/\/eltechnika.eu\/produktas\/grawerka-laserowa-do-znakowania-co2\/"},"modified":"2025-08-21T15:41:02","modified_gmt":"2025-08-21T12:41:02","slug":"grawerka-laserowa-do-znakowania-co2","status":"publish","type":"product","link":"https:\/\/eltechnika.eu\/pl\/produkt\/grawerka-laserowa-do-znakowania-co2\/","title":{"rendered":"Maszyna do grawerowania laserowego CO2"},"content":{"rendered":"<h2>Laser z g\u0142owic\u0105 CO2: pr\u0119dko\u015b\u0107, kt\u00f3rej nie dor\u00f3wna \u017caden ploter<\/h2>\n<p>Je\u015bli chodzi o masow\u0105 produkcj\u0119 i szybko\u015b\u0107 znakowania, maszyny laserowe CO2 Galvo s\u0105 w swojej kategorii wyj\u0105tkowe. W przeciwie\u0144stwie do tradycyjnych laser\u00f3w typu ploterowego, kt\u00f3re poruszaj\u0105 si\u0119 mechanicznie wzd\u0142u\u017c osi XY, system Galvo wykorzystuje dwa ma\u0142e, sterowane komputerowo zwierciad\u0142a. Lustra te kieruj\u0105 wi\u0105zk\u0119 lasera do w\u0142a\u015bciwego punktu niemal natychmiast, co skutkuje niesamowit\u0105 pr\u0119dko\u015bci\u0105 znakowania do 7000 mm\/s. Jest to wyspecjalizowane narz\u0119dzie zaprojektowane nie do ci\u0119cia, ale do jednego celu: maksymalnej pr\u0119dko\u015bci i precyzyjnego znakowania powierzchni.   <\/p>\n<h2>Jak dzia\u0142a technologia Galvo?<\/h2>\n<p>Zamiast przesuwa\u0107 ci\u0119\u017ck\u0105 g\u0142owic\u0119 mechaniczn\u0105 po ca\u0142ym obszarze roboczym, system Galvo utrzymuje \u017ar\u00f3d\u0142o lasera i obrabiany przedmiot w bezruchu. Wi\u0105zka lasera jest kierowana do dw\u00f3ch silnik\u00f3w galwanometrycznych, kt\u00f3re nap\u0119dzaj\u0105 zwierciad\u0142a. Lustra te mog\u0105 obraca\u0107 si\u0119 tysi\u0105ce razy na sekund\u0119, dzi\u0119ki czemu plamka lasera na powierzchni materia\u0142u porusza si\u0119 z pr\u0119dko\u015bci\u0105 b\u0142yskawicy. Rezultatem jest do 10 razy wi\u0119ksza wydajno\u015b\u0107 w por\u00f3wnaniu ze standardowymi maszynami laserowymi do tych samych zada\u0144 grawerowania.   <\/p>\n<h2>Idealne narz\u0119dzie do produkcji<\/h2>\n<p>Dzi\u0119ki szybko\u015bci i precyzji laser CO2 Galvo jest niezast\u0105piony w wielu zastosowaniach. Idealnie nadaje si\u0119 do znakowania materia\u0142\u00f3w, na kt\u00f3re wp\u0142ywa d\u0142ugo\u015b\u0107 fali lasera CO2. <\/p>\n<h3>Preferowane materia\u0142y:<\/h3>\n<ul>\n<li><strong>Drewno i produkty z drewna:<\/strong> fornir, MDF, lite drewno.<\/li>\n<li><strong>Sk\u00f3ra i tekstylia:<\/strong> Sk\u00f3ra naturalna i syntetyczna, denim, filc.<\/li>\n<li><strong>Papier i karton:<\/strong> znakowanie opakowa\u0144, grawerowanie zaprosze\u0144.<\/li>\n<li><strong>Szk\u0142o i ceramika:<\/strong> ekstrakcja z efektem matowym, grawerowanie powierzchni.<\/li>\n<li><strong>Wi\u0119kszo\u015b\u0107 tworzyw sztucznych:<\/strong> Akryl (PMMA), ABS, poliw\u0119glan.<\/li>\n<li><strong>Malowane metale:<\/strong> laser mo\u017ce usun\u0105\u0107 warstw\u0119 farby, ods\u0142aniaj\u0105c le\u017c\u0105cy pod ni\u0105 metal.<\/li>\n<\/ul>\n<h3>Przyk\u0142ady u\u017cycia:<\/h3>\n<ul>\n<li>Oznaczanie numer\u00f3w seryjnych, dat wa\u017cno\u015bci i kod\u00f3w kreskowych na opakowaniach.<\/li>\n<li>Grawerowanie logo i marek na drewnianych pami\u0105tkach lub wyrobach sk\u00f3rzanych.<\/li>\n<li>Tworzenie delikatnych i skomplikowanych wzor\u00f3w na szkle lub ceramice.<\/li>\n<li>Szybka personalizacja plastikowych obud\u00f3w lub komponent\u00f3w elektronicznych.<\/li>\n<\/ul>\n<h2>Inwestycja d\u0142ugoterminowa: \u017ar\u00f3d\u0142o lasera RF<\/h2>\n<p>Maszyny te wykorzystuj\u0105 trwa\u0142\u0105, ch\u0142odzon\u0105 powietrzem metalow\u0105 tub\u0119 laserow\u0105 RF (o cz\u0119stotliwo\u015bci radiowej). W przeciwie\u0144stwie do szklanych tub, kt\u00f3re musz\u0105 by\u0107 okresowo wymieniane, \u017ar\u00f3d\u0142a RF maj\u0105 \u017cywotno\u015b\u0107 <strong>ponad 20 000 godzin<\/strong> i mog\u0105 by\u0107 ponownie nape\u0142niane. Zapewnia to minimaln\u0105 konserwacj\u0119 i stabiln\u0105 moc lasera przez ca\u0142y okres eksploatacji lasera, dzi\u0119ki czemu maszyny te s\u0105 niezawodn\u0105 inwestycj\u0105 d\u0142ugoterminow\u0105.  <\/p>\n<p>&nbsp;<\/p>\n<div class=\"product-descr-table\">\n<table width=\"619\">\n<tbody>\n<tr>\n<td colspan=\"2\" width=\"619\">\n<p style=\"text-align: center;\"><strong>SPECYFIKACJA<\/strong><\/p>\n<\/td>\n<\/tr>\n<tr>\n<td style=\"text-align: left;\" width=\"217\"><strong>\u0179r\u00f3d\u0142o lasera<\/strong><\/td>\n<td width=\"402\">\n<p style=\"text-align: center;\">DAVI<\/p>\n<\/td>\n<\/tr>\n<tr>\n<td width=\"217\">\n<p style=\"text-align: left;\"><strong>Moc lasera<\/strong><\/p>\n<\/td>\n<td style=\"text-align: center;\" width=\"402\">30W, 40W, 45W, 50W, 60W<\/td>\n<\/tr>\n<tr>\n<td style=\"text-align: left;\" width=\"217\"><strong>Zakres impuls\u00f3w<\/strong><\/td>\n<td width=\"402\">\n<p style=\"text-align: center;\">1 &#8211; 500 kHz<\/p>\n<\/td>\n<\/tr>\n<tr>\n<td width=\"217\">\n<p style=\"text-align: left;\"><strong>Pr\u0119dko\u015b\u0107 grawerowania<\/strong><\/p>\n<\/td>\n<td style=\"text-align: center;\" width=\"402\">0 &#8211; 7000 mm\/s<\/td>\n<\/tr>\n<tr>\n<td style=\"text-align: left;\" width=\"217\"><strong>Minimalna grubo\u015b\u0107 linii<\/strong><\/td>\n<td width=\"402\">\n<p style=\"text-align: center;\">&gt;0,01 mm<\/p>\n<\/td>\n<\/tr>\n<tr>\n<td width=\"217\">\n<p style=\"text-align: left;\"><strong>D\u0142ugo\u015b\u0107 fali lasera<\/strong><\/p>\n<\/td>\n<td style=\"text-align: center;\" width=\"402\">10,6um<\/td>\n<\/tr>\n<tr>\n<td style=\"text-align: left;\" width=\"217\"><strong>Pole robocze<\/strong><\/td>\n<td width=\"402\">\n<p style=\"text-align: center;\">100x100mm, 140x140mm, 150x150mm, 300x300mm<\/p>\n<\/td>\n<\/tr>\n<tr>\n<td width=\"217\">\n<p style=\"text-align: left;\"><strong>Ch\u0142odzenie<\/strong><\/p>\n<\/td>\n<td style=\"text-align: center;\" width=\"402\">Oru<\/td>\n<\/tr>\n<tr>\n<td style=\"text-align: left;\" width=\"217\"><strong>\u017bywotno\u015b\u0107 \u017ar\u00f3d\u0142a lasera<\/strong><\/td>\n<td width=\"402\">\n<p style=\"text-align: center;\">Do 20 000 godzin.<\/p>\n<\/td>\n<\/tr>\n<tr>\n<td width=\"217\">\n<p style=\"text-align: left;\"><strong>Napi\u0119cie zasilania<\/strong><\/p>\n<\/td>\n<td style=\"text-align: center;\" width=\"402\">230VAC, 50-60Hz<\/td>\n<\/tr>\n<tr>\n<td style=\"text-align: left;\" width=\"217\"><strong>Zu\u017cycie energii<\/strong><\/td>\n<td width=\"402\">\n<p style=\"text-align: center;\">&lt;= 500W<\/p>\n<\/td>\n<\/tr>\n<tr>\n<td width=\"217\">\n<p style=\"text-align: left;\"><strong>Poziom temperatury\/wilgotno\u015bci<\/strong><\/p>\n<\/td>\n<td style=\"text-align: center;\" width=\"402\">0~35\u00b0C \/ 10~95%<\/td>\n<\/tr>\n<tr>\n<td style=\"text-align: left;\" width=\"217\"><strong>Wymiary i waga obrabiarki<\/strong><\/td>\n<td width=\"402\">\n<p style=\"text-align: center;\">660x240x500mm, 35kg<\/p>\n<\/td>\n<\/tr>\n<tr>\n<td width=\"217\">\n<p style=\"text-align: left;\"><strong>Oprogramowanie<\/strong><\/p>\n<\/td>\n<td style=\"text-align: center;\" width=\"402\">EzCAD (zalecany LightBurn Pro, oddzielna p\u0142atna licencja)<\/td>\n<\/tr>\n<tr>\n<td style=\"text-align: left;\" width=\"217\"><strong>Obs\u0142ugiwane formaty<\/strong><\/td>\n<td width=\"402\">\n<p style=\"text-align: center;\">AI, PLT, DXF, BMP, DWG, DXP, PNG, JPG itp.<\/p>\n<\/td>\n<\/tr>\n<tr>\n<td width=\"217\">\n<p style=\"text-align: left;\"><strong>Odpowiednie materia\u0142y<\/strong><\/p>\n<\/td>\n<td style=\"text-align: center;\" width=\"402\">Drewno, sklejka, sk\u00f3ra, plastik, akryl, guma, szk\u0142o, kryszta\u0142y, ceramika, papier, karton, ABS, d\u017cinsy, odzie\u017c, polimery itp.<\/td>\n<\/tr>\n<tr>\n<td style=\"text-align: left;\" width=\"217\"><strong>Obrotowy<\/strong><\/td>\n<td width=\"402\">\n<p style=\"text-align: center;\">Dodatkowa opcja (na pier\u015bcionki, d\u0142ugopisy, Chuck itp.)<\/p>\n<\/td>\n<\/tr>\n<\/tbody>\n<\/table>\n<\/div>\n","protected":false},"excerpt":{"rendered":"<p><strong>Grawerka laserowa CO2 Galvo<\/strong> to specjalistyczne narz\u0119dzie przeznaczone do ultraszybkiego znakowania materia\u0142\u00f3w organicznych. Wykorzystuj\u0105c innowacyjn\u0105 g\u0142owic\u0119 Galvo z ruchomymi lustrami zamiast standardowej osi XY, maszyna ta osi\u0105ga pr\u0119dko\u015bci do <strong>10 razy wi\u0119ksze ni\u017c<\/strong> plotery. Idealne rozwi\u0105zanie do produkcji wielkoseryjnej, w kt\u00f3rej konieczne jest b\u0142yskawiczne znakowanie drewna, sk\u00f3ry, papieru, szk\u0142a lub plastiku numerami seryjnymi, logo lub kodami kreskowymi.  <\/p>\n","protected":false},"featured_media":6746,"template":"","meta":{"_acf_changed":false},"product_brand":[],"product_cat":[310],"product_tag":[],"class_list":{"0":"post-6745","1":"product","2":"type-product","3":"status-publish","4":"has-post-thumbnail","6":"product_cat-plotery-laserowe","7":"","8":"woocommerce-text-align-center","9":"woocommerce-image-align-center","10":"wc-has-gallery","12":"first","13":"instock","14":"shipping-taxable","15":"purchasable","16":"product-type-simple"},"acf":[],"_links":{"self":[{"href":"https:\/\/eltechnika.eu\/pl\/wp-json\/wp\/v2\/product\/6745","targetHints":{"allow":["GET"]}}],"collection":[{"href":"https:\/\/eltechnika.eu\/pl\/wp-json\/wp\/v2\/product"}],"about":[{"href":"https:\/\/eltechnika.eu\/pl\/wp-json\/wp\/v2\/types\/product"}],"wp:featuredmedia":[{"embeddable":true,"href":"https:\/\/eltechnika.eu\/pl\/wp-json\/wp\/v2\/media\/6746"}],"wp:attachment":[{"href":"https:\/\/eltechnika.eu\/pl\/wp-json\/wp\/v2\/media?parent=6745"}],"wp:term":[{"taxonomy":"product_brand","embeddable":true,"href":"https:\/\/eltechnika.eu\/pl\/wp-json\/wp\/v2\/product_brand?post=6745"},{"taxonomy":"product_cat","embeddable":true,"href":"https:\/\/eltechnika.eu\/pl\/wp-json\/wp\/v2\/product_cat?post=6745"},{"taxonomy":"product_tag","embeddable":true,"href":"https:\/\/eltechnika.eu\/pl\/wp-json\/wp\/v2\/product_tag?post=6745"}],"curies":[{"name":"wp","href":"https:\/\/api.w.org\/{rel}","templated":true}]}}