{"id":6694,"date":"2025-12-15T10:00:47","date_gmt":"2025-12-15T07:00:47","guid":{"rendered":"https:\/\/eltechnika.eu\/produktas\/aeon-super-nova-z-redline-10-14-16\/"},"modified":"2025-08-21T15:41:02","modified_gmt":"2025-08-21T12:41:02","slug":"aeon-super-nova-z-redline-10-14-16","status":"publish","type":"product","link":"https:\/\/eltechnika.eu\/pl\/produkt\/aeon-super-nova-z-redline-10-14-16\/","title":{"rendered":"Aeon Super Nova S Redline 10\/14\/16"},"content":{"rendered":"<h2>AEON <strong>Super NOVA <span style=\"color: #ff0000;\">S<\/span> <span style=\"color: #ff0000;\">REDLINE<\/span><\/strong>: Hybrydowa moc bez analog\u00f3w<\/h2>\n<p>AEON <strong>Super NOVA <span style=\"color: #ff0000;\">S<\/span> <span style=\"color: #ff0000;\">REDLINE<\/span><\/strong> to najbardziej zaawansowany projekt in\u017cynier\u00f3w AEON dla bran\u017c, w kt\u00f3rych wydajno\u015b\u0107 i elastyczno\u015b\u0107 maj\u0105 kluczowe znaczenie. Model ten wykorzystuje najlepsze cechy serii Super NOVA i przenosi je na nowy poziom, integruj\u0105c rewolucyjny system hybrydowy z g\u0142owic\u0105 skanuj\u0105c\u0105 CO2 Galvo. <strong>Super NOVA <span style=\"color: #ff0000;\">S<\/span> <span style=\"color: #ff0000;\">REDLINE<\/span><\/strong> zosta\u0142a zaprojektowana do wykonywania najbardziej wymagaj\u0105cych po\u0142\u0105czonych zada\u0144 &#8211; ci\u0119cia, grawerowania i ultraszybkiego znakowania &#8211; w jednym procesie, oszcz\u0119dzaj\u0105c ogromn\u0105 ilo\u015b\u0107 czasu i otwieraj\u0105c zupe\u0142nie nowe mo\u017cliwo\u015bci produkcyjne. <\/p>\n<h2>Rewolucyjna technologia hybrydowa: dwie g\u0142owice na jednej osi<\/h2>\n<p><strong>Super NOVA <span style=\"color: #ff0000;\">S<\/span> <span style=\"color: #ff0000;\">REDLINE<\/span><\/strong> to unikalny system, w kt\u00f3rym dwie zupe\u0142nie r\u00f3\u017cne g\u0142owice laserowe s\u0105 zamontowane na tej samej ruchomej osi. Oprogramowanie automatycznie prze\u0142\u0105cza si\u0119 mi\u0119dzy nimi w zale\u017cno\u015bci od wykonywanej operacji. <\/p>\n<h3>1. Standardowa g\u0142owica tn\u0105ca i graweruj\u0105ca<\/h3>\n<p>G\u0142owica ta, pod\u0142\u0105czona do pot\u0119\u017cnej szklanej tuby lasera CO2 (100-150W), odpowiada za zadania ci\u0119cia i g\u0142\u0119bokiego grawerowania. Zapewnia precyzyjne i wydajne ci\u0119cie grubych materia\u0142\u00f3w, takich jak drewno, akryl czy fornir, podobnie jak standardowe maszyny z serii NOVA. <\/p>\n<h3>2. g\u0142owica skanuj\u0105ca CO2 Galvo<\/h3>\n<p>To jest prawdziwa &#8222;supermoc&#8221; <strong>Super NOVA <span style=\"color: #ff0000;\">S<\/span> <span style=\"color: #ff0000;\">REDLINE<\/span><\/strong>. G\u0142owica ta, w po\u0142\u0105czeniu z wytrzyma\u0142\u0105 metalow\u0105 tub\u0105 lasera RF, nie wykorzystuje ruchomej osi, ale ultraszybkie lustra do kierowania wi\u0105zk\u0105 lasera. Umo\u017cliwia to absolutnie niewiarygodne pr\u0119dko\u015bci znakowania i grawerowania, kt\u00f3re s\u0105 <strong>30-50 razy szybsze<\/strong> ni\u017c w przypadku standardowych system\u00f3w z osi\u0105 XY. Jest to idealne rozwi\u0105zanie do znakowania numer\u00f3w seryjnych, kod\u00f3w kreskowych, logo lub innych precyzyjnych grafik.   <\/p>\n<h2>Produkcja w jednym procesie: ci\u0119cie i znakowanie w ci\u0105gu jednego roku<\/h2>\n<p>Wyobra\u017a sobie ten proces: standardowa g\u0142owica wycina kontur produktu, a g\u0142owica Galvo natychmiast odwzorowuje go za pomoc\u0105 niezb\u0119dnych informacji. Wszystko to odbywa si\u0119 w ramach jednego zadania, bez konieczno\u015bci przenoszenia produktu na inn\u0105 maszyn\u0119. To nie tylko znacznie zwi\u0119ksza produktywno\u015b\u0107, ale tak\u017ce zapewnia absolutn\u0105 precyzj\u0119, unikaj\u0105c b\u0142\u0119d\u00f3w pozycjonowania.  <\/p>\n<h2>Pakiet najwy\u017cszej klasy<\/h2>\n<p>Jak przysta\u0142o na okr\u0119t flagowy,  <strong>Super NOVA <span style=\"color: #ff0000;\">S<\/span> <span style=\"color: #ff0000;\">REDLINE<\/span><\/strong>  posiada wszystkie mo\u017cliwe korzy\u015bci w standardzie:<\/p>\n<ul>\n<li><strong>Wbudowana kamera:<\/strong> do wizualnego pozycjonowania i rozpoznawania druku<em>(Print &amp; Cut<\/em>).<\/li>\n<li><strong>Serwomotory AC:<\/strong> zapewniaj\u0105 maksymaln\u0105 pr\u0119dko\u015b\u0107, przyspieszenie i precyzj\u0119.<\/li>\n<li><strong>&#8222;Clean Pack Technology&#8221;:<\/strong> zapewnia ochron\u0119 i trwa\u0142o\u015b\u0107 mechaniki.<\/li>\n<li><strong>Kompletna konstrukcja All-in-One:<\/strong> ze zintegrowanym ch\u0142odzeniem, odci\u0119ciem dop\u0142ywu dymu i powietrza.<\/li>\n<li><strong>Zmotoryzowany stolik i autofokus:<\/strong> dla wygodnej i szybkiej pracy.<\/li>\n<\/ul>\n<h2>Wybierz swoj\u0105 platform\u0119 produkcyjn\u0105 <strong>Super NOVA <span style=\"color: #ff0000;\">S<\/span> <span style=\"color: #ff0000;\">REDLINE<\/span><\/strong> <\/h2>\n<p>Seria <strong>Super NOVA <span style=\"color: #ff0000;\">S<\/span> <span style=\"color: #ff0000;\">REDLINE<\/span><\/strong> oferuje trzy rozmiary, aby dostosowa\u0107 t\u0119 najnowocze\u015bniejsz\u0105 technologi\u0119 do potrzeb produkcyjnych:<\/p>\n<ul>\n<li><strong>Super NOVA <span style=\"color: #ff0000;\">S<\/span> <span style=\"color: #ff0000;\">REDLINE<\/span>10:<\/strong> obszar roboczy <strong>1000 x 700 mm<\/strong>.<\/li>\n<li><strong>Super NOVA <span style=\"color: #ff0000;\">S<\/span> <span style=\"color: #ff0000;\">REDLINE<\/span>14:<\/strong> obszar roboczy <strong>1400 x 900 mm<\/strong>.<\/li>\n<li><strong>Super NOVA <span style=\"color: #ff0000;\">S<\/span> <span style=\"color: #ff0000;\">REDLINE<\/span>16:<\/strong> obszar roboczy <strong>1600 x 1000 mm<\/strong>.<\/li>\n<\/ul>\n<div class=\"product-descr-table\">\n<table width=\"944\">\n<tbody>\n<tr>\n<td colspan=\"4\" width=\"944\"><strong>SPECYFIKACJA<\/strong><\/td>\n<\/tr>\n<tr>\n<td width=\"215\"><strong>MODEL<\/strong><\/td>\n<td style=\"text-align: center;\" width=\"243\"><strong>NOVA10 SUPER <span style=\"color: #ff0000;\">Redline<\/span><\/strong><\/td>\n<td style=\"text-align: center;\" width=\"243\"><strong>NOVA14 SUPER <span style=\"color: #ff0000;\">Redline<\/span><\/strong><\/td>\n<td style=\"text-align: center;\" width=\"243\"><strong>NOVA16 SUPER <span style=\"color: #ff0000;\">Redline<\/span><\/strong><\/td>\n<\/tr>\n<tr>\n<td width=\"215\"><strong>Obszar roboczy<\/strong><\/td>\n<td style=\"text-align: center;\" width=\"243\">700&#215;1000 mm<\/td>\n<td style=\"text-align: center;\" width=\"243\">900&#215;1400 mm<\/td>\n<td style=\"text-align: center;\" width=\"243\">1000&#215;1600 mm<\/td>\n<\/tr>\n<tr>\n<td width=\"215\"><strong>Maksymalna wysoko\u015b\u0107 zmotoryzowanej osi Z<\/strong><\/td>\n<td style=\"text-align: center;\" width=\"243\">200 mm<\/td>\n<td style=\"text-align: center;\" width=\"243\">200 mm<\/td>\n<td style=\"text-align: center;\" width=\"243\">200 mm<\/td>\n<\/tr>\n<tr>\n<td width=\"215\"><strong>Maksymalny ud\u017awig<\/strong><\/td>\n<td style=\"text-align: center;\" width=\"243\">120 kg<\/td>\n<td style=\"text-align: center;\" width=\"243\">120 kg<\/td>\n<td style=\"text-align: center;\" width=\"243\">120 kg<\/td>\n<\/tr>\n<tr>\n<td rowspan=\"2\" width=\"215\"><strong>Typ\/moc lasera<\/strong><\/td>\n<td style=\"text-align: center;\" width=\"243\">DC Glass 90\/100W<\/td>\n<td style=\"text-align: center;\" width=\"243\">DC Glass 90\/100\/130W<\/td>\n<td style=\"text-align: center;\" width=\"243\">DC Glass 90\/100\/130\/150W<\/td>\n<\/tr>\n<tr>\n<td style=\"text-align: center;\" width=\"243\">RF Metal 30\/60W<\/td>\n<td style=\"text-align: center;\" width=\"243\">RF Metal 30\/60W<\/td>\n<td style=\"text-align: center;\" width=\"243\">RF Metal 30\/60W<\/td>\n<\/tr>\n<tr>\n<td width=\"215\"><strong>Maksymalna pr\u0119dko\u015b\u0107 grawerowania<\/strong><\/td>\n<td style=\"text-align: center;\" width=\"243\">DC 1200 mm\/s, RF 4000 mm\/s<\/td>\n<td style=\"text-align: center;\" colspan=\"2\" width=\"486\">DC 1200 mm\/s, RF 4200 mm\/s<\/td>\n<\/tr>\n<tr>\n<td rowspan=\"2\" width=\"215\"><strong>Przyspieszenie<\/strong><\/td>\n<td style=\"text-align: center;\" colspan=\"3\">5G (DC)<\/td>\n<\/tr>\n<tr>\n<td style=\"text-align: center;\" colspan=\"3\">8G (RF)<\/td>\n<\/tr>\n<tr>\n<td rowspan=\"2\" width=\"215\"><strong>Typ silnika<\/strong><\/td>\n<td style=\"text-align: center;\" colspan=\"3\">DC Stepper (DC)<\/td>\n<\/tr>\n<tr>\n<td style=\"text-align: center;\" colspan=\"3\">Serwo AC (RF)<\/td>\n<\/tr>\n<tr>\n<td width=\"215\"><strong>Maksymalna rozdzielczo\u015b\u0107 \u017ar\u00f3d\u0142a DC<\/strong><\/td>\n<td style=\"text-align: center;\" colspan=\"3\" width=\"729\">1000 DPI<\/td>\n<\/tr>\n<tr>\n<td width=\"215\"><strong>Maksymalna rozdzielczo\u015b\u0107 \u017ar\u00f3d\u0142a RF<\/strong><\/td>\n<td style=\"text-align: center;\" colspan=\"3\" width=\"729\">4000 DPI<\/td>\n<\/tr>\n<tr>\n<td width=\"215\"><strong>Minimalny rozmiar grawerowanej litery<\/strong><\/td>\n<td style=\"text-align: center;\" colspan=\"3\" width=\"729\">1 x 1 mm (RF)<\/td>\n<\/tr>\n<tr>\n<td width=\"215\"><strong>Dok\u0142adno\u015b\u0107 pozycjonowania<\/strong><\/td>\n<td style=\"text-align: center;\" colspan=\"3\" width=\"729\">&lt; 0,01 mm<\/td>\n<\/tr>\n<tr>\n<td width=\"215\"><strong>Grubo\u015b\u0107 ci\u0119cia<\/strong><\/td>\n<td style=\"text-align: center;\" colspan=\"3\" width=\"729\">&lt; 15 mm (w zale\u017cno\u015bci od materia\u0142u i mocy \u017ar\u00f3d\u0142a)<\/td>\n<\/tr>\n<tr>\n<td width=\"215\"><strong>St\u00f3\u0142 warsztatowy<\/strong><\/td>\n<td style=\"text-align: center;\" colspan=\"3\" width=\"729\">Kom\u00f3rkowa + specjalna powierzchnia robocza do ci\u0119cia<\/td>\n<\/tr>\n<tr>\n<td width=\"215\"><strong>Ch\u0142odzenie<\/strong><\/td>\n<td style=\"text-align: center;\" width=\"243\">DC: Ch\u0142odnica wodna CW5000<\/td>\n<td style=\"text-align: center;\" colspan=\"2\" width=\"486\">DC: Ch\u0142odnica wodna CW5200<\/td>\n<\/tr>\n<tr>\n<td width=\"215\"><\/td>\n<td style=\"text-align: center;\" colspan=\"3\" width=\"729\">RF: Ch\u0142odzenie powietrzem<\/td>\n<\/tr>\n<tr>\n<td width=\"215\"><strong>Wentylator oddymiaj\u0105cy<\/strong><\/td>\n<td style=\"text-align: center;\" colspan=\"3\" width=\"729\">500W<\/td>\n<\/tr>\n<tr>\n<td width=\"215\"><strong>Zintegrowana pompa powietrza<\/strong><\/td>\n<td style=\"text-align: center;\" width=\"243\">750W z 24L pojemno\u015bci powietrza<\/td>\n<td style=\"text-align: center;\" colspan=\"2\" width=\"486\">750W z 40L pojemno\u015bci powietrza<\/td>\n<\/tr>\n<tr>\n<td width=\"215\"><strong>Autofokus<\/strong><\/td>\n<td style=\"text-align: center;\" colspan=\"3\" width=\"729\">Wbudowany<\/td>\n<\/tr>\n<tr>\n<td width=\"215\"><strong>Kamera<\/strong><\/td>\n<td style=\"text-align: center;\" colspan=\"3\">100\u00b0 8 megapikseli<\/td>\n<\/tr>\n<tr>\n<td width=\"215\"><strong>Klasyfikacja bezpiecze\u0144stwa laser\u00f3w<\/strong><\/td>\n<td style=\"text-align: center;\" colspan=\"3\">Produkt laserowy klasy 1<\/td>\n<\/tr>\n<tr>\n<td width=\"215\"><strong>Oprogramowanie<\/strong><\/td>\n<td style=\"text-align: center;\" colspan=\"3\" width=\"729\">RDWorks (zalecane Lightburn, oddzielna p\u0142atna licencja)<\/td>\n<\/tr>\n<tr>\n<td width=\"215\"><strong>Obs\u0142ugiwane formaty<\/strong><\/td>\n<td style=\"text-align: center;\" colspan=\"3\" width=\"729\">DSP\/PLT\/BMP\/DXF\/AI\/DWG\/SVG<\/td>\n<\/tr>\n<tr>\n<td><strong>Wymiary maszyny<\/strong><\/td>\n<td style=\"text-align: center;\">1500*1210*1125 mm<\/td>\n<td style=\"text-align: center;\">1900*1410*1125 mm<\/td>\n<td style=\"text-align: center;\">2100*1510*1125 mm<\/td>\n<\/tr>\n<tr>\n<td><strong>Masa brutto<\/strong><\/td>\n<td style=\"text-align: center;\">532 kg<\/td>\n<td style=\"text-align: center;\">683 kg<\/td>\n<td style=\"text-align: center;\">730 kg<\/td>\n<\/tr>\n<tr>\n<td><strong>Masa netto<\/strong><\/td>\n<td style=\"text-align: center;\">415 kg<\/td>\n<td style=\"text-align: center;\">560 kg<\/td>\n<td style=\"text-align: center;\">566 kg<\/td>\n<\/tr>\n<tr>\n<td width=\"215\"><strong>Napi\u0119cie zasilania<\/strong><\/td>\n<td style=\"text-align: center;\" colspan=\"3\" width=\"729\">220V AC 50Hz<\/td>\n<\/tr>\n<tr>\n<td width=\"215\"><strong>Moc ca\u0142kowita<\/strong><\/td>\n<td style=\"text-align: center;\" colspan=\"3\" width=\"729\">3300W<\/td>\n<\/tr>\n<tr>\n<td width=\"215\"><strong>Obrotowy<\/strong><\/td>\n<td style=\"text-align: center;\" colspan=\"3\" width=\"729\">Opcjonalnie (uchwyt\/rolka)<\/td>\n<\/tr>\n<\/tbody>\n<\/table>\n<\/div>\n","protected":false},"excerpt":{"rendered":"<p>AEON <strong>Super NOVA <span style=\"color: #ff0000;\">S<\/span> <span style=\"color: #ff0000;\">REDLINE<\/span><\/strong> to absolutny szczyt technologii laserowej, zaprojektowany z my\u015bl\u0105 o bezkompromisowej produkcji. Unikalny <strong>system hybrydowy z dwiema g\u0142owicami (standardow\u0105 i CO2 Galvo)<\/strong> umo\u017cliwia ci\u0119cie i ultraszybkie znakowanie w jednym zadaniu. Zintegrowana kamera pozycjonuj\u0105ca, serwomotory AC i technologia Clean Pack sprawiaj\u0105, \u017ce REDLINE jest najpot\u0119\u017cniejszym i najbardziej wszechstronnym centrum laserowym CO2 na rynku.  <\/p>\n","protected":false},"featured_media":6695,"template":"","meta":{"_acf_changed":false},"product_brand":[],"product_cat":[311,310],"product_tag":[],"class_list":{"0":"post-6694","1":"product","2":"type-product","3":"status-publish","4":"has-post-thumbnail","6":"product_cat-maszyna-do-ciecia-grawerowania-laserowego-aeon-co2","7":"product_cat-plotery-laserowe","8":"","9":"woocommerce-text-align-center","10":"woocommerce-image-align-center","11":"wc-has-gallery","13":"first","14":"instock","15":"shipping-taxable","16":"purchasable","17":"product-type-simple"},"acf":[],"_links":{"self":[{"href":"https:\/\/eltechnika.eu\/pl\/wp-json\/wp\/v2\/product\/6694","targetHints":{"allow":["GET"]}}],"collection":[{"href":"https:\/\/eltechnika.eu\/pl\/wp-json\/wp\/v2\/product"}],"about":[{"href":"https:\/\/eltechnika.eu\/pl\/wp-json\/wp\/v2\/types\/product"}],"wp:featuredmedia":[{"embeddable":true,"href":"https:\/\/eltechnika.eu\/pl\/wp-json\/wp\/v2\/media\/6695"}],"wp:attachment":[{"href":"https:\/\/eltechnika.eu\/pl\/wp-json\/wp\/v2\/media?parent=6694"}],"wp:term":[{"taxonomy":"product_brand","embeddable":true,"href":"https:\/\/eltechnika.eu\/pl\/wp-json\/wp\/v2\/product_brand?post=6694"},{"taxonomy":"product_cat","embeddable":true,"href":"https:\/\/eltechnika.eu\/pl\/wp-json\/wp\/v2\/product_cat?post=6694"},{"taxonomy":"product_tag","embeddable":true,"href":"https:\/\/eltechnika.eu\/pl\/wp-json\/wp\/v2\/product_tag?post=6694"}],"curies":[{"name":"wp","href":"https:\/\/api.w.org\/{rel}","templated":true}]}}