{"id":6611,"date":"2025-03-07T14:45:11","date_gmt":"2025-03-07T11:45:11","guid":{"rendered":"https:\/\/eltechnika.eu\/produktas\/maszyna-do-skladania-listow-tps-s1810\/"},"modified":"2025-08-21T15:41:22","modified_gmt":"2025-08-21T12:41:22","slug":"maszyna-do-skladania-listow-tps-s1810","status":"publish","type":"product","link":"https:\/\/eltechnika.eu\/pl\/produkt\/maszyna-do-skladania-listow-tps-s1810\/","title":{"rendered":"Maszyna do sk\u0142adania list\u00f3w TPS S1810"},"content":{"rendered":"<h2>TPS-S1810: Zautomatyzowana produkcja list\u00f3w wolumetrycznych<\/h2>\n<p>Litery wolumetryczne s\u0105 jednym z najpopularniejszych i najskuteczniejszych sposob\u00f3w reklamy zewn\u0119trznej. Jednak ich produkcja, a zw\u0142aszcza formowanie \u015bcian bocznych (kraw\u0119\u017cnik\u00f3w), tradycyjnie by\u0142a procesem czasoch\u0142onnym, wymagaj\u0105cym du\u017cej staranno\u015bci i r\u0119cznej pracy wykwalifikowanych specjalist\u00f3w. Sk\u0142adarka TPS-S1810 zosta\u0142a zaprojektowana w celu rozwi\u0105zania dok\u0142adnie tego problemu &#8211; w pe\u0142ni automatyzuje proces sk\u0142adania, przekszta\u0142caj\u0105c go w szybki, bardzo dok\u0142adny i w 100% powtarzalny proces.  <\/p>\n<h2>Kluczowe korzy\u015bci dla firmy<\/h2>\n<p>Inwestycja w automatyczny sprz\u0119t do sk\u0142adania zwraca si\u0119 w postaci znacznie zwi\u0119kszonej wydajno\u015bci, obni\u017conych koszt\u00f3w produkcji i wy\u017cszej jako\u015bci produktu ko\u0144cowego.<\/p>\n<h3>Szybko\u015b\u0107 i wydajno\u015b\u0107<\/h3>\n<p>To, co wykwalifikowanemu pracownikowi zajmuje godziny, urz\u0105dzenie TPS-S1810 wykonuje w kilka minut. Proces produkcji ulega przyspieszeniu, co pozwala na uko\u0144czenie wi\u0119kszej liczby projekt\u00f3w w kr\u00f3tszym czasie i bardziej efektywne planowanie pracy. <\/p>\n<h3>Nieskazitelna precyzja<\/h3>\n<p>Sterowanie komputerowe zapewnia, \u017ce ka\u017cde nachylenie i k\u0105t s\u0105 wykonywane z mikronow\u0105 dok\u0142adno\u015bci\u0105 zgodnie z dostarczonym plikiem wektorowym. Gwarantuje to, \u017ce wyprodukowany kraw\u0119\u017cnik b\u0119dzie idealnie pasowa\u0142 do przedniej i tylnej cz\u0119\u015bci litery, bez przerw i rozbie\u017cno\u015bci. Ka\u017cda wyprodukowana litera b\u0119dzie identyczna z nast\u0119pn\u0105.  <\/p>\n<h3>Wszechstronno\u015b\u0107 i elastyczno\u015b\u0107<\/h3>\n<p>Model TPS-S1810 zosta\u0142 zaprojektowany do pracy z najpopularniejszymi materia\u0142ami wykorzystywanymi w produkcji liter wymiarowych. Maszyna wydajnie sk\u0142ada: <\/p>\n<ul>\n<li>Ta\u015bmy aluminiowe o r\u00f3\u017cnych szeroko\u015bciach i grubo\u015bciach.<\/li>\n<li>Ta\u015bmy ze stali nierdzewnej.<\/li>\n<li>Profile z blachy ocynkowanej.<\/li>\n<\/ul>\n<h2>Prosty i wydajny proces pracy<\/h2>\n<p>Urz\u0105dzenie jest bardzo \u0142atwe w obs\u0142udze i nie wymaga specjalnych umiej\u0119tno\u015bci. Proces sk\u0142ada si\u0119 z zaledwie kilku krok\u00f3w: <\/p>\n<ol>\n<li><strong>Przygotowanie projektu:<\/strong> utw\u00f3rz zarys \u017c\u0105danej litery lub symbolu w programie wektorowym (np. CorelDraw, Adobe Illustrator) i zapisz w formacie DXF.<\/li>\n<li><strong>Przes\u0142anie pliku:<\/strong> przes\u0142anie pliku DXF do oprogramowania steruj\u0105cego maszyny.<\/li>\n<li><strong>Rozpocz\u0119cie procesu:<\/strong> wybierz rodzaj i grubo\u015b\u0107 materia\u0142u. Maszyna automatycznie poda ta\u015bm\u0119, wykona niezb\u0119dne ci\u0119cia naro\u017cnik\u00f3w i z\u0142o\u017cy kraw\u0119\u017cnik listowy zgodnie z okre\u015blonym konturem. <\/li>\n<\/ol>\n<p>Rezultatem jest precyzyjnie wykonany element, kt\u00f3ry wystarczy po\u0142\u0105czy\u0107 z innymi cz\u0119\u015bciami litery. Zainwestuj w wydajno\u015b\u0107 i przenie\u015b produkcj\u0119 reklam na wy\u017cszy poziom dzi\u0119ki drukarce TPS-S1810. <\/p>\n","protected":false},"excerpt":{"rendered":"<p>Profesjonalna obj\u0119to\u015bciowa sk\u0142adarka list\u00f3w TPS-S1810 jest niezb\u0119dnym narz\u0119dziem dla nowoczesnej firmy zajmuj\u0105cej si\u0119 produkcj\u0105 reklamow\u0105. W pe\u0142ni automatyzuje skomplikowany i czasoch\u0142onny proces sk\u0142adania listownik\u00f3w. Maszyna ta precyzyjnie sk\u0142ada r\u00f3\u017cnego rodzaju <strong>listwy aluminiowe i ze stali<\/strong> nierdzewnej, automatycznie wykonuj\u0105c naci\u0119cia na ostre naro\u017cniki. Zwi\u0119ksz wydajno\u015b\u0107 produkcji, zapewnij doskona\u0142\u0105 powtarzalno\u015b\u0107 i uwolnij swoich pracownik\u00f3w od monotonnej pracy r\u0119cznej.   <\/p>\n","protected":false},"featured_media":6612,"template":"","meta":{"_acf_changed":false},"product_brand":[],"product_cat":[346],"product_tag":[],"class_list":{"0":"post-6611","1":"product","2":"type-product","3":"status-publish","4":"has-post-thumbnail","6":"product_cat-sprzet-do-produkcji-napisow-wolumetrycznych","7":"","8":"woocommerce-text-align-center","9":"woocommerce-image-align-center","10":"wc-has-gallery","12":"first","13":"instock","14":"shipping-taxable","15":"purchasable","16":"product-type-simple"},"acf":[],"_links":{"self":[{"href":"https:\/\/eltechnika.eu\/pl\/wp-json\/wp\/v2\/product\/6611","targetHints":{"allow":["GET"]}}],"collection":[{"href":"https:\/\/eltechnika.eu\/pl\/wp-json\/wp\/v2\/product"}],"about":[{"href":"https:\/\/eltechnika.eu\/pl\/wp-json\/wp\/v2\/types\/product"}],"wp:featuredmedia":[{"embeddable":true,"href":"https:\/\/eltechnika.eu\/pl\/wp-json\/wp\/v2\/media\/6612"}],"wp:attachment":[{"href":"https:\/\/eltechnika.eu\/pl\/wp-json\/wp\/v2\/media?parent=6611"}],"wp:term":[{"taxonomy":"product_brand","embeddable":true,"href":"https:\/\/eltechnika.eu\/pl\/wp-json\/wp\/v2\/product_brand?post=6611"},{"taxonomy":"product_cat","embeddable":true,"href":"https:\/\/eltechnika.eu\/pl\/wp-json\/wp\/v2\/product_cat?post=6611"},{"taxonomy":"product_tag","embeddable":true,"href":"https:\/\/eltechnika.eu\/pl\/wp-json\/wp\/v2\/product_tag?post=6611"}],"curies":[{"name":"wp","href":"https:\/\/api.w.org\/{rel}","templated":true}]}}