{"id":6606,"date":"2025-04-02T14:01:44","date_gmt":"2025-04-02T11:01:44","guid":{"rendered":"https:\/\/eltechnika.eu\/produktas\/drukarka-uv-sprinter-dpp-a1ultra\/"},"modified":"2025-08-21T15:41:30","modified_gmt":"2025-08-21T12:41:30","slug":"drukarka-uv-sprinter-dpp-a1ultra","status":"publish","type":"product","link":"https:\/\/eltechnika.eu\/pl\/produkt\/drukarka-uv-sprinter-dpp-a1ultra\/","title":{"rendered":"Drukarka UV Sprinter DPP-A1ULTRA"},"content":{"rendered":"<p>Poznaj nasz najnowszy dodatek &#8211; drukark\u0119 UV <strong>SPRINTER DPP-A1Ultra<\/strong>. Niezwykle wytrzyma\u0142a i wysokiej jako\u015bci drukarka z ruchomym sto\u0142em o wymiarach 600 x 900 mm drukuje obraz o jako\u015bci fotograficznej na wybranym materiale.  Drukarka drukuje na szerokiej gamie powierzchni materia\u0142owych za pomoc\u0105 \u015bwiat\u0142a <strong>UV<\/strong> &#8211; dzi\u0119ki czemu nie trzeba d\u0142ugo czeka\u0107 na wyschni\u0119cie atramentu &#8211; dzieje si\u0119 to natychmiast. Drukarka posiada kilka rodzaj\u00f3w atrament\u00f3w &#8211; kolory <strong>CMYK<\/strong>, bia\u0142y atrament<strong>(W<\/strong>) oraz lakier<strong>(V<\/strong>). Urz\u0105dzenie wyposa\u017cone jest w funkcj\u0119 samooczyszczania, co bardzo u\u0142atwia konserwacj\u0119 tej drukarki, co jest bardzo wa\u017cne w przypadku tego urz\u0105dzenia.  <\/p>\n<p>Drukarka <strong>UV<\/strong> to zaawansowane urz\u0105dzenie drukuj\u0105ce przeznaczone dla profesjonalnych u\u017cytkownik\u00f3w biznesowych posiadaj\u0105cych wiedz\u0119 i do\u015bwiadczenie w zakresie druku. Je\u015bli jest to Twoje pierwsze urz\u0105dzenie <strong>UV<\/strong> lub je\u015bli nie masz do\u015bwiadczenia w korzystaniu z drukarki <strong>UV<\/strong> i chcesz podnie\u015b\u0107 swoje kwalifikacje, zdecydowanie zalecamy skorzystanie ze specjalnych dodatkowych kurs\u00f3w i szkole\u0144. <\/p>\n<p>Druk cyfrowy <strong>UV SPRINTER<\/strong> jest szeroko stosowany w wielu bran\u017cach, w tym w reklamie i oznakowaniu, pakowaniu, dekoracji, dekoracji wn\u0119trz, malowaniu i innych. Mo\u017cna u\u017cywa\u0107 na:<\/p>\n<p>Wszelkiego rodzaju urz\u0105dzenia &#8211; zapalniczki, karty chipowe, telefony, etui, pokrowce, podk\u0142adki pod mysz, stojaki, kartony, pleksi, winyle, guma, metal, aluminium, tworzywa sztuczne, papier, drewno, sklejka, dywany, blaty, ekrany, ceramika, szk\u0142o, p\u0142ytki, tekstylia, odzie\u017c, koszule, T-shirty itp.<\/p>\n<div class=\"product-descr-table\">\n<table width=\"491\">\n<tbody>\n<tr>\n<td colspan=\"2\" width=\"491\"><strong>SPECYFIKACJA<\/strong><\/td>\n<\/tr>\n<tr>\n<td width=\"260\"><strong>Marka<\/strong><\/td>\n<td style=\"text-align: center;\" width=\"231\">SPRINTER<\/td>\n<\/tr>\n<tr>\n<td width=\"260\"><strong>Model<\/strong><\/td>\n<td style=\"text-align: center;\" width=\"231\">DPP-A1Ultra<\/td>\n<\/tr>\n<tr>\n<td width=\"260\"><strong>Typ tuszu<\/strong><\/td>\n<td style=\"text-align: center;\" width=\"231\">UV<\/td>\n<\/tr>\n<tr>\n<td width=\"260\"><strong>Kolor tuszu<\/strong><\/td>\n<td style=\"text-align: center;\" width=\"231\">CMYK + Bia\u0142y + Lakier<\/td>\n<\/tr>\n<tr>\n<td width=\"260\"><strong>Pojemno\u015b\u0107 atramentu<\/strong><\/td>\n<td style=\"text-align: center;\" width=\"231\">500 ml na kolor<\/td>\n<\/tr>\n<tr>\n<td width=\"260\"><strong>Typ g\u0142owicy<\/strong><\/td>\n<td style=\"text-align: center;\" width=\"231\">EPSON<\/td>\n<\/tr>\n<tr>\n<td width=\"260\"><strong>Model g\u0142owicy<\/strong><\/td>\n<td style=\"text-align: center;\" width=\"231\">EPS I1600\/I3200<\/td>\n<\/tr>\n<tr>\n<td width=\"260\"><strong>Rozdzielczo\u015b\u0107 druku (dpi)<\/strong><\/td>\n<td style=\"text-align: center;\" width=\"231\">720*1800<\/td>\n<\/tr>\n<tr>\n<td width=\"260\"><\/td>\n<td style=\"text-align: center;\" width=\"231\">720*1200<\/td>\n<\/tr>\n<tr>\n<td width=\"260\"><\/td>\n<td style=\"text-align: center;\" width=\"231\">360*1800<\/td>\n<\/tr>\n<tr>\n<td width=\"260\"><strong>Maks. Obszar roboczy <\/strong><\/td>\n<td style=\"text-align: center;\" width=\"231\">600 x 900 mm<\/td>\n<\/tr>\n<tr>\n<td width=\"260\"><strong>Maks. powierzchnia obrabianego przedmiotu <\/strong><\/td>\n<td style=\"text-align: center;\" width=\"231\">650 x 950 mm<\/td>\n<\/tr>\n<tr>\n<td width=\"260\"><strong>Maks. Wysoko\u015b\u0107 obrabianego przedmiotu <\/strong><\/td>\n<td style=\"text-align: center;\" width=\"231\">200 mm<\/td>\n<\/tr>\n<tr>\n<td width=\"260\"><strong>Pr\u0119dko\u015b\u0107 druku<\/strong><\/td>\n<td style=\"text-align: center;\" width=\"231\">Fast | 4Pass &#8211; 7 m\u00b2\/godz.<\/td>\n<\/tr>\n<tr>\n<td><\/td>\n<td style=\"text-align: center;\" width=\"231\">Standard | 6Pass &#8211; 5 m\u00b2\/godz.<\/td>\n<\/tr>\n<tr>\n<td><\/td>\n<td style=\"text-align: center;\" width=\"231\">Precision | 8Pass &#8211; 3,5 m\u00b2\/godz.<\/td>\n<\/tr>\n<tr>\n<td width=\"260\"><strong>Optymalna temperatura<\/strong><\/td>\n<td style=\"text-align: center;\" width=\"231\">18-26\u00b0C<\/td>\n<\/tr>\n<tr>\n<td width=\"260\"><strong>Optymalna wilgotno\u015b\u0107<\/strong><\/td>\n<td style=\"text-align: center;\" width=\"231\">40-70%<\/td>\n<\/tr>\n<tr>\n<td width=\"260\"><strong>Wymiary urz\u0105dzenia<\/strong><\/td>\n<td style=\"text-align: center;\" width=\"231\">1750 x 1630 x 1300 mm<\/td>\n<\/tr>\n<tr>\n<td width=\"260\"><strong>Wymiary opakowania<\/strong><\/td>\n<td style=\"text-align: center;\" width=\"231\">1850 x 1750 x 920 mm<\/td>\n<\/tr>\n<tr>\n<td width=\"260\"><strong>Waga urz\u0105dzenia<\/strong><\/td>\n<td style=\"text-align: center;\" width=\"231\">260 KG (netto)<\/td>\n<\/tr>\n<tr>\n<td width=\"260\"><\/td>\n<td style=\"text-align: center;\" width=\"231\">380 KG (brutto)<\/td>\n<\/tr>\n<tr>\n<td width=\"260\"><strong>Catering<\/strong><\/td>\n<td style=\"text-align: center;\" width=\"231\">AC 220V 50\/60Hz Max: 0,5 kW<\/td>\n<\/tr>\n<tr>\n<td width=\"260\"><strong>Oprogramowanie RIP<\/strong><\/td>\n<td style=\"text-align: center;\" width=\"231\">RIIN \/ Photoprint mini (opcjonalnie)<\/td>\n<\/tr>\n<tr>\n<td width=\"260\"><strong>Obs\u0142ugiwane formaty plik\u00f3w<\/strong><\/td>\n<td style=\"text-align: center;\" width=\"231\">Tiff, JPEG, EPS, PDF<\/td>\n<\/tr>\n<tr>\n<td width=\"260\"><strong>Min. wymagania dotycz\u0105ce komputera:<\/strong><\/td>\n<td style=\"text-align: center;\" width=\"231\">Windows 10 64bit; RAM&gt;8G; HDD&gt;400G; SSD&gt;128G; CPU&gt;Intel i5<\/td>\n<\/tr>\n<tr>\n<td width=\"260\"><strong>Certyfikacja<\/strong><\/td>\n<td style=\"text-align: center;\" width=\"231\">CE<\/td>\n<\/tr>\n<\/tbody>\n<\/table>\n<\/div>\n","protected":false},"excerpt":{"rendered":"<ul>\n<li>Mo\u017cliwo\u015b\u0107 drukowania na wszystkich rodzajach p\u0142askich materia\u0142\u00f3w<\/li>\n<li>Wytrzyma\u0142a maszyna o stabilnej pracy 24 godziny na dob\u0119, 7 dni w tygodniu<\/li>\n<li>Jasny obraz z opcjami koloru bia\u0142ego i lakieru<\/li>\n<li>Przyjazny dla \u015brodowiska i energooszcz\u0119dny system utwardzania atramentu LED<\/li>\n<li>Szybkoschn\u0105cy atrament UV<\/li>\n<li>Wygodny system sterowania<\/li>\n<li>Automatyczne wykrywanie wysoko\u015bci no\u015bnika druku<\/li>\n<li>System zapobiegaj\u0105cy kompresji<\/li>\n<li>System usuwania \u0142adunk\u00f3w statycznych<\/li>\n<li>System zasysania pr\u00f3\u017cniowego medi\u00f3w<\/li>\n<li>Automatyczny system alarmu ilo\u015bci atramentu<\/li>\n<\/ul>\n","protected":false},"featured_media":6607,"template":"","meta":{"_acf_changed":false},"product_brand":[],"product_cat":[332],"product_tag":[],"class_list":{"0":"post-6606","1":"product","2":"type-product","3":"status-publish","4":"has-post-thumbnail","6":"product_cat-drukarki-uv","7":"","8":"woocommerce-text-align-center","9":"woocommerce-image-align-center","10":"wc-has-gallery","12":"first","13":"instock","14":"shipping-taxable","15":"purchasable","16":"product-type-simple"},"acf":[],"_links":{"self":[{"href":"https:\/\/eltechnika.eu\/pl\/wp-json\/wp\/v2\/product\/6606","targetHints":{"allow":["GET"]}}],"collection":[{"href":"https:\/\/eltechnika.eu\/pl\/wp-json\/wp\/v2\/product"}],"about":[{"href":"https:\/\/eltechnika.eu\/pl\/wp-json\/wp\/v2\/types\/product"}],"wp:featuredmedia":[{"embeddable":true,"href":"https:\/\/eltechnika.eu\/pl\/wp-json\/wp\/v2\/media\/6607"}],"wp:attachment":[{"href":"https:\/\/eltechnika.eu\/pl\/wp-json\/wp\/v2\/media?parent=6606"}],"wp:term":[{"taxonomy":"product_brand","embeddable":true,"href":"https:\/\/eltechnika.eu\/pl\/wp-json\/wp\/v2\/product_brand?post=6606"},{"taxonomy":"product_cat","embeddable":true,"href":"https:\/\/eltechnika.eu\/pl\/wp-json\/wp\/v2\/product_cat?post=6606"},{"taxonomy":"product_tag","embeddable":true,"href":"https:\/\/eltechnika.eu\/pl\/wp-json\/wp\/v2\/product_tag?post=6606"}],"curies":[{"name":"wp","href":"https:\/\/api.w.org\/{rel}","templated":true}]}}