{"id":11852,"date":"2025-10-03T10:17:05","date_gmt":"2025-10-03T07:17:05","guid":{"rendered":"https:\/\/eltechnika.eu\/produktas\/metalfab-maszyna-do-spawania-i-ciecia-metalu\/"},"modified":"2025-10-23T15:52:02","modified_gmt":"2025-10-23T12:52:02","slug":"metalfab-maszyna-do-spawania-i-ciecia-metalu","status":"publish","type":"product","link":"https:\/\/eltechnika.eu\/pl\/produkt\/metalfab-maszyna-do-spawania-i-ciecia-metalu\/","title":{"rendered":"MetalFab Maszyna do spawania i ci\u0119cia metalu"},"content":{"rendered":"<h1><strong>xTool MetalFab \u2013 spawanie laserowe i ci\u0119cie metalu CNC w jednym<\/strong><\/h1>\n<p>Ca\u0142a obr\u00f3bka metalu w jednym systemie \u2014 MetalFab \u0142\u0105czy spawanie laserowe i precyzyjne ci\u0119cie CNC\/grawerowanie metalu w wygodny i zaawansowany spos\u00f3b.<\/p>\n<hr>\n<h2>???? <strong>Spawanie laserowe i ci\u0119cie CNC<\/strong><\/h2>\n<ul>\n<li>MetalFab jest w stanie nie tylko \u0142\u0105czy\u0107 cz\u0119\u015bci metalowe za pomoc\u0105 spawania laserowego, ale tak\u017ce wycina\u0107 CNC skomplikowane kontury z niezwykle wysok\u0105 precyzj\u0105.<\/li>\n<li>Mo\u017cesz spawa\u0107, czy\u015bci\u0107 spawane kraw\u0119dzie i wycina\u0107 cz\u0119\u015bci \u2014 wszystko w jednym urz\u0105dzeniu.<\/li>\n<li>Okr\u0105g\u0142e, p\u0142askie lub teksturowane powierzchnie metalowe \u2013 MetalFab ma to wszystko w r\u0119ku.<\/li>\n<\/ul>\n<hr>\n<h2>???? <strong>Innowacja technologiczna w najdrobniejszych szczeg\u00f3\u0142ach<\/strong><\/h2>\n<ul>\n<li><strong>VibeFreeCut\u2122<\/strong> \u2013 kontrola wibracji w czasie rzeczywistym, p\u0142ynny ruch bez waha\u0144.<\/li>\n<li><strong>FlexiTrack\u2122<\/strong> \u2013 Automatyczna regulacja osi Z, dzi\u0119ki kt\u00f3rej laser jest zawsze idealnie ostry.<\/li>\n<li><strong>ObstacleFree\u2122<\/strong> \u2013 inteligentne planowanie trajektorii, kt\u00f3re automatycznie omija przeszkody.<\/li>\n<li><strong>Dysza SaveGas\u2122<\/strong> \u2013 efektywna optymalizacja zu\u017cycia gazu (do 50% mniej gazu).<\/li>\n<li><strong>Podw\u00f3jny aparat<\/strong> \u2013 16 MP panoramiczny + kamera bliskiego zasi\u0119gu, pozycjonowanie &lt; 0,2 mm.<\/li>\n<li><strong>Inteligentne zagnie\u017cd\u017canie jednym klikni\u0119ciem<\/strong> \u2013 do 98,7% wykorzystania materia\u0142u za pomoc\u0105 jednego klikni\u0119cia.<\/li>\n<\/ul>\n<hr>\n<h2>???? <strong>Co jest w zestawie<\/strong><\/h2>\n<ul>\n<li>Laser MetalFab z modu\u0142em CNC.<\/li>\n<li>Komponenty dost\u0119pu i kontroli.<\/li>\n<li>Zestawy dysz (ci\u0119cie, spawanie, czyszczenie).<\/li>\n<li>Instrukcje i dokumenty dotycz\u0105ce bezpiecze\u0144stwa.<\/li>\n<li>Materia\u0142y wyj\u015bciowe do bada\u0144.<\/li>\n<\/ul>\n<hr>\n<h2>\u23f1\ufe0f <strong>Odkryj potencja\u0142 1 godziny MetalFab<\/strong><\/h2>\n<ul>\n<li>Cz\u0119sto por\u00f3wnuje jako\u015b\u0107 spawania TIG, ale do <strong>8\u00d7<\/strong> szybciej.<\/li>\n<li><strong>Szew ze stali w\u0119glowej o grubo\u015bci 20 mm<\/strong> jest wytwarzany laserowo w ~<strong>14 s<\/strong> (vs ~2 min w tradycyjny spos\u00f3b).<\/li>\n<\/ul>\n<hr>\n<h2>\u2699\ufe0f <strong>Specyfikacja techniczna<\/strong><\/h2>\n<table>\n<thead>\n<tr>\n<th>Ustawienie<\/th>\n<th>Warto\u015b\u0107<\/th>\n<\/tr>\n<\/thead>\n<tbody>\n<tr>\n<td><strong>Zasilanie (moc maszyny)<\/strong><\/td>\n<td>1200 W<\/td>\n<\/tr>\n<tr>\n<td><strong>Wyposa\u017cenie pakietu \/ Opcje<\/strong><\/td>\n<p> zasilania<\/p>\n<td>Zestaw spawalniczy 1200 W \/ zestaw spawalniczy 800 W<\/td>\n<\/tr>\n<tr>\n<td><strong>Certyfikat<\/strong><\/td>\n<p> bezpiecze\u0144stwa<\/p>\n<td>Klasa bezpiecze\u0144stwa lasera 1<\/td>\n<\/tr>\n<tr>\n<td><strong>Instalacja gazowa<\/strong><\/td>\n<td>Dysza SaveGas\u2122, ceramiczny system uszczelniaj\u0105cy<\/td>\n<\/tr>\n<tr>\n<td><strong>Funkcjonalno\u015b\u0107<\/strong><\/td>\n<td>Spawanie, ci\u0119cie, grawerowanie CNC, czyszczenie<\/td>\n<\/tr>\n<\/tbody>\n<\/table>\n<hr>\n<h2>???? <strong>Dost\u0119pne zestawy<\/strong><\/h2>\n<table>\n<tbody>\n<tr>\n<td><img decoding=\"async\" src=\"https:\/\/eltechnika.eu\/wp-content\/uploads\/2025\/10\/metalfab-800w-160x160.jpg\" alt=\"Spawarka 800 W\"><\/td>\n<td><img decoding=\"async\" src=\"https:\/\/eltechnika.eu\/wp-content\/uploads\/2025\/10\/metalfab-1200w-160x160.jpg\" alt=\"Spawarka 1200 W\"><\/td>\n<td><img decoding=\"async\" src=\"https:\/\/eltechnika.eu\/wp-content\/uploads\/2025\/10\/metalfab-combo-160x160.jpg\" alt=\"Zestaw combo\"><\/td>\n<\/tr>\n<tr>\n<td><strong>Spawarka<\/strong><\/td>\n<p> 800 WSpawarka <\/p>\n<td><strong>1200 W<\/strong><\/td>\n<td><strong>Zestaw Combo (CNC + spawarka)<\/strong><\/td>\n<\/tr>\n<tr>\n<td><small>Laser spawalniczy MetalFab 800 W jest skuteczny do spawania cienkich i \u015brednio grubych metali.<\/small><\/td>\n<td><small>Laser spawalniczy MetalFab 1200W \u2013 wi\u0119ksza moc, wi\u0119ksza pr\u0119dko\u015b\u0107 i g\u0142\u0119bsze szwy do u\u017cytku profesjonalnego.<\/small><\/td>\n<td><small>Kompletny zestaw: ci\u0119cie CNC + laser spawalniczy 800\/1200W.<\/small><\/td>\n<\/tr>\n<\/tbody>\n<\/table>\n","protected":false},"excerpt":{"rendered":"<p data-start=\"273\" data-end=\"1108\"><strong data-start=\"273\" data-end=\"292\">Wszystko w jednym:<\/strong> spawanie, ci\u0119cie i czyszczenie metalu za pomoc\u0105 jednego wydajnego urz\u0105dzenia.<br data-start=\"367\" data-end=\"370\"><strong data-start=\"370\" data-end=\"399\">Wydajno\u015b\u0107 klasy przemys\u0142owej:<\/strong> Profesjonalne spawanie i ci\u0119cie stali nierdzewnej, stali w\u0119glowej, mosi\u0105dzu lub aluminium \u2013 precyzyjnie i czysto.<br data-start=\"523\" data-end=\"526\"><strong data-start=\"526\" data-end=\"556\">Wyj\u0105tkowe technologie:<\/strong> Inteligentne podw\u00f3jne kamery i automatyczne inteligentne zagnie\u017cd\u017canie optymalizuj\u0105 prac\u0119, a <strong data-start=\"635\" data-end=\"651\" data-is-only-node=\"\">VibeFreeCut\u2122<\/strong>, <strong data-start=\"653\" data-end=\"668\">FlexiTrack\u2122<\/strong> i <strong data-start=\"672\" data-end=\"689\">ObstacleFree\u2122<\/strong> zapewniaj\u0105 nieskazitelny wynik ci\u0119cia. Technologia SaveGas\u2122 zmniejsza zu\u017cycie gazu i koszty. <br data-start=\"794\" data-end=\"797\"><strong data-start=\"797\" data-end=\"826\">Przyjazne dla u\u017cytkownika oprogramowanie:<\/strong> Intuicyjne \u015brodowisko sterowania z zaprogramowanymi parametrami \u2013 praca jest na wyci\u0105gni\u0119cie r\u0119ki.<br data-start=\"925\" data-end=\"928\"><strong data-start=\"928\" data-end=\"951\">Jako\u015b\u0107 i bezpiecze\u0144stwo:<\/strong> Stabilna praca 24 godziny na dob\u0119, 7 dni w tygodniu, \u017cywotno\u015b\u0107 lasera ponad <strong data-start=\"1009\" data-end=\"1024\">10 000 godzin<\/strong>, niezawodna praca od <strong data-start=\"1047\" data-end=\"1068\">-10\u00b0C do +40\u00b0C<\/strong>, wbudowane <strong data-start=\"1082\" data-end=\"1105\">10 funkcji bezpiecze\u0144stwa<\/strong>.<\/p>\n","protected":false},"featured_media":11731,"template":"","meta":{"_acf_changed":false},"product_brand":[],"product_cat":[415],"product_tag":[],"class_list":{"0":"post-11852","1":"product","2":"type-product","3":"status-publish","4":"has-post-thumbnail","6":"product_cat-xtool-hobby-diy","7":"","8":"woocommerce-text-align-center","9":"woocommerce-image-align-center","10":"wc-has-gallery","12":"first","13":"instock","14":"shipping-taxable","15":"product-type-simple"},"acf":[],"_links":{"self":[{"href":"https:\/\/eltechnika.eu\/pl\/wp-json\/wp\/v2\/product\/11852","targetHints":{"allow":["GET"]}}],"collection":[{"href":"https:\/\/eltechnika.eu\/pl\/wp-json\/wp\/v2\/product"}],"about":[{"href":"https:\/\/eltechnika.eu\/pl\/wp-json\/wp\/v2\/types\/product"}],"wp:featuredmedia":[{"embeddable":true,"href":"https:\/\/eltechnika.eu\/pl\/wp-json\/wp\/v2\/media\/11731"}],"wp:attachment":[{"href":"https:\/\/eltechnika.eu\/pl\/wp-json\/wp\/v2\/media?parent=11852"}],"wp:term":[{"taxonomy":"product_brand","embeddable":true,"href":"https:\/\/eltechnika.eu\/pl\/wp-json\/wp\/v2\/product_brand?post=11852"},{"taxonomy":"product_cat","embeddable":true,"href":"https:\/\/eltechnika.eu\/pl\/wp-json\/wp\/v2\/product_cat?post=11852"},{"taxonomy":"product_tag","embeddable":true,"href":"https:\/\/eltechnika.eu\/pl\/wp-json\/wp\/v2\/product_tag?post=11852"}],"curies":[{"name":"wp","href":"https:\/\/api.w.org\/{rel}","templated":true}]}}