{"id":11844,"date":"2025-10-01T12:56:06","date_gmt":"2025-10-01T09:56:06","guid":{"rendered":"https:\/\/eltechnika.eu\/produktas\/seria-s-diodowa-maszyna-do-ciecia-grawerowania-laserowego\/"},"modified":"2025-10-23T15:51:47","modified_gmt":"2025-10-23T12:51:47","slug":"seria-s-diodowa-maszyna-do-ciecia-grawerowania-laserowego","status":"publish","type":"product","link":"https:\/\/eltechnika.eu\/pl\/produkt\/seria-s-diodowa-maszyna-do-ciecia-grawerowania-laserowego\/","title":{"rendered":"Seria S: Diodowa maszyna do ci\u0119cia \/ grawerowania laserowego"},"content":{"rendered":"<h2><strong>xTool S1 \u2013 laser diodowy typu zamkni\u0119tego do tworzenia i produkcji<\/strong><\/h2>\n<p>xTool S1 to pierwszy na \u015bwiecie laser diodowy z zamkni\u0119t\u0105 p\u0119tl\u0105, zaprojektowany z my\u015bl\u0105 o maksymalnym bezpiecze\u0144stwie, dok\u0142adno\u015bci i wygodzie. Jego innowacyjne technologie pozwalaj\u0105 mu osi\u0105gn\u0105\u0107 nowy poziom zar\u00f3wno dla hobby, jak i ma\u0142ego biznesu. <\/p>\n<hr>\n<h2>???? <strong>Precyzyjne\u2122 pozycjonowanie<\/strong><\/h2>\n<p><strong>Precyzja na nowym poziomie<\/strong><\/p>\n<p>Kamera S1 jest wyposa\u017cona w rewolucyjn\u0105 technologi\u0119 <strong>Pin-point Positioning\u2122<\/strong> , kt\u00f3ra jest nawet <strong>10 razy dok\u0142adniejsza<\/strong> ni\u017c systemy z jedn\u0105 kamer\u0105. Pomaga w \u0142atwym wykonywaniu delikatnych prac grawerskich, eliminuje b\u0142\u0119dy i straty powsta\u0142e z powodu niedok\u0142adnego pozycjonowania. <\/p>\n<ul>\n<li>O\u0142\u00f3wek kwadratowy<\/li>\n<li>Okr\u0105g\u0142a naklejka na kapelusz<\/li>\n<li>Brelok wielok\u0105t<\/li>\n<\/ul>\n<p><strong>Migawka i wype\u0142nienie<\/strong><br \/>\n wsadoweZr\u00f3b zdj\u0119cie obiektu, prze\u015blij je do aplikacji i u\u017cyj Smart Fill za pomoc\u0105 jednego klikni\u0119cia \u2013 system automatycznie i dok\u0142adnie dystrybuuje projekty do masowej produkcji.<\/p>\n<hr>\n<h2>????\ufe0f <strong>Grawerowanie krzywych\u2122 3D<\/strong><\/h2>\n<p><strong>Precyzja na ka\u017cdej powierzchni<\/strong><\/p>\n<p>Wbudowany czujnik 3D skanuje kszta\u0142t obiektu i generuje tr\u00f3jwymiarowe dane. Wi\u0105zka lasera dopasowuje si\u0119 do powierzchni, dzi\u0119ki czemu grawerowanie jest jednolite i ostre nawet na nier\u00f3wnych, zakrzywionych lub nieregularnych produktach. <\/p>\n<p>Idealny do:<\/p>\n<ul>\n<li>Do zakrzywionych skrzynek drewnianych<\/li>\n<li>Do kamieni okr\u0105g\u0142ych<\/li>\n<li>Do nieregularnych powierzchni<\/li>\n<\/ul>\n<hr>\n<h2>????\ufe0f <strong>Funkcje bezpiecze\u0144stwa<\/strong><\/h2>\n<p><strong>Bezpiecze\u0144stwo przede wszystkim<\/strong><\/p>\n<ul>\n<li><strong>Zamkni\u0119ta konstrukcja<\/strong> \u2013 ochrona przed promieniowaniem laserowym i dymem.<\/li>\n<li><strong>Automatyczne zatrzymanie<\/strong> \u2013 po otwarciu pokrywy laser natychmiast si\u0119 wy\u0142\u0105cza.<\/li>\n<li><strong>Oddymianie<\/strong> \u2013 zintegrowana wentylacja i mo\u017cliwo\u015b\u0107 pod\u0142\u0105czenia urz\u0105dze\u0144 filtruj\u0105cych powietrze.<\/li>\n<li><strong>Certyfikat CE<\/strong> \u2013 zgodny z europejskimi normami bezpiecze\u0144stwa.<\/li>\n<\/ul>\n<hr>\n<h2>???? <strong>Wymienne modu\u0142y laserowe<\/strong><\/h2>\n<p><strong>Jeden system \u2013 wiele mo\u017cliwo\u015bci<\/strong><\/p>\n<ul>\n<li><strong>Modu\u0142y diodowe<\/strong> (10W, 20W, 40W) \u2013 do drewna, akrylu, sk\u00f3ry, papieru, tekstyli\u00f3w.<\/li>\n<li><strong>Modu\u0142 IR (1064 nm, 2W)<\/strong> \u2013 do metali i specjalnych tworzyw sztucznych.<\/li>\n<\/ul>\n<p>Wymiana nast\u0119puje szybko, bez skomplikowanej kalibracji.<\/p>\n<hr>\n<h2>???? <strong>Rozszerzalny obszar roboczy i akcesoria<\/strong><\/h2>\n<p><strong>Dostosowuje si\u0119 do wielko\u015bci Twoich projekt\u00f3w<\/strong><\/p>\n<ul>\n<li><strong>Podstawa pionowa<\/strong> \u2013 do wi\u0119kszych obiekt\u00f3w.<\/li>\n<li><strong>Podajnik przeno\u015bnikowy<\/strong> \u2013 do d\u0142ugich arkuszy i produkcji masowej.<\/li>\n<li><strong>System obrotowy RA2 Pro<\/strong> \u2013 do obiekt\u00f3w cylindrycznych i sto\u017ckowych.<\/li>\n<li><strong>Wspomaganie powietrzem i oczyszczanie dymu<\/strong> zapewniaj\u0105 czystsze ci\u0119cie i zdrowsze \u015brodowisko pracy.<\/li>\n<\/ul>\n<hr>\n<h2>???? <strong>\u0141atwo\u015b\u0107 obs\u0142ugi i oprogramowanie<\/strong><\/h2>\n<p><strong>Prosta obs\u0142uga<\/strong><\/p>\n<ul>\n<li><strong>xTool Creative Space<\/strong> to darmowy, przyjazny dla u\u017cytkownika program.<\/li>\n<li><strong>LightBurn<\/strong> \u2013 dla profesjonalist\u00f3w z zaawansowanymi funkcjami.<\/li>\n<li><strong>Po\u0142\u0105czenie:<\/strong> USB, Wi-Fi, Ethernet.<\/li>\n<\/ul>\n<p>S1 obs\u0142uguje systemy Windows, macOS i Linux.<\/p>\n<hr>\n<h2>\u2699\ufe0f Specyfikacja techniczna<\/h2>\n<table>\n<thead>\n<tr>\n<th>Ustawienie<\/th>\n<th>Warto\u015b\u0107<\/th>\n<\/tr>\n<\/thead>\n<tbody>\n<tr>\n<td><strong>Typ lasera<\/strong><\/td>\n<td>Laser diodowy (455 nm), opcjonalny modu\u0142 IR (1064 nm)<\/td>\n<\/tr>\n<tr>\n<td><strong>Moc<\/strong><\/td>\n<td>10 W \/ 20 W \/ 40 W (dioda), 2 W (modu\u0142 IR)<\/td>\n<\/tr>\n<tr>\n<td><strong>Obszar roboczy<\/strong><\/td>\n<td>498 mm \u00d7 319 mm<\/td>\n<\/tr>\n<tr>\n<td><strong>Maksymalna wysoko\u015b\u0107<\/strong><\/td>\n<p> obiektu<\/p>\n<td>70 mm (bez podstawy pionowej), 125 mm (z podstaw\u0105 pionow\u0105), nieograniczona d\u0142ugo\u015b\u0107 z podajnikiem przeno\u015bnika<\/td>\n<\/tr>\n<tr>\n<td><strong>Dok\u0142adno\u015b\u0107<\/strong><\/td>\n<td>\u00b10,01 mm<\/td>\n<\/tr>\n<tr>\n<td><strong>Pr\u0119dko\u015b\u0107<\/strong><\/td>\n<p> maksymalna<\/p>\n<td>600 mm\/s<\/td>\n<\/tr>\n<tr>\n<td><strong>Obs\u0142ugiwane materia\u0142y (dioda)<\/strong><\/td>\n<td>Drewno, sklejka, akryl, sk\u00f3ra, papier, tektura, tekstylia<\/td>\n<\/tr>\n<tr>\n<td><strong>Obs\u0142ugiwane materia\u0142y (modu\u0142 IR)<\/strong><\/td>\n<td>Metale (stal, tytan, aluminium itp.), tworzywa sztuczne (ABS, PC, PET, TPU itp.)<\/td>\n<\/tr>\n<tr>\n<td><strong>Oprogramowanie<\/strong><\/td>\n<td>xTool Przestrze\u0144 kreatywna, LightBurn<\/td>\n<\/tr>\n<tr>\n<td><strong>Po\u0142\u0105czenie<\/strong><\/td>\n<td>USB\/Wi-Fi\/Ethernet<\/td>\n<\/tr>\n<tr>\n<td><strong>Zgodno\u015b\u0107<\/strong><\/td>\n<td>Windows \/ macOS \/ Linux<\/td>\n<\/tr>\n<tr>\n<td><strong>Wymiary<\/strong><\/td>\n<td>765 \u00d7 561 \u00d7 183 mm<\/td>\n<\/tr>\n<tr>\n<td><strong>Ci\u0119\u017car<\/strong><\/td>\n<td>~20\u201322 kg<\/td>\n<\/tr>\n<tr>\n<td><strong>Funkcje<\/strong><\/td>\n<p> bezpiecze\u0144stwa<\/p>\n<td>Zamkni\u0119ta konstrukcja, automatyczne zatrzymanie, oddymianie, certyfikat CE<\/td>\n<\/tr>\n<\/tbody>\n<\/table>\n<hr>\n<h2>Dost\u0119pne zestawy:<\/h2>\n<table>\n<tbody>\n<tr>\n<td><img decoding=\"async\" class=\"aligncenter\" src=\"https:\/\/eltechnika.eu\/wp-content\/uploads\/2025\/10\/XS1-40-160x160.jpg\" alt=\"Samodzielny\"><\/td>\n<td><img decoding=\"async\" class=\"aligncenter\" src=\"https:\/\/eltechnika.eu\/wp-content\/uploads\/2025\/10\/xtool-s1-10w-lazerines-pjovimo-graviravimo-stakles-basic-rinkinys-438072-160x160.jpg\" alt=\"Zestaw podstawowy\"><\/td>\n<td><img decoding=\"async\" class=\"aligncenter\" src=\"https:\/\/eltechnika.eu\/wp-content\/uploads\/2025\/10\/XS1-40-D-D-160x160.jpg\" alt=\"Pakiet Deluxe\"><\/td>\n<td><img decoding=\"async\" class=\"aligncenter\" src=\"https:\/\/eltechnika.eu\/wp-content\/uploads\/2025\/10\/lazerines-graviravimo-stakles-2-in-1-xtool-s1-10w-viskas-viename-rinkinys-juodas-438070-160x160.jpg\" alt=\"Pakiet \"wszystko w jednym\"\"><\/td>\n<\/tr>\n<tr>\n<td style=\"text-align: center;\"><strong>Samodzielny<\/strong><\/td>\n<td style=\"text-align: center;\"><strong>Zestaw<\/strong><\/td>\n<p> podstawowy<\/p>\n<td style=\"text-align: center;\"><strong>Pakiet<\/strong><\/td>\n<p> Deluxe<\/p>\n<td style=\"text-align: center;\"><strong>Pakiet &#8222;wszystko w jednym<\/strong><\/td>\n<p>&#8221;<br \/>\n<\/tr>\n<tr>\n<td style=\"text-align: center;\"><small>Urz\u0105dzenie S1 z wybranym modu\u0142em diodowym (10\/20\/40 W). Akcesoria wybiera si\u0119 osobno. <\/small><\/td>\n<td style=\"text-align: center;\"><small>+ plaster miodu do ci\u0119cia i spr\u0119\u017carki powietrza<\/small><\/td>\n<td style=\"text-align: center;\"><small>Opr\u00f3cz Basica dost\u0119pna jest <strong>podstawa pionowa<\/strong> i system obrotowy <strong>RA2 Pro<\/strong> do obiekt\u00f3w cylindrycznych.<\/small><\/td>\n<td style=\"text-align: center;\"><small>Kompletny zestaw: Deluxe + <strong>Podajnik przeno\u015bnika<\/strong> do d\u0142ugich element\u00f3w i <strong>filtracja dymu Smoke Purifier <\/strong>do prac w pomieszczeniach.<\/small><\/td>\n<\/tr>\n<\/tbody>\n<\/table>\n","protected":false},"excerpt":{"rendered":"<p><strong><em data-start=\"462\" data-end=\"478\">Seria xTool S<\/em><\/strong> to niedrogi, wygodny i najbardziej wszechstronny laser diodowy. S\u0105 idealne dla pocz\u0105tkuj\u0105cych i entuzjast\u00f3w, kt\u00f3rzy chc\u0105 spr\u00f3bowa\u0107 grawerowania i ci\u0119cia w domu lub w ma\u0142ym warsztacie.<br data-start=\"672\" data-end=\"675\">Dzi\u0119ki laserom z serii S mo\u017cna z \u0142atwo\u015bci\u0105 obrabia\u0107 drewno, sklejk\u0119, akryl, sk\u00f3r\u0119, papier i wiele innych materia\u0142\u00f3w. \u0141atwo\u015b\u0107 obs\u0142ugi i kompaktowe rozmiary pozwalaj\u0105 szybko rozpocz\u0105\u0107 tworzenie nawet bez wcze\u015bniejszego do\u015bwiadczenia.  <\/p>\n","protected":false},"featured_media":10870,"template":"","meta":{"_acf_changed":false},"product_brand":[],"product_cat":[415],"product_tag":[],"class_list":{"0":"post-11844","1":"product","2":"type-product","3":"status-publish","4":"has-post-thumbnail","6":"product_cat-xtool-hobby-diy","7":"","8":"woocommerce-text-align-center","9":"woocommerce-image-align-center","10":"wc-has-gallery","12":"first","13":"instock","14":"shipping-taxable","15":"product-type-simple"},"acf":[],"_links":{"self":[{"href":"https:\/\/eltechnika.eu\/pl\/wp-json\/wp\/v2\/product\/11844","targetHints":{"allow":["GET"]}}],"collection":[{"href":"https:\/\/eltechnika.eu\/pl\/wp-json\/wp\/v2\/product"}],"about":[{"href":"https:\/\/eltechnika.eu\/pl\/wp-json\/wp\/v2\/types\/product"}],"wp:featuredmedia":[{"embeddable":true,"href":"https:\/\/eltechnika.eu\/pl\/wp-json\/wp\/v2\/media\/10870"}],"wp:attachment":[{"href":"https:\/\/eltechnika.eu\/pl\/wp-json\/wp\/v2\/media?parent=11844"}],"wp:term":[{"taxonomy":"product_brand","embeddable":true,"href":"https:\/\/eltechnika.eu\/pl\/wp-json\/wp\/v2\/product_brand?post=11844"},{"taxonomy":"product_cat","embeddable":true,"href":"https:\/\/eltechnika.eu\/pl\/wp-json\/wp\/v2\/product_cat?post=11844"},{"taxonomy":"product_tag","embeddable":true,"href":"https:\/\/eltechnika.eu\/pl\/wp-json\/wp\/v2\/product_tag?post=11844"}],"curies":[{"name":"wp","href":"https:\/\/api.w.org\/{rel}","templated":true}]}}