{"id":11843,"date":"2025-10-01T15:28:49","date_gmt":"2025-10-01T12:28:49","guid":{"rendered":"https:\/\/eltechnika.eu\/produktas\/seria-f-maszyna-do-grawerowania-laserem-swiatlowodowym\/"},"modified":"2025-10-23T15:51:45","modified_gmt":"2025-10-23T12:51:45","slug":"seria-f-maszyna-do-grawerowania-laserem-swiatlowodowym","status":"publish","type":"product","link":"https:\/\/eltechnika.eu\/pl\/produkt\/seria-f-maszyna-do-grawerowania-laserem-swiatlowodowym\/","title":{"rendered":"Seria F: Maszyna do grawerowania laserem \u015bwiat\u0142owodowym"},"content":{"rendered":"<h1><strong>xTool F2 Ultra \u2013 60W MOPA + 40W diodowy podw\u00f3jny laser<\/strong><\/h1>\n<p>Pierwszy <strong>na \u015bwiecie podw\u00f3jny laser<\/strong> z <strong>modu\u0142em MOPA o mocy 60 W<\/strong> i <strong>diod\u0105 o mocy 40 W<\/strong> oraz <strong>funkcjami AI<\/strong> w jednej obudowie. Mo\u017cesz oznacza\u0107 metal kolorem, g\u0142\u0119boko grawerowa\u0107, ci\u0105\u0107 metal i pracowa\u0107 z materia\u0142ami niemetalowymi bez potrzeby korzystania z kilku oddzielnych urz\u0105dze\u0144. <\/p>\n<hr>\n<h2>???? <strong>Dlaczego MOPA to profesjonalny wyb\u00f3r do obr\u00f3bki metali<\/strong><\/h2>\n<ul>\n<li><strong>Grawerowanie kolor\u00f3w na metalu<\/strong> \u2013 Dzi\u0119ki szerszemu zakresowi impuls\u00f3w i cz\u0119stotliwo\u015bci, MOPA pozwala na wydobycie setek \u017cywych kolor\u00f3w, zwi\u0119kszaj\u0105c warto\u015b\u0107 produkt\u00f3w.<\/li>\n<li><strong>Prawdziwe czarne znakowanie<\/strong> \u2013 MOPA precyzyjnie kontroluje szeroko\u015b\u0107 i cz\u0119stotliwo\u015b\u0107 impulsu, aby uzyska\u0107 g\u0142\u0119bok\u0105, bogat\u0105 czer\u0144 bez dodatkowego rozpylania.<\/li>\n<li><strong>Szybsze grawerowanie 3D<\/strong> \u2013 MOPA 3D o mocy 60 W graweruje metalowe monety do 5\u00d7 szybciej ni\u017c \u015bwiat\u0142ow\u00f3d o mocy 20 W.<\/li>\n<li><strong>Ci\u0119cie metalu<\/strong> \u2013 wi\u0119ksza moc pozwala na ci\u0119cie grubszego metalu; Na przyk\u0142ad wisiorek z imieniem o \u015brednicy 1 mm jest wycinany w ~6 minut.<\/li>\n<\/ul>\n<hr>\n<h2>\u26a1 <strong>Podw\u00f3jna moc w jednym urz\u0105dzeniu<\/strong><\/h2>\n<p>Pierwsza <strong>na \u015bwiecie kombinacja diod MOPA + 40W o mocy 60W<\/strong>: <\/p>\n<ul>\n<li><strong>60W MOPA<\/strong> \u2013 znakowanie kolorem na metalu, g\u0142\u0119bokie grawerowanie, szybsza obr\u00f3bka.<\/li>\n<li><strong>Dioda o mocy 40 W<\/strong> do czystszych ci\u0119\u0107 i grawerowania akrylu, drewna i innych niemetali.<\/li>\n<\/ul>\n<hr>\n<h2>???? <strong>Podgl\u0105d i dok\u0142adno\u015b\u0107 kamery<\/strong><\/h2>\n<ul>\n<li>Dwa <strong>aparaty 48 MP<\/strong> o dok\u0142adno\u015bci ~0,2 mm \u2013 do <strong>60% dok\u0142adniejsze<\/strong> ni\u017c systemy z jedn\u0105 kamer\u0105.<\/li>\n<li>Pozwala dok\u0142adnie zobaczy\u0107 uk\u0142ad przed grawerowaniem i unikn\u0105\u0107 strat materia\u0142u.<\/li>\n<\/ul>\n<hr>\n<h2>???? <strong>Praca wspomagana przez sztuczn\u0105 inteligencj\u0119 \u2013 od jednego klikni\u0119cia do rezultatu<\/strong><\/h2>\n<ul>\n<li><strong>Rozpoznawanie, ustawianie i przegl\u0105danie materia\u0142\u00f3w<\/strong> \u2013 sztuczna inteligencja upraszcza ka\u017cdy krok.<\/li>\n<li><strong>Rozpoznawanie kolor\u00f3w AI<\/strong> \u2013 Prze\u015blij obraz, AI rozk\u0142ada kolory i pozwala szybko przypisa\u0107 parametry do ka\u017cdego z nich.<\/li>\n<li><strong>Projektowanie AI<\/strong> &#8211; Zamienia pomys\u0142y w obrazy w 70+ stylach.<\/li>\n<li><strong>AI Modeling<\/strong> \u2013 inteligentne modelowanie 3D do precyzyjnego grawerowania na r\u00f3\u017cnych kszta\u0142tach.<\/li>\n<\/ul>\n<hr>\n<h2>????\ufe0f <strong>Obszar roboczy i produkcja seryjna<\/strong><\/h2>\n<ul>\n<li><strong>Obszar roboczy do 220 \u00d7 220 mm<\/strong> \u2013 idealny do prac jednorazowych i szczeg\u00f3\u0142owych.<\/li>\n<li>Dzi\u0119ki <strong>przeno\u015bnikowi (Auto Streamline\u2122)<\/strong> st\u00f3\u0142 rozszerza si\u0119 do <strong>220 \u00d7 500 mm<\/strong> \u2013 wygodnie dla pilnych i wi\u0119kszych zam\u00f3wie\u0144.<\/li>\n<li><strong>Inteligentne wype\u0142nianie<\/strong> \u2013 Automatyczny uk\u0142ad i wype\u0142nianie wsadowe w celu zapewnienia dok\u0142adnego przebiegu projekt\u00f3w zbiorczych.<\/li>\n<\/ul>\n<hr>\n<h2>???? <strong>Materia\u0142y i pojemno\u015bci<\/strong><\/h2>\n<ul>\n<li><strong>Metale:<\/strong> mosi\u0105dz i stal nierdzewna do 2 mm, aluminium do 1 mm.<\/li>\n<li><strong>Akryl:<\/strong> do 20 mm (wieloprzej\u015bcie), czyste kraw\u0119dzie.<\/li>\n<li><strong>Drewno:<\/strong> do 23 mm (wieloprzebiegowe), mniej oparze\u0144.<\/li>\n<li><strong>Obs\u0142ugiwane materia\u0142y (szerokie spektrum):<\/strong> z\u0142oto, srebro, aluminium, platyna, tytan (z oznaczeniem kolorystycznym), drewno, akryl, tworzywa sztuczne, szk\u0142o, \u0142upek, papier, karton itp.<\/li>\n<\/ul>\n<hr>\n<h2>????\ufe0f <strong>Bezpieczne i wygodne u\u017cytkowanie<\/strong><\/h2>\n<ul>\n<li><strong>Ca\u0142kowicie zamkni\u0119ta obudowa<\/strong> \u2013 skutecznie blokuje wycieki lasera i dym.<\/li>\n<li><strong>xTool SafetyPro\u2122 AP2<\/strong> \u2013 system cyklonowy z 6-warstwowymi filtrami, zatwierdzony przez SGS.<\/li>\n<li>W\u0142\u0105cza si\u0119 automatycznie po wykryciu gazu.<\/li>\n<\/ul>\n<hr>\n<h2>???? <strong>Oprogramowanie i przep\u0142yw pracy<\/strong><\/h2>\n<ul>\n<li><strong>xTool Creative Space (XCS)<\/strong> \u2013 obs\u0142uguje formaty SVG\/DXF\/JPG\/JPEG\/PNG\/BMP\/TIF, to co widzisz, otrzymujesz podgl\u0105d, Smart Fill do produkcji seryjnej.<\/li>\n<li><strong>Auto-Path Planning<\/strong> \u2013 proces jest do 300% szybszy.<\/li>\n<li><strong>Biblioteka Material EasySet\u2122<\/strong> \u2013 500+ parametr\u00f3w materia\u0142u za jednym klikni\u0119ciem.<\/li>\n<li><strong>Wielozadaniowo\u015b\u0107<\/strong> \u2013 utrzymanie wielu urz\u0105dze\u0144\/projekt\u00f3w w czasie rzeczywistym.<\/li>\n<\/ul>\n<hr>\n<h2>\u2699\ufe0f <strong>Specyfikacja techniczna<\/strong><\/h2>\n<table>\n<thead>\n<tr>\n<th>Ustawienie<\/th>\n<th>Warto\u015b\u0107<\/th>\n<\/tr>\n<\/thead>\n<tbody>\n<tr>\n<td><strong>Typ lasera<\/strong><\/td>\n<td>F2 Ultra: 40W diodine + 60W MOPA Laser<br \/>\nF2 Ultra (pojedynczy): Laser MOPA o mocy 60 W<\/td>\n<\/tr>\n<tr>\n<td><strong>Tryby<\/strong><\/td>\n<p> pracy<\/p>\n<td>Grawerowanie laserowe, ci\u0119cie laserowe<\/td>\n<\/tr>\n<tr>\n<td><strong>Obs\u0142ugiwane materia\u0142y (do ci\u0119cia)<\/strong><\/td>\n<td>Dioda: papier, drewno, sk\u00f3ra, MDF, filc, niekt\u00f3re ciemne nieprzezroczyste akryle<br \/>\nMOPA: Mosi\u0105dz, Stal nierdzewna, Aluminium<\/td>\n<\/tr>\n<tr>\n<td><strong>Obs\u0142ugiwane materia\u0142y (do grawerowania)<\/strong><\/td>\n<td>Dioda: papier, drewno, sk\u00f3ra, MDF, stal nierdzewna, niekt\u00f3re ciemne akryle,, tkanina, ciemne szk\u0142o, ceramika, jadeit, marmur, \u0142upek, cement, ceg\u0142y, metale<br \/>\n powlekane\/malowaneMOPA: Stal nierdzewna, aluminium, mosi\u0105dz, srebro, plastik, platyna, tytan, z\u0142oto<\/td>\n<\/tr>\n<tr>\n<td><strong>Obszar roboczy<\/strong><\/td>\n<td>220 \u00d7 220 mm (do 220 \u00d7 500 mm z przeno\u015bnikiem)<\/td>\n<\/tr>\n<tr>\n<td><strong>Maksymalna pr\u0119dko\u015b\u0107<\/strong><\/td>\n<p> robocza<\/p>\n<td>15 000 mm\/s<\/td>\n<\/tr>\n<tr>\n<td><strong>Max. Grubo\u015b\u0107 ci\u0119cia (lipiec) <\/strong><\/td>\n<td>23 mm (wieloprzebiegowy)<\/td>\n<\/tr>\n<tr>\n<td><strong>Max. Grubo\u015b\u0107 ci\u0119cia (akryl) <\/strong><\/td>\n<td>20 mm (wieloprzebiegowy)<\/td>\n<\/tr>\n<tr>\n<td><strong>Max. Wysoko\u015b\u0107 obr\u00f3bki <\/strong><\/td>\n<td>150 mm<\/td>\n<\/tr>\n<tr>\n<td><strong>Max. \u015brednica grawerowania obrotowego <\/strong><\/td>\n<td>150 mm<\/td>\n<\/tr>\n<tr>\n<td><strong>Oprogramowanie<\/strong><\/td>\n<td>xTool Przestrze\u0144 kreatywna \/ Atomm<\/td>\n<\/tr>\n<tr>\n<td><strong>Systemy<\/strong><\/td>\n<p> operacyjne<\/p>\n<td>Okna \/ macOS<\/td>\n<\/tr>\n<tr>\n<td><strong>Metody<\/strong><\/td>\n<p> komunikacji<\/p>\n<td>USB\/Wi-Fi\/IP<\/td>\n<\/tr>\n<tr>\n<td><strong>Obs\u0142ugiwane pliki<\/strong><\/td>\n<td>SVG\/DXF\/JPG\/JPEG\/PNG\/BMP\/TIF<\/td>\n<\/tr>\n<tr>\nKompatybilno\u015b\u0107 <\/p>\n<td><strong>ze sztuczn\u0105 inteligencj\u0105<\/strong><\/td>\n<td>Tak (AImake)<\/td>\n<\/tr>\n<tr>\n<td><strong>Monta\u017c<\/strong><\/td>\n<td>Wst\u0119pnie zmontowany<\/td>\n<\/tr>\n<tr>\n<td><strong>Wbudowana kamera<\/strong><\/td>\n<td>Dwa aparaty 48 MP<\/td>\n<\/tr>\n<tr>\n<td><strong>Pozycjonowania<\/strong><\/td>\n<td>Za pomoc\u0105 aparat\u00f3w<\/td>\n<\/tr>\n<tr>\n<td><strong>Metoda<\/strong><\/td>\n<p> ostro\u015bci<\/p>\n<td>Automatyczne ustawianie ostro\u015bci<\/td>\n<\/tr>\n<tr>\n<td><strong>Metoda<\/strong><\/td>\n<p> recenzji<\/p>\n<td>Podgl\u0105d inteligentnej kamery<\/td>\n<\/tr>\n<tr>\nRozmiar <\/p>\n<td><strong>punktu lasera<\/strong><\/td>\n<td>0,09 \u00d7 0,1 mm (dioda 40 W)<br \/>\n0,03 \u00d7 0,03 mm (MOPA 60 W)<\/td>\n<\/tr>\n<tr>\n<td><strong>Dok\u0142adno\u015b\u0107<\/strong><\/td>\n<p> pozycjonowania<\/p>\n<td>0,2 mm<\/td>\n<\/tr>\n<tr>\n<td><strong>Dok\u0142adno\u015b\u0107<\/strong><\/td>\n<p> pomiaru odleg\u0142o\u015bci<\/p>\n<td>0,2 mm (kamera)<\/td>\n<\/tr>\n<tr>\n<td><strong>Precyzja<\/strong><\/td>\n<p> ruchu<\/p>\n<td>0,00482 mm<\/td>\n<\/tr>\n<tr>\n<td><strong>Certyfikat<\/strong><\/td>\n<p> bezpiecze\u0144stwa<\/p>\n<td>Klasa bezpiecze\u0144stwa laserowego 4<\/td>\n<\/tr>\n<tr>\n<td><strong>Rozmiar<\/strong><\/td>\n<p> urz\u0105dzenia<\/p>\n<td>294 \u00d7 429 \u00d7 521 mm<\/td>\n<\/tr>\n<tr>\n<td><strong>Waga<\/strong><\/td>\n<p> urz\u0105dzenia<\/p>\n<td>F2 Ultra: 21,6 kg<br \/>\nF2 Ultra (pojedynczy): 20,8 kg<\/td>\n<\/tr>\n<tr>\n<td><strong>Max. Zu\u017cycie energii <\/strong><\/td>\n<td>400 W<\/td>\n<\/tr>\n<tr>\n<td><strong>Napi\u0119cie<\/strong><\/td>\n<p> zasilacza<\/p>\n<td>220\u2013240 V pr\u0105du przemiennego, 50\/60 Hz<\/td>\n<\/tr>\n<\/tbody>\n<\/table>\n<hr>\n<h2>???? <strong>Co jest w pude\u0142ku<\/strong><\/h2>\n<p>xTool F2 Ultra, kontroler dotykowy, w\u0105\u017c, zasilacz, kabel zasilaj\u0105cy, kabel USB, klucz, panel kratki, element pozycjonuj\u0105cy w kszta\u0142cie litery L, serwetka z w\u0142\u00f3kniny, \u015brubokr\u0119t, zestaw materia\u0142\u00f3w, skr\u00f3cona instrukcja obs\u0142ugi, instrukcje bezpiecze\u0144stwa.<\/p>\n<h2>Dost\u0119pne zestawy:<\/h2>\n<table>\n<tbody>\n<tr>\n<td><img decoding=\"async\" class=\"aligncenter\" src=\"https:\/\/eltechnika.eu\/wp-content\/uploads\/2025\/10\/xtool-f2-ultra-lazerines-stakles_1-1-160x160.jpg\" alt=\"Samodzielny\"><\/td>\n<td><img decoding=\"async\" class=\"aligncenter\" src=\"https:\/\/eltechnika.eu\/wp-content\/uploads\/2025\/10\/xtool-f2ultra_1-160x160.jpg\" alt=\"+ Przeno\u015bnik ta\u015bmowy\"><\/td>\n<td><img decoding=\"async\" class=\"aligncenter\" src=\"https:\/\/eltechnika.eu\/wp-content\/uploads\/2025\/10\/XF2U-DB-160x160.jpg\" alt=\"Pakiet Deluxe\"><\/td>\n<\/tr>\n<tr>\n<td style=\"text-align: center;\"><strong>Samodzielny<\/strong><\/td>\n<td style=\"text-align: center;\"><strong>+ Przeno\u015bnik<\/strong><\/td>\n<p> ta\u015bmowy<\/p>\n<td style=\"text-align: center;\"><strong>Pakiet Deluxe<\/strong><\/td>\n<\/tr>\n<tr>\nJednostka <\/p>\n<td style=\"text-align: center;\"><small>F2 Ultra<\/small><\/td>\n<td style=\"text-align: center;\"><small>+ <strong>Przeno\u015bnik Auto Streamline\u2122<\/strong> (obszar roboczy do 220 \u00d7 500 mm, szybsza praca seryjna).<\/small><\/td>\n<td style=\"text-align: center;\"><small>Wszystko od + Przeno\u015bnik + jednostka <strong>filtracji powietrza (AP2)<\/strong> i <strong>przystawka obrotowa (RA2 Pro)<\/strong> do prac cylindrycznych.<\/small><\/td>\n<\/tr>\n<\/tbody>\n<\/table>\n","protected":false},"excerpt":{"rendered":"<p data-start=\"1355\" data-end=\"1712\"><em data-start=\"1355\" data-end=\"1371\">Seria xTool F<\/em> to laser \u015bwiat\u0142owodowy klasy hobbystycznej do pracy z metalami. Zapewniaj\u0105 jasne, precyzyjne grawerowanie i d\u0142ugotrwa\u0142e rezultaty nawet na skomplikowanych powierzchniach. \u015awietny wyb\u00f3r dla tych, kt\u00f3rzy chc\u0105 tworzy\u0107 spersonalizowane akcesoria metalowe, narz\u0119dzia, tabliczki znamionowe, a nawet produkcj\u0119 na ma\u0142\u0105 skal\u0119.  <\/p>\n","protected":false},"featured_media":10969,"template":"","meta":{"_acf_changed":false},"product_brand":[],"product_cat":[415],"product_tag":[],"class_list":{"0":"post-11843","1":"product","2":"type-product","3":"status-publish","4":"has-post-thumbnail","6":"product_cat-xtool-hobby-diy","7":"","8":"woocommerce-text-align-center","9":"woocommerce-image-align-center","10":"wc-has-gallery","12":"first","13":"instock","14":"shipping-taxable","15":"product-type-simple"},"acf":[],"_links":{"self":[{"href":"https:\/\/eltechnika.eu\/pl\/wp-json\/wp\/v2\/product\/11843","targetHints":{"allow":["GET"]}}],"collection":[{"href":"https:\/\/eltechnika.eu\/pl\/wp-json\/wp\/v2\/product"}],"about":[{"href":"https:\/\/eltechnika.eu\/pl\/wp-json\/wp\/v2\/types\/product"}],"wp:featuredmedia":[{"embeddable":true,"href":"https:\/\/eltechnika.eu\/pl\/wp-json\/wp\/v2\/media\/10969"}],"wp:attachment":[{"href":"https:\/\/eltechnika.eu\/pl\/wp-json\/wp\/v2\/media?parent=11843"}],"wp:term":[{"taxonomy":"product_brand","embeddable":true,"href":"https:\/\/eltechnika.eu\/pl\/wp-json\/wp\/v2\/product_brand?post=11843"},{"taxonomy":"product_cat","embeddable":true,"href":"https:\/\/eltechnika.eu\/pl\/wp-json\/wp\/v2\/product_cat?post=11843"},{"taxonomy":"product_tag","embeddable":true,"href":"https:\/\/eltechnika.eu\/pl\/wp-json\/wp\/v2\/product_tag?post=11843"}],"curies":[{"name":"wp","href":"https:\/\/api.w.org\/{rel}","templated":true}]}}