{"id":11834,"date":"2025-10-02T15:29:30","date_gmt":"2025-10-02T12:29:30","guid":{"rendered":"https:\/\/eltechnika.eu\/produktas\/seria-p-maszyna-do-grawerowania-i-ciecia-laserem-co2\/"},"modified":"2025-10-23T15:51:22","modified_gmt":"2025-10-23T12:51:22","slug":"seria-p-maszyna-do-grawerowania-i-ciecia-laserem-co2","status":"publish","type":"product","link":"https:\/\/eltechnika.eu\/pl\/produkt\/seria-p-maszyna-do-grawerowania-i-ciecia-laserem-co2\/","title":{"rendered":"Seria P: Maszyna do grawerowania i ci\u0119cia laserem CO2"},"content":{"rendered":"<h1><strong>xTool P3 \u2013 flagowy laser CO\u2082 o mocy 80 W z inteligentn\u0105 automatyzacj\u0105<\/strong><\/h1>\n<p>Najmocniejszy, najszybszy i najszerszy obszar roboczy xTool CO\u2082 laser z inteligentnymi funkcjami automatyzacji. <strong>Z obszarem roboczym 80 W CO\u2082<\/strong>, <strong>914 \u00d7 457 mm<\/strong> , pr\u0119dko\u015bciami do <strong>1 200 mm\/s<\/strong> \u2014 jest to nast\u0119pna generacja wydajno\u015bci lasera biurkowego. <\/p>\n<hr>\n<h2>\u2702\ufe0f <strong>Mistrz materia\u0142\u00f3w<\/strong><\/h2>\n<p>Laser CO\u2082 o mocy 80 W zapewnia czystsze ci\u0119cie przy znacznie mniejszej ilo\u015bci w\u0119gla ni\u017c lasery diodowe. P3 \u015bwietnie nadaje si\u0119 do ci\u0119cia i grawerowania <strong>przezroczystego akrylu<\/strong> , a nawet <strong>szk\u0142a<\/strong> \u2014 w przypadku przezroczystych materia\u0142\u00f3w, z kt\u00f3rymi diody zwykle sobie nie radz\u0105. Od <strong>drewna o grubo\u015bci 20 mm<\/strong> i <strong>akrylu o grubo\u015bci 25 mm<\/strong> po cienkie tkaniny, P3 poradzi sobie ze wszystkim.  <\/p>\n<hr>\n<h2>???? <strong>Synergia dw\u00f3ch kamer i dok\u0142adno\u015b\u0107 0,2 mm<\/strong><\/h2>\n<p>Obie kamery dzia\u0142aj\u0105 jako jeden: <strong>kamera panoramiczna SkyView 16 MP<\/strong> do du\u017cych projekt\u00f3w i zbli\u017ce\u0144 szczeg\u00f3\u0142\u00f3w, z dok\u0142adno\u015bci\u0105 <strong>do ~0,2 mm<\/strong> . System automatycznie wybiera najbardziej odpowiedni\u0105 kamer\u0119 i zapewnia idealne dopasowanie, od oznakowania po ultradelikatn\u0105 bi\u017cuteri\u0119. <\/p>\n<hr>\n<h2>\u2b06\ufe0f\u2744\ufe0f <strong>Podstawa AutoLift i ch\u0142odnica wody z falownikiem<\/strong><\/h2>\n<p>Wbudowana podstawa <strong>AutoLift<\/strong> automatycznie ustawia ostro\u015b\u0107 i zapewnia do <strong>220 mm<\/strong> wysoko\u015bci w pionie, co jest wygodne w przypadku grubych lub wysokich obiekt\u00f3w. Ponadto <strong>ch\u0142odnica wody z inwerterem spr\u0119\u017carki<\/strong> precyzyjnie reguluje temperatur\u0119, utrzymuje stabiln\u0105 moc przez d\u0142ugie prace i wyd\u0142u\u017ca \u017cywotno\u015b\u0107 urz\u0105dzenia. <\/p>\n<hr>\n<h2>???? <strong>Wymienne soczewki do ustawiania ostro\u015bci<\/strong><\/h2>\n<p>Wybierz obiektyw zgodnie z zadaniem:<\/p>\n<ul>\n<li><strong>S \u2013 38 mm<\/strong>: Do bardzo drobnych wzor\u00f3w i cienkiego grawerowania akrylowego.<\/li>\n<li><strong>M \u2013 50 mm<\/strong>: uniwersalny do materia\u0142\u00f3w codziennego u\u017cytku (drewno, sk\u00f3ra, akryl) \u2014 <strong>w zestawie<\/strong>.<\/li>\n<li><strong>L \u2013 63 mm<\/strong>: Do mocnego ci\u0119cia g\u0119stego drewna, grubego akrylu, o g\u0142adkich kraw\u0119dziach.<br \/>\nRozmiary S i L s\u0105 dodatkowe.<\/li>\n<\/ul>\n<hr>\n<h2>\u267e\ufe0f  <strong>1 urz\u0105dzenie. 2 technologie. \u221e mo\u017cliwo\u015bci  <\/strong><\/h2>\n<p>Kontroluj <strong>300+ materia\u0142\u00f3w<\/strong> , \u0142\u0105cz\u0105c ci\u0119cie <strong>CO\u2082 o mocy 80 W<\/strong> i modu\u0142 <strong>podczerwieni o mocy 5 W<\/strong> do precyzyjnego grawerowania na metalach (modu\u0142 IR sprzedawany oddzielnie; dost\u0119pny p\u00f3\u017aniej).<\/p>\n<hr>\n<h2>???? <strong>ACS\u2122 \u2013 System Automatycznego Tworzenia<\/strong><\/h2>\n<p>Przep\u0142yw pracy Place &amp; Go \u0142\u0105czy w sobie wizj\u0119 komputerow\u0105, pomiar odleg\u0142o\u015bci i sterowanie ruchem:<\/p>\n<ul>\n<li><strong>Auto-Positioning<\/strong> \u2013 podw\u00f3jna kamera natychmiast tworzy widok ca\u0142ego obszaru (dok\u0142adno\u015b\u0107 ~0,2 mm).<\/li>\n<li><strong>LiDAR Auto-Ranging<\/strong> \u2013 bezdotykowy pomiar odleg\u0142o\u015bci dla idealnej ostro\u015bci.<\/li>\n<li><strong>Automatyczne podnoszenie ostro\u015bci<\/strong> \u2013 podstawa AutoLift automatycznie podnosi Ci\u0119 do idealnej ostro\u015bci.<\/li>\n<\/ul>\n<hr>\n<h2>????\u27a1\ufe0f <strong>Inteligentny podajnik przeno\u015bnika<\/strong><\/h2>\n<p>Zamie\u0144 P3 w wielkoformatowe narz\u0119dzie produkcyjne: system <strong>automatycznie dokr\u0119ca, centruje i<\/strong> podaje materia\u0142 \u2014 od przegl\u0105du po obr\u00f3bk\u0119. <strong>Baza<\/strong> jest instalowana raz; Dodajesz szyny w ci\u0105gu kilku sekund. <\/p>\n<hr>\n<h2>???? <strong>MagSwap\u2122 RA3 Obrotowy<\/strong><\/h2>\n<ul>\n<li><strong>Mapowanie\u2122 LiDAR 360\u00b0<\/strong> \u2013 idealny <strong>podgl\u0105d 3D<\/strong> przed grawerowaniem.<\/li>\n<li><strong>Seconds to Swap<\/strong> to ultraszybka wymiana bez u\u017cycia narz\u0119dzi.<\/li>\n<li><strong>Szczypce w kszta\u0142cie litery T<\/strong> zapewniaj\u0105 lepsz\u0105 przyczepno\u015b\u0107 do kraw\u0119dzi o \u015brednicy do <strong>130 mm<\/strong> .<\/li>\n<li><strong>Partia<\/strong> \u2013 grawerowanie seryjne do <strong>1 200 mm\/s<\/strong>.<\/li>\n<\/ul>\n<hr>\n<h2>????\ufe0f <strong>Wielopoziomowe zabezpieczenia<\/strong><\/h2>\n<ul>\n<li><strong>Inteligentna detekcja<\/strong> \u2013 <strong>8<\/strong> czujnik\u00f3w p\u0142omienia, <strong>czujnik temperatury<\/strong> i <strong>kamery boczne<\/strong> monitoruj\u0105 ca\u0142y obszar roboczy, a nawet szuflad\u0119 na odpady z wyprzedzeniem.<\/li>\n<li><strong>Wbudowany system ga\u015bniczy CO\u2082 o pojemno\u015bci 0,6 l<\/strong> \u2013 uruchamia <strong>&lt;si\u0119 na 1 s<\/strong> i natychmiast gasi zap\u0142on.<\/li>\n<li><strong>Certyfikat klasy 1<\/strong> \u2013 hamulce bezpiecze\u0144stwa pokrywy\/tacki na odpady, <strong>E-Stop<\/strong>, zamek na klucz.<\/li>\n<li><strong>SafetyPro\u2122 AP2 Max<\/strong> \u2013 <strong>filtr 7-warstwowy<\/strong> , <strong>SuperCyclone<\/strong>, przep\u0142yw powietrza do <strong>700 m\u00b3\/h<\/strong> .<\/li>\n<\/ul>\n<hr>\n<h2>???? <strong>Monitor Live Dual-View<\/strong><\/h2>\n<p>Monitoruj produkcj\u0119 w czasie rzeczywistym \u2014 nie umknie Ci \u017caden szczeg\u00f3\u0142.<\/p>\n<hr>\n<h2>\u2699\ufe0f <strong>Specyfikacja techniczna<\/strong><\/h2>\n<table>\n<thead>\n<tr>\n<th>Ustawienie<\/th>\n<th>Warto\u015b\u0107<\/th>\n<\/tr>\n<\/thead>\n<tbody>\n<tr>\n<td><strong>Typ lasera<\/strong><\/td>\n<td>Laser CO\u2082 80 W + laser IR 5 W (opcjonalnie)<\/td>\n<\/tr>\n<tr>\n<td><strong>Tryby<\/strong><\/td>\n<p> pracy<\/p>\n<td>Ci\u0119cie laserowe, grawerowanie laserowe<\/td>\n<\/tr>\n<tr>\n<td><strong>Obs\u0142ugiwane materia\u0142y<\/strong><\/td>\n<td><strong>Ci\u0119cie:<\/strong> drewna, akrylu, tkaniny, sk\u00f3ry itp.<br \/>\n<strong>Grawerowanie:<\/strong> metal, szk\u0142o,, ceramika itp. (300+ materia\u0142\u00f3w) <\/td>\n<\/tr>\n<tr>\n<td><strong>Obszar roboczy<\/strong><\/td>\n<td>914 \u00d7 457 mm<\/td>\n<\/tr>\n<tr>\n<td><strong>Maksymalna pr\u0119dko\u015b\u0107<\/strong><\/td>\n<p> robocza<\/p>\n<td>1200 mm\/s, przyspieszenie w osi X 19 600 mm\/s\u00b2<\/td>\n<\/tr>\n<tr>\n<td><strong>Max. Grubo\u015b\u0107 ci\u0119cia (lipiec) <\/strong><\/td>\n<td>20 mm w jednym przej\u015bciu<\/td>\n<\/tr>\n<tr>\n<td><strong>Max. Grubo\u015b\u0107 ci\u0119cia (akryl) <\/strong><\/td>\n<td>25 mm w jednym przej\u015bciu<\/td>\n<\/tr>\n<tr>\n<td><strong>Max. Wysoko\u015b\u0107 obr\u00f3bki <\/strong><\/td>\n<td>220 mm<\/td>\n<\/tr>\n<tr>\n<td><strong>Max. \u015brednica grawerowania obrotowego <\/strong><\/td>\n<td>0-200 mm<\/td>\n<\/tr>\n<tr>\n<td><strong>Oprogramowanie<\/strong><\/td>\n<td>xTool Studio (studio xTool<\/td>\n<p>)<br \/>\n<\/tr>\n<tr>\n<td><strong>Kompatybilny system operacyjny<\/strong><\/td>\n<td>Okna \/ macOS<\/td>\n<\/tr>\n<tr>\n<td><strong>Metody<\/strong><\/td>\n<p> komunikacji<\/p>\n<td>USB\/Wi-Fi<\/td>\n<\/tr>\n<tr>\n<td><strong>Obs\u0142ugiwane pliki<\/strong><\/td>\n<td>SVG\/DXF\/JPG\/JPEG\/PNG\/BMP\/TIF<\/td>\n<\/tr>\n<tr>\nKompatybilno\u015b\u0107 <\/p>\n<td><strong>z AImake<\/strong><\/td>\n<td>Wi\u0119c<\/td>\n<\/tr>\n<tr>\n<td><strong>ACS\u2122 (System\u2122 Automatycznego Tworzenia)<\/strong><\/td>\n<td>Wi\u0119c<\/td>\n<\/tr>\n<tr>\n<td><strong>Wbudowane kamery<\/strong><\/td>\n<td>Kamera panoramiczna SkyView 16 MP + kamera bliskiego zasi\u0119gu + 2 kamery boczne<\/td>\n<\/tr>\n<tr>\n<td><strong>Metoda<\/strong><\/td>\n<p> pozycjonowania<\/p>\n<td>Pozycjonowanie z u\u017cyciem dw\u00f3ch kamer<\/td>\n<\/tr>\n<tr>\n<td><strong>Metoda<\/strong><\/td>\n<p> ostro\u015bci<\/p>\n<td>Automatyczne ustawianie ostro\u015bci<\/td>\n<\/tr>\n<tr>\n<td><strong>System<\/strong><\/td>\n<p> pomiaru odleg\u0142o\u015bci<\/p>\n<td>Lidar<\/td>\n<\/tr>\n<tr>\n<td><strong>Metoda<\/strong><\/td>\n<p> recenzji<\/p>\n<td>Podgl\u0105d inteligentnej kamery<\/td>\n<\/tr>\n<tr>\nRozmiar <\/p>\n<td><strong>punktu lasera<\/strong><\/td>\n<td>Obiektyw S: 0,14 \u00d7 0,16 mm (opcjonalnie)<br \/>\nObiektyw M: 0,15 \u00d7 0,18 mm (standard)<br \/>\n Obiektyw L: 0,18 \u00d7 0,20 mm (opcjonalnie)<\/td>\n<\/tr>\n<tr>\n<td><strong>Dok\u0142adno\u015b\u0107<\/strong><\/td>\n<p> pozycjonowania<\/p>\n<td>0,2 mm (kamera)<\/td>\n<\/tr>\n<tr>\n<td><strong>Precyzja<\/strong><\/td>\n<p> ruchu<\/p>\n<td>0,01 mm<\/td>\n<\/tr>\n<tr>\n<td><strong>Certyfikat<\/strong><\/td>\n<p> bezpiecze\u0144stwa<\/p>\n<td>Klasa bezpiecze\u0144stwa lasera 1<\/td>\n<\/tr>\n<tr>\n<td><strong>Wymiary<\/strong><\/td>\n<p> urz\u0105dzenia<\/p>\n<td>od 1250 \u00d7 780 \u00d7 496 mm<\/td>\n<\/tr>\n<tr>\n<td><strong>Waga<\/strong><\/td>\n<p> urz\u0105dzenia<\/p>\n<td>105 kg<\/td>\n<\/tr>\n<tr>\n<td><strong>Max. Zu\u017cycie energii <\/strong><\/td>\n<td>1400 W<\/td>\n<\/tr>\n<tr>\n<td><strong>Napi\u0119cie<\/strong><\/td>\n<p> zasilacza<\/p>\n<td>100\u2013240 V pr\u0105du przemiennego, 50 Hz<\/td>\n<\/tr>\n<\/tbody>\n<\/table>\n<h2>Dost\u0119pne zestawy:<\/h2>\n<table>\n<tbody>\n<tr>\n<td><img decoding=\"async\" class=\"aligncenter\" src=\"https:\/\/eltechnika.eu\/wp-content\/uploads\/2025\/10\/xtool-p3-438188-1-160x160.jpg\" alt=\"Samodzielny\"><\/td>\n<td><img decoding=\"async\" class=\"aligncenter\" src=\"https:\/\/eltechnika.eu\/wp-content\/uploads\/2025\/10\/p3-co2-laser-160x160.jpg\" alt=\"Wszechstronny pakiet\"><\/td>\n<td><img decoding=\"async\" class=\"aligncenter\" src=\"https:\/\/eltechnika.eu\/wp-content\/uploads\/2025\/10\/XP3-AIOB-160x160.jpg\" alt=\"Pakiet \"wszystko w jednym\"\"><\/td>\n<\/tr>\n<tr>\n<td style=\"text-align: center;\"><strong>Samodzielny<\/strong><\/td>\n<td style=\"text-align: center;\"><strong>Wszechstronny pakiet<\/strong><\/td>\n<td style=\"text-align: center;\"><strong>Pakiet &#8222;wszystko w jednym<\/strong><\/td>\n<p>&#8221;<br \/>\n<\/tr>\n<tr>\n<td style=\"text-align: center;\"><small><br \/>\nTylko urz\u0105dzenie P3. Odpowiednie, je\u015bli planujesz wybra\u0107 akcesoria (obrotowy\/podajnik\/filtracja) osobno.<br \/>\n<\/small><\/td>\n<td style=\"text-align: center;\"><small><br \/>\n+ <strong>Mobilny stojak roboczy<\/strong> Solidny stojak, <strong>obrotowy RA3 MagSwap\u2122<\/strong> do pracy cylindrycznej, <strong>inteligentny podajnik przeno\u015bnika<\/strong> do d\u0142ugich element\u00f3w<br \/>\n<\/small><\/td>\n<td style=\"text-align: center;\"><small><br \/>\nWszystko od Versatile + <strong>SafetyPro\u2122 AP2 (jednostka filtracji powietrza)<\/strong> dla bezpieczniejszej pracy w pomieszczeniach.<br \/>\n<\/small><\/td>\n<\/tr>\n<\/tbody>\n<\/table>\n","protected":false},"excerpt":{"rendered":"<p data-start=\"1355\" data-end=\"1712\"><em data-start=\"920\" data-end=\"936\">Seria xTool P<\/em> to kompaktowe lasery CO\u2082 przeznaczone do powa\u017cniejszych projekt\u00f3w hobbystycznych lub ma\u0142ych firm. Oferuj\u0105 wi\u0119ksz\u0105 moc, dok\u0142adno\u015b\u0107 i mo\u017cliwo\u015bci ni\u017c lasery diodowe, dzi\u0119ki czemu doskonale nadaj\u0105 si\u0119 zar\u00f3wno do ci\u0119cia, jak i grawerowania.<br data-start=\"1145\" data-end=\"1148\">Sprz\u0119t z serii P pozwoli Ci pracowa\u0107 z szersz\u0105 gam\u0105 materia\u0142\u00f3w i osi\u0105gn\u0105\u0107 wysok\u0105 jako\u015b\u0107 w produkcji ozd\u00f3b, akcesori\u00f3w, produkt\u00f3w upominkowych czy ma\u0142ych serii na sprzeda\u017c. <\/p>\n","protected":false},"featured_media":11067,"template":"","meta":{"_acf_changed":false},"product_brand":[],"product_cat":[415],"product_tag":[],"class_list":{"0":"post-11834","1":"product","2":"type-product","3":"status-publish","4":"has-post-thumbnail","6":"product_cat-xtool-hobby-diy","7":"","8":"woocommerce-text-align-center","9":"woocommerce-image-align-center","10":"wc-has-gallery","12":"first","13":"instock","14":"shipping-taxable","15":"product-type-simple"},"acf":[],"_links":{"self":[{"href":"https:\/\/eltechnika.eu\/pl\/wp-json\/wp\/v2\/product\/11834","targetHints":{"allow":["GET"]}}],"collection":[{"href":"https:\/\/eltechnika.eu\/pl\/wp-json\/wp\/v2\/product"}],"about":[{"href":"https:\/\/eltechnika.eu\/pl\/wp-json\/wp\/v2\/types\/product"}],"wp:featuredmedia":[{"embeddable":true,"href":"https:\/\/eltechnika.eu\/pl\/wp-json\/wp\/v2\/media\/11067"}],"wp:attachment":[{"href":"https:\/\/eltechnika.eu\/pl\/wp-json\/wp\/v2\/media?parent=11834"}],"wp:term":[{"taxonomy":"product_brand","embeddable":true,"href":"https:\/\/eltechnika.eu\/pl\/wp-json\/wp\/v2\/product_brand?post=11834"},{"taxonomy":"product_cat","embeddable":true,"href":"https:\/\/eltechnika.eu\/pl\/wp-json\/wp\/v2\/product_cat?post=11834"},{"taxonomy":"product_tag","embeddable":true,"href":"https:\/\/eltechnika.eu\/pl\/wp-json\/wp\/v2\/product_tag?post=11834"}],"curies":[{"name":"wp","href":"https:\/\/api.w.org\/{rel}","templated":true}]}}