{"id":11833,"date":"2025-10-02T17:15:25","date_gmt":"2025-10-02T14:15:25","guid":{"rendered":"https:\/\/eltechnika.eu\/produktas\/drukarka-dtf-do-druku-na-ubraniach\/"},"modified":"2025-10-23T15:51:22","modified_gmt":"2025-10-23T12:51:22","slug":"drukarka-dtf-do-druku-na-ubraniach","status":"publish","type":"product","link":"https:\/\/eltechnika.eu\/pl\/produkt\/drukarka-dtf-do-druku-na-ubraniach\/","title":{"rendered":"Drukarka DTF do druku na ubraniach"},"content":{"rendered":"<h1><strong>Drukarka odzie\u017cowa xTool \u2013 drukarka DTF jednym klikni\u0119ciem<\/strong><\/h1>\n<p>xTool Apparel Printer tworzy rozwi\u0105zanie do druku DTF, w kt\u00f3rym ca\u0142y proces \u2013 drukowanie, malowanie proszkowe, suszenie \u2013 odbywa si\u0119 automatycznie za pomoc\u0105 jednego klikni\u0119cia.<\/p>\n<hr>\n<h2>???? ???????? <strong>Proces drukowania i pieczenia jednym klikni\u0119ciem<\/strong><\/h2>\n<p>Wszystkie etapy \u2013 drukowanie, malowanie proszkowe, wytrz\u0105sanie, suszenie \u2013 s\u0105 zintegrowane w jednym systemie. Wygodny proces pracy bez r\u0119cznego prze\u0142\u0105czania na r\u00f3\u017cne urz\u0105dzenia. <\/p>\n<hr>\n<h2>???? <strong>Nadruki na wszystkich tkaninach<\/strong><\/h2>\n<p>Urz\u0105dzenie bez kompromis\u00f3w radzi sobie zar\u00f3wno z jasnymi, jak i ciemnymi tkaninami. Mo\u017ce drukowa\u0107 na koszulkach, bluzach, torbach i innych rodzajach tkanin. <\/p>\n<hr>\n<h2>???? <strong>Konserwacja i automatyczna konserwacja (SmartCycle\u2122)<\/strong><\/h2>\n<p>Drukarka stale monitoruje wilgotno\u015b\u0107 i temperatur\u0119, automatycznie czy\u015bci g\u0142owice drukuj\u0105ce i cyrkuluje bia\u0142y atrament, aby zapobiec zatykaniu.<\/p>\n<hr>\n<h2>???? <strong>Precyzja odwzorowania kolor\u00f3w i technologia<\/strong><\/h2>\n<ul>\n<li>Zastosowano dwie <strong>g\u0142owice drukuj\u0105ce Epson I1600<\/strong>, kt\u00f3re wsp\u00f3\u0142pracuj\u0105 ze sob\u0105 \u2013 jedna nak\u0142ada kolor, a druga bia\u0142y tusz na ciemn\u0105 tkanin\u0119.<\/li>\n<li><strong>Certyfikat G7<\/strong> \u2013 kolory s\u0105 zarz\u0105dzane w celu dok\u0142adnego odwzorowania zgodnie ze standardami bran\u017cowymi.<\/li>\n<\/ul>\n<hr>\n<h2>???? <strong>Oprogramowanie typu &#8222;wszystko w jednym&#8221;, \u0142atwe drukowanie<\/strong><\/h2>\n<p>Ca\u0142y proces pracy \u2013 od projektu do gotowej folii \u2013 jest <strong>zarz\u0105dzany w jednym oprogramowaniu<\/strong>.<\/p>\n<ul>\n<li>Koniec z \u0142\u0105czeniem 3-5 oddzielnych aplikacji lub dodatk\u00f3w.<\/li>\n<li>Intuicyjny interfejs przeznaczony zar\u00f3wno dla pocz\u0105tkuj\u0105cych, jak i profesjonalist\u00f3w.<\/li>\n<li>Mo\u017cliwo\u015b\u0107 dok\u0142adnego i sp\u00f3jnego drukowania, bez dodatkowej pracy.<\/li>\n<\/ul>\n<hr>\n<h2>\u23f1\ufe0f <strong>Uwolnij potencja\u0142 drukowania i pieczenia w ci\u0105gu 1 godziny<\/strong><\/h2>\n<p>Dzi\u0119ki automatyzacji Print-to-Bake, xTool Apparel Printer pozwala na przygotowanie oko\u0142o <strong>4,6 m\u00b2 zadrukowanej i wypalonej folii<\/strong> w ci\u0105gu <strong>1 godziny<\/strong>.<\/p>\n<ul>\n<li>Wydajny w produkcji seryjnej.<\/li>\n<li>Nadaje si\u0119 zar\u00f3wno do ma\u0142ych, jak i \u015brednich partii.<\/li>\n<li>Pozwala zmniejszy\u0107 zapotrzebowanie na si\u0142\u0119 robocz\u0105 i liczb\u0119 b\u0142\u0119d\u00f3w.<\/li>\n<\/ul>\n<hr>\n<h2>\u2699\ufe0f <strong>Parametry pracy<\/strong><\/h2>\n<table>\n<thead>\n<tr>\n<th>Ustawienie<\/th>\n<th>Warto\u015b\u0107<\/th>\n<\/tr>\n<\/thead>\n<tbody>\n<tr>\n<td><strong>Szeroko\u015b\u0107<\/strong><\/td>\n<p> druku<\/p>\n<td>356 milimetr<\/td>\n<\/tr>\n<tr>\n<td><strong>Maksymalny obszar<\/strong><\/td>\n<p> wydruku<\/p>\n<td>356 mm \u00d7 460 mm<\/td>\n<\/tr>\n<tr>\n<td><strong>Tryb<\/strong><\/td>\n<p> drukowania<\/p>\n<td>Pojedynczy arkusz podawany\/podawany z rolki (zostanie wprowadzony p\u00f3\u017aniej)<\/td>\n<\/tr>\n<tr>\n<td><strong>G\u0142owice<\/strong><\/td>\n<p> drukuj\u0105ce<\/p>\n<td>Podw\u00f3jne g\u0142owice drukuj\u0105ce nowej generacji<\/td>\n<\/tr>\n<tr>\n<td><strong>Zarz\u0105dzanie kolorami<\/strong><\/td>\n<td>Standardowy kolor G7<\/td>\n<\/tr>\n<tr>\n<td><strong>Kompatybilne systemy<\/strong><\/td>\n<td>Okna \/ macOS<\/td>\n<\/tr>\n<tr>\n<td><strong>Wymiary (pojedynczy rozmiar drukarki)<\/strong><\/td>\n<td>905 \u00d7 365 \u00d7 356,5 mm<\/td>\n<\/tr>\n<tr>\n<td><strong>Ci\u0119\u017car<\/strong><\/td>\n<td>34 kg<\/td>\n<\/tr>\n<tr>\nZu\u017cycie <\/p>\n<td><strong>energii w trybie u\u015bpienia drukarki<\/strong><\/td>\n<td>23,5 W (ok. 0,5 kWh dziennie)<\/td>\n<\/tr>\n<tr>\n<td><strong>Temperatura<\/strong><\/td>\n<td>15-30 \u00b0C (zalecane 20-30 \u00b0C)<\/td>\n<\/tr>\n<tr>\n<td><strong>Wilgotno\u015b\u0107<\/strong><\/td>\n<td>30% \u2013 80% wilgotno\u015bci wzgl\u0119dnej (zalecane 50% \u2013 80%)<\/td>\n<\/tr>\n<\/tbody>\n<\/table>\n<h2>Dost\u0119pne zestawy:<\/h2>\n<table>\n<tbody>\n<tr>\n<td><img decoding=\"async\" class=\"aligncenter\" src=\"https:\/\/eltechnika.eu\/wp-content\/uploads\/2025\/10\/xtool-dtf-printer-160x160.jpg\" alt=\"Samodzielny\"><\/td>\n<td><img decoding=\"async\" class=\"aligncenter\" src=\"https:\/\/eltechnika.eu\/wp-content\/uploads\/2025\/10\/xtool-dtf-printer-versatile-bundle-160x160.jpg\" alt=\"Wszechstronny pakiet\"><\/td>\n<td><img decoding=\"async\" class=\"aligncenter\" src=\"https:\/\/eltechnika.eu\/wp-content\/uploads\/2025\/10\/xtool-dtf-printer-all-in-one-bundle-160x160.jpg\" alt=\"Pakiet \"wszystko w jednym\"\"><\/td>\n<\/tr>\n<tr>\n<td style=\"text-align: center;\"><strong>Samodzielny<\/strong><\/td>\n<td style=\"text-align: center;\"><strong>Wszechstronny pakiet<\/strong><\/td>\n<td style=\"text-align: center;\"><strong>Pakiet &#8222;wszystko w jednym<\/strong><\/td>\n<p>&#8221;<br \/>\n<\/tr>\n<tr>\n<td style=\"text-align: center;\"><small>Tylko drukarka, bez piekarnika do wytrz\u0105sania i filtrowania, jest przeznaczona dla tych, kt\u00f3rzy maj\u0105 ju\u017c sprz\u0119t do suszenia i przetwarzania.<\/small><\/td>\n<td style=\"text-align: center;\"><small>Drukarka + automatyczny piekarnik (malowanie proszkowe, potrz\u0105sanie, suszenie) \u2014 szybki start.<\/small><\/td>\n<td style=\"text-align: center;\"><small>Kompletny pakiet: drukarka + wytrz\u0105sarka + jednostka filtracji powietrza \u2014 profesjonalne, bezpieczne i gotowe do pracy w pe\u0142nym \u015brodowisku produkcyjnym.<\/small><\/td>\n<\/tr>\n<\/tbody>\n<\/table>\n","protected":false},"excerpt":{"rendered":"<p data-start=\"1355\" data-end=\"1712\"><em data-start=\"1747\" data-end=\"1783\">Drukarki DTF (Direct-to-Film)<\/em> to innowacyjna technologia druku na tekstyliach, kt\u00f3ra pozwala tworzy\u0107 kolorowe, jasne i trwa\u0142e wzory na koszulkach, bluzach, torbach i innych tkaninach. Jest to wygodne rozwi\u0105zanie dla ma\u0142ych firm, agencji reklamowych czy projekt\u00f3w kreatywnych, poniewa\u017c druk nie wymaga skomplikowanych proces\u00f3w przygotowawczych, a efekt uzyskuje si\u0119 szybko i jako\u015bciowo. <\/p>\n","protected":false},"featured_media":11202,"template":"","meta":{"_acf_changed":false},"product_brand":[],"product_cat":[415],"product_tag":[],"class_list":{"0":"post-11833","1":"product","2":"type-product","3":"status-publish","4":"has-post-thumbnail","6":"product_cat-xtool-hobby-diy","7":"","8":"woocommerce-text-align-center","9":"woocommerce-image-align-center","10":"wc-has-gallery","12":"first","13":"instock","14":"shipping-taxable","15":"product-type-simple"},"acf":[],"_links":{"self":[{"href":"https:\/\/eltechnika.eu\/pl\/wp-json\/wp\/v2\/product\/11833","targetHints":{"allow":["GET"]}}],"collection":[{"href":"https:\/\/eltechnika.eu\/pl\/wp-json\/wp\/v2\/product"}],"about":[{"href":"https:\/\/eltechnika.eu\/pl\/wp-json\/wp\/v2\/types\/product"}],"wp:featuredmedia":[{"embeddable":true,"href":"https:\/\/eltechnika.eu\/pl\/wp-json\/wp\/v2\/media\/11202"}],"wp:attachment":[{"href":"https:\/\/eltechnika.eu\/pl\/wp-json\/wp\/v2\/media?parent=11833"}],"wp:term":[{"taxonomy":"product_brand","embeddable":true,"href":"https:\/\/eltechnika.eu\/pl\/wp-json\/wp\/v2\/product_brand?post=11833"},{"taxonomy":"product_cat","embeddable":true,"href":"https:\/\/eltechnika.eu\/pl\/wp-json\/wp\/v2\/product_cat?post=11833"},{"taxonomy":"product_tag","embeddable":true,"href":"https:\/\/eltechnika.eu\/pl\/wp-json\/wp\/v2\/product_tag?post=11833"}],"curies":[{"name":"wp","href":"https:\/\/api.w.org\/{rel}","templated":true}]}}