{"id":10529,"date":"2025-08-27T17:24:59","date_gmt":"2025-08-27T14:24:59","guid":{"rendered":"https:\/\/eltechnika.eu\/produktas\/odpylacz-przemyslowy-todc-4b\/"},"modified":"2025-08-27T18:21:39","modified_gmt":"2025-08-27T15:21:39","slug":"odpylacz-przemyslowy-todc-4b","status":"publish","type":"product","link":"https:\/\/eltechnika.eu\/pl\/produkt\/odpylacz-przemyslowy-todc-4b\/","title":{"rendered":"Odpylacz przemys\u0142owy TODC-4B"},"content":{"rendered":"<h2>TODC-4L: Czyste powietrze &#8211; bezpieczne miejsce pracy<\/h2>\n<p>Intensywne procesy produkcyjne, takie jak ci\u0119cie laserowe, spawanie czy frezowanie, uwalniaj\u0105 do \u015brodowiska du\u017ce ilo\u015bci szkodliwych cz\u0105stek i gaz\u00f3w. Zanieczyszczenia te nie tylko stanowi\u0105 bezpo\u015brednie zagro\u017cenie dla dr\u00f3g oddechowych i og\u00f3lnego stanu zdrowia pracownik\u00f3w, ale mog\u0105 r\u00f3wnie\u017c uszkodzi\u0107 wra\u017cliwy sprz\u0119t przemys\u0142owy poprzez osadzanie si\u0119 na optyce, elektronice lub elementach mechanicznych. Kolektor przemys\u0142owy TODC-4L zosta\u0142 zaprojektowany w celu skutecznego rozwi\u0105zania tego problemu poprzez filtrowanie powietrza i zwracanie go do pomieszczenia w czystej i bezpiecznej postaci.  <\/p>\n<h2>Zaawansowany 4-stopniowy system filtracji<\/h2>\n<p>Sekretem wydajno\u015bci TODC-4L jest sp\u00f3jny, wielostopniowy system filtracji, kt\u00f3ry zatrzymuje cz\u0105steczki i gazy o r\u00f3\u017cnych rozmiarach, zapewniaj\u0105c maksymalne oczyszczanie powietrza:<\/p>\n<ol>\n<li><strong>Filtr wst\u0119pny:<\/strong> pierwsza bariera, kt\u00f3ra zatrzymuje najgrubsze cz\u0105steczki py\u0142u, wi\u00f3ry metalowe i iskry. Chroni filtry znajduj\u0105ce si\u0119 pod nim przed szybkim zabrudzeniem i uszkodzeniem. <\/li>\n<li><strong>Filtr \u015bredni:<\/strong> zatrzymuje drobniejsze, unosz\u0105ce si\u0119 w powietrzu cz\u0105steczki kurzu, wyd\u0142u\u017caj\u0105c \u017cywotno\u015b\u0107 g\u0142\u00f3wnego filtra HEPA.<\/li>\n<li><strong>Filtr HEPA:<\/strong> jest to g\u0142\u00f3wny filtr odpowiedzialny za zbieranie najdrobniejszych i najbardziej niebezpiecznych cz\u0105stek (do 0,3 mikrona), w tym dymu i aerozoli. Jego skuteczno\u015b\u0107 wynosi do 99,97%. <\/li>\n<li><strong>Filtr z w\u0119glem aktywnym:<\/strong> ostatni etap, kt\u00f3ry neutralizuje nieprzyjemne zapachy, lotne zwi\u0105zki organiczne (VOC) i inne szkodliwe gazy uwalniane podczas ci\u0119cia plastiku, akrylu lub innych chemikali\u00f3w.<\/li>\n<\/ol>\n<h2>Zaprojektowany do u\u017cytku przemys\u0142owego<\/h2>\n<p>Ka\u017cdy szczeg\u00f3\u0142 TODC-4L zosta\u0142 przemy\u015blany, aby zapewni\u0107 wygodne i wydajne u\u017cytkowanie w \u015brodowiskach przemys\u0142owych.<\/p>\n<ul>\n<li><strong>Silne ssanie:<\/strong> wysokoci\u015bnieniowy, ale cichy silnik wytwarza silne ssanie, kt\u00f3re skutecznie zbiera zanieczyszczenia bezpo\u015brednio ze \u017ar\u00f3d\u0142a ich powstawania.<\/li>\n<li><strong>Mobilno\u015b\u0107 i elastyczno\u015b\u0107:<\/strong> urz\u0105dzenie jest wyposa\u017cone w k\u00f3\u0142ka, co u\u0142atwia przemieszczanie go w odpowiednie miejsce. Do\u0142\u0105czone elastyczne w\u0119\u017ce umo\u017cliwiaj\u0105 wygodne pod\u0142\u0105czenie odkurzacza do dowolnego sprz\u0119tu. <\/li>\n<li><strong>Solidna konstrukcja:<\/strong> metalowa obudowa jest odporna na uszkodzenia mechaniczne i przeznaczona do intensywnego u\u017cytkowania w warunkach warsztatowych.<\/li>\n<li><strong>\u0141atwa konserwacja:<\/strong> filtry s\u0105 \u0142atwo dost\u0119pne i mo\u017cna je szybko wymieni\u0107, a wska\u017anik stanu filtra informuje o konieczno\u015bci wymiany.<\/li>\n<\/ul>\n<h3>Obszary zastosowa\u0144:<\/h3>\n<ul>\n<li>Ci\u0119cie i grawerowanie laserowe (CO2 i \u015bwiat\u0142ow\u00f3d)<\/li>\n<li>Frezowanie i grawerowanie CNC<\/li>\n<li>Spawanie, lutowanie i szlifowanie metali<\/li>\n<li>Druk 3D (FDM, SLA)<\/li>\n<li>Produkcja i naprawa elektroniki<\/li>\n<li>Laboratoria chemiczne i inne bran\u017ce, w kt\u00f3rych emitowane s\u0105 py\u0142y i opary.<\/li>\n<\/ul>\n<table width=\"454\">\n<tbody>\n<tr>\n<td width=\"261\">Specyfikacja techniczna<\/td>\n<td width=\"193\"><\/td>\n<\/tr>\n<tr data-start=\"929\" data-end=\"991\">\n<td width=\"261\" data-start=\"929\" data-end=\"962\" data-col-size=\"sm\">Model<\/td>\n<td width=\"193\" data-col-size=\"sm\" data-start=\"962\" data-end=\"991\">TODC-4B<\/td>\n<\/tr>\n<tr data-start=\"992\" data-end=\"1054\">\n<td width=\"261\" data-start=\"992\" data-end=\"1025\" data-col-size=\"sm\">Liczba filtr\u00f3w<\/td>\n<td width=\"193\" data-col-size=\"sm\" data-start=\"1025\" data-end=\"1054\">4 szt. wk\u0142ad\u00f3w <\/td>\n<\/tr>\n<tr data-start=\"1055\" data-end=\"1117\">\n<td width=\"261\" data-start=\"1055\" data-end=\"1088\" data-col-size=\"sm\">Obszar filtracji<\/td>\n<td width=\"193\" data-col-size=\"sm\" data-start=\"1088\" data-end=\"1117\">80 m\u00b2<\/td>\n<\/tr>\n<tr data-start=\"1118\" data-end=\"1180\">\n<td width=\"261\" data-start=\"1118\" data-end=\"1151\" data-col-size=\"sm\">Skuteczno\u015b\u0107 filtracji<\/td>\n<td width=\"193\" data-col-size=\"sm\" data-start=\"1151\" data-end=\"1180\">99,99 %<\/td>\n<\/tr>\n<tr data-start=\"1181\" data-end=\"1243\">\n<td width=\"261\" data-start=\"1181\" data-end=\"1214\" data-col-size=\"sm\">Przep\u0142yw powietrza<\/td>\n<td width=\"193\" data-col-size=\"sm\" data-start=\"1214\" data-end=\"1243\">~4000 m\u00b3\/h<\/td>\n<\/tr>\n<tr data-start=\"1244\" data-end=\"1306\">\n<td width=\"261\" data-start=\"1244\" data-end=\"1277\" data-col-size=\"sm\">Moc dmuchawy<\/td>\n<td width=\"193\" data-col-size=\"sm\" data-start=\"1277\" data-end=\"1306\">5,5 kW (Siemens)<\/td>\n<\/tr>\n<tr data-start=\"1307\" data-end=\"1369\">\n<td width=\"261\" data-start=\"1307\" data-end=\"1340\" data-col-size=\"sm\">Pojemno\u015b\u0107 pojemnika zbiorczego<\/td>\n<td width=\"193\" data-col-size=\"sm\" data-start=\"1340\" data-end=\"1369\">45 l<\/td>\n<\/tr>\n<tr data-start=\"1370\" data-end=\"1432\">\n<td width=\"261\" data-start=\"1370\" data-end=\"1403\" data-col-size=\"sm\">Ci\u015bnienie<\/td>\n<td width=\"193\" data-col-size=\"sm\" data-start=\"1403\" data-end=\"1432\">3000 Pa<\/td>\n<\/tr>\n<tr data-start=\"1433\" data-end=\"1499\">\n<td width=\"261\" data-start=\"1433\" data-end=\"1466\" data-col-size=\"sm\">Wymagane spr\u0119\u017cone powietrze<\/td>\n<td width=\"193\" data-col-size=\"sm\" data-start=\"1466\" data-end=\"1499\">0,6 MPa, wolne od oleju i wilgoci<\/td>\n<\/tr>\n<tr data-start=\"1500\" data-end=\"1562\">\n<td width=\"261\" data-start=\"1500\" data-end=\"1533\" data-col-size=\"sm\">Catering<\/td>\n<td width=\"193\" data-col-size=\"sm\" data-start=\"1533\" data-end=\"1562\">3 fazy, 380 V<\/td>\n<\/tr>\n<tr data-start=\"1563\" data-end=\"1625\">\n<td width=\"261\" data-start=\"1563\" data-end=\"1596\" data-col-size=\"sm\">Emisja zanieczyszcze\u0144 powietrza<\/td>\n<td width=\"193\" data-col-size=\"sm\" data-start=\"1596\" data-end=\"1625\">&lt;10 mg\/m\u00b3<\/td>\n<\/tr>\n<tr data-start=\"1626\" data-end=\"1688\">\n<td width=\"261\" data-start=\"1626\" data-end=\"1659\" data-col-size=\"sm\">Waga<\/td>\n<td width=\"193\" data-col-size=\"sm\" data-start=\"1659\" data-end=\"1688\">~700 kg<\/td>\n<\/tr>\n<\/tbody>\n<\/table>\n","protected":false},"excerpt":{"rendered":"<p>Odpylacz przemys\u0142owy TODC-4L to rozwi\u0105zanie zapewniaj\u0105ce czyste i bezpieczne \u015brodowisko pracy. Wydajny, <strong>wielostopniowy system filtracji z filtrami HEPA i filtrami z w\u0119glem aktywnym<\/strong> skutecznie wychwytuje niebezpieczne opary, drobny py\u0142 i lotne zwi\u0105zki organiczne (LZO) powstaj\u0105ce podczas ci\u0119cia laserowego, grawerowania, spawania lub frezowania CNC. Chroni zdrowie pracownik\u00f3w, przed\u0142u\u017ca \u017cywotno\u015b\u0107 drogiego sprz\u0119tu i spe\u0142nia wymogi bezpiecze\u0144stwa w miejscu pracy.  <\/p>\n","protected":false},"featured_media":10522,"template":"","meta":{"_acf_changed":false},"product_brand":[],"product_cat":[387],"product_tag":[],"class_list":{"0":"post-10529","1":"product","2":"type-product","3":"status-publish","4":"has-post-thumbnail","6":"product_cat-fiber-ciecie-metali","7":"","8":"woocommerce-text-align-center","9":"woocommerce-image-align-center","11":"first","12":"instock","13":"shipping-taxable","14":"product-type-simple"},"acf":[],"_links":{"self":[{"href":"https:\/\/eltechnika.eu\/pl\/wp-json\/wp\/v2\/product\/10529","targetHints":{"allow":["GET"]}}],"collection":[{"href":"https:\/\/eltechnika.eu\/pl\/wp-json\/wp\/v2\/product"}],"about":[{"href":"https:\/\/eltechnika.eu\/pl\/wp-json\/wp\/v2\/types\/product"}],"wp:featuredmedia":[{"embeddable":true,"href":"https:\/\/eltechnika.eu\/pl\/wp-json\/wp\/v2\/media\/10522"}],"wp:attachment":[{"href":"https:\/\/eltechnika.eu\/pl\/wp-json\/wp\/v2\/media?parent=10529"}],"wp:term":[{"taxonomy":"product_brand","embeddable":true,"href":"https:\/\/eltechnika.eu\/pl\/wp-json\/wp\/v2\/product_brand?post=10529"},{"taxonomy":"product_cat","embeddable":true,"href":"https:\/\/eltechnika.eu\/pl\/wp-json\/wp\/v2\/product_cat?post=10529"},{"taxonomy":"product_tag","embeddable":true,"href":"https:\/\/eltechnika.eu\/pl\/wp-json\/wp\/v2\/product_tag?post=10529"}],"curies":[{"name":"wp","href":"https:\/\/api.w.org\/{rel}","templated":true}]}}