{"id":10526,"date":"2025-08-27T17:14:58","date_gmt":"2025-08-27T14:14:58","guid":{"rendered":"https:\/\/eltechnika.eu\/produktas\/el-6060p-precyzyjna-maszyna-do-ciecia-wlokien-metalowych\/"},"modified":"2025-08-27T18:21:35","modified_gmt":"2025-08-27T15:21:35","slug":"el-6060p-precyzyjna-maszyna-do-ciecia-wlokien-metalowych","status":"publish","type":"product","link":"https:\/\/eltechnika.eu\/pl\/produkt\/el-6060p-precyzyjna-maszyna-do-ciecia-wlokien-metalowych\/","title":{"rendered":"EL-6060P Precyzyjna maszyna do ci\u0119cia w\u0142\u00f3kien metalowych"},"content":{"rendered":"<h2>ELTECHNIKA EL-6060P: Zautomatyzowane ci\u0119cie rur i profili<\/h2>\n<p>Po\u017cegnaj si\u0119 z nieefektywnymi i niedok\u0142adnymi metodami ci\u0119cia metalowych rur, takimi jak szlifierki k\u0105towe czy pi\u0142y ta\u015bmowe. \u015awiat\u0142owodowa wycinarka laserowa ELTECHNIKA EL-6060P to nowoczesne rozwi\u0105zanie zaprojektowane z my\u015bl\u0105 o pe\u0142nej automatyzacji procesu przygotowywania rur i profili. Maszyna ta nie tylko tnie, ale mo\u017ce r\u00f3wnie\u017c wycina\u0107 skomplikowane kszta\u0142ty, otwory, po\u0142\u0105czenia i wzory z niezr\u00f3wnan\u0105 dok\u0142adno\u015bci\u0105 i szybko\u015bci\u0105. To inwestycja, kt\u00f3ra pozwala produkowa\u0107 bardziej z\u0142o\u017cone konstrukcje szybciej, dok\u0142adniej i taniej.   <\/p>\n<h2>Inteligentna automatyzacja dla maksymalnej produktywno\u015bci<\/h2>\n<p>Jedn\u0105 z najwi\u0119kszych zalet EL-6060P jest zaawansowany system automatyzacji, kt\u00f3ry pozwala maszynie pracowa\u0107 niemal bez interwencji operatora.<\/p>\n<h3>W pe\u0142ni automatyczny za\u0142adunek i roz\u0142adunek<\/h3>\n<p>Maszyny s\u0105 wyposa\u017cone w automatyczny system &#8222;bundle-loading&#8221;, kt\u00f3ry odbiera ca\u0142\u0105 wi\u0105zk\u0119 rur, automatycznie je rozdziela i podaje pojedynczo do strefy ci\u0119cia. Po ci\u0119ciu gotowe cz\u0119\u015bci s\u0105 automatycznie roz\u0142adowywane. Dzi\u0119ki temu maszyna mo\u017ce pracowa\u0107 w cyklu ci\u0105g\u0142ym, podczas gdy materia\u0142y s\u0105 dost\u0119pne, a operator mo\u017ce wykonywa\u0107 inne prace. Drastycznie obni\u017ca to koszty pracy i zwi\u0119ksza produktywno\u015b\u0107.   <\/p>\n<h3>\u0141adowanie p\u00f3\u0142automatyczne<\/h3>\n<p>W przypadku konieczno\u015bci obr\u00f3bki pojedynczych, niestandardowych profili lub mniejszych zam\u00f3wie\u0144, maszyna posiada r\u00f3wnie\u017c p\u00f3\u0142automatyczny za\u0142adunek. Operator mo\u017ce \u0142atwo i szybko r\u0119cznie za\u0142adowa\u0107 pojedynczy element, co zapewnia wi\u0119ksz\u0105 elastyczno\u015b\u0107 produkcji. <\/p>\n<h2>Precyzyjne ci\u0119cie za ka\u017cdym razem<\/h2>\n<p>EL-6060P zosta\u0142 zaprojektowany w celu zapewnienia maksymalnej dok\u0142adno\u015bci i jako\u015bci ci\u0119cia, niezale\u017cnie od kszta\u0142tu i rozmiaru profilu.<\/p>\n<ul>\n<li><strong>Dwa uchwyty pneumatyczne:<\/strong> przedni i tylny uchwyt synchronicznie zaciskaj\u0105 i obracaj\u0105 obrabiany element podczas ci\u0119cia. Dzi\u0119ki temu nawet cienko\u015bcienne profile nie ulegaj\u0105 deformacji i pozostaj\u0105 stabilne przez ca\u0142y proces. <\/li>\n<li><strong>Serwomotory:<\/strong> wszystkie osie s\u0105 kontrolowane przez wysokiej jako\u015bci serwomotory zapewniaj\u0105ce szybkie, precyzyjne i p\u0142ynne ruchy.<\/li>\n<li><strong>Minimalna ilo\u015b\u0107 odpad\u00f3w:<\/strong> sprytna konstrukcja pozwala tylnemu zaciskowi zbli\u017cy\u0107 si\u0119 jak najbli\u017cej obszaru ci\u0119cia, pozostawiaj\u0105c bardzo kr\u00f3tkie resztki niewykorzystanego materia\u0142u.<\/li>\n<\/ul>\n<h2>Wszechstronno\u015b\u0107: obrabialne rury i profile<\/h2>\n<p>Maszyna ta mo\u017ce wydajnie ci\u0105\u0107 rury i profile o r\u00f3\u017cnych kszta\u0142tach wykonane ze stali czarnej, stali nierdzewnej, aluminium i innych metali:<\/p>\n<ul>\n<li>Rury okr\u0105g\u0142e<\/li>\n<li>Profile kwadratowe<\/li>\n<li>Profile prostok\u0105tne<\/li>\n<li>Owalne rurki<\/li>\n<li>Profile w kszta\u0142cie litery L (k\u0105towniki)<\/li>\n<li>I inne niestandardowe profile<\/li>\n<\/ul>\n<table width=\"454\">\n<tbody>\n<tr>\n<td colspan=\"2\" width=\"454\"><strong>G\u0141\u00d3WNE SPECYFIKACJE<\/strong><\/td>\n<\/tr>\n<tr>\n<td><strong>Model<\/strong><\/td>\n<td>EL-6060P<\/td>\n<\/tr>\n<tr>\n<td><strong>\u0179r\u00f3d\u0142o lasera<\/strong><\/td>\n<td>MAX<\/td>\n<\/tr>\n<tr>\n<td><strong>Moc lasera<\/strong><\/td>\n<td>1500W<\/td>\n<\/tr>\n<tr>\n<td><strong>Grubo\u015b\u0107 ci\u0119cia:<\/strong><\/td>\n<td><\/td>\n<\/tr>\n<tr>\n<td><strong>Stal nierdzewna<\/strong><\/td>\n<td>&lt; 5 mm<\/td>\n<\/tr>\n<tr>\n<td><strong>Stal<\/strong><\/td>\n<td>&lt; 12 mm<\/td>\n<\/tr>\n<tr>\n<td><strong>Pole robocze<\/strong><\/td>\n<td>600 x 600 mm<\/td>\n<\/tr>\n<tr>\n<td><strong>O\u015b Z, wysoko\u015b\u0107<\/strong><\/td>\n<td>100 mm<\/td>\n<\/tr>\n<tr>\n<td><strong>Dok\u0142adno\u015b\u0107 zmiany po\u0142o\u017cenia<\/strong><\/td>\n<td>\u00b10,03 mm<\/td>\n<\/tr>\n<tr>\n<td><strong>Masa brutto<\/strong><\/td>\n<td>1,2 tony<\/td>\n<\/tr>\n<tr>\n<td><strong>Catering<\/strong><\/td>\n<td>Tr\u00f3jfazowy<\/td>\n<\/tr>\n<tr>\n<td colspan=\"2\"><\/td>\n<\/tr>\n<tr>\n<td colspan=\"2\"><strong>G\u0141\u00d3WNE KOMPONENTY<\/strong><\/td>\n<\/tr>\n<tr>\n<td><strong>G\u0142owica tn\u0105ca<\/strong><\/td>\n<td>Raytools BM110 (Szwajcaria)<\/td>\n<\/tr>\n<tr>\n<td><strong>System przenoszenia ruchu<\/strong><\/td>\n<td>Pr\u0119t gwintowany<\/td>\n<\/tr>\n<tr>\n<td><strong>Silnik serwo<\/strong><\/td>\n<td>Leadshine<\/td>\n<\/tr>\n<tr>\n<td><strong>System ch\u0142odzenia wod\u0105<\/strong><\/td>\n<td>Hanli<\/td>\n<\/tr>\n<tr>\n<td><strong>Kontroler\/sterownik<\/strong><\/td>\n<td>Cypcut (FSCUT2000C)<\/td>\n<\/tr>\n<tr>\n<td><strong>Zaw\u00f3r elektromagnetyczny<\/strong><\/td>\n<td>AIRTAC (Tajwan)<\/td>\n<\/tr>\n<tr>\n<td colspan=\"2\"><\/td>\n<\/tr>\n<tr>\n<td><strong>Gwarancja<\/strong><\/td>\n<td>2 lata dla os\u00f3b fizycznych<\/td>\n<\/tr>\n<tr>\n<td><\/td>\n<td>1 rok dla os\u00f3b prawnych<\/td>\n<\/tr>\n<\/tbody>\n<\/table>\n","protected":false},"excerpt":{"rendered":"<p>Przemys\u0142owa maszyna laserowa ELTECHNIKA EL-6060P zosta\u0142a zaprojektowana do <strong>zautomatyzowanego ci\u0119cia rur i profili<\/strong>. Dzi\u0119ki mo\u017cliwo\u015bci obr\u00f3bki element\u00f3w o d\u0142ugo\u015bci do 6 metr\u00f3w oraz <strong>w pe\u0142ni automatycznemu systemowi za\u0142adunku i roz\u0142adunku<\/strong>, maszyna ta drastycznie zwi\u0119ksza wydajno\u015b\u0107 produkcji i zmniejsza zapotrzebowanie na prac\u0119 r\u0119czn\u0105. Dwa uchwyty pneumatyczne zapewniaj\u0105 stabilne mocowanie i maksymaln\u0105 dok\u0142adno\u015b\u0107 ci\u0119cia. Jest to idealne rozwi\u0105zanie dla producent\u00f3w balustrad, mebli metalowych, sprz\u0119tu sportowego i innych konstrukcji metalowych.   <\/p>\n","protected":false},"featured_media":10395,"template":"","meta":{"_acf_changed":false},"product_brand":[],"product_cat":[387],"product_tag":[],"class_list":{"0":"post-10526","1":"product","2":"type-product","3":"status-publish","4":"has-post-thumbnail","6":"product_cat-fiber-ciecie-metali","7":"","8":"woocommerce-text-align-center","9":"woocommerce-image-align-center","10":"wc-has-gallery","12":"first","13":"instock","14":"shipping-taxable","15":"product-type-simple"},"acf":[],"_links":{"self":[{"href":"https:\/\/eltechnika.eu\/pl\/wp-json\/wp\/v2\/product\/10526","targetHints":{"allow":["GET"]}}],"collection":[{"href":"https:\/\/eltechnika.eu\/pl\/wp-json\/wp\/v2\/product"}],"about":[{"href":"https:\/\/eltechnika.eu\/pl\/wp-json\/wp\/v2\/types\/product"}],"wp:featuredmedia":[{"embeddable":true,"href":"https:\/\/eltechnika.eu\/pl\/wp-json\/wp\/v2\/media\/10395"}],"wp:attachment":[{"href":"https:\/\/eltechnika.eu\/pl\/wp-json\/wp\/v2\/media?parent=10526"}],"wp:term":[{"taxonomy":"product_brand","embeddable":true,"href":"https:\/\/eltechnika.eu\/pl\/wp-json\/wp\/v2\/product_brand?post=10526"},{"taxonomy":"product_cat","embeddable":true,"href":"https:\/\/eltechnika.eu\/pl\/wp-json\/wp\/v2\/product_cat?post=10526"},{"taxonomy":"product_tag","embeddable":true,"href":"https:\/\/eltechnika.eu\/pl\/wp-json\/wp\/v2\/product_tag?post=10526"}],"curies":[{"name":"wp","href":"https:\/\/api.w.org\/{rel}","templated":true}]}}