{"id":6575,"date":"2024-08-26T12:57:38","date_gmt":"2024-08-26T09:57:38","guid":{"rendered":"https:\/\/eltechnika.eu\/projekty\/"},"modified":"2025-06-12T16:23:22","modified_gmt":"2025-06-12T13:23:22","slug":"projekty","status":"publish","type":"page","link":"https:\/\/eltechnika.eu\/pl\/projekty\/","title":{"rendered":"Projekty"},"content":{"rendered":"\n<div class=\"gb-element-974419af\">\n<div class=\"gb-element-16c30120\">\n<h1 class=\"gb-text gb-text-10b730c0\">Projekty<\/h1>\n\n\n\n<div class=\"gb-element-151d37e4\">\n<div>\n<iframe src=\"https:\/\/www.google.com\/maps\/d\/embed?mid=1AIpsTFX9cwDtH8JywkPadueG7yHypOU&#038;ehbc=2E312F\" width=\"100%\" height=\"480\"><\/iframe>\n<\/div>\n\n\n\n<div>\n<p><img decoding=\"async\" class=\"alignnone wp-image-5583\" src=\"https:\/\/eltechnika.eu\/wp-content\/uploads\/2024\/08\/aeonai.png\" alt=\"\" width=\"18\" height=\"24\"\/> <strong>Maszyny do grawerowania laserowego AEON<\/strong><\/p>\n\n\n\n<p><img decoding=\"async\" class=\"alignnone size-full wp-image-5588\" src=\"https:\/\/eltechnika.eu\/wp-content\/uploads\/2024\/08\/fiberiai.png\" alt=\"\" width=\"18\" height=\"24\"\/> <strong>Urz\u0105dzenie laserowe FIBER GALVO<\/strong><\/p>\n\n\n\n<p><img decoding=\"async\" class=\"alignnone size-full wp-image-5590\" src=\"https:\/\/eltechnika.eu\/wp-content\/uploads\/2024\/08\/uv-galvo.png\" alt=\"\" width=\"18\" height=\"24\"\/> <strong>Maszyna do znakowania UV GALVO<\/strong><\/p>\n\n\n\n<p><img decoding=\"async\" class=\"alignnone size-full wp-image-5592\" src=\"https:\/\/eltechnika.eu\/wp-content\/uploads\/2024\/08\/sl.png\" alt=\"\" width=\"18\" height=\"24\"\/> <strong>Maszyny laserowe SL<\/strong><\/p>\n\n\n\n<p><img decoding=\"async\" class=\"alignnone size-full wp-image-5594\" src=\"https:\/\/eltechnika.eu\/wp-content\/uploads\/2024\/08\/xtool.png\" alt=\"\" width=\"18\" height=\"24\"\/> <strong>Urz\u0105dzenia laserowe XTOOL<\/strong><\/p>\n\n\n\n<p><img decoding=\"async\" class=\"alignnone size-full wp-image-5596\" src=\"https:\/\/eltechnika.eu\/wp-content\/uploads\/2024\/08\/creality.png\" alt=\"\" width=\"18\" height=\"25\"\/> <strong>Maszyny laserowe CREALITY<\/strong><\/p>\n\n\n\n<p><img decoding=\"async\" class=\"alignnone size-full wp-image-5598\" src=\"https:\/\/eltechnika.eu\/wp-content\/uploads\/2024\/08\/flux.png\" alt=\"\" width=\"18\" height=\"24\"\/> <strong>Urz\u0105dzenia laserowe FLUX<\/strong><\/p>\n\n\n\n<p><img decoding=\"async\" class=\"alignnone size-full wp-image-5600\" src=\"https:\/\/eltechnika.eu\/wp-content\/uploads\/2024\/08\/two-trees.png\" alt=\"\" width=\"18\" height=\"24\"\/> <strong>Urz\u0105dzenia laserowe TWO TREES<\/strong><\/p>\n\n\n\n<p><img decoding=\"async\" class=\"alignnone size-full wp-image-5578\" src=\"https:\/\/eltechnika.eu\/wp-content\/uploads\/2024\/08\/zvaigzdute.png\" alt=\"\" width=\"24\" height=\"24\"\/> <strong>UAB \u201eEltechnika\u201d<\/strong><\/p>\n<\/div>\n<\/div>\n<\/div>\n<\/div>\n","protected":false},"excerpt":{"rendered":"<p>Projekty Maszyny do grawerowania laserowego AEON Urz\u0105dzenie laserowe FIBER GALVO Maszyna do znakowania UV GALVO Maszyny laserowe SL Urz\u0105dzenia laserowe XTOOL Maszyny laserowe CREALITY Urz\u0105dzenia laserowe FLUX Urz\u0105dzenia laserowe TWO TREES UAB \u201eEltechnika\u201d<\/p>\n","protected":false},"author":1,"featured_media":0,"parent":0,"menu_order":0,"comment_status":"closed","ping_status":"closed","template":"","meta":{"_acf_changed":false,"footnotes":""},"class_list":["post-6575","page","type-page","status-publish"],"acf":[],"_links":{"self":[{"href":"https:\/\/eltechnika.eu\/pl\/wp-json\/wp\/v2\/pages\/6575","targetHints":{"allow":["GET"]}}],"collection":[{"href":"https:\/\/eltechnika.eu\/pl\/wp-json\/wp\/v2\/pages"}],"about":[{"href":"https:\/\/eltechnika.eu\/pl\/wp-json\/wp\/v2\/types\/page"}],"author":[{"embeddable":true,"href":"https:\/\/eltechnika.eu\/pl\/wp-json\/wp\/v2\/users\/1"}],"replies":[{"embeddable":true,"href":"https:\/\/eltechnika.eu\/pl\/wp-json\/wp\/v2\/comments?post=6575"}],"version-history":[{"count":0,"href":"https:\/\/eltechnika.eu\/pl\/wp-json\/wp\/v2\/pages\/6575\/revisions"}],"wp:attachment":[{"href":"https:\/\/eltechnika.eu\/pl\/wp-json\/wp\/v2\/media?parent=6575"}],"curies":[{"name":"wp","href":"https:\/\/api.w.org\/{rel}","templated":true}]}}