{"id":11563,"date":"2025-09-22T12:53:45","date_gmt":"2025-09-22T09:53:45","guid":{"rendered":"https:\/\/eltechnika.eu\/znakowanie-i-grawerowanie-laserowe\/"},"modified":"2025-12-08T14:57:01","modified_gmt":"2025-12-08T11:57:01","slug":"znakowanie-i-grawerowanie-laserowe","status":"publish","type":"page","link":"https:\/\/eltechnika.eu\/pl\/uslugi\/znakowanie-i-grawerowanie-laserowe\/","title":{"rendered":"Znakowanie i grawerowanie laserowe"},"content":{"rendered":"\n<div class=\"gbp-section gb-element-eb73a720\">\n<div class=\"gb-element-66ff4147\">\n<div class=\"gb-element-85a58202\">\n<div>\n<h1 class=\"gb-text\">Us\u0142ugi grawerowania i znakowania laserowego<\/h1>\n\n\n\n<p class=\"gb-text gbp-section__text--lg\">Profesjonalne i precyzyjne znakowanie za pomoc\u0105 najbardziej zaawansowanych technologii laserowych.<\/p>\n\n\n\n<p class=\"gb-text\">Zapewniamy najwy\u017csz\u0105 jako\u015b\u0107&nbsp;Us\u0142ugi <strong>grawerowania laserowego<\/strong> dostosowane zar\u00f3wno do potrzeb przemys\u0142owych, jak i indywidualnych projekt\u00f3w. Stosuj\u0105c lasery w\u0142\u00f3knowe (MOPA), UV i CO\u2082, zapewniamy bezb\u0142\u0119dny efekt na szerokim spektrum materia\u0142\u00f3w. <\/p>\n\n\n\n<p class=\"gb-text\"><strong>Grawerowanie laserowe<\/strong> to nowoczesny i niezawodny spos\u00f3b oznaczania produkt\u00f3w, personalizacji prezent\u00f3w lub przenoszenia z\u0142o\u017conych element\u00f3w wzoru na wybran\u0105 przez Ciebie powierzchni\u0119. Nasz zesp\u00f3\u0142 jest gotowy zaoferowa\u0107 najskuteczniejsze rozwi\u0105zanie dla Twojego zadania. <\/p>\n<\/div>\n\n\n\n<div>\n<img decoding=\"async\" width=\"800\" height=\"600\" class=\"gbp--border-radius gb-media-bc875ac7\" alt=\"\" src=\"https:\/\/eltechnika.eu\/wp-content\/uploads\/2025\/09\/Lazerinis-medzio-pjovimas.jpg\" title=\"Laserowe ci\u0119cie drewna\" srcset=\"https:\/\/eltechnika.eu\/wp-content\/uploads\/2025\/09\/Lazerinis-medzio-pjovimas.jpg 800w, https:\/\/eltechnika.eu\/wp-content\/uploads\/2025\/09\/Lazerinis-medzio-pjovimas-640x480.jpg 640w, https:\/\/eltechnika.eu\/wp-content\/uploads\/2025\/09\/Lazerinis-medzio-pjovimas-600x450.jpg 600w\" sizes=\"(max-width: 800px) 100vw, 800px\" \/>\n<\/div>\n<\/div>\n<\/div>\n<\/div>\n\n<div class=\"gbp-section gb-element-6bc7ae59\">\n<span class=\"gb-shape gb-shape-02df347b gb-shape--divider\"><svg xmlns=\"http:\/\/www.w3.org\/2000\/svg\" viewbox=\"0 0 400 27\" preserveaspectratio=\"none\"><path d=\"M400 27H0v-.5h342.71c2.46 0 4.89-.57 7.1-1.66L400 0v27Z\"><\/path><\/svg><\/span>\n\n\n\n<div class=\"gbp-section__inner gb-element-e15b1e61\">\n<div class=\"gb-element-5612be12\">\n<div>\n<h2 class=\"gb-text gb-text-c4c8a021\">Rozwi\u0105zania do grawerowania dla wszystkich Twoich potrzeb<\/h2>\n\n\n\n<p>Potrzebujesz trwa\u0142ego oznakowania, kt\u00f3re nie si\u0119 i wytrzyma trudne warunki?<\/p>\n\n\n\n<p><strong>Grawerowanie laserowe<\/strong> zapewnia wszechstronny, szybki i bardzo dok\u0142adny spos\u00f3b przesy\u0142ania dowolnych informacji lub obraz\u00f3w, od numer\u00f3w seryjnych i kod\u00f3w QR po szczeg\u00f3\u0142owe logo i grafik\u0119.<\/p>\n\n\n\n<img decoding=\"async\" width=\"800\" height=\"800\" class=\"gbp--border-radius gb-media-bc36a052\" src=\"https:\/\/eltechnika.eu\/wp-content\/uploads\/2023\/11\/Nova10ELITE_24.jpg\" title=\"AEON Nova10 ELITE\" alt=\"Maszyna do grawerowania CO2 AEON Laser Nova 10 ELITE\" srcset=\"https:\/\/eltechnika.eu\/wp-content\/uploads\/2023\/11\/Nova10ELITE_24.jpg 800w, https:\/\/eltechnika.eu\/wp-content\/uploads\/2023\/11\/Nova10ELITE_24-640x640.jpg 640w, https:\/\/eltechnika.eu\/wp-content\/uploads\/2023\/11\/Nova10ELITE_24-160x160.jpg 160w, https:\/\/eltechnika.eu\/wp-content\/uploads\/2023\/11\/Nova10ELITE_24-320x320.jpg 320w, https:\/\/eltechnika.eu\/wp-content\/uploads\/2023\/11\/Nova10ELITE_24-300x300.jpg 300w, https:\/\/eltechnika.eu\/wp-content\/uploads\/2023\/11\/Nova10ELITE_24-600x600.jpg 600w, https:\/\/eltechnika.eu\/wp-content\/uploads\/2023\/11\/Nova10ELITE_24-100x100.jpg 100w\" sizes=\"(max-width: 800px) 100vw, 800px\" \/>\n<\/div>\n\n\n\n<div>\n<div class=\"gb-element-1d382bb8\">\n<div class=\"gb-element-31d5ac85\">\n<span class=\"gb-shape gb-shape-8943ea12\"><svg xmlns=\"http:\/\/www.w3.org\/2000\/svg\" viewbox=\"0 0 512 512\" width=\"1em\" height=\"1em\" aria-hidden=\"true\"><path d=\"M173.898 439.404l-166.4-166.4c-9.997-9.997-9.997-26.206 0-36.204l36.203-36.204c9.997-9.998 26.207-9.998 36.204 0L192 312.69 432.095 72.596c9.997-9.997 26.207-9.997 36.204 0l36.203 36.204c9.997 9.997 9.997 26.206 0 36.204l-294.4 294.401c-9.998 9.997-26.207 9.997-36.204-.001z\" fill=\"currentColor\"><\/path><\/svg><\/span>\n<\/div>\n\n\n\n<div>\n<h3 class=\"gb-text headline-medium gb-text-7bacd439\">Grawerowanie na metalu<\/h3>\n\n\n\n<p class=\"gb-text gb-text-b7a39e32\">Za pomoc\u0105 mocnego lasera Fiber (MOPA) wykonujemy g\u0142\u0119bokie lub kontrastowe&nbsp;<strong>Grawerowanie na metalu<\/strong>, w tym na stali nierdzewnej, aluminium, tytanie, mosi\u0105dzu. Mo\u017cemy wyodr\u0119bni\u0107 oznaczenia kolorystyczne lub stworzy\u0107 czytelne, nieusuwalne znaki. <\/p>\n<\/div>\n<\/div>\n\n\n\n<div class=\"gb-element-bcdf9435\">\n<div class=\"gb-element-c969ba7c\">\n<span class=\"gb-shape gb-shape-2f70d244\"><svg xmlns=\"http:\/\/www.w3.org\/2000\/svg\" viewbox=\"0 0 512 512\" width=\"1em\" height=\"1em\" aria-hidden=\"true\"><path d=\"M173.898 439.404l-166.4-166.4c-9.997-9.997-9.997-26.206 0-36.204l36.203-36.204c9.997-9.998 26.207-9.998 36.204 0L192 312.69 432.095 72.596c9.997-9.997 26.207-9.997 36.204 0l36.203 36.204c9.997 9.997 9.997 26.206 0 36.204l-294.4 294.401c-9.998 9.997-26.207 9.997-36.204-.001z\" fill=\"currentColor\"><\/path><\/svg><\/span>\n<\/div>\n\n\n\n<div>\n<h3 class=\"gb-text headline-medium gb-text-95b3cd90\">Znakowanie na plastiku i szkle<\/h3>\n\n\n\n<p class=\"gb-text gb-text-9b64416a\">Technologia lasera UV pozwala na znakowanie &#8222;na zimno&#8221; \u2013 <strong>grawerowanie na szkle<\/strong>, plastiku (z wyj\u0105tkiem PVC) czy ceramice odbywa si\u0119 niemal bez efekt\u00f3w termicznych. Rezultatem jest niezwykle jasny, kontrastowy obraz bez uszkadzania struktury samego materia\u0142u. <\/p>\n<\/div>\n<\/div>\n\n\n\n<div class=\"gb-element-5595e83c\">\n<div class=\"gb-element-e82ccbb5\">\n<span class=\"gb-shape gb-shape-c9050d8d\"><svg xmlns=\"http:\/\/www.w3.org\/2000\/svg\" viewbox=\"0 0 512 512\" width=\"1em\" height=\"1em\" aria-hidden=\"true\"><path d=\"M173.898 439.404l-166.4-166.4c-9.997-9.997-9.997-26.206 0-36.204l36.203-36.204c9.997-9.998 26.207-9.998 36.204 0L192 312.69 432.095 72.596c9.997-9.997 26.207-9.997 36.204 0l36.203 36.204c9.997 9.997 9.997 26.206 0 36.204l-294.4 294.401c-9.998 9.997-26.207 9.997-36.204-.001z\" fill=\"currentColor\"><\/path><\/svg><\/span>\n<\/div>\n\n\n\n<div>\n<h3 class=\"gb-text headline-medium gb-text-03f1a09c\">Znakowanie na drewnie i sk\u00f3rze<\/h3>\n\n\n\n<p class=\"gb-text gb-text-01c2648e\">Laser CO\u2082 doskonale sprawdza si\u0119 w przypadku materii organicznej. Wykonujemy precyzyjne <strong>grawerowanie na drewnie<\/strong>, sklejce, sk\u00f3rze, gumie czy akrylu. Metoda ta pozwala uzyska\u0107 naturalny, estetyczny i szczeg\u00f3\u0142owy obraz, idealny do dekoracji i personalizacji.  <\/p>\n<\/div>\n<\/div>\n<\/div>\n<\/div>\n<\/div>\n<\/div>\n\n<div class=\"gbp-section gb-element-0e7a4c1e\">\n<div class=\"gbp-section__inner gb-element-dbe44c6c\">\n<div>\n<h2 class=\"gb-text gbp-section__headline gb-text-fbe42104\">Proces grawerowania laserowego: od pomys\u0142u do rezultatu<\/h2>\n<\/div>\n\n\n\n<div>\n<p class=\"gb-text gbp-section__text\">Nasze <strong>us\u0142ugi grawerowania laserowego<\/strong> s\u0105 \u015bwiadczone w prostym i przejrzystym procesie, aby zapewni\u0107 najlepsze wra\u017cenia i produkt ko\u0144cowy, kt\u00f3ry spe\u0142nia Twoje oczekiwania.<\/p>\n<\/div>\n<\/div>\n\n\n\n<div class=\"gbp-section__inner gb-element-9225b46a\">\n<div>\n<a href=\"http:\/\/Dyskusja%20na%20temat%20U%C5%BEhearing%20i%20project%20\"><img decoding=\"async\" width=\"800\" height=\"600\" class=\"process-img\" src=\"https:\/\/eltechnika.eu\/wp-content\/uploads\/2025\/09\/Konsultacija.jpg\" title=\"Konsultacja\" alt=\"\" srcset=\"https:\/\/eltechnika.eu\/wp-content\/uploads\/2025\/09\/Konsultacija.jpg 800w, https:\/\/eltechnika.eu\/wp-content\/uploads\/2025\/09\/Konsultacija-640x480.jpg 640w, https:\/\/eltechnika.eu\/wp-content\/uploads\/2025\/09\/Konsultacija-600x450.jpg 600w\" sizes=\"(max-width: 800px) 100vw, 800px\" \/><\/a>\n\n\n\n<h3 class=\"gb-text gbp-card__title\">Om\u00f3wienie projektu<\/h3>\n\n\n\n<p class=\"gb-text gbp-card__text\">Wy\u015blij nam sw\u00f3j pomys\u0142, rysunek lub plik. Ocenimy Twoje potrzeby, doradzimy w zakresie najodpowiedniejszej technologii i materia\u0142u oraz przedstawimy wst\u0119pn\u0105 ofert\u0119. <\/p>\n<\/div>\n\n\n\n<div>\n<img decoding=\"async\" width=\"800\" height=\"600\" class=\"process-img\" src=\"https:\/\/eltechnika.eu\/wp-content\/uploads\/2025\/09\/Maketavimas.jpg\" title=\"Uk\u0142ad\" alt=\"Uk\u0142ad\" srcset=\"https:\/\/eltechnika.eu\/wp-content\/uploads\/2025\/09\/Maketavimas.jpg 800w, https:\/\/eltechnika.eu\/wp-content\/uploads\/2025\/09\/Maketavimas-640x480.jpg 640w, https:\/\/eltechnika.eu\/wp-content\/uploads\/2025\/09\/Maketavimas-600x450.jpg 600w\" sizes=\"(max-width: 800px) 100vw, 800px\" \/>\n\n\n\n<h3 class=\"gb-text gbp-card__title\">Przygotowanie projektu<\/h3>\n\n\n\n<p class=\"gb-text gbp-card__text\">W razie potrzeby pomo\u017cemy Ci przygotowa\u0107 pliki wektorowe lub rastrowe odpowiednie do produkcji. Zawsze dostarczamy uk\u0142ad do potwierdzenia przed rozpocz\u0119ciem produkcji, aby\u015b m\u00f3g\u0142 by\u0107 pewien ko\u0144cowego obrazu. <\/p>\n<\/div>\n\n\n\n<div>\n<img decoding=\"async\" width=\"800\" height=\"800\" class=\"process-img\" src=\"https:\/\/eltechnika.eu\/wp-content\/uploads\/2023\/11\/Mira9s_15.jpg\" title=\"AEON Mira 9S\" alt=\"Maszyna do grawerowania CO2 AEON Laser Mira 9S\" srcset=\"https:\/\/eltechnika.eu\/wp-content\/uploads\/2023\/11\/Mira9s_15.jpg 800w, https:\/\/eltechnika.eu\/wp-content\/uploads\/2023\/11\/Mira9s_15-640x640.jpg 640w, https:\/\/eltechnika.eu\/wp-content\/uploads\/2023\/11\/Mira9s_15-160x160.jpg 160w, https:\/\/eltechnika.eu\/wp-content\/uploads\/2023\/11\/Mira9s_15-320x320.jpg 320w, https:\/\/eltechnika.eu\/wp-content\/uploads\/2023\/11\/Mira9s_15-300x300.jpg 300w, https:\/\/eltechnika.eu\/wp-content\/uploads\/2023\/11\/Mira9s_15-600x600.jpg 600w, https:\/\/eltechnika.eu\/wp-content\/uploads\/2023\/11\/Mira9s_15-100x100.jpg 100w\" sizes=\"(max-width: 800px) 100vw, 800px\" \/>\n\n\n\n<h3 class=\"gb-text gbp-card__title\">Realizacja projektu<\/h3>\n\n\n\n<p class=\"gb-text gbp-card__text\">Po zatwierdzeniu uk\u0142adu wykonujemy <strong>grawerowanie laserowe<\/strong> zgodnie z najwy\u017cszymi standardami. Ka\u017cdy produkt jest dok\u0142adnie sprawdzany, aby zapewni\u0107 dok\u0142adno\u015b\u0107 szczeg\u00f3\u0142\u00f3w i rozmieszczenia. <\/p>\n<\/div>\n\n\n\n<div>\n<img decoding=\"async\" width=\"800\" height=\"600\" class=\"process-img\" src=\"https:\/\/eltechnika.eu\/wp-content\/uploads\/2025\/09\/Atsiemimas.jpg\" title=\"Wycofanie\" alt=\"Wycofanie\" srcset=\"https:\/\/eltechnika.eu\/wp-content\/uploads\/2025\/09\/Atsiemimas.jpg 800w, https:\/\/eltechnika.eu\/wp-content\/uploads\/2025\/09\/Atsiemimas-640x480.jpg 640w, https:\/\/eltechnika.eu\/wp-content\/uploads\/2025\/09\/Atsiemimas-600x450.jpg 600w\" sizes=\"(max-width: 800px) 100vw, 800px\" \/>\n\n\n\n<h3 class=\"gb-text gbp-card__title\">Wycofanie<\/h3>\n\n\n\n<p class=\"gb-text gbp-card__text\">Zrealizowane zam\u00f3wienie pakujemy w bezpieczny spos\u00f3b. Mo\u017cesz go odebra\u0107 w naszym biurze w Wilnie lub mo\u017cemy wys\u0142a\u0107 go w wygodny spos\u00f3b do dowolnego miasta na Litwie. <\/p>\n<\/div>\n<\/div>\n<\/div>\n\n<div class=\"gbp-section gb-element-ada1f9e8\">\n<span class=\"gb-shape gb-shape-9e594304 gb-shape--divider\"><svg xmlns=\"http:\/\/www.w3.org\/2000\/svg\" viewbox=\"0 0 400 27\" preserveaspectratio=\"none\"><path d=\"M400 27H0v-.5h342.71c2.46 0 4.89-.57 7.1-1.66L400 0v27Z\"><\/path><\/svg><\/span>\n\n\n\n<div class=\"gbp-section__inner gb-element-34c9b40d\">\n<div class=\"gb-element-4621b948\">\n<h2 class=\"gb-text gb-text-203ccd4f\">Dlaczego w\u0142a\u015bnie my?<\/h2>\n\n\n\n<p class=\"gb-text gbp-section__text--lg gb-text-cc3e365a\">Stawiamy na jako\u015b\u0107, elastyczno\u015b\u0107 i niezawodno\u015b\u0107 na ka\u017cdym kroku.<\/p>\n<\/div>\n\n\n\n<div>\n<div class=\"gb-element-af0c9860\">\n<div class=\"gbp--border-radius gb-element-91f25ab9\">\n<div class=\"gb-element-d8b13e1b\">\n<span class=\"gb-shape service-guarantee-icon gb-shape-f0178ef5\"><svg xmlns=\"http:\/\/www.w3.org\/2000\/svg\" viewbox=\"0 0 640 640\"><path d=\"M240 88C240 74.7 229.3 64 216 64C202.7 64 192 74.7 192 88L192 128C156.7 128 128 156.7 128 192L88 192C74.7 192 64 202.7 64 216C64 229.3 74.7 240 88 240L128 240L128 296L88 296C74.7 296 64 306.7 64 320C64 333.3 74.7 344 88 344L128 344L128 400L88 400C74.7 400 64 410.7 64 424C64 437.3 74.7 448 88 448L128 448C128 483.3 156.7 512 192 512L192 552C192 565.3 202.7 576 216 576C229.3 576 240 565.3 240 552L240 512L296 512L296 552C296 565.3 306.7 576 320 576C333.3 576 344 565.3 344 552L344 512L400 512L400 552C400 565.3 410.7 576 424 576C437.3 576 448 565.3 448 552L448 512C483.3 512 512 483.3 512 448L552 448C565.3 448 576 437.3 576 424C576 410.7 565.3 400 552 400L512 400L512 344L552 344C565.3 344 576 333.3 576 320C576 306.7 565.3 296 552 296L512 296L512 240L552 240C565.3 240 576 229.3 576 216C576 202.7 565.3 192 552 192L512 192C512 156.7 483.3 128 448 128L448 88C448 74.7 437.3 64 424 64C410.7 64 400 74.7 400 88L400 128L344 128L344 88C344 74.7 333.3 64 320 64C306.7 64 296 74.7 296 88L296 128L240 128L240 88zM224 192L416 192C433.7 192 448 206.3 448 224L448 416C448 433.7 433.7 448 416 448L224 448C206.3 448 192 433.7 192 416L192 224C192 206.3 206.3 192 224 192zM240 240L240 400L400 400L400 240L240 240z\"><\/path><\/svg><\/span>\n\n\n\n<div>\n<h3 class=\"gb-text headline-medium gb-text-885ef6b9\">R\u00f3\u017cnorodno\u015b\u0107 technologii<\/h3>\n\n\n\n<p class=\"gb-text gbp-section__text gb-text-11bb7854\">Wszystkie us\u0142ugi \u2013 od ci\u0119cia i grawerowania po druk i sk\u0142adanie \u2013 wykonywane s\u0105 w jednym miejscu. Oszcz\u0119dza to Tw\u00f3j czas i pozwala nam oferowa\u0107 kompleksowe rozwi\u0105zania poprzez po\u0142\u0105czenie kilku proces\u00f3w produkcyjnych. <\/p>\n<\/div>\n<\/div>\n<\/div>\n\n\n\n<div class=\"gbp--border-radius gb-element-c8dd9a42\">\n<div class=\"gb-element-40802a9a\">\n<span class=\"gb-shape service-guarantee-icon gb-shape-41446597\"><svg xmlns=\"http:\/\/www.w3.org\/2000\/svg\" viewbox=\"0 0 256 256\" height=\"32\" width=\"32\"><path d=\"M229.26,90.4a108,108,0,0,1-177.63,114A108,108,0,0,1,195.41,43.63l20.1-20.11a12,12,0,0,1,17,17l-96,96a12,12,0,1,1-17-17l24-24a36,36,0,1,0,19.76,39.65,12,12,0,0,1,23.53,4.74,60,60,0,1,1-25.73-62L178.3,60.74a84,84,0,1,0,28.46,38,12,12,0,1,1,22.5-8.35Z\"><\/path><\/svg><\/span>\n\n\n\n<div>\n<h3 class=\"gb-text headline-medium gb-text-7beb3d63\">Precyzja i jako\u015b\u0107<\/h3>\n\n\n\n<div>\n<p class=\"gb-text gbp-section__text gb-text-831e6dd5\">Korzystamy z wysokiej klasy urz\u0105dze\u0144 przemys\u0142owych, kt\u00f3re zapewniaj\u0105 wyj\u0105tkow\u0105 dok\u0142adno\u015b\u0107 detali, wysoki kontrast i doskona\u0142\u0105 powtarzalno\u015b\u0107, nawet dla du\u017cych serii produkt\u00f3w.<\/p>\n<\/div>\n<\/div>\n<\/div>\n<\/div>\n\n\n\n<div class=\"gbp--border-radius gb-element-8709cc00\">\n<div class=\"gb-element-7b432f8c\">\n<span class=\"gb-shape service-guarantee-icon gb-shape-72402343\"><svg xmlns=\"http:\/\/www.w3.org\/2000\/svg\" viewbox=\"0 0 640 640\"><path d=\"M300.9 149.2L184.3 278.8C179.7 283.9 179.9 291.8 184.8 296.7C215.3 327.2 264.8 327.2 295.3 296.7L327.1 264.9C331.3 260.7 336.6 258.4 342 258C348.8 257.4 355.8 259.7 361 264.9L537.6 440L608 384L608 96L496 160L472.2 144.1C456.4 133.6 437.9 128 418.9 128L348.5 128C347.4 128 346.2 128 345.1 128.1C328.2 129 312.3 136.6 300.9 149.2zM148.6 246.7L255.4 128L215.8 128C190.3 128 165.9 138.1 147.9 156.1L144 160L32 96L32 384L188.4 514.3C211.4 533.5 240.4 544 270.3 544L286 544L279 537C269.6 527.6 269.6 512.4 279 503.1C288.4 493.8 303.6 493.7 312.9 503.1L353.9 544.1L362.9 544.1C382 544.1 400.7 539.8 417.7 531.8L391 505C381.6 495.6 381.6 480.4 391 471.1C400.4 461.8 415.6 461.7 424.9 471.1L456.9 503.1L474.4 485.6C483.3 476.7 485.9 463.8 482 452.5L344.1 315.7L329.2 330.6C279.9 379.9 200.1 379.9 150.8 330.6C127.8 307.6 126.9 270.7 148.6 246.6z\"><\/path><\/svg><\/span>\n\n\n\n<div>\n<h3 class=\"gb-text headline-medium gb-text-892dcda8\">Indywidualne rozwi\u0105zania<\/h3>\n\n\n\n<p class=\"gb-text gbp-section__text gb-text-342686c5\">Pracujemy zar\u00f3wno z jednorazowymi prototypami, jak i \u015brednimi seriami. Jeste\u015bmy gotowi zag\u0142\u0119bi\u0107 si\u0119 w Twoje potrzeby i zaproponowa\u0107 niestandardowe rozwi\u0105zania dostosowane specjalnie do Twojego projektu. <\/p>\n<\/div>\n<\/div>\n<\/div>\n\n\n\n<div class=\"gbp--border-radius gb-element-a317644c\">\n<div class=\"gb-element-eacc0de3\">\n<span class=\"gb-shape service-guarantee-icon gb-shape-730a56a4\"><svg xmlns=\"http:\/\/www.w3.org\/2000\/svg\" viewbox=\"0 0 640 640\"><path d=\"M320 128C241 128 175.3 185.3 162.3 260.7C171.6 257.7 181.6 256 192 256L208 256C234.5 256 256 277.5 256 304L256 400C256 426.5 234.5 448 208 448L192 448C139 448 96 405 96 352L96 288C96 164.3 196.3 64 320 64C443.7 64 544 164.3 544 288L544 456.1C544 522.4 490.2 576.1 423.9 576.1L336 576L304 576C277.5 576 256 554.5 256 528C256 501.5 277.5 480 304 480L336 480C362.5 480 384 501.5 384 528L384 528L424 528C463.8 528 496 495.8 496 456L496 435.1C481.9 443.3 465.5 447.9 448 447.9L432 447.9C405.5 447.9 384 426.4 384 399.9L384 303.9C384 277.4 405.5 255.9 432 255.9L448 255.9C458.4 255.9 468.3 257.5 477.7 260.6C464.7 185.3 399.1 127.9 320 127.9z\"><\/path><\/svg><\/span>\n\n\n\n<div>\n<h3 class=\"gb-text headline-medium gb-text-5a09aaae\">Pomoc i porady<\/h3>\n\n\n\n<p class=\"gb-text gbp-section__text gb-text-d7109316\">Nie jeste\u015b pewien, kt\u00f3ra technologia jest najbardziej odpowiednia? Nasz zesp\u00f3\u0142 doradzi, pomo\u017ce przygotowa\u0107 odpowiednie pliki do produkcji, a tak\u017ce dobierze najbardziej optymalne parametry, tak aby efekt ko\u0144cowy przer\u00f3s\u0142 Twoje oczekiwania. <\/p>\n<\/div>\n<\/div>\n<\/div>\n<\/div>\n<\/div>\n<\/div>\n<\/div>\n\n<div class=\"gbp-section gb-element-85f324dd\">\n<div class=\"gbp-section__inner gb-element-72035922\">\n<div class=\"gb-element-c95af727\">\n<div class=\"gb-element-14662387\" style=\"--inline-bg-image: url(https:\/\/lightsteelblue-squid-375790.hostingersite.com\/wp-content\/uploads\/2025\/01\/image-1-1.png)\"><\/div>\n\n\n\n<div class=\"gb-element-db0c743d\">\n<h2 class=\"gb-text\">Gotowy do realizacji swojego projektu?<\/h2>\n\n\n\n<p class=\"gb-text gbp-section__text\">Skontaktuj si\u0119 z nami, aby uzyska\u0107 profesjonaln\u0105 porad\u0119 dotycz\u0105c\u0105 Twoich potrzeb w zakresie grawerowania laserowego. Niezale\u017cnie od tego, czy jest to produkt jednorazowy, czy tysi\u0119czna seria, znajdziemy najlepsze rozwi\u0105zanie. Z\u0142\u00f3\u017c zapytanie i uzyskaj wycen\u0119 ju\u017c dzi\u015b!  <\/p>\n\n\n\n<div class=\"gbp--border-radius gb-element-7a2b860e\">\n<div class=\"gb-element-907d7fd5\">\n<p class=\"gb-text gbp-section__text--lg gb-text-e97f7ba7\">Kontakt ju\u017c<\/p>\n\n\n\n<div class=\"gb-element-7bc334d8\">\n<p class=\"gb-text-eaad25a1\"><span class=\"gb-shape\"><svg xmlns=\"http:\/\/www.w3.org\/2000\/svg\" viewbox=\"0 0 256 256\" height=\"32\" width=\"32\"><path d=\"M224,154.8l-47.09-21.11-.18-.08a19.94,19.94,0,0,0-19,1.75,13.08,13.08,0,0,0-1.12.84l-22.31,19c-13-7.05-26.43-20.37-33.49-33.21l19.06-22.66a11.76,11.76,0,0,0,.85-1.15,20,20,0,0,0,1.66-18.83,1.42,1.42,0,0,1-.08-.18L101.2,32A20.06,20.06,0,0,0,80.42,20.15,60.27,60.27,0,0,0,28,80c0,81.61,66.39,148,148,148a60.27,60.27,0,0,0,59.85-52.42A20.06,20.06,0,0,0,224,154.8ZM176,204A124.15,124.15,0,0,1,52,80,36.29,36.29,0,0,1,80.48,44.46l18.82,42L80.14,109.28a12,12,0,0,0-.86,1.16A20,20,0,0,0,78,130.08c9.42,19.28,28.83,38.56,48.31,48A20,20,0,0,0,146,176.63a11.63,11.63,0,0,0,1.11-.85l22.43-19.07,42,18.81A36.29,36.29,0,0,1,176,204Z\"><\/path><\/svg><\/span><span class=\"gb-text\"><a href=\"tel:+37060667238\">+370 6 06 67238<\/a><\/span><\/p>\n\n\n\n<p class=\"gb-text-c56af5c9\"><span class=\"gb-shape\"><svg xmlns=\"http:\/\/www.w3.org\/2000\/svg\" viewbox=\"0 0 640 640\"><!--!Font Awesome Free v7.1.0 by @fontawesome - https:\/\/fontawesome.com License - https:\/\/fontawesome.com\/license\/free Copyright 2025 Fonticons, Inc.--><path d=\"M125.4 128C91.5 128 64 155.5 64 189.4C64 190.3 64 191.1 64.1 192L64 192L64 448C64 483.3 92.7 512 128 512L512 512C547.3 512 576 483.3 576 448L576 192L575.9 192C575.9 191.1 576 190.3 576 189.4C576 155.5 548.5 128 514.6 128L125.4 128zM528 256.3L528 448C528 456.8 520.8 464 512 464L128 464C119.2 464 112 456.8 112 448L112 256.3L266.8 373.7C298.2 397.6 341.7 397.6 373.2 373.7L528 256.3zM112 189.4C112 182 118 176 125.4 176L514.6 176C522 176 528 182 528 189.4C528 193.6 526 197.6 522.7 200.1L344.2 335.5C329.9 346.3 310.1 346.3 295.8 335.5L117.3 200.1C114 197.6 112 193.6 112 189.4z\"><\/path><\/svg><\/span><span class=\"gb-text\"><a href=\"mailto:info@eltechnika.lt\">info@eltechnika.lt<\/a><\/span><\/p>\n<\/div>\n<\/div>\n<\/div>\n<\/div>\n<\/div>\n<\/div>\n<\/div>\n","protected":false},"excerpt":{"rendered":"<p>Us\u0142ugi grawerowania i znakowania laserowego Profesjonalne i precyzyjne znakowanie za pomoc\u0105 najbardziej zaawansowanych technologii laserowych. Zapewniamy najwy\u017csz\u0105 jako\u015b\u0107&nbsp;Us\u0142ugi grawerowania laserowego dostosowane zar\u00f3wno do potrzeb przemys\u0142owych, jak i indywidualnych projekt\u00f3w. Stosuj\u0105c lasery w\u0142\u00f3knowe (MOPA), UV i CO\u2082, zapewniamy bezb\u0142\u0119dny efekt na szerokim spektrum materia\u0142\u00f3w. Grawerowanie laserowe to nowoczesny i niezawodny spos\u00f3b oznaczania produkt\u00f3w, personalizacji prezent\u00f3w lub &#8230; <a title=\"Znakowanie i grawerowanie laserowe\" class=\"read-more\" href=\"https:\/\/eltechnika.eu\/pl\/uslugi\/znakowanie-i-grawerowanie-laserowe\/\" aria-label=\"Dowiedz si\u0119 wi\u0119cej o Znakowanie i grawerowanie laserowe\">Dowiedz si\u0119 wi\u0119cej<\/a><\/p>\n","protected":false},"author":1,"featured_media":0,"parent":11568,"menu_order":0,"comment_status":"closed","ping_status":"closed","template":"","meta":{"_acf_changed":false,"footnotes":""},"class_list":["post-11563","page","type-page","status-publish"],"acf":[],"_links":{"self":[{"href":"https:\/\/eltechnika.eu\/pl\/wp-json\/wp\/v2\/pages\/11563","targetHints":{"allow":["GET"]}}],"collection":[{"href":"https:\/\/eltechnika.eu\/pl\/wp-json\/wp\/v2\/pages"}],"about":[{"href":"https:\/\/eltechnika.eu\/pl\/wp-json\/wp\/v2\/types\/page"}],"author":[{"embeddable":true,"href":"https:\/\/eltechnika.eu\/pl\/wp-json\/wp\/v2\/users\/1"}],"replies":[{"embeddable":true,"href":"https:\/\/eltechnika.eu\/pl\/wp-json\/wp\/v2\/comments?post=11563"}],"version-history":[{"count":3,"href":"https:\/\/eltechnika.eu\/pl\/wp-json\/wp\/v2\/pages\/11563\/revisions"}],"predecessor-version":[{"id":12060,"href":"https:\/\/eltechnika.eu\/pl\/wp-json\/wp\/v2\/pages\/11563\/revisions\/12060"}],"up":[{"embeddable":true,"href":"https:\/\/eltechnika.eu\/pl\/wp-json\/wp\/v2\/pages\/11568"}],"wp:attachment":[{"href":"https:\/\/eltechnika.eu\/pl\/wp-json\/wp\/v2\/media?parent=11563"}],"curies":[{"name":"wp","href":"https:\/\/api.w.org\/{rel}","templated":true}]}}