{"id":11532,"date":"2025-10-07T11:49:39","date_gmt":"2025-10-07T08:49:39","guid":{"rendered":"https:\/\/eltechnika.eu\/naprawa-i-serwis-maszyn-laserowych\/"},"modified":"2025-12-08T15:01:14","modified_gmt":"2025-12-08T12:01:14","slug":"naprawa-i-serwis-maszyn-laserowych","status":"publish","type":"page","link":"https:\/\/eltechnika.eu\/pl\/uslugi\/naprawa-i-serwis-maszyn-laserowych\/","title":{"rendered":"Naprawa i serwis maszyn laserowych"},"content":{"rendered":"\n<div class=\"gbp-section gb-element-eb73a720\">\n<div class=\"gb-element-66ff4147\">\n<div class=\"gb-element-85a58202\">\n<div>\n<h1 class=\"gb-text\">Naprawa i serwis maszyn laserowych<\/h1>\n\n\n\n<p class=\"gb-text gbp-section__text--lg\">Profesjonalna diagnostyka, naprawa i konserwacja laser\u00f3w CO\u2082 dla stabilno\u015bci Twojego biznesu.<\/p>\n\n\n\n<p class=\"gb-text\">Zapewniamy profesjonalny serwis maszyn laserowych CO\u2082, kt\u00f3ry obejmuje zar\u00f3wno pilne naprawy, jak i planow\u0105 konserwacj\u0119. Rozumiemy, \u017ce ka\u017cda minuta przestoju wi\u0105\u017ce si\u0119 z kosztami, dlatego naszym celem jest szybkie zdiagnozowanie usterki i przywr\u00f3cenie sprawno\u015bci Twojego sprz\u0119tu. <\/p>\n\n\n\n<p class=\"gb-text\">Zapewniamy serwis gwarancyjny i pogwarancyjny, korzystamy z wysokiej jako\u015bci cz\u0119\u015bci zamiennych oraz dbamy o rzetelno\u015b\u0107 wykonywanych prac. Nasze do\u015bwiadczenie pozwala nam skutecznie rozwi\u0105zywa\u0107 zar\u00f3wno problemy mechaniczne, uk\u0142ad\u00f3w optycznych czy elektroniki. <\/p>\n<\/div>\n\n\n\n<div>\n<img decoding=\"async\" width=\"800\" height=\"600\" class=\"gbp--border-radius gb-media-bc875ac7\" alt=\"\" src=\"https:\/\/eltechnika.eu\/wp-content\/uploads\/2025\/09\/Prototipavimas-ir-smulkios-serijos-1.jpg\" title=\"Prototypowanie i ma\u0142e serie\" srcset=\"https:\/\/eltechnika.eu\/wp-content\/uploads\/2025\/09\/Prototipavimas-ir-smulkios-serijos-1.jpg 800w, https:\/\/eltechnika.eu\/wp-content\/uploads\/2025\/09\/Prototipavimas-ir-smulkios-serijos-1-640x480.jpg 640w, https:\/\/eltechnika.eu\/wp-content\/uploads\/2025\/09\/Prototipavimas-ir-smulkios-serijos-1-600x450.jpg 600w\" sizes=\"(max-width: 800px) 100vw, 800px\" \/>\n<\/div>\n<\/div>\n<\/div>\n<\/div>\n\n<div class=\"gbp-section gb-element-6bc7ae59\">\n<span class=\"gb-shape gb-shape-02df347b gb-shape--divider\"><svg xmlns=\"http:\/\/www.w3.org\/2000\/svg\" preserveaspectratio=\"none\" viewbox=\"0 0 400 27\"><path d=\"M400 27H0v-.5h342.71c2.46 0 4.89-.57 7.1-1.66L400 0v27Z\"><\/path><\/svg><\/span>\n\n\n\n<div class=\"gbp-section__inner gb-element-e15b1e61\">\n<div class=\"gb-element-5612be12\">\n<div>\n<h2 class=\"gb-text gb-text-c4c8a021\">Przywr\u00f3\u0107 wydajno\u015b\u0107 maszyny i uniknij kosztownych przestoj\u00f3w<\/h2>\n\n\n\n<p>Nieoczekiwane przestoje maszyny, pogorszona jako\u015b\u0107 ci\u0119cia lub grawerowania, niejasne komunikaty o b\u0142\u0119dach na panelu sterowania to problemy, kt\u00f3re zak\u0142\u00f3caj\u0105 procesy produkcyjne i powoduj\u0105 straty. Pr\u00f3ba samodzielnej naprawy sprz\u0119tu, bez konkretnej wiedzy, cz\u0119sto prowadzi do jeszcze powa\u017cniejszych awarii. <\/p>\n\n\n\n<p>Profesjonalny <strong>serwis maszyn laserowych<\/strong> to inwestycja w stabiln\u0105 prac\u0119. Nie tylko eliminujemy skutki awarii, ale tak\u017ce ustalamy jej prawdziw\u0105 przyczyn\u0119, zapobiegaj\u0105c w ten spos\u00f3b powt\u00f3rzeniu si\u0119 problem\u00f3w w przysz\u0142o\u015bci. <\/p>\n\n\n\n<img decoding=\"async\" width=\"800\" height=\"800\" class=\"gbp--border-radius gb-media-bc36a052\" src=\"https:\/\/eltechnika.eu\/wp-content\/uploads\/2024\/06\/Nova10_SUPER_Redline_11.jpg\" title=\"Nova10 SUPER Redline\" alt=\"Maszyna do grawerowania CO2 AEON Laser Nova 10 SUPER Redline\" srcset=\"https:\/\/eltechnika.eu\/wp-content\/uploads\/2024\/06\/Nova10_SUPER_Redline_11.jpg 800w, https:\/\/eltechnika.eu\/wp-content\/uploads\/2024\/06\/Nova10_SUPER_Redline_11-640x640.jpg 640w, https:\/\/eltechnika.eu\/wp-content\/uploads\/2024\/06\/Nova10_SUPER_Redline_11-160x160.jpg 160w, https:\/\/eltechnika.eu\/wp-content\/uploads\/2024\/06\/Nova10_SUPER_Redline_11-320x320.jpg 320w, https:\/\/eltechnika.eu\/wp-content\/uploads\/2024\/06\/Nova10_SUPER_Redline_11-300x300.jpg 300w, https:\/\/eltechnika.eu\/wp-content\/uploads\/2024\/06\/Nova10_SUPER_Redline_11-600x600.jpg 600w, https:\/\/eltechnika.eu\/wp-content\/uploads\/2024\/06\/Nova10_SUPER_Redline_11-100x100.jpg 100w\" sizes=\"(max-width: 800px) 100vw, 800px\" \/>\n<\/div>\n\n\n\n<div>\n<div class=\"gb-element-1d382bb8\">\n<div class=\"gb-element-31d5ac85\">\n<span class=\"gb-shape gb-shape-8943ea12\"><svg xmlns=\"http:\/\/www.w3.org\/2000\/svg\" aria-hidden=\"true\" height=\"1em\" width=\"1em\" viewbox=\"0 0 512 512\"><path fill=\"currentColor\" d=\"M173.898 439.404l-166.4-166.4c-9.997-9.997-9.997-26.206 0-36.204l36.203-36.204c9.997-9.998 26.207-9.998 36.204 0L192 312.69 432.095 72.596c9.997-9.997 26.207-9.997 36.204 0l36.203 36.204c9.997 9.997 9.997 26.206 0 36.204l-294.4 294.401c-9.998 9.997-26.207 9.997-36.204-.001z\"><\/path><\/svg><\/span>\n<\/div>\n\n\n\n<div>\n<h3 class=\"gb-text headline-medium gb-text-7bacd439\">Konserwacja i kalibracja systemu optycznego<\/h3>\n\n\n\n<p class=\"gb-text gb-text-b7a39e32\">Czy straci\u0142e\u015b moc ci\u0119cia lub grawerowanie sta\u0142o si\u0119 rozmazane? Najcz\u0119stsz\u0105 przyczyn\u0105 takiego stanu rzeczy jest \u017ale ustawiona lub brudna optyka. Wykonujemy profesjonalne <g id=\"gid_0\">czyszczenie, wymian\u0119 soczewek i luster oraz precyzyjn\u0105 kalibracj\u0119 wi\u0105zki laserowej<\/g>. Przywraca to dok\u0142adno\u015b\u0107 i maksymaln\u0105 moc maszyny.   <\/p>\n<\/div>\n<\/div>\n\n\n\n<div class=\"gb-element-bcdf9435\">\n<div class=\"gb-element-c969ba7c\">\n<span class=\"gb-shape gb-shape-2f70d244\"><svg xmlns=\"http:\/\/www.w3.org\/2000\/svg\" aria-hidden=\"true\" height=\"1em\" width=\"1em\" viewbox=\"0 0 512 512\"><path fill=\"currentColor\" d=\"M173.898 439.404l-166.4-166.4c-9.997-9.997-9.997-26.206 0-36.204l36.203-36.204c9.997-9.998 26.207-9.998 36.204 0L192 312.69 432.095 72.596c9.997-9.997 26.207-9.997 36.204 0l36.203 36.204c9.997 9.997 9.997 26.206 0 36.204l-294.4 294.401c-9.998 9.997-26.207 9.997-36.204-.001z\"><\/path><\/svg><\/span>\n<\/div>\n\n\n\n<div>\n<h3 class=\"gb-text headline-medium gb-text-95b3cd90\">Naprawa i wymiana jednostek g\u0142\u00f3wnych<\/h3>\n\n\n\n<p class=\"gb-text gb-text-9b64416a\">Wykonujemy wszystkie wi\u0119ksze naprawy: od wymiany uszkodzonych zasilaczy, sterownik\u00f3w czy silnik\u00f3w po rozwi\u0105zywanie bardziej skomplikowanych usterek mechanicznych. Specjalizujemy si\u0119 <strong>w wymianie tub (tub) laserowych<\/strong>, zapewniaj\u0105c bezpieczny monta\u017c i optymalne dzia\u0142anie nowego elementu. <\/p>\n<\/div>\n<\/div>\n\n\n\n<div class=\"gb-element-5595e83c\">\n<div class=\"gb-element-e82ccbb5\">\n<span class=\"gb-shape gb-shape-c9050d8d\"><svg xmlns=\"http:\/\/www.w3.org\/2000\/svg\" aria-hidden=\"true\" height=\"1em\" width=\"1em\" viewbox=\"0 0 512 512\"><path fill=\"currentColor\" d=\"M173.898 439.404l-166.4-166.4c-9.997-9.997-9.997-26.206 0-36.204l36.203-36.204c9.997-9.998 26.207-9.998 36.204 0L192 312.69 432.095 72.596c9.997-9.997 26.207-9.997 36.204 0l36.203 36.204c9.997 9.997 9.997 26.206 0 36.204l-294.4 294.401c-9.998 9.997-26.207 9.997-36.204-.001z\"><\/path><\/svg><\/span>\n<\/div>\n\n\n\n<div>\n<h3 class=\"gb-text headline-medium gb-text-03f1a09c\">Okresowa konserwacja<\/h3>\n\n\n\n<p class=\"gb-text gb-text-01c2648e\">Najlepsza naprawa to taka, kt\u00f3rej mo\u017cna unikn\u0105\u0107. Oferujemy regularny serwis techniczny, kt\u00f3ry obejmuje pe\u0142ny przegl\u0105d maszyny: czyszczenie i smarowanie mechaniki, ocen\u0119 stanu optyki, przegl\u0105d uk\u0142adu ch\u0142odzenia oraz og\u00f3ln\u0105 diagnostyk\u0119. Wyd\u0142u\u017ca to \u017cywotno\u015b\u0107 sprz\u0119tu i zmniejsza ryzyko wyst\u0105pienia nieoczekiwanych awarii.  <\/p>\n<\/div>\n<\/div>\n<\/div>\n<\/div>\n<\/div>\n<\/div>\n\n<div class=\"gbp-section gb-element-0e7a4c1e\">\n<div class=\"gbp-section__inner gb-element-dbe44c6c\">\n<div>\n<h2 class=\"gb-text gbp-section__headline gb-text-fbe42104\">Nasz proces obs\u0142ugi: szybki i przejrzysty<\/h2>\n<\/div>\n\n\n\n<div>\n<p class=\"gb-text gbp-section__text\">Naszym celem jest jak najszybsze przywr\u00f3cenie sprz\u0119tu do normalnego dzia\u0142ania, z jasnymi informacjami na ka\u017cdym etapie procesu.<\/p>\n<\/div>\n<\/div>\n\n\n\n<div class=\"gbp-section__inner gb-element-9225b46a\">\n<div>\n<a href=\"http:\/\/Dyskusja%20na%20temat%20U%C5%BEhearing%20i%20project%20\"><img decoding=\"async\" width=\"800\" height=\"600\" class=\"process-img\" src=\"https:\/\/eltechnika.eu\/wp-content\/uploads\/2025\/09\/Konsultacija.jpg\" title=\"Konsultacja\" alt=\"\" srcset=\"https:\/\/eltechnika.eu\/wp-content\/uploads\/2025\/09\/Konsultacija.jpg 800w, https:\/\/eltechnika.eu\/wp-content\/uploads\/2025\/09\/Konsultacija-640x480.jpg 640w, https:\/\/eltechnika.eu\/wp-content\/uploads\/2025\/09\/Konsultacija-600x450.jpg 600w\" sizes=\"(max-width: 800px) 100vw, 800px\" \/><\/a>\n\n\n\n<h3 class=\"gb-text gbp-card__title\">1. Rejestracja usterek<\/h3>\n\n\n\n<p class=\"gb-text gbp-card__text\">Skontaktuj si\u0119 z nami telefonicznie lub mailowo i opisz problem jak najbardziej szczeg\u00f3\u0142owo. Podczas wst\u0119pnej konsultacji mo\u017cemy poprosi\u0107 Ci\u0119 o przes\u0142anie zdj\u0119\u0107 lub film\u00f3w, aby szybciej oceni\u0107 sytuacj\u0119.  <\/p>\n<\/div>\n\n\n\n<div>\n<img decoding=\"async\" width=\"800\" height=\"600\" class=\"process-img\" src=\"https:\/\/eltechnika.eu\/wp-content\/uploads\/2025\/09\/Maketavimas.jpg\" title=\"Uk\u0142ad\" alt=\"Uk\u0142ad\" srcset=\"https:\/\/eltechnika.eu\/wp-content\/uploads\/2025\/09\/Maketavimas.jpg 800w, https:\/\/eltechnika.eu\/wp-content\/uploads\/2025\/09\/Maketavimas-640x480.jpg 640w, https:\/\/eltechnika.eu\/wp-content\/uploads\/2025\/09\/Maketavimas-600x450.jpg 600w\" sizes=\"(max-width: 800px) 100vw, 800px\" \/>\n\n\n\n<h3 class=\"gb-text gbp-card__title\">2. Diagnostyka i oszacowanie<\/h3>\n\n\n\n<p class=\"gb-text gbp-card__text\">Nasz technik przyje\u017cd\u017ca do Ciebie lub przeprowadza zdaln\u0105 diagnostyk\u0119. Po zidentyfikowaniu przyczyny usterki zapewniamy przejrzysty kosztorys prac i niezb\u0119dnych cz\u0119\u015bci. Prace naprawcze rozpoczynamy dopiero po otrzymaniu Twojej zgody.  <\/p>\n<\/div>\n\n\n\n<div>\n<img decoding=\"async\" width=\"800\" height=\"800\" class=\"process-img\" src=\"https:\/\/eltechnika.eu\/wp-content\/uploads\/2023\/11\/Mira9s_15.jpg\" title=\"AEON Mira 9S\" alt=\"Maszyna do grawerowania CO2 AEON Laser Mira 9S\" srcset=\"https:\/\/eltechnika.eu\/wp-content\/uploads\/2023\/11\/Mira9s_15.jpg 800w, https:\/\/eltechnika.eu\/wp-content\/uploads\/2023\/11\/Mira9s_15-640x640.jpg 640w, https:\/\/eltechnika.eu\/wp-content\/uploads\/2023\/11\/Mira9s_15-160x160.jpg 160w, https:\/\/eltechnika.eu\/wp-content\/uploads\/2023\/11\/Mira9s_15-320x320.jpg 320w, https:\/\/eltechnika.eu\/wp-content\/uploads\/2023\/11\/Mira9s_15-300x300.jpg 300w, https:\/\/eltechnika.eu\/wp-content\/uploads\/2023\/11\/Mira9s_15-600x600.jpg 600w, https:\/\/eltechnika.eu\/wp-content\/uploads\/2023\/11\/Mira9s_15-100x100.jpg 100w\" sizes=\"(max-width: 800px) 100vw, 800px\" \/>\n\n\n\n<h3 class=\"gb-text gbp-card__title\">3. Naprawa i testowanie<\/h3>\n\n\n\n<p class=\"gb-text gbp-card__text\">Profesjonalnie wykonujemy wszystkie niezb\u0119dne prace naprawcze, u\u017cywaj\u0105c wysokiej jako\u015bci cz\u0119\u015bci zamiennych. Po naprawie maszyna jest dok\u0142adnie testowana \u2013 przeprowadzamy pr\u00f3bne ci\u0119cia i grawerowanie, aby upewni\u0107 si\u0119, \u017ce sprz\u0119t dzia\u0142a bez zarzutu. <\/p>\n<\/div>\n\n\n\n<div>\n<img decoding=\"async\" width=\"800\" height=\"600\" class=\"process-img\" src=\"https:\/\/eltechnika.eu\/wp-content\/uploads\/2025\/09\/Atsiemimas.jpg\" title=\"Wycofanie\" alt=\"Wycofanie\" srcset=\"https:\/\/eltechnika.eu\/wp-content\/uploads\/2025\/09\/Atsiemimas.jpg 800w, https:\/\/eltechnika.eu\/wp-content\/uploads\/2025\/09\/Atsiemimas-640x480.jpg 640w, https:\/\/eltechnika.eu\/wp-content\/uploads\/2025\/09\/Atsiemimas-600x450.jpg 600w\" sizes=\"(max-width: 800px) 100vw, 800px\" \/>\n\n\n\n<h3 class=\"gb-text gbp-card__title\">4. Skierowanie i konsultacja<\/h3>\n\n\n\n<p class=\"gb-text gbp-card__text\">Przekazujemy Ci naprawiony sprz\u0119t, dostarczamy raport z wykonanych prac i odpowiadamy na wszystkie pytania. Przedstawiamy zalecenia dotycz\u0105ce dalszej opieki, aby unikn\u0105\u0107 podobnych problem\u00f3w w przysz\u0142o\u015bci. <\/p>\n<\/div>\n<\/div>\n<\/div>\n\n<div class=\"gbp-section gb-element-ada1f9e8\">\n<span class=\"gb-shape gb-shape-9e594304 gb-shape--divider\"><svg xmlns=\"http:\/\/www.w3.org\/2000\/svg\" preserveaspectratio=\"none\" viewbox=\"0 0 400 27\"><path d=\"M400 27H0v-.5h342.71c2.46 0 4.89-.57 7.1-1.66L400 0v27Z\"><\/path><\/svg><\/span>\n\n\n\n<div class=\"gbp-section__inner gb-element-34c9b40d\">\n<div class=\"gb-element-4621b948\">\n<h2 class=\"gb-text gb-text-203ccd4f\">Dlaczego w\u0142a\u015bnie my?<\/h2>\n\n\n\n<p class=\"gb-text gbp-section__text--lg gb-text-cc3e365a\">Nasze do\u015bwiadczenie jest gwarancj\u0105 stabilno\u015bci Twojej produkcji.<\/p>\n<\/div>\n\n\n\n<div>\n<div class=\"gb-element-af0c9860\">\n<div class=\"gbp--border-radius gb-element-91f25ab9\">\n<div class=\"gb-element-d8b13e1b\">\n<span class=\"gb-shape service-guarantee-icon gb-shape-f0178ef5\"><svg xmlns=\"http:\/\/www.w3.org\/2000\/svg\" viewbox=\"0 0 640 640\"><path d=\"M320 312C253.7 312 200 258.3 200 192C200 125.7 253.7 72 320 72C386.3 72 440 125.7 440 192C440 258.3 386.3 312 320 312zM289.5 368L350.5 368C360.2 368 368 375.8 368 385.5C368 389.7 366.5 393.7 363.8 396.9L336.4 428.9L367.4 544L368 544L402.6 405.5C404.8 396.8 413.7 391.5 422.1 394.7C484 418.3 528 478.3 528 548.5C528 563.6 515.7 575.9 500.6 575.9L139.4 576C124.3 576 112 563.7 112 548.6C112 478.4 156 418.4 217.9 394.8C226.3 391.6 235.2 396.9 237.4 405.6L272 544.1L272.6 544.1L303.6 429L276.2 397C273.5 393.8 272 389.8 272 385.6C272 375.9 279.8 368.1 289.5 368.1z\"><\/path><\/svg><\/span>\n\n\n\n<div>\n<h3 class=\"gb-text headline-medium gb-text-885ef6b9\">Ponad 10 lat do\u015bwiadczenia<\/h3>\n\n\n\n<p class=\"gb-text gbp-section__text gb-text-11bb7854\">Przez ponad dekad\u0119 zgromadzili\u015bmy bezcenne do\u015bwiadczenie. Nie tylko sprzedajemy sprz\u0119t \u2013 znamy go w najdrobniejszych szczeg\u00f3\u0142ach. Wiedza ta pozwala szybko i trafnie zdiagnozowa\u0107 usterki i znale\u017a\u0107 najskuteczniejsze rozwi\u0105zania.  <\/p>\n<\/div>\n<\/div>\n<\/div>\n\n\n\n<div class=\"gbp--border-radius gb-element-c8dd9a42\">\n<div class=\"gb-element-40802a9a\">\n<span class=\"gb-shape service-guarantee-icon gb-shape-41446597\"><svg xmlns=\"http:\/\/www.w3.org\/2000\/svg\" viewbox=\"0 0 640 640\"><path d=\"M541.4 162.6C549 155 561.7 156.9 565.5 166.9C572.3 184.6 576 203.9 576 224C576 312.4 504.4 384 416 384C398.5 384 381.6 381.2 365.8 376L178.9 562.9C150.8 591 105.2 591 77.1 562.9C49 534.8 49 489.2 77.1 461.1L264 274.2C258.8 258.4 256 241.6 256 224C256 135.6 327.6 64 416 64C436.1 64 455.4 67.7 473.1 74.5C483.1 78.3 484.9 91 477.4 98.6L388.7 187.3C385.7 190.3 384 194.4 384 198.6L384 240C384 248.8 391.2 256 400 256L441.4 256C445.6 256 449.7 254.3 452.7 251.3L541.4 162.6z\"><\/path><\/svg><\/span>\n\n\n\n<div>\n<h3 class=\"gb-text headline-medium gb-text-7beb3d63\">Wiedza praktyczna<\/h3>\n\n\n\n<div>\n<p class=\"gb-text gbp-section__text gb-text-831e6dd5\">Z powodzeniem zainstalowali\u015bmy setki maszyn laserowych w wielu r\u00f3\u017cnych przedsi\u0119biorstwach na Litwie \u2013 od ma\u0142ych warsztat\u00f3w po du\u017ce firmy produkcyjne. Doskonale rozumiemy specyficzne potrzeby naszych klient\u00f3w i potencjalne wyzwania. <\/p>\n<\/div>\n<\/div>\n<\/div>\n<\/div>\n\n\n\n<div class=\"gbp--border-radius gb-element-8709cc00\">\n<div class=\"gb-element-7b432f8c\">\n<span class=\"gb-shape service-guarantee-icon gb-shape-72402343\"><svg xmlns=\"http:\/\/www.w3.org\/2000\/svg\" viewbox=\"0 0 640 640\"><path d=\"M415.9 274.5C428.1 271.2 440.9 277 446.4 288.3L465 325.9C475.3 327.3 485.4 330.1 494.9 334L529.9 310.7C540.4 303.7 554.3 305.1 563.2 314L582.4 333.2C591.3 342.1 592.7 356.1 585.7 366.5L562.4 401.4C564.3 406.1 566 411 567.4 416.1C568.8 421.2 569.7 426.2 570.4 431.3L608.1 449.9C619.4 455.5 625.2 468.3 621.9 480.4L614.9 506.6C611.6 518.7 600.3 526.9 587.7 526.1L545.7 523.4C539.4 531.5 532.1 539 523.8 545.4L526.5 587.3C527.3 599.9 519.1 611.3 507 614.5L480.8 621.5C468.6 624.8 455.9 619 450.3 607.7L431.7 570.1C421.4 568.7 411.3 565.9 401.8 562L366.8 585.3C356.3 592.3 342.4 590.9 333.5 582L314.3 562.8C305.4 553.9 304 540 311 529.5L334.3 494.5C332.4 489.8 330.7 484.9 329.3 479.8C327.9 474.7 327 469.6 326.3 464.6L288.6 446C277.3 440.4 271.6 427.6 274.8 415.5L281.8 389.3C285.1 377.2 296.4 369 309 369.8L350.9 372.5C357.2 364.4 364.5 356.9 372.8 350.5L370.1 308.7C369.3 296.1 377.5 284.7 389.6 281.5L415.8 274.5zM448.4 404C424.1 404 404.4 423.7 404.5 448.1C404.5 472.4 424.2 492 448.5 492C472.8 492 492.5 472.3 492.5 448C492.4 423.6 472.7 404 448.4 404zM224.9 18.5L251.1 25.5C263.2 28.8 271.4 40.2 270.6 52.7L267.9 94.5C276.2 100.9 283.5 108.3 289.8 116.5L331.8 113.8C344.3 113 355.7 121.2 359 133.3L366 159.5C369.2 171.6 363.5 184.4 352.2 190L314.5 208.6C313.8 213.7 312.8 218.8 311.5 223.8C310.2 228.8 308.4 233.8 306.5 238.5L329.8 273.5C336.8 284 335.4 297.9 326.5 306.8L307.3 326C298.4 334.9 284.5 336.3 274 329.3L239 306C229.5 309.9 219.4 312.7 209.1 314.1L190.5 351.7C184.9 363 172.1 368.7 160 365.5L133.8 358.5C121.6 355.2 113.5 343.8 114.3 331.3L117 289.4C108.7 283 101.4 275.6 95.1 267.4L53.1 270.1C40.6 270.9 29.2 262.7 25.9 250.6L18.9 224.4C15.7 212.3 21.4 199.5 32.7 193.9L70.4 175.3C71.1 170.2 72.1 165.2 73.4 160.1C74.8 155 76.4 150.1 78.4 145.4L55.1 110.5C48.1 100 49.5 86.1 58.4 77.2L77.6 58C86.5 49.1 100.4 47.7 110.9 54.7L145.9 78C155.4 74.1 165.5 71.3 175.8 69.9L194.4 32.3C200 21 212.7 15.3 224.9 18.5zM192.4 148C168.1 148 148.4 167.7 148.4 192C148.4 216.3 168.1 236 192.4 236C216.7 236 236.4 216.3 236.4 192C236.4 167.7 216.7 148 192.4 148z\"><\/path><\/svg><\/span>\n\n\n\n<div>\n<h3 class=\"gb-text headline-medium gb-text-892dcda8\">Cz\u0119\u015bci zamienne w magazynie  <\/h3>\n\n\n\n<p class=\"gb-text gbp-section__text gb-text-342686c5\">Rozumiemy, \u017ce przestoje maj\u0105 swoj\u0105 cen\u0119. Dlatego najwa\u017cniejsze cz\u0119\u015bci zamienne przechowujemy na miejscu. Pozwala to zminimalizowa\u0107 czas naprawy i szybko przywr\u00f3ci\u0107 czas sprawno\u015bci sprz\u0119tu.  <\/p>\n<\/div>\n<\/div>\n<\/div>\n\n\n\n<div class=\"gbp--border-radius gb-element-a317644c\">\n<div class=\"gb-element-eacc0de3\">\n<span class=\"gb-shape service-guarantee-icon gb-shape-730a56a4\"><svg xmlns=\"http:\/\/www.w3.org\/2000\/svg\" viewbox=\"0 0 640 640\"><path d=\"M300.9 149.2L184.3 278.8C179.7 283.9 179.9 291.8 184.8 296.7C215.3 327.2 264.8 327.2 295.3 296.7L327.1 264.9C331.3 260.7 336.6 258.4 342 258C348.8 257.4 355.8 259.7 361 264.9L537.6 440L608 384L608 96L496 160L472.2 144.1C456.4 133.6 437.9 128 418.9 128L348.5 128C347.4 128 346.2 128 345.1 128.1C328.2 129 312.3 136.6 300.9 149.2zM148.6 246.7L255.4 128L215.8 128C190.3 128 165.9 138.1 147.9 156.1L144 160L32 96L32 384L188.4 514.3C211.4 533.5 240.4 544 270.3 544L286 544L279 537C269.6 527.6 269.6 512.4 279 503.1C288.4 493.8 303.6 493.7 312.9 503.1L353.9 544.1L362.9 544.1C382 544.1 400.7 539.8 417.7 531.8L391 505C381.6 495.6 381.6 480.4 391 471.1C400.4 461.8 415.6 461.7 424.9 471.1L456.9 503.1L474.4 485.6C483.3 476.7 485.9 463.8 482 452.5L344.1 315.7L329.2 330.6C279.9 379.9 200.1 379.9 150.8 330.6C127.8 307.6 126.9 270.7 148.6 246.6z\"><\/path><\/svg><\/span>\n\n\n\n<div>\n<h3 class=\"gb-text headline-medium gb-text-5a09aaae\"><strong>Wiarygodni partnerzy<\/strong><\/h3>\n\n\n\n<p class=\"gb-text gbp-section__text gb-text-d7109316\">Naszym celem jest nie tylko naprawa, ale tak\u017ce pomoc w zapobieganiu awariom w przysz\u0142o\u015bci. Dzielimy si\u0119 naszym do\u015bwiadczeniem, doradzamy w zakresie konserwacji, optymalizacji sprz\u0119tu, szkolimy si\u0119, jak pracowa\u0107 wydajniej. <\/p>\n<\/div>\n<\/div>\n<\/div>\n<\/div>\n<\/div>\n<\/div>\n<\/div>\n\n<div class=\"gbp-section gb-element-85f324dd\">\n<div class=\"gbp-section__inner gb-element-72035922\">\n<div class=\"gb-element-c95af727\">\n<div class=\"gb-element-14662387\" style=\"--inline-bg-image: url(https:\/\/lightsteelblue-squid-375790.hostingersite.com\/wp-content\/uploads\/2025\/01\/image-1-1.png)\"><\/div>\n\n\n\n<div class=\"gb-element-db0c743d\">\n<h2 class=\"gb-text\">Twoja maszyna laserowa si\u0119 zatrzyma\u0142a?<\/h2>\n\n\n\n<p class=\"gb-text gbp-section__text\">Nie czekaj, a\u017c drobna awaria zamieni si\u0119 w powa\u017cny problem. Skontaktuj si\u0119 z nami ju\u017c teraz, aby uzyska\u0107 profesjonaln\u0105 porad\u0119. Szybko zareagujemy i pomo\u017cemy przywr\u00f3ci\u0107 stabilno\u015b\u0107 Twoich proces\u00f3w produkcyjnych.  <\/p>\n\n\n\n<div class=\"gbp--border-radius gb-element-7a2b860e\">\n<div class=\"gb-element-907d7fd5\">\n<p class=\"gb-text gbp-section__text--lg gb-text-e97f7ba7\">Kontakt ju\u017c<\/p>\n\n\n\n<div class=\"gb-element-7bc334d8\">\n<p class=\"gb-text-eaad25a1\"><span class=\"gb-shape\"><svg xmlns=\"http:\/\/www.w3.org\/2000\/svg\" viewbox=\"0 0 256 256\" height=\"32\" width=\"32\"><path d=\"M224,154.8l-47.09-21.11-.18-.08a19.94,19.94,0,0,0-19,1.75,13.08,13.08,0,0,0-1.12.84l-22.31,19c-13-7.05-26.43-20.37-33.49-33.21l19.06-22.66a11.76,11.76,0,0,0,.85-1.15,20,20,0,0,0,1.66-18.83,1.42,1.42,0,0,1-.08-.18L101.2,32A20.06,20.06,0,0,0,80.42,20.15,60.27,60.27,0,0,0,28,80c0,81.61,66.39,148,148,148a60.27,60.27,0,0,0,59.85-52.42A20.06,20.06,0,0,0,224,154.8ZM176,204A124.15,124.15,0,0,1,52,80,36.29,36.29,0,0,1,80.48,44.46l18.82,42L80.14,109.28a12,12,0,0,0-.86,1.16A20,20,0,0,0,78,130.08c9.42,19.28,28.83,38.56,48.31,48A20,20,0,0,0,146,176.63a11.63,11.63,0,0,0,1.11-.85l22.43-19.07,42,18.81A36.29,36.29,0,0,1,176,204Z\"><\/path><\/svg><\/span><span class=\"gb-text\"><a href=\"tel:+37060667238\">+370 6 06 67238<\/a><\/span><\/p>\n\n\n\n<p class=\"gb-text-c56af5c9\"><span class=\"gb-shape\"><svg xmlns=\"http:\/\/www.w3.org\/2000\/svg\" viewbox=\"0 0 640 640\"><!--!Font Awesome Free v7.1.0 by @fontawesome - https:\/\/fontawesome.com License - https:\/\/fontawesome.com\/license\/free Copyright 2025 Fonticons, Inc.--><path d=\"M125.4 128C91.5 128 64 155.5 64 189.4C64 190.3 64 191.1 64.1 192L64 192L64 448C64 483.3 92.7 512 128 512L512 512C547.3 512 576 483.3 576 448L576 192L575.9 192C575.9 191.1 576 190.3 576 189.4C576 155.5 548.5 128 514.6 128L125.4 128zM528 256.3L528 448C528 456.8 520.8 464 512 464L128 464C119.2 464 112 456.8 112 448L112 256.3L266.8 373.7C298.2 397.6 341.7 397.6 373.2 373.7L528 256.3zM112 189.4C112 182 118 176 125.4 176L514.6 176C522 176 528 182 528 189.4C528 193.6 526 197.6 522.7 200.1L344.2 335.5C329.9 346.3 310.1 346.3 295.8 335.5L117.3 200.1C114 197.6 112 193.6 112 189.4z\"><\/path><\/svg><\/span><span class=\"gb-text\"><a href=\"mailto:info@eltechnika.lt\">info@eltechnika.lt<\/a><\/span><\/p>\n<\/div>\n<\/div>\n<\/div>\n<\/div>\n<\/div>\n<\/div>\n<\/div>\n","protected":false},"excerpt":{"rendered":"<p>Naprawa i serwis maszyn laserowych Profesjonalna diagnostyka, naprawa i konserwacja laser\u00f3w CO\u2082 dla stabilno\u015bci Twojego biznesu. Zapewniamy profesjonalny serwis maszyn laserowych CO\u2082, kt\u00f3ry obejmuje zar\u00f3wno pilne naprawy, jak i planow\u0105 konserwacj\u0119. Rozumiemy, \u017ce ka\u017cda minuta przestoju wi\u0105\u017ce si\u0119 z kosztami, dlatego naszym celem jest szybkie zdiagnozowanie usterki i przywr\u00f3cenie sprawno\u015bci Twojego sprz\u0119tu. Zapewniamy serwis gwarancyjny &#8230; <a title=\"Naprawa i serwis maszyn laserowych\" class=\"read-more\" href=\"https:\/\/eltechnika.eu\/pl\/uslugi\/naprawa-i-serwis-maszyn-laserowych\/\" aria-label=\"Dowiedz si\u0119 wi\u0119cej o Naprawa i serwis maszyn laserowych\">Dowiedz si\u0119 wi\u0119cej<\/a><\/p>\n","protected":false},"author":1,"featured_media":0,"parent":11568,"menu_order":0,"comment_status":"closed","ping_status":"closed","template":"","meta":{"_acf_changed":false,"footnotes":""},"class_list":["post-11532","page","type-page","status-publish"],"acf":[],"_links":{"self":[{"href":"https:\/\/eltechnika.eu\/pl\/wp-json\/wp\/v2\/pages\/11532","targetHints":{"allow":["GET"]}}],"collection":[{"href":"https:\/\/eltechnika.eu\/pl\/wp-json\/wp\/v2\/pages"}],"about":[{"href":"https:\/\/eltechnika.eu\/pl\/wp-json\/wp\/v2\/types\/page"}],"author":[{"embeddable":true,"href":"https:\/\/eltechnika.eu\/pl\/wp-json\/wp\/v2\/users\/1"}],"replies":[{"embeddable":true,"href":"https:\/\/eltechnika.eu\/pl\/wp-json\/wp\/v2\/comments?post=11532"}],"version-history":[{"count":3,"href":"https:\/\/eltechnika.eu\/pl\/wp-json\/wp\/v2\/pages\/11532\/revisions"}],"predecessor-version":[{"id":12067,"href":"https:\/\/eltechnika.eu\/pl\/wp-json\/wp\/v2\/pages\/11532\/revisions\/12067"}],"up":[{"embeddable":true,"href":"https:\/\/eltechnika.eu\/pl\/wp-json\/wp\/v2\/pages\/11568"}],"wp:attachment":[{"href":"https:\/\/eltechnika.eu\/pl\/wp-json\/wp\/v2\/media?parent=11532"}],"curies":[{"name":"wp","href":"https:\/\/api.w.org\/{rel}","templated":true}]}}