{"id":9952,"date":"2025-07-07T16:27:50","date_gmt":"2025-07-07T13:27:50","guid":{"rendered":"https:\/\/eltechnika.eu\/produktas\/akrila-lieksanas-iekarta-1300-mm\/"},"modified":"2025-08-21T16:37:28","modified_gmt":"2025-08-21T13:37:28","slug":"akrila-lieksanas-iekarta-1300-mm","status":"publish","type":"product","link":"https:\/\/eltechnika.eu\/lv\/produkts\/akrila-lieksanas-iekarta-1300-mm\/","title":{"rendered":"Akrila liek\u0161anas iek\u0101rta 1300 mm"},"content":{"rendered":"<p data-start=\"953\" data-end=\"975\"><strong data-start=\"953\" data-end=\"975\">Tehnisk\u0101s \u012bpa\u0161\u012bbas:<\/strong><\/p>\n<ul data-start=\"976\" data-end=\"1352\">\n<li data-start=\"976\" data-end=\"1082\">\n<p data-start=\"978\" data-end=\"1082\">Piem\u0113rots plastmas\u0101m: akrils (PMMA), pleksiglass, PVC, polikarbon\u0101ts (PC), ABS, polipropil\u0113ns (PP);<\/p>\n<\/li>\n<li data-start=\"1083\" data-end=\"1132\">\n<p data-start=\"1085\" data-end=\"1132\">Ieteicamais loksnes biezums: 1 l\u012bdz 10 mm;<\/p>\n<\/li>\n<li data-start=\"1133\" data-end=\"1161\">\n<p data-start=\"1135\" data-end=\"1161\">Lieces garums: l\u012bdz 1250 mm;<\/p>\n<\/li>\n<li data-start=\"1162\" data-end=\"1217\">\n<p data-start=\"1164\" data-end=\"1217\">Uzkars\u0113\u0161anas temperat\u016bra: regul\u0113jama no 0 l\u012bdz 600 \u00b0C;<\/p>\n<\/li>\n<li data-start=\"1218\" data-end=\"1248\">\n<p data-start=\"1220\" data-end=\"1248\">Baro\u0161anas avots: 230 V mai\u0146str\u0101va, 50 Hz;<\/p>\n<\/li>\n<li data-start=\"1249\" data-end=\"1297\">\n<p data-start=\"1251\" data-end=\"1297\">Jauda: 1000 W &#8211; pietiekama \u0101trai sild\u012b\u0161anai;<\/p>\n<\/li>\n<li data-start=\"1298\" data-end=\"1352\">\n<p data-start=\"1300\" data-end=\"1352\">Kompakts un viegls korpuss.<\/p>\n<\/li>\n<\/ul>\n<p data-start=\"1354\" data-end=\"1626\">Ier\u012bci ir viegli lietot, t\u0101p\u0113c t\u0101 ir piem\u0113rota darbn\u012bc\u0101m, izgl\u012bt\u012bbas iest\u0101d\u0113m vai neliela m\u0113roga ra\u017eo\u0161anai. Iek\u0101rtas ir uzticamas un izgatavotas t\u0101, lai kalpotu ilgi, t\u0101p\u0113c t\u0101s ir ide\u0101la izv\u0113le gan profesion\u0101\u013ciem, gan ies\u0101c\u0113jiem, kas v\u0113las ieg\u016bt kvalitat\u012bvu rezult\u0101tu. <\/p>\n","protected":false},"excerpt":{"rendered":"<p><strong>Akrila liek\u0161anas iek\u0101rta &#8211; univers\u0101ls instruments darbam ar plastmasas loksn\u0113m<\/strong><\/p>\n<p>\u0160\u012bs akrila liek\u0161anas ma\u0161\u012bnas, kas paz\u012bstamas ar\u012b k\u0101 plastmasas pl\u0101k\u0161\u0146u lie\u0161anas ma\u0161\u012bnas, ir paredz\u0113tas profesion\u0101lai un prec\u012bzai da\u017e\u0101du termoplastisko lok\u0161\u0146u form\u0113\u0161anai. T\u0101s izmanto kars\u0113\u0161anu, lai m\u012bkstin\u0101tu materi\u0101lu tie\u0161i pareizaj\u0101 viet\u0101, t\u0101d\u0113j\u0101di pan\u0101kot t\u012bru un prec\u012bzu lieces le\u0146\u0137i bez redzamas deform\u0101cijas vai virsmas boj\u0101jumiem. <\/p>\n<p>Pateicoties temperat\u016bras kontrolei un da\u017e\u0101du plastmasu savietojam\u012bbai, \u0161\u012bs iek\u0101rtas pla\u0161i izmanto rekl\u0101mas produktu, tirdzniec\u012bbas vietu stendu, aizsargpane\u013cu, interjera elementu vai tehnisku deta\u013cu ra\u017eo\u0161an\u0101. Lietot\u0101js var kontrol\u0113t temperat\u016bru l\u012bdz 600 \u00b0C, un maksim\u0101lais lieces garums l\u012bdz 1250 mm \u013cauj lietot\u0101jam str\u0101d\u0101t ar plat\u0101k\u0101m loksn\u0113m. <\/p>\n","protected":false},"featured_media":9118,"template":"","meta":{"_acf_changed":false},"product_brand":[],"product_cat":[364],"product_tag":[],"class_list":{"0":"post-9952","1":"product","2":"type-product","3":"status-publish","4":"has-post-thumbnail","6":"product_cat-akrila-lieksanas-masina","7":"","8":"woocommerce-text-align-center","9":"woocommerce-image-align-center","10":"wc-has-gallery","12":"first","13":"instock","14":"shipping-taxable","15":"product-type-simple"},"acf":[],"_links":{"self":[{"href":"https:\/\/eltechnika.eu\/lv\/wp-json\/wp\/v2\/product\/9952","targetHints":{"allow":["GET"]}}],"collection":[{"href":"https:\/\/eltechnika.eu\/lv\/wp-json\/wp\/v2\/product"}],"about":[{"href":"https:\/\/eltechnika.eu\/lv\/wp-json\/wp\/v2\/types\/product"}],"wp:featuredmedia":[{"embeddable":true,"href":"https:\/\/eltechnika.eu\/lv\/wp-json\/wp\/v2\/media\/9118"}],"wp:attachment":[{"href":"https:\/\/eltechnika.eu\/lv\/wp-json\/wp\/v2\/media?parent=9952"}],"wp:term":[{"taxonomy":"product_brand","embeddable":true,"href":"https:\/\/eltechnika.eu\/lv\/wp-json\/wp\/v2\/product_brand?post=9952"},{"taxonomy":"product_cat","embeddable":true,"href":"https:\/\/eltechnika.eu\/lv\/wp-json\/wp\/v2\/product_cat?post=9952"},{"taxonomy":"product_tag","embeddable":true,"href":"https:\/\/eltechnika.eu\/lv\/wp-json\/wp\/v2\/product_tag?post=9952"}],"curies":[{"name":"wp","href":"https:\/\/api.w.org\/{rel}","templated":true}]}}