{"id":8826,"date":"2025-04-02T15:38:01","date_gmt":"2025-04-02T12:38:01","guid":{"rendered":"https:\/\/eltechnika.eu\/produktas\/uv-printeris-sprinter-dpp-a3ultra\/"},"modified":"2025-08-21T15:41:32","modified_gmt":"2025-08-21T12:41:32","slug":"uv-printeris-sprinter-dpp-a3ultra","status":"publish","type":"product","link":"https:\/\/eltechnika.eu\/lv\/produkts\/uv-printeris-sprinter-dpp-a3ultra\/","title":{"rendered":"UV printeris sprinteris DPP-A3ULTRA"},"content":{"rendered":"<p><strong>DPP-A3 Ultra<\/strong> ir jauns kompakts UV printeris ar darba laukumu 297&#215;420 mm. T\u0101 izm\u0113rs ir maz\u0101ks nek\u0101 citiem mode\u013ciem \u0161aj\u0101 kl\u0101st\u0101, t\u0101p\u0113c tas ir ide\u0101li piem\u0113rots drukas uz\u0146\u0113mumiem ar ierobe\u017eotu telpu. K\u0101 jau var\u0113ja gaid\u012bt, tas ir \u013coti iztur\u012bgs un \u013coti labi konstru\u0113ts.   Printeris druk\u0101 uz da\u017e\u0101du materi\u0101lu virsm\u0101m, izmantojot <strong>UV<\/strong> gaismu, t\u0101p\u0113c nav ilgi j\u0101gaida, l\u012bdz tinte no\u017e\u016bst &#8211; tas notiek nekav\u0113joties. Printerim ir vair\u0101ku veidu tintes &#8211; <strong>CMYK<\/strong> kr\u0101sas, balt\u0101 tinte<strong>(W)<\/strong> un laka<strong>(V)<\/strong>. Ier\u012bce ir apr\u012bkota ar pa\u0161att\u012br\u012b\u0161an\u0101s funkciju, kas \u013coti atvieglo \u0161\u012b printera apkopi, kas \u0161ai ier\u012bcei ir \u013coti svar\u012bgi.  <\/p>\n<p><strong>UV<\/strong> printeris ir sare\u017e\u0123\u012bta drukas ier\u012bce, kas paredz\u0113ta profesion\u0101liem biznesa lietot\u0101jiem ar zin\u0101\u0161an\u0101m un pieredzi druk\u0101\u0161anas jom\u0101. Ja \u0161\u012b ir j\u016bsu pirm\u0101 <strong>UV<\/strong> iek\u0101rta vai ja jums nav pieredzes <strong>UV<\/strong> printera lieto\u0161an\u0101 un v\u0113laties paaugstin\u0101t savu kvalifik\u0101ciju, iesak\u0101m izmantot \u012bpa\u0161us papildu kursus un apm\u0101c\u012bbas. <\/p>\n<p><strong>SPRINTER UV<\/strong> digit\u0101l\u0101 druka tiek pla\u0161i izmantota da\u017e\u0101d\u0101s nozar\u0113s, tostarp rekl\u0101m\u0101 un izk\u0101rtn\u0113s, iepakojum\u0101, dekor\u0113\u0161an\u0101, m\u0101jas dekor\u0113\u0161an\u0101, kr\u0101so\u0161an\u0101 un citur. J\u016bs varat izmantot:<\/p>\n<p>Visu veidu ier\u012bces &#8211; \u0161\u0137iltavas, viedkartes, telefoni, futr\u0101\u013ci, v\u0101ci\u0146i, pe\u013cu palikt\u0146i, stat\u012bvi, kartona k\u0101rbas, pleksstikls, vinils, gumija, met\u0101ls, alum\u012bnijs, plastmasa, pap\u012brs, koks, sapl\u0101ksnis, pakl\u0101ji, galda virsmas, ekr\u0101ni, keramika, stikls, fl\u012bzes, tekstilizstr\u0101d\u0101jumi, ap\u0123\u0113rbi, krekli, T-krekli utt.<\/p>\n<div class=\"product-descr-table\">\n<table width=\"491\">\n<tbody>\n<tr>\n<td colspan=\"2\" width=\"491\"><strong>SPECIFIK\u0100CIJA<\/strong><\/td>\n<\/tr>\n<tr>\n<td width=\"260\"><strong>Z\u012bmols<\/strong><\/td>\n<td style=\"text-align: center;\" width=\"231\">SPRINTER<\/td>\n<\/tr>\n<tr>\n<td width=\"260\"><strong>Modelis<\/strong><\/td>\n<td style=\"text-align: center;\" width=\"231\">DPP-A3Ultra<\/td>\n<\/tr>\n<tr>\n<td width=\"260\"><strong>Tintes tips<\/strong><\/td>\n<td style=\"text-align: center;\" width=\"231\">UV STAROJUMS<\/td>\n<\/tr>\n<tr>\n<td width=\"260\"><strong>Tintes kr\u0101sa<\/strong><\/td>\n<td style=\"text-align: center;\" width=\"231\">CMYK + balta + laka<\/td>\n<\/tr>\n<tr>\n<td width=\"260\"><strong>Tintes ietilp\u012bba<\/strong><\/td>\n<td style=\"text-align: center;\" width=\"231\">250 ml katrai kr\u0101sai<\/td>\n<\/tr>\n<tr>\n<td width=\"260\"><strong>Galvas tips<\/strong><\/td>\n<td style=\"text-align: center;\" width=\"231\">EPSON<\/td>\n<\/tr>\n<tr>\n<td width=\"260\"><strong>Galvas modelis<\/strong><\/td>\n<td style=\"text-align: center;\" width=\"231\">EPS I3200HD<\/td>\n<\/tr>\n<tr>\n<td width=\"260\"><strong>Druk\u0101\u0161anas iz\u0161\u0137irtsp\u0113ja (dpi)<\/strong><\/td>\n<td style=\"text-align: center;\" width=\"231\">720*1800<\/td>\n<\/tr>\n<tr>\n<td width=\"260\"><\/td>\n<td style=\"text-align: center;\" width=\"231\">720*1200<\/td>\n<\/tr>\n<tr>\n<td width=\"260\"><\/td>\n<td style=\"text-align: center;\" width=\"231\">360*1800<\/td>\n<\/tr>\n<tr>\n<td width=\"260\"><strong>Maks. Darba zona <\/strong><\/td>\n<td style=\"text-align: center;\" width=\"231\">297 x 420 mm<\/td>\n<\/tr>\n<tr>\n<td width=\"260\"><strong>Maks. apstr\u0101d\u0101jam\u0101s deta\u013cas laukums <\/strong><\/td>\n<td style=\"text-align: center;\" width=\"231\">320 x 600 mm<\/td>\n<\/tr>\n<tr>\n<td width=\"260\"><strong>Maks. Apstr\u0101d\u0101jamo deta\u013cu augstums <\/strong><\/td>\n<td style=\"text-align: center;\" width=\"231\">100 mm<\/td>\n<\/tr>\n<tr>\n<td width=\"260\"><strong>Druk\u0101\u0161anas \u0101trums<\/strong><\/td>\n<td style=\"text-align: center;\" width=\"231\">Liela \u0101truma: 3-4 m\u00b2\/h<\/td>\n<\/tr>\n<tr>\n<td><\/td>\n<td style=\"text-align: center;\" width=\"231\">Standarta: 1-2 m\u00b2\/h<\/td>\n<\/tr>\n<tr>\n<td><\/td>\n<td style=\"text-align: center;\" width=\"231\">Precizit\u0101te: 0,5-1 m\u00b2\/h<\/td>\n<\/tr>\n<tr>\n<td width=\"260\"><strong>Optim\u0101l\u0101 temperat\u016bra<\/strong><\/td>\n<td style=\"text-align: center;\" width=\"231\">18-26\u00b0C<\/td>\n<\/tr>\n<tr>\n<td width=\"260\"><strong>Optim\u0101lais mitrums<\/strong><\/td>\n<td style=\"text-align: center;\" width=\"231\">40-70%<\/td>\n<\/tr>\n<tr>\n<td width=\"260\"><strong>Ier\u012bces izm\u0113ri<\/strong><\/td>\n<td style=\"text-align: center;\" width=\"231\">950 x 1016 x 651 mm<\/td>\n<\/tr>\n<tr>\n<td width=\"260\"><strong>Iepakojuma izm\u0113ri<\/strong><\/td>\n<td style=\"text-align: center;\" width=\"231\">1200 x 1250 x 950 mm<\/td>\n<\/tr>\n<tr>\n<td width=\"260\"><strong>Ier\u012bces svars<\/strong><\/td>\n<td style=\"text-align: center;\" width=\"231\">90 KG (neto)<\/td>\n<\/tr>\n<tr>\n<td width=\"260\"><\/td>\n<td style=\"text-align: center;\" width=\"231\">110 kg (bruto)<\/td>\n<\/tr>\n<tr>\n<td width=\"260\"><strong>\u0112din\u0101\u0161ana<\/strong><\/td>\n<td style=\"text-align: center;\" width=\"231\">AC 220V 50\/60Hz Maks.: 0,5 kW<\/td>\n<\/tr>\n<tr>\n<td width=\"260\"><strong>RIP programmat\u016bra<\/strong><\/td>\n<td style=\"text-align: center;\" width=\"231\">RIIN \/ Photoprint mini (p\u0113c izv\u0113les)<\/td>\n<\/tr>\n<tr>\n<td width=\"260\"><strong>Atbalst\u012btie failu form\u0101ti<\/strong><\/td>\n<td style=\"text-align: center;\" width=\"231\">Tiff, JPEG, EPS, PDF<\/td>\n<\/tr>\n<tr>\n<td width=\"260\"><strong>Datora minim\u0101l\u0101s pras\u012bbas:<\/strong><\/td>\n<td style=\"text-align: center;\" width=\"231\">Windows 10 64bit; RAM&gt;8G; HDD&gt;400G; SSD&gt;128G; CPU&gt;Intel i5<\/td>\n<\/tr>\n<tr>\n<td width=\"260\"><strong>Sertifik\u0101cija<\/strong><\/td>\n<td style=\"text-align: center;\" width=\"231\">CE<\/td>\n<\/tr>\n<\/tbody>\n<\/table>\n<\/div>\n","protected":false},"excerpt":{"rendered":"<ul>\n<li>Var druk\u0101t uz visu veidu plakaniem materi\u0101liem<\/li>\n<li>Iztur\u012bga iek\u0101rta ar stabilu darb\u012bbu 24 stundas diennakt\u012b, 7 dienas ned\u0113\u013c\u0101.<\/li>\n<li>Spilgts att\u0113ls ar baltas un lakas kr\u0101sas iesp\u0113j\u0101m<\/li>\n<li>Videi draudz\u012bga un energoefekt\u012bva LED tintes cietin\u0101\u0161anas sist\u0113ma<\/li>\n<li>\u0100tri \u017e\u016bsto\u0161a UV tinte<\/li>\n<li>\u0112rta vad\u012bbas sist\u0113ma<\/li>\n<li>Autom\u0101tiska drukas nes\u0113ja augstuma noteik\u0161ana<\/li>\n<li>Pretkompresijas sist\u0113ma<\/li>\n<li>Statisk\u0101s no\u0146em\u0161anas sist\u0113ma<\/li>\n<li>Mediju vakuuma s\u016bkn\u0113\u0161anas sist\u0113ma<\/li>\n<li>Autom\u0101tisk\u0101 tintes daudzuma signaliz\u0101cijas sist\u0113ma<\/li>\n<\/ul>\n","protected":false},"featured_media":8827,"template":"","meta":{"_acf_changed":false},"product_brand":[],"product_cat":[334],"product_tag":[],"class_list":{"0":"post-8826","1":"product","2":"type-product","3":"status-publish","4":"has-post-thumbnail","6":"product_cat-uv-printeri","7":"","8":"woocommerce-text-align-center","9":"woocommerce-image-align-center","10":"wc-has-gallery","12":"first","13":"instock","14":"shipping-taxable","15":"purchasable","16":"product-type-simple"},"acf":[],"_links":{"self":[{"href":"https:\/\/eltechnika.eu\/lv\/wp-json\/wp\/v2\/product\/8826","targetHints":{"allow":["GET"]}}],"collection":[{"href":"https:\/\/eltechnika.eu\/lv\/wp-json\/wp\/v2\/product"}],"about":[{"href":"https:\/\/eltechnika.eu\/lv\/wp-json\/wp\/v2\/types\/product"}],"wp:featuredmedia":[{"embeddable":true,"href":"https:\/\/eltechnika.eu\/lv\/wp-json\/wp\/v2\/media\/8827"}],"wp:attachment":[{"href":"https:\/\/eltechnika.eu\/lv\/wp-json\/wp\/v2\/media?parent=8826"}],"wp:term":[{"taxonomy":"product_brand","embeddable":true,"href":"https:\/\/eltechnika.eu\/lv\/wp-json\/wp\/v2\/product_brand?post=8826"},{"taxonomy":"product_cat","embeddable":true,"href":"https:\/\/eltechnika.eu\/lv\/wp-json\/wp\/v2\/product_cat?post=8826"},{"taxonomy":"product_tag","embeddable":true,"href":"https:\/\/eltechnika.eu\/lv\/wp-json\/wp\/v2\/product_tag?post=8826"}],"curies":[{"name":"wp","href":"https:\/\/api.w.org\/{rel}","templated":true}]}}