{"id":8763,"date":"2025-03-07T14:45:11","date_gmt":"2025-03-07T11:45:11","guid":{"rendered":"https:\/\/eltechnika.eu\/produktas\/vestulu-locisanas-masina-tps-s1810\/"},"modified":"2025-08-21T15:41:23","modified_gmt":"2025-08-21T12:41:23","slug":"vestulu-locisanas-masina-tps-s1810","status":"publish","type":"product","link":"https:\/\/eltechnika.eu\/lv\/produkts\/vestulu-locisanas-masina-tps-s1810\/","title":{"rendered":"V\u0113stu\u013cu loc\u012b\u0161anas ma\u0161\u012bna TPS S1810"},"content":{"rendered":"<h2>TPS-S1810: Automatiz\u0113ta tilpuma v\u0113stu\u013cu ra\u017eo\u0161ana<\/h2>\n<p>Apjoma burti ir viens no popul\u0101r\u0101kajiem un efekt\u012bv\u0101kajiem \u0101r\u0113j\u0101s rekl\u0101mas veidiem. Tom\u0113r to izgatavo\u0161ana, jo \u012bpa\u0161i s\u0101nu malu (apmales) veido\u0161ana, tradicion\u0101li ir bijis laikietilp\u012bgs process, kas prasa lielu r\u016bp\u012bbu un prasm\u012bgu profesion\u0101\u013cu roku darbu. TPS-S1810 burtu loc\u012b\u0161anas iek\u0101rta ir izstr\u0101d\u0101ta, lai atrisin\u0101tu tie\u0161i \u0161o probl\u0113mu &#8211; t\u0101 piln\u012bb\u0101 automatiz\u0113 loc\u012b\u0161anas procesu, padarot to par \u0101tru, \u013coti prec\u012bzu un 100 % atk\u0101rtojamu procesu.  <\/p>\n<h2>Galvenie ieguvumi j\u016bsu uz\u0146\u0113mumam<\/h2>\n<p>Ieguld\u012bjums autom\u0101tisk\u0101s loc\u012b\u0161anas iek\u0101rt\u0101s atmaks\u0101jas, jo iev\u0113rojami palielin\u0101s produktivit\u0101te, samazin\u0101s ra\u017eo\u0161anas izmaksas un uzlabojas gala produkta kvalit\u0101te.<\/p>\n<h3>\u0100trums un veiktsp\u0113ja<\/h3>\n<p>To, ko prasm\u012bgam darbiniekam ar rok\u0101m saliekt prasa vair\u0101kas stundas, TPS-S1810 paveic da\u017eu min\u016b\u0161u laik\u0101. Ra\u017eo\u0161anas process reiz\u0113m tiek pa\u0101trin\u0101ts, \u013caujot jums \u012bs\u0101k\u0101 laik\u0101 pabeigt vair\u0101k projektu un efekt\u012bv\u0101k pl\u0101not darbu. <\/p>\n<h3>Nevainojama precizit\u0101te<\/h3>\n<p>Datorkontrole nodro\u0161ina, ka katrs sl\u012bpums un le\u0146\u0137is tiek izpild\u012bts ar mikronu precizit\u0101ti saska\u0146\u0101 ar j\u016bsu iesniegto vektora failu. Tas garant\u0113, ka izgatavotais apmales apmales apmale perfekti atbilst v\u0113stules priek\u0161\u0113jai un aizmugur\u0113jai da\u013cai, bez atstarp\u0113m vai neatbilst\u012bb\u0101m. Katrs izgatavotais burts b\u016bs identisks n\u0101kamajam.  <\/p>\n<h3>Daudzpus\u012bba un elast\u012bba<\/h3>\n<p>TPS-S1810 ir izstr\u0101d\u0101ts darbam ar popul\u0101r\u0101kajiem materi\u0101liem, ko izmanto izm\u0113ru burtu izgatavo\u0161an\u0101. Iek\u0101rta efekt\u012bvi loc\u012b: <\/p>\n<ul>\n<li>Da\u017e\u0101da platuma un biezuma alum\u012bnija sloksnes.<\/li>\n<li>Ner\u016bs\u0113jo\u0161\u0101 t\u0113rauda sloksnes.<\/li>\n<li>Cinkota lok\u0161\u0146u met\u0101la profili.<\/li>\n<\/ul>\n<h2>Vienk\u0101r\u0161s un efekt\u012bvs darba process<\/h2>\n<p>Iek\u0101rtu ir \u013coti viegli lietot, un tai nav nepiecie\u0161amas \u012bpa\u0161as prasmes. Process sast\u0101v tikai no da\u017eiem so\u013ciem: <\/p>\n<ol>\n<li><strong>Dizaina sagatavo\u0161ana:<\/strong> izveidojiet v\u0113lam\u0101 burta vai simbola kont\u016bru vektorprogramm\u0101 (piem\u0113ram, CorelDraw, Adobe Illustrator) un saglab\u0101jiet to DXF form\u0101t\u0101.<\/li>\n<li><strong>Faila aug\u0161upiel\u0101de:<\/strong> aug\u0161upiel\u0101d\u0113jiet DXF failu uz ma\u0161\u012bnas vad\u012bbas programmat\u016bru.<\/li>\n<li><strong>Procesa s\u0101k\u0161ana:<\/strong> izv\u0113lieties materi\u0101la veidu un biezumu. Iek\u0101rta autom\u0101tiski pados lenti, veiks nepiecie\u0161amos st\u016bru griezumus un saloc\u012bs j\u016bsu burtu apmali p\u0113c nor\u0101d\u012bt\u0101s kont\u016bras. <\/li>\n<\/ol>\n<p>Rezult\u0101ts ir prec\u012bzi izgatavota deta\u013ca, ko var savienot ar cit\u0101m v\u0113stules da\u013c\u0101m. Ieguldiet l\u012bdzek\u013cus efektivit\u0101t\u0113 un paceliet savu rekl\u0101mas produkciju jaun\u0101 l\u012bmen\u012b ar TPS-S1810. <\/p>\n","protected":false},"excerpt":{"rendered":"<p>Profesion\u0101l\u0101 tilpuma burtu loc\u012b\u0161anas iek\u0101rta TPS-S1810 ir neaizst\u0101jams r\u012bks m\u016bsdienu rekl\u0101mas ra\u017eo\u0161anas uz\u0146\u0113mumam. Piln\u012bb\u0101 automatiz\u0113 sare\u017e\u0123\u012bto un laikietilp\u012bgo burtu pl\u0101k\u0161\u0146u loc\u012b\u0161anas procesu. \u0160\u012b ma\u0161\u012bna prec\u012bzi salok\u0101s da\u017e\u0101du veidu <strong>alum\u012bnija un ner\u016bs\u0113jo\u0161\u0101 t\u0113rauda sloksnes<\/strong>, autom\u0101tiski veidojot iegriezumus asiem st\u016briem. Palieliniet ra\u017eo\u0161anas efektivit\u0101ti, nodro\u0161iniet perfektu atk\u0101rtojam\u012bbu un atbr\u012bvojiet darbiniekus no monotona roku darba.   <\/p>\n","protected":false},"featured_media":8764,"template":"","meta":{"_acf_changed":false},"product_brand":[],"product_cat":[350],"product_tag":[],"class_list":{"0":"post-8763","1":"product","2":"type-product","3":"status-publish","4":"has-post-thumbnail","6":"product_cat-volumetrisko-uzrakstu-razosanas-iekartas","7":"","8":"woocommerce-text-align-center","9":"woocommerce-image-align-center","10":"wc-has-gallery","12":"first","13":"instock","14":"shipping-taxable","15":"purchasable","16":"product-type-simple"},"acf":[],"_links":{"self":[{"href":"https:\/\/eltechnika.eu\/lv\/wp-json\/wp\/v2\/product\/8763","targetHints":{"allow":["GET"]}}],"collection":[{"href":"https:\/\/eltechnika.eu\/lv\/wp-json\/wp\/v2\/product"}],"about":[{"href":"https:\/\/eltechnika.eu\/lv\/wp-json\/wp\/v2\/types\/product"}],"wp:featuredmedia":[{"embeddable":true,"href":"https:\/\/eltechnika.eu\/lv\/wp-json\/wp\/v2\/media\/8764"}],"wp:attachment":[{"href":"https:\/\/eltechnika.eu\/lv\/wp-json\/wp\/v2\/media?parent=8763"}],"wp:term":[{"taxonomy":"product_brand","embeddable":true,"href":"https:\/\/eltechnika.eu\/lv\/wp-json\/wp\/v2\/product_brand?post=8763"},{"taxonomy":"product_cat","embeddable":true,"href":"https:\/\/eltechnika.eu\/lv\/wp-json\/wp\/v2\/product_cat?post=8763"},{"taxonomy":"product_tag","embeddable":true,"href":"https:\/\/eltechnika.eu\/lv\/wp-json\/wp\/v2\/product_tag?post=8763"}],"curies":[{"name":"wp","href":"https:\/\/api.w.org\/{rel}","templated":true}]}}