{"id":8699,"date":"2024-07-02T17:28:04","date_gmt":"2024-07-02T14:28:04","guid":{"rendered":"https:\/\/eltechnika.eu\/produktas\/cnc-frezmasinas-hobby-linija\/"},"modified":"2025-08-21T15:41:23","modified_gmt":"2025-08-21T12:41:23","slug":"cnc-frezmasinas-hobby-linija","status":"publish","type":"product","link":"https:\/\/eltechnika.eu\/lv\/produkts\/cnc-frezmasinas-hobby-linija\/","title":{"rendered":"CNC fr\u0113zma\u0161\u012bna Hobby Line"},"content":{"rendered":"<p><strong>Hobby Line<\/strong> <strong>CNC<\/strong> fr\u0113zma\u0161\u012bna ir univers\u0101la un augstas precizit\u0101tes ma\u0161\u012bna hobijiem un maz\u0101m darbn\u012bc\u0101m. \u0160is modelis ir ide\u0101li piem\u0113rots tiem, kas v\u0113las veikt detaliz\u0113tus un sare\u017e\u0123\u012btus fr\u0113z\u0113\u0161anas uzdevumus visda\u017e\u0101d\u0101kajiem materi\u0101liem, tostarp kokam, plastmasai un met\u0101liem. <strong>Hobby Line<\/strong> <strong>CNC<\/strong> fr\u0113z\u0113\u0161anas iek\u0101rta ir ide\u0101la izv\u0113le hobijiem un mazo darbn\u012bcu ra\u017eot\u0101jiem, kas mekl\u0113 uzticamu, prec\u012bzu un daudzpus\u012bgu fr\u0113z\u0113\u0161anas risin\u0101jumu. Pateicoties iztur\u012bgam dizainam, lietot\u0101jam draudz\u012bgai saskarnei un pla\u0161am iesp\u0113ju kl\u0101stam, \u0161\u012bs fr\u0113zma\u0161\u012bnas \u013cauj lietot\u0101jiem viegli un prec\u012bzi realiz\u0113t savus rado\u0161os projektus.  <\/p>\n<p><strong>Galven\u0101s funkcijas:<\/strong><\/p>\n<ul>\n<li><strong>Augsta precizit\u0101te<br \/>\n<\/strong>Hobby l\u012bnija pied\u0101v\u0101 izcilu precizit\u0101ti ar augstas iz\u0161\u0137irtsp\u0113jas so\u013cu motoriem prec\u012bziem griezumiem un grav\u0113\u0161anai.<br \/>\nVar sasniegt stingrus pielaides standartus, t\u0101p\u0113c ir ide\u0101li piem\u0113rota detaliz\u0113tiem darbiem un sare\u017e\u0123\u012btiem dizainparaugiem.<\/li>\n<li><strong>Iztur\u012bga konstrukcija<br \/>\n<\/strong>Izgatavota no iztur\u012bga alum\u012bnija r\u0101mja, \u0161\u012b iek\u0101rta nodro\u0161ina stabilu un stingru pamatu, samazinot vibr\u0101cijas un uzlabojot kop\u0113jo fr\u0113z\u0113\u0161anas precizit\u0101ti.<br \/>\nIztur\u012bg\u0101 konstrukcija nodro\u0161ina iztur\u012bbu un nemain\u012bgu veiktsp\u0113ju pat bie\u017eas lieto\u0161anas gad\u012bjum\u0101.<\/li>\n<li><strong>Lietot\u0101jam draudz\u012bga saskarne<br \/>\n<\/strong>Hobby Line ir apr\u012bkots ar intuit\u012bvu vad\u012bbas paneli, un to ir viegli lietot pat ies\u0101c\u0113jiem.<br \/>\nMa\u0161\u012bnas atbalsta da\u017e\u0101das programmat\u016bras iesp\u0113jas, kas \u013cauj lietot\u0101jiem viegli import\u0113t dizainu un kontrol\u0113t fr\u0113z\u0113\u0161anas procesu.<\/li>\n<li><strong>Daudzpus\u012bgas fr\u0113z\u0113\u0161anas iesp\u0113jas<br \/>\n<\/strong>Savietojams ar pla\u0161u materi\u0101lu kl\u0101stu, tostarp m\u012bksto un cieto koksni, akrilu, plastmasu un kr\u0101saino met\u0101lu, piem\u0113ram, alum\u012bnija un misi\u0146a, apstr\u0101di<br \/>\nRegul\u0113jams v\u0101rpstas \u0101trums \u013cauj lietot\u0101jiem piel\u0101got fr\u0113z\u0113\u0161anas procesu atbilsto\u0161i materi\u0101lam un projekta pras\u012bb\u0101m.<\/li>\n<li><strong>Kompakts un efekt\u012bvs dizains<br \/>\n<\/strong>Hobby Line kompaktie izm\u0113ri \u013cauj to izmantot neliel\u0101s darbn\u012bc\u0101s vai m\u0101j\u0101s, nezaud\u0113jot veiktsp\u0113ju.<br \/>\nEfekt\u012bvs vietas izmantojums \u013cauj to viegli integr\u0113t eso\u0161aj\u0101s darba telp\u0101s.<\/li>\n<li><strong>Dro\u0161\u012bbas funkcijas<br \/>\n<\/strong>Lai nodro\u0161in\u0101tu dro\u0161u darba vidi, ir iek\u013cauti dro\u0161\u012bbas lodzi\u0146i un av\u0101rijas aptur\u0113\u0161anas pogas.<br \/>\nParedz\u0113ts, lai nov\u0113rstu nelaimes gad\u012bjumus un aizsarg\u0101tu gan lietot\u0101ju, gan darbgaldu.<\/li>\n<\/ul>\n<p><strong>Piem\u0113ro\u0161anas jomas:<\/strong><\/p>\n<ul>\n<li><strong>Prototip\u0113\u0161ana<\/strong>: ide\u0101li piem\u0113rots mazu deta\u013cu un komponentu prototip\u0113\u0161anai.<\/li>\n<li><strong>Grav\u0113\u0161ana<\/strong>: ide\u0101li piem\u0113rots deta\u013cu grav\u0113\u0161anai uz koka, akrila un met\u0101la virsm\u0101m.<\/li>\n<li><strong>Mode\u013cu izgatavo\u0161ana<\/strong>: lieliski piem\u0113rots detaliz\u0113tu mode\u013cu un m\u0113roga kopiju izgatavo\u0161anai.<\/li>\n<li><strong>Individu\u0101li projekti<\/strong>: piem\u0113rots da\u017e\u0101diem DIY projektiem un individu\u0101liem projektiem.<\/li>\n<\/ul>\n<div class=\"product-descr-table\">\n<table width=\"779\">\n<tbody>\n<tr>\n<td colspan=\"5\" width=\"779\">\n<p style=\"text-align: center;\"><strong>SPECIFIK\u0100CIJA<\/strong><\/p>\n<\/td>\n<\/tr>\n<tr>\n<td style=\"text-align: center;\" width=\"123\"><strong>Modelis<\/strong><\/td>\n<td style=\"text-align: center;\" width=\"161\"><strong>Hobby Line 4530<\/strong><\/td>\n<td style=\"text-align: center;\" width=\"161\"><strong>Hobiju l\u012bnija6045<\/strong><\/td>\n<td style=\"text-align: center;\" width=\"170\"><strong>Hobby Line 7545<\/strong><\/td>\n<td width=\"165\">\n<p style=\"text-align: center;\"><strong>Hobby Line 10560<\/strong><\/p>\n<\/td>\n<\/tr>\n<tr>\n<td width=\"123\">\n<p style=\"text-align: center;\"><strong>Brauciena garums mm<\/strong><\/p>\n<\/td>\n<td style=\"text-align: center;\" width=\"161\">X: 300 | Y: 450 | Z: 140<\/td>\n<td style=\"text-align: center;\" width=\"161\">X: 460 | Y: 600 | Z: 140<\/td>\n<td style=\"text-align: center;\" width=\"170\">X: 460 | Y: 750 | Z: 140<\/td>\n<td width=\"165\">\n<p style=\"text-align: center;\">X: 610 | Y: 1050 | Z: 140<\/p>\n<\/td>\n<\/tr>\n<tr>\n<td width=\"123\">\n<p style=\"text-align: center;\"><strong>P\u0101reja zem port\u0101la<\/strong><\/p>\n<\/td>\n<td style=\"text-align: center;\" width=\"161\">Z: 240<\/td>\n<td style=\"text-align: center;\" width=\"161\">Z: 240<\/td>\n<td style=\"text-align: center;\" width=\"170\">Z: 240<\/td>\n<td style=\"text-align: center;\" width=\"165\">Z: 240<\/td>\n<\/tr>\n<tr>\n<td style=\"text-align: center;\" width=\"123\"><strong>Ma\u0161\u012bnu darbgaldu izm\u0113ri<\/strong><\/td>\n<td style=\"text-align: center;\" width=\"161\">670x550x650 mm<\/td>\n<td style=\"text-align: center;\" width=\"161\">820x680x650 mm<\/td>\n<td style=\"text-align: center;\" width=\"170\">970x680x650 mm<\/td>\n<td width=\"165\">\n<p style=\"text-align: center;\">1270x860x650 mm<\/p>\n<\/td>\n<\/tr>\n<tr>\n<td width=\"123\">\n<p style=\"text-align: center;\"><strong>Lodveida v\u0101rsti<\/strong><\/p>\n<\/td>\n<td style=\"text-align: center;\" colspan=\"4\" width=\"657\">X = 16x10mm | Y = 16x10mm | Z = 12x4mm | Tolerances klase T07 | HIWIN | 2% iepriek\u0161 saspriegots ar speci\u0101l\u0101m lod\u012bt\u0113m<\/td>\n<\/tr>\n<tr>\n<td style=\"text-align: center;\" width=\"123\"><strong>Atk\u0101rtojam\u012bba<\/strong><\/td>\n<td colspan=\"4\" width=\"657\">\n<p style=\"text-align: center;\">+ &#8211; 0,02 mm<\/p>\n<\/td>\n<\/tr>\n<tr>\n<td width=\"123\">\n<p style=\"text-align: center;\"><strong>Svars bez piederumiem<\/strong><\/p>\n<\/td>\n<td style=\"text-align: center;\" width=\"161\">18 kg<\/td>\n<td style=\"text-align: center;\" width=\"161\">21 kg<\/td>\n<td style=\"text-align: center;\" width=\"170\">28 kg<\/td>\n<td style=\"text-align: center;\" width=\"165\">36 kg<\/td>\n<\/tr>\n<tr>\n<td style=\"text-align: center;\" width=\"123\"><strong>Spiediena plate<\/strong><\/td>\n<td colspan=\"4\" width=\"657\">\n<p style=\"text-align: center;\">P\u0113c izv\u0113les MDF vai alum\u012bnija T panelis<\/p>\n<\/td>\n<\/tr>\n<tr>\n<td width=\"123\">\n<p style=\"text-align: center;\"><strong>Maksim\u0101lais \u0101trums<\/strong><\/p>\n<\/td>\n<td style=\"text-align: center;\" colspan=\"2\" width=\"321\">X: 83,3 mm\/s jeb 4 m\/min | Y: 83,3 mm\/s jeb 4 m\/min | Z: 40 mm\/s jeb 2,4 m\/min<\/td>\n<td colspan=\"2\" width=\"336\">\n<p style=\"text-align: center;\">X: 66,7 mm\/s jeb 3 m\/min | Y: 66,7 mm\/s jeb 3 m\/min | Z: 40 mm\/s jeb 2,4 m\/min<\/p>\n<\/td>\n<\/tr>\n<tr>\n<td width=\"123\">\n<p style=\"text-align: center;\"><strong>Pa\u0101trin\u0101jums mm\/s<\/strong><strong>\u00b2<\/strong><\/p>\n<\/td>\n<td colspan=\"4\" width=\"657\">\n<p style=\"text-align: center;\">X: 300 | Y: 300 | Z: 200<\/p>\n<\/td>\n<\/tr>\n<\/tbody>\n<\/table>\n<\/div>\n<p>&nbsp;<\/p>\n","protected":false},"excerpt":{"rendered":"<p>Hobby Line CNC fr\u0113zma\u0161\u012bna ir univers\u0101la un augstas precizit\u0101tes ma\u0161\u012bna hobijiem un maz\u0101m darbn\u012bc\u0101m. \u0160is modelis ir ide\u0101li piem\u0113rots tiem, kas v\u0113las veikt detaliz\u0113tus un sare\u017e\u0123\u012btus fr\u0113z\u0113\u0161anas uzdevumus visda\u017e\u0101d\u0101kajiem materi\u0101liem, tostarp kokam, plastmasai un met\u0101liem. Hobby Line CNC fr\u0113z\u0113\u0161anas iek\u0101rta ir ide\u0101la izv\u0113le hobijiem un mazo darbn\u012bcu ra\u017eot\u0101jiem, kas mekl\u0113 uzticamu, prec\u012bzu un daudzpus\u012bgu fr\u0113z\u0113\u0161anas &#8230; <a title=\"CNC fr\u0113zma\u0161\u012bna Hobby Line\" class=\"read-more\" href=\"https:\/\/eltechnika.eu\/lv\/produkts\/cnc-frezmasinas-hobby-linija\/\" aria-label=\"Read more about CNC fr\u0113zma\u0161\u012bna Hobby Line\">Read more<\/a><\/p>\n","protected":false},"featured_media":8700,"template":"","meta":{"_acf_changed":false},"product_brand":[],"product_cat":[348],"product_tag":[],"class_list":{"0":"post-8699","1":"product","2":"type-product","3":"status-publish","4":"has-post-thumbnail","6":"product_cat-cnc-frezmasina","7":"","8":"woocommerce-text-align-center","9":"woocommerce-image-align-center","10":"wc-has-gallery","12":"first","13":"instock","14":"shipping-taxable","15":"purchasable","16":"product-type-simple"},"acf":[],"_links":{"self":[{"href":"https:\/\/eltechnika.eu\/lv\/wp-json\/wp\/v2\/product\/8699","targetHints":{"allow":["GET"]}}],"collection":[{"href":"https:\/\/eltechnika.eu\/lv\/wp-json\/wp\/v2\/product"}],"about":[{"href":"https:\/\/eltechnika.eu\/lv\/wp-json\/wp\/v2\/types\/product"}],"wp:featuredmedia":[{"embeddable":true,"href":"https:\/\/eltechnika.eu\/lv\/wp-json\/wp\/v2\/media\/8700"}],"wp:attachment":[{"href":"https:\/\/eltechnika.eu\/lv\/wp-json\/wp\/v2\/media?parent=8699"}],"wp:term":[{"taxonomy":"product_brand","embeddable":true,"href":"https:\/\/eltechnika.eu\/lv\/wp-json\/wp\/v2\/product_brand?post=8699"},{"taxonomy":"product_cat","embeddable":true,"href":"https:\/\/eltechnika.eu\/lv\/wp-json\/wp\/v2\/product_cat?post=8699"},{"taxonomy":"product_tag","embeddable":true,"href":"https:\/\/eltechnika.eu\/lv\/wp-json\/wp\/v2\/product_tag?post=8699"}],"curies":[{"name":"wp","href":"https:\/\/api.w.org\/{rel}","templated":true}]}}