{"id":8635,"date":"2024-06-25T11:47:50","date_gmt":"2024-06-25T08:47:50","guid":{"rendered":"https:\/\/eltechnika.eu\/produktas\/uv-lazera-markesanas-iekarta\/"},"modified":"2025-08-21T15:41:14","modified_gmt":"2025-08-21T12:41:14","slug":"uv-lazera-markesanas-iekarta","status":"publish","type":"product","link":"https:\/\/eltechnika.eu\/lv\/produkts\/uv-lazera-markesanas-iekarta\/","title":{"rendered":"UV l\u0101zera mar\u0137\u0113\u0161anas iek\u0101rta"},"content":{"rendered":"<h2>UV l\u0101zers: aukst\u0101 mar\u0137\u0113\u0161ana visjut\u012bg\u0101kajiem materi\u0101liem<\/h2>\n<p>Ja standarta optisko \u0161\u0137iedru vai CO2 l\u0101zeri ir p\u0101r\u0101k agres\u012bvi, UV l\u0101zeru tehnolo\u0123ija n\u0101k pal\u012bg\u0101. Liel\u0101k\u0101 da\u013ca l\u0101zeru darbojas p\u0113c termisk\u0101 principa &#8211; tie silda un iztvaic\u0113 materi\u0101lu. Savuk\u0101rt UV l\u0101zeri izmanto \u012bs\u0101ku 355 nm vi\u013c\u0146a garumu un darbojas p\u0113c foto\u0137\u012bmisk\u0101 principa. Augstas ener\u0123ijas UV fotoni tie\u0161i sarauj materi\u0101la molekul\u0101r\u0101s saites, nesildot apk\u0101rt\u0113jo vidi. \u0160is process, kas paz\u012bstams k\u0101 &#8220;aukst\u0101 mar\u0137\u0113\u0161ana&#8221;, \u013cauj izveidot piln\u012bgi skaidras un kontrast\u0113jo\u0161as z\u012bmes, neboj\u0101jot pa\u0161u materi\u0101lu.    <\/p>\n<h2>K\u0101p\u0113c izv\u0113l\u0113ties UV l\u0101zeru?<\/h2>\n<p>Ar UV l\u0101zeru var piek\u013c\u016bt jom\u0101m, kuras iepriek\u0161 nebija pieejamas l\u0101zermar\u0137\u0113\u0161anai, jo materi\u0101ls ir jut\u012bgs pret karstumu.<\/p>\n<h3>Nep\u0101rsp\u0113jama precizit\u0101te un kvalit\u0101te<\/h3>\n<p>Pateicoties l\u0101zera \u012bpa\u0161i mazajam punkta izm\u0113ram, ar UV l\u0101zeru var izveidot neticami smalkas un prec\u012bzas deta\u013cas. Tas \u013cauj veikt mikromar\u0137\u0113jumu &#8211; grav\u0113t \u012bpa\u0161i mazu tekstu, sare\u017e\u0123\u012btus logotipus vai augstas iz\u0161\u0137irtsp\u0113jas QR kodus, kas b\u016bs viegli salas\u0101mi un nevainojami skaidri. <\/p>\n<h3>Piln\u012bga aizsardz\u012bba pret p\u0101rk\u0101pumiem<\/h3>\n<p>&#8220;Aukst\u0101s mar\u0137\u0113\u0161anas&#8221; process garant\u0113, ka j\u016bsu izstr\u0101d\u0101jumam nerad\u012bsies nek\u0101das nev\u0113lamas sekas: ne apdeg\u0161ana, ne ku\u0161ana, ne putu veido\u0161an\u0101s vai mikroplaisas, kas bie\u017ei rodas, ja virsmas tiek pak\u013cautas karstuma iedarb\u012bbai. Materi\u0101la virsmas strukt\u016bra un integrit\u0101te paliek neskarta, kas ir \u013coti svar\u012bgi medic\u012bnas ier\u012b\u010du, elektronikas vai p\u0101rtikas iepakojuma ra\u017eo\u0161an\u0101. <\/p>\n<h2>Pla\u0161as pielietojuma jomas<\/h2>\n<p>UV l\u0101zers ir daudzpus\u012bgs risin\u0101jums, kas aizpilda ni\u0161u starp \u0161\u0137iedras un CO2 tehnolo\u0123ij\u0101m. Tas ir ide\u0101li piem\u0113rots viet\u0101s, kur citas tehnolo\u0123ijas ir bezsp\u0113c\u012bgas. <\/p>\n<h3>Materi\u0101lu spektrs:<\/h3>\n<ul>\n<li><strong>Visas plastmasas:<\/strong> ABS, PVC, PLA, polikarbon\u0101ts, polipropil\u0113ns un \u012bpa\u0161i silikons.<\/li>\n<li><strong>Stikls un krist\u0101ls:<\/strong> mar\u0137\u0113\u0161ana bez mikroplaisu riska.<\/li>\n<li><strong>Keramika:<\/strong> prec\u012bza grav\u0113\u0161ana uz da\u017e\u0101du veidu keramikas.<\/li>\n<li><strong>Elektroniskie komponenti:<\/strong> mikrosh\u0113mu korpusi, iespiedsh\u0113mas plates (PCB), sil\u012bcija pl\u0101ksnes.<\/li>\n<li><strong>Medic\u012bna:<\/strong> \u0137irur\u0123isko instrumentu, implantu un medic\u012bnas iek\u0101rtu plastmasas da\u013cu mar\u0137\u0113\u0161ana.<\/li>\n<li><strong>Saules ener\u0123ija:<\/strong> saules bateriju pl\u0101ksn\u012b\u0161u mar\u0137\u0113\u0161ana.<\/li>\n<li>Ar to var mar\u0137\u0113t ar\u012b koku, pap\u012bru, \u0101du un pat met\u0101lus, kas ir at\u0161\u0137ir\u012bgs kontrasts \u0161\u0137iedru l\u0101zeram.<\/li>\n<\/ul>\n<h3>Lieto\u0161anas piem\u0113ri:<\/h3>\n<ul>\n<li>Logo un sertifik\u0101cijas mar\u0137\u0113jums uz t\u0101lru\u0146u l\u0101d\u0113t\u0101jiem, USB atmi\u0146as ier\u012bc\u0113m.<\/li>\n<li>S\u0113rijas numuru un sv\u012btrkodu grav\u0113\u0161ana uz stikla traukiem vai laboratorijas piederumiem.<\/li>\n<li>Identifik\u0101cijas kodu mar\u0137\u0113\u0161ana uz medic\u012bnisk\u0101m silikona caurul\u0113m vai ier\u012bc\u0113m.<\/li>\n<li>Nelielu sh\u0113mu un numuru mar\u0137\u0113\u0161ana uz elektroniskajiem komponentiem.<\/li>\n<\/ul>\n<p>&nbsp;<\/p>\n<div class=\"product-descr-table\">\n<table width=\"634\">\n<tbody>\n<tr>\n<td colspan=\"2\" width=\"634\">\n<p style=\"text-align: left;\"><strong>SPECIFIK\u0100CIJA<\/strong><\/p>\n<\/td>\n<\/tr>\n<tr>\n<td style=\"text-align: left;\" width=\"217\"><strong>L\u0101zera avots<\/strong><\/td>\n<td width=\"417\">\n<p style=\"text-align: center;\">JPT bl\u012bv\u0113jums &#8211; 355 &#8211; 3SE\/3C\/5C\/10S<\/p>\n<\/td>\n<\/tr>\n<tr>\n<td width=\"217\">\n<p style=\"text-align: left;\"><strong>L\u0101zera jauda<\/strong><\/p>\n<\/td>\n<td style=\"text-align: center;\" width=\"417\">3W, 5W, 10W<\/td>\n<\/tr>\n<tr>\n<td style=\"text-align: left;\" width=\"217\"><strong>Impulsu diapazons<\/strong><\/td>\n<td width=\"417\">\n<p style=\"text-align: center;\">20 &#8211; 150 kHz<\/p>\n<\/td>\n<\/tr>\n<tr>\n<td width=\"217\">\n<p style=\"text-align: left;\"><strong>Grav\u0113\u0161anas \u0101trums<\/strong><\/p>\n<\/td>\n<td style=\"text-align: center;\" width=\"417\">0 &#8211; 8000 mm\/s<\/td>\n<\/tr>\n<tr>\n<td style=\"text-align: left;\" width=\"217\"><strong>Minim\u0101lais l\u012bnijas biezums<\/strong><\/td>\n<td width=\"417\">\n<p style=\"text-align: center;\">&lt;0,01 mm<\/p>\n<\/td>\n<\/tr>\n<tr>\n<td width=\"217\">\n<p style=\"text-align: left;\"><strong>L\u0101zera vi\u013c\u0146a garums<\/strong><\/p>\n<\/td>\n<td style=\"text-align: center;\" width=\"417\">355 nm<\/td>\n<\/tr>\n<tr>\n<td style=\"text-align: left;\" width=\"217\"><strong>Darba lauks<\/strong><\/td>\n<td width=\"417\">\n<p style=\"text-align: center;\">70&#215;70 mm, 110&#215;110 mm, 150&#215;150 mm, 175&#215;175 mm, 200&#215;200 mm, 300&#215;300 mm<\/p>\n<\/td>\n<\/tr>\n<tr>\n<td width=\"217\">\n<p style=\"text-align: left;\"><strong>Dzes\u0113\u0161ana<\/strong><\/p>\n<\/td>\n<td style=\"text-align: center;\" width=\"417\">Gaiss \/ \u016bdens<\/td>\n<\/tr>\n<tr>\n<td style=\"text-align: left;\" width=\"217\"><strong>L\u0101zera avota kalpo\u0161anas laiks<\/strong><\/td>\n<td width=\"417\">\n<p style=\"text-align: center;\">L\u012bdz 20 000 stund\u0101m.<\/p>\n<\/td>\n<\/tr>\n<tr>\n<td width=\"217\">\n<p style=\"text-align: left;\"><strong>Baro\u0161anas spriegums<\/strong><\/p>\n<\/td>\n<td style=\"text-align: center;\" width=\"417\">230 V AC, 50-60 Hz<\/td>\n<\/tr>\n<tr>\n<td style=\"text-align: left;\" width=\"217\"><strong>Ener\u0123ijas pat\u0113ri\u0146\u0161<\/strong><\/td>\n<td width=\"417\">\n<p style=\"text-align: center;\">&lt;= 500W<\/p>\n<\/td>\n<\/tr>\n<tr>\n<td width=\"217\">\n<p style=\"text-align: left;\"><strong>Temperat\u016bras\/mitruma l\u012bmenis<\/strong><\/p>\n<\/td>\n<td style=\"text-align: center;\" width=\"417\">0~35\u00b0C \/ 10~95%<\/td>\n<\/tr>\n<tr>\n<td style=\"text-align: left;\" width=\"217\"><strong>Darbgaldi izm\u0113ri un svars<\/strong><\/td>\n<td width=\"417\">\n<p style=\"text-align: center;\">660x240x500 mm, 35 kg<\/p>\n<\/td>\n<\/tr>\n<tr>\n<td width=\"217\">\n<p style=\"text-align: left;\"><strong>Programmat\u016bra<\/strong><\/p>\n<\/td>\n<td style=\"text-align: center;\" width=\"417\">EzCAD (ieteicams LightBurn Pro, atsevi\u0161\u0137a maksas licence)<\/td>\n<\/tr>\n<tr>\n<td style=\"text-align: left;\" width=\"217\"><strong>Atbalst\u012btie form\u0101ti<\/strong><\/td>\n<td width=\"417\">\n<p style=\"text-align: center;\">AI, PLT, DXF, BMP, DWG, DXP, PNG, JPG utt.<\/p>\n<\/td>\n<\/tr>\n<tr>\n<td width=\"217\">\n<p style=\"text-align: left;\"><strong>Piem\u0113roti materi\u0101li<\/strong><\/p>\n<\/td>\n<td style=\"text-align: center;\" width=\"417\">Gandr\u012bz visi (organiskas vielas, cietvielas, stikls, krist\u0101li, met\u0101li, plastmasa, sil\u012bcijs u. c.)<\/td>\n<\/tr>\n<tr>\n<td style=\"text-align: left;\" width=\"217\"><strong>Rot\u0101cijas<\/strong><\/td>\n<td width=\"417\">\n<p style=\"text-align: center;\">Papildu opcija (gredzeniem, rokasspr\u0101dz\u0113m, brill\u0113m utt.)<\/p>\n<\/td>\n<\/tr>\n<\/tbody>\n<\/table>\n<\/div>\n","protected":false},"excerpt":{"rendered":"<p><strong>UV l\u0101zera mar\u0137\u0113\u0161anas iek\u0101rtas<\/strong> ir specializ\u0113tas iek\u0101rtas jut\u012bgu materi\u0101lu mar\u0137\u0113\u0161anai ar augstu precizit\u0101ti. Izmantojot unik\u0101lu &#8220;aukst\u0101s mar\u0137\u0113\u0161anas&#8221; tehnolo\u0123iju, UV l\u0101zers iedarbojas uz virsmu bez termisk\u0101s iedarb\u012bbas, nov\u0113r\u0161ot jebk\u0101dus boj\u0101jumus, apdegumus vai mikroplaisas. Tas ir neaizst\u0101jams r\u012bks, str\u0101d\u0101jot ar <strong>plastmas\u0101m, stiklu, silikonu, keramiku<\/strong> un jut\u012bgu elektroniku, kur nepiecie\u0161ama visaugst\u0101k\u0101 kvalit\u0101te un virsmas integrit\u0101tes saglab\u0101\u0161ana.  <\/p>\n","protected":false},"featured_media":8636,"template":"","meta":{"_acf_changed":false},"product_brand":[],"product_cat":[314],"product_tag":[],"class_list":{"0":"post-8635","1":"product","2":"type-product","3":"status-publish","4":"has-post-thumbnail","6":"product_cat-lazera-darbgaldi","7":"","8":"woocommerce-text-align-center","9":"woocommerce-image-align-center","11":"first","12":"instock","13":"shipping-taxable","14":"purchasable","15":"product-type-simple"},"acf":[],"_links":{"self":[{"href":"https:\/\/eltechnika.eu\/lv\/wp-json\/wp\/v2\/product\/8635","targetHints":{"allow":["GET"]}}],"collection":[{"href":"https:\/\/eltechnika.eu\/lv\/wp-json\/wp\/v2\/product"}],"about":[{"href":"https:\/\/eltechnika.eu\/lv\/wp-json\/wp\/v2\/types\/product"}],"wp:featuredmedia":[{"embeddable":true,"href":"https:\/\/eltechnika.eu\/lv\/wp-json\/wp\/v2\/media\/8636"}],"wp:attachment":[{"href":"https:\/\/eltechnika.eu\/lv\/wp-json\/wp\/v2\/media?parent=8635"}],"wp:term":[{"taxonomy":"product_brand","embeddable":true,"href":"https:\/\/eltechnika.eu\/lv\/wp-json\/wp\/v2\/product_brand?post=8635"},{"taxonomy":"product_cat","embeddable":true,"href":"https:\/\/eltechnika.eu\/lv\/wp-json\/wp\/v2\/product_cat?post=8635"},{"taxonomy":"product_tag","embeddable":true,"href":"https:\/\/eltechnika.eu\/lv\/wp-json\/wp\/v2\/product_tag?post=8635"}],"curies":[{"name":"wp","href":"https:\/\/api.w.org\/{rel}","templated":true}]}}