{"id":8521,"date":"2025-12-15T10:00:47","date_gmt":"2025-12-15T07:00:47","guid":{"rendered":"https:\/\/eltechnika.eu\/produktas\/aeon-super-nova-ar-redline-10-14-16\/"},"modified":"2025-08-21T15:41:04","modified_gmt":"2025-08-21T12:41:04","slug":"aeon-super-nova-ar-redline-10-14-16","status":"publish","type":"product","link":"https:\/\/eltechnika.eu\/lv\/produkts\/aeon-super-nova-ar-redline-10-14-16\/","title":{"rendered":"Aeon Super Nova S Redline 10\/14\/16"},"content":{"rendered":"<h2>AEON <strong>Super NOVA <span style=\"color: #ff0000;\">S<\/span> <span style=\"color: #ff0000;\">REDLINE<\/span><\/strong>: hibr\u012bda jauda bez analogiem<\/h2>\n<p>AEON <strong>Super NOVA <span style=\"color: #ff0000;\">S<\/span> <span style=\"color: #ff0000;\">REDLINE<\/span><\/strong> ir vismodern\u0101k\u0101 AEON in\u017eenieru izstr\u0101d\u0101t\u0101 sist\u0113ma, kas paredz\u0113ta nozar\u0113m, kur\u0101s veiktsp\u0113ja un elast\u012bgums ir \u013coti svar\u012bgi. \u0160is modelis izmanto lab\u0101ko no Super NOVA s\u0113rijas un paaugstina to jaun\u0101 l\u012bmen\u012b, integr\u0113jot revolucion\u0101ru hibr\u012bdsist\u0113mu ar CO2 Galvo sken\u0113\u0161anas galvu. <strong>Super NOVA <span style=\"color: #ff0000;\">S<\/span> <span style=\"color: #ff0000;\">REDLINE<\/span><\/strong> ir izstr\u0101d\u0101ts t\u0101, lai veiktu vispras\u012bg\u0101kos kombin\u0113tos uzdevumus &#8211; grie\u0161anu, grav\u0113\u0161anu un \u012bpa\u0161i \u0101tru mar\u0137\u0113\u0161anu &#8211; vien\u0101 proces\u0101, ietaupot \u013coti daudz laika un paverot piln\u012bgi jaunas ra\u017eo\u0161anas iesp\u0113jas. <\/p>\n<h2>Revolucion\u0101ra hibr\u012bda tehnolo\u0123ija: divas galvas uz vienas ass<\/h2>\n<p><strong>Super NOVA <span style=\"color: #ff0000;\">S<\/span> <span style=\"color: #ff0000;\">REDLINE<\/span><\/strong> ir unik\u0101la sist\u0113ma, kur\u0101 uz vienas kust\u012bg\u0101s ass ir uzst\u0101d\u012btas divas piln\u012bgi at\u0161\u0137ir\u012bgas l\u0101zera galvas. Programmat\u016bra autom\u0101tiski p\u0101rsl\u0113dzas starp t\u0101m atkar\u012bb\u0101 no veicam\u0101s oper\u0101cijas. <\/p>\n<h3>1. Standarta grie\u0161anas un grav\u0113\u0161anas galva<\/h3>\n<p>\u0160\u012b galva, kas savienota ar jaud\u012bgu stikla CO2 l\u0101zera cauruli (100-150 W), ir atbild\u012bga par grie\u0161anas un dzi\u013c\u0101s grav\u0113\u0161anas uzdevumiem. T\u0101 nodro\u0161ina prec\u012bzu un efekt\u012bvu biezu materi\u0101lu, piem\u0113ram, koka, akrila vai finiera, grie\u0161anu t\u0101pat k\u0101 standarta NOVA s\u0113rijas iek\u0101rtas. <\/p>\n<h3>2. CO2 galvo sken\u0113\u0161anas galva<\/h3>\n<p>Tas ir <strong>Super NOVA <span style=\"color: #ff0000;\">S<\/span> <span style=\"color: #ff0000;\">REDLINE<\/span><\/strong> patiesais &#8220;supersp\u0113ks&#8221;. \u0160\u012b galva, kas savienota ar iztur\u012bgu met\u0101la RF l\u0101zera cauruli, izmanto nevis kust\u012bgu asi, bet gan \u012bpa\u0161i \u0101trus spogu\u013cus, lai virz\u012btu l\u0101zera staru. Tas nodro\u0161ina absol\u016bti neticamu mar\u0137\u0113\u0161anas un grav\u0113\u0161anas \u0101trumu, kas ir <strong>30-50 rei\u017eu liel\u0101ks<\/strong> nek\u0101 standarta XY ass sist\u0113m\u0101s. Tas ir ide\u0101li piem\u0113rots s\u0113rijas numuru, sv\u012btrkodu, logotipu vai citu smalku grafikas elementu mar\u0137\u0113\u0161anai.   <\/p>\n<h2>Viena procesa ra\u017eo\u0161ana: izgriezt un mar\u0137\u0113t viena gada laik\u0101<\/h2>\n<p>Iedom\u0101jieties procesu: standarta galva izgrie\u017e izstr\u0101d\u0101juma kont\u016bru, un Galvo galva uzreiz iez\u012bm\u0113 to ar nepiecie\u0161amo inform\u0101ciju. Tas viss tiek paveikts vien\u0101 darb\u012bb\u0101, un izstr\u0101d\u0101jumu nav nepiecie\u0161ams p\u0101rvietot uz citu ma\u0161\u012bnu. Tas ne tikai iev\u0113rojami palielina produktivit\u0101ti, bet ar\u012b nodro\u0161ina absol\u016btu precizit\u0101ti, nov\u0113r\u0161ot jebk\u0101das pozicion\u0113\u0161anas k\u013c\u016bdas.  <\/p>\n<h2>Augst\u0101k\u0101s klases pakete<\/h2>\n<p>K\u0101 jau tas pien\u0101kas flagmanim,  <strong>Super NOVA <span style=\"color: #ff0000;\">S<\/span> <span style=\"color: #ff0000;\">REDLINE<\/span><\/strong>  standarta komplekt\u0101cij\u0101 ir visas iesp\u0113jam\u0101s priek\u0161roc\u012bbas:<\/p>\n<ul>\n<li><strong>Ieb\u016bv\u0113ta kamera:<\/strong> vizu\u0101lai pozicion\u0113\u0161anai un drukas atpaz\u012b\u0161anai<em>(Print &amp; Cut).<\/em><\/li>\n<li><strong>Mai\u0146str\u0101vas servomotori:<\/strong> maksim\u0101lam \u0101trumam, pa\u0101trin\u0101jumam un precizit\u0101tei.<\/li>\n<li><strong>&#8220;Clean Pack&#8221; tehnolo\u0123ija:<\/strong> aizsarg\u0101tai un iztur\u012bgai meh\u0101nikai.<\/li>\n<li><strong>Piln\u012bgs &#8220;viss vien\u0101&#8221; dizains:<\/strong> ar integr\u0113tu dzes\u0113\u0161anu, d\u016bmu atsl\u0113g\u0161anu un gaisa padevi.<\/li>\n<li><strong>Motoriz\u0113ts galds un autofokuss:<\/strong> \u0113rtam un \u0101tram darbam.<\/li>\n<\/ul>\n<h2>Izv\u0113lieties savu <strong>Super NOVA <span style=\"color: #ff0000;\">S<\/span> <span style=\"color: #ff0000;\">REDLINE<\/span><\/strong> ra\u017eo\u0161anas platformu<\/h2>\n<p><strong>Super NOVA <span style=\"color: #ff0000;\">S<\/span> <span style=\"color: #ff0000;\">REDLINE<\/span><\/strong> s\u0113rija pied\u0101v\u0101 tr\u012bs izm\u0113rus, lai piel\u0101gotu \u0161o modern\u0101ko tehnolo\u0123iju j\u016bsu ra\u017eo\u0161anas vajadz\u012bb\u0101m:<\/p>\n<ul>\n<li><strong>Super NOVA <span style=\"color: #ff0000;\">S<\/span> <span style=\"color: #ff0000;\">REDLINE<\/span>10:<\/strong> <strong>1000 x 700 mm<\/strong> darba zona.<\/li>\n<li><strong>Super NOVA <span style=\"color: #ff0000;\">S<\/span> <span style=\"color: #ff0000;\">REDLINE<\/span>14:<\/strong> <strong>1400 x 900 mm<\/strong> darba zona.<\/li>\n<li><strong>Super NOVA <span style=\"color: #ff0000;\">S<\/span> <span style=\"color: #ff0000;\">REDLINE<\/span>16:<\/strong> <strong>1600 x 1000 mm<\/strong> darba zona.<\/li>\n<\/ul>\n<div class=\"product-descr-table\">\n<table width=\"944\">\n<tbody>\n<tr>\n<td colspan=\"4\" width=\"944\"><strong>SPECIFIK\u0100CIJA<\/strong><\/td>\n<\/tr>\n<tr>\n<td width=\"215\"><strong>MODELIS<\/strong><\/td>\n<td style=\"text-align: center;\" width=\"243\"><strong>NOVA10 SUPER <span style=\"color: #ff0000;\">Redline<\/span><\/strong><\/td>\n<td style=\"text-align: center;\" width=\"243\"><strong>NOVA14 SUPER <span style=\"color: #ff0000;\">Redline<\/span><\/strong><\/td>\n<td style=\"text-align: center;\" width=\"243\"><strong>NOVA16 SUPER <span style=\"color: #ff0000;\">Redline<\/span><\/strong><\/td>\n<\/tr>\n<tr>\n<td width=\"215\"><strong>Darba zona<\/strong><\/td>\n<td style=\"text-align: center;\" width=\"243\">700&#215;1000 mm<\/td>\n<td style=\"text-align: center;\" width=\"243\">900&#215;1400 mm<\/td>\n<td style=\"text-align: center;\" width=\"243\">1000&#215;1600 mm<\/td>\n<\/tr>\n<tr>\n<td width=\"215\"><strong>Maksim\u0101lais motoriz\u0113tais Z ass augstums<\/strong><\/td>\n<td style=\"text-align: center;\" width=\"243\">200 mm<\/td>\n<td style=\"text-align: center;\" width=\"243\">200 mm<\/td>\n<td style=\"text-align: center;\" width=\"243\">200 mm<\/td>\n<\/tr>\n<tr>\n<td width=\"215\"><strong>Maksim\u0101l\u0101 celtsp\u0113ja<\/strong><\/td>\n<td style=\"text-align: center;\" width=\"243\">120 kg<\/td>\n<td style=\"text-align: center;\" width=\"243\">120 kg<\/td>\n<td style=\"text-align: center;\" width=\"243\">120 kg<\/td>\n<\/tr>\n<tr>\n<td rowspan=\"2\" width=\"215\"><strong>L\u0101zera tips\/jauda<\/strong><\/td>\n<td style=\"text-align: center;\" width=\"243\">DC Glass 90\/100W<\/td>\n<td style=\"text-align: center;\" width=\"243\">DC Glass 90\/100\/130W<\/td>\n<td style=\"text-align: center;\" width=\"243\">DC Glass 90\/100\/130\/150W<\/td>\n<\/tr>\n<tr>\n<td style=\"text-align: center;\" width=\"243\">RF Metal 30\/60W<\/td>\n<td style=\"text-align: center;\" width=\"243\">RF Metal 30\/60W<\/td>\n<td style=\"text-align: center;\" width=\"243\">RF Metal 30\/60W<\/td>\n<\/tr>\n<tr>\n<td width=\"215\"><strong>Maksim\u0101lais grav\u0113\u0161anas \u0101trums<\/strong><\/td>\n<td style=\"text-align: center;\" width=\"243\">DC 1200 mm\/s, RF 4000 mm\/s<\/td>\n<td style=\"text-align: center;\" colspan=\"2\" width=\"486\">DC 1200 mm\/s, RF 4200 mm\/s<\/td>\n<\/tr>\n<tr>\n<td rowspan=\"2\" width=\"215\"><strong>Pa\u0101trin\u0101jums<\/strong><\/td>\n<td style=\"text-align: center;\" colspan=\"3\">5G (DC)<\/td>\n<\/tr>\n<tr>\n<td style=\"text-align: center;\" colspan=\"3\">8G (RF)<\/td>\n<\/tr>\n<tr>\n<td rowspan=\"2\" width=\"215\"><strong>Dzin\u0113ja tips<\/strong><\/td>\n<td style=\"text-align: center;\" colspan=\"3\">L\u012bdzstr\u0101vas so\u013cu piedzi\u0146a (l\u012bdzstr\u0101vas)<\/td>\n<\/tr>\n<tr>\n<td style=\"text-align: center;\" colspan=\"3\">Mai\u0146str\u0101vas servopiedzi\u0146a (RF)<\/td>\n<\/tr>\n<tr>\n<td width=\"215\"><strong>L\u012bdzstr\u0101vas avota maksim\u0101l\u0101 iz\u0161\u0137irtsp\u0113ja<\/strong><\/td>\n<td style=\"text-align: center;\" colspan=\"3\" width=\"729\">1000 DPI<\/td>\n<\/tr>\n<tr>\n<td width=\"215\"><strong>RF avota maksim\u0101l\u0101 iz\u0161\u0137irtsp\u0113ja<\/strong><\/td>\n<td style=\"text-align: center;\" colspan=\"3\" width=\"729\">4000 DPI<\/td>\n<\/tr>\n<tr>\n<td width=\"215\"><strong>Minim\u0101lais burtu grav\u0113\u0161anas izm\u0113rs<\/strong><\/td>\n<td style=\"text-align: center;\" colspan=\"3\" width=\"729\">1 x 1 mm (RF)<\/td>\n<\/tr>\n<tr>\n<td width=\"215\"><strong>Pozicion\u0113\u0161anas precizit\u0101te<\/strong><\/td>\n<td style=\"text-align: center;\" colspan=\"3\" width=\"729\">&lt; 0,01 mm<\/td>\n<\/tr>\n<tr>\n<td width=\"215\"><strong>Grie\u0161anas biezums<\/strong><\/td>\n<td style=\"text-align: center;\" colspan=\"3\" width=\"729\">&lt; 15 mm (atkar\u012bb\u0101 no materi\u0101la un avota jaudas)<\/td>\n<\/tr>\n<tr>\n<td width=\"215\"><strong>Darbagalds<\/strong><\/td>\n<td style=\"text-align: center;\" colspan=\"3\" width=\"729\">\u0160\u016bnu + \u012bpa\u0161a grie\u0161anas darba virsma<\/td>\n<\/tr>\n<tr>\n<td width=\"215\"><strong>Dzes\u0113\u0161ana<\/strong><\/td>\n<td style=\"text-align: center;\" width=\"243\">L\u012bdzstr\u0101va: \u016bdens dzes\u0113t\u0101js CW5000<\/td>\n<td style=\"text-align: center;\" colspan=\"2\" width=\"486\">DC: \u016adens dzes\u0113t\u0101js CW5200<\/td>\n<\/tr>\n<tr>\n<td width=\"215\"><\/td>\n<td style=\"text-align: center;\" colspan=\"3\" width=\"729\">RF: gaisa dzes\u0113\u0161ana<\/td>\n<\/tr>\n<tr>\n<td width=\"215\"><strong>D\u016bmu nos\u016bces ventilators<\/strong><\/td>\n<td style=\"text-align: center;\" colspan=\"3\" width=\"729\">500W<\/td>\n<\/tr>\n<tr>\n<td width=\"215\"><strong>Integr\u0113ts gaisa s\u016bknis<\/strong><\/td>\n<td style=\"text-align: center;\" width=\"243\">750 W ar 24 l gaisa tilpumu<\/td>\n<td style=\"text-align: center;\" colspan=\"2\" width=\"486\">750W ar 40L gaisa tilpumu<\/td>\n<\/tr>\n<tr>\n<td width=\"215\"><strong>Autofokuss<\/strong><\/td>\n<td style=\"text-align: center;\" colspan=\"3\" width=\"729\">Ieb\u016bv\u0113ts<\/td>\n<\/tr>\n<tr>\n<td width=\"215\"><strong>Kamera<\/strong><\/td>\n<td style=\"text-align: center;\" colspan=\"3\">100\u00b0 8 megapikse\u013cu<\/td>\n<\/tr>\n<tr>\n<td width=\"215\"><strong>L\u0101zeru dro\u0161\u012bbas klasifik\u0101cija<\/strong><\/td>\n<td style=\"text-align: center;\" colspan=\"3\">1. klases l\u0101zera produkts<\/td>\n<\/tr>\n<tr>\n<td width=\"215\"><strong>Programmat\u016bra<\/strong><\/td>\n<td style=\"text-align: center;\" colspan=\"3\" width=\"729\">RDWorks (ieteicama Lightburn, atsevi\u0161\u0137a maksas licence)<\/td>\n<\/tr>\n<tr>\n<td width=\"215\"><strong>Atbalst\u012btie form\u0101ti<\/strong><\/td>\n<td style=\"text-align: center;\" colspan=\"3\" width=\"729\">DSP\/PLT\/BMP\/DXF\/AI\/DWG\/SVG<\/td>\n<\/tr>\n<tr>\n<td><strong>Ma\u0161\u012bnas izm\u0113ri<\/strong><\/td>\n<td style=\"text-align: center;\">1500*1210*1125 mm<\/td>\n<td style=\"text-align: center;\">1900*1410*1125 mm<\/td>\n<td style=\"text-align: center;\">2100*1510*1125 mm<\/td>\n<\/tr>\n<tr>\n<td><strong>Bruto svars<\/strong><\/td>\n<td style=\"text-align: center;\">532 kg<\/td>\n<td style=\"text-align: center;\">683 kg<\/td>\n<td style=\"text-align: center;\">730 kg<\/td>\n<\/tr>\n<tr>\n<td><strong>Neto svars<\/strong><\/td>\n<td style=\"text-align: center;\">415 kg<\/td>\n<td style=\"text-align: center;\">560 kg<\/td>\n<td style=\"text-align: center;\">566 kg<\/td>\n<\/tr>\n<tr>\n<td width=\"215\"><strong>Baro\u0161anas spriegums<\/strong><\/td>\n<td style=\"text-align: center;\" colspan=\"3\" width=\"729\">220 V mai\u0146str\u0101vas 50 Hz<\/td>\n<\/tr>\n<tr>\n<td width=\"215\"><strong>Kop\u0113j\u0101 jauda<\/strong><\/td>\n<td style=\"text-align: center;\" colspan=\"3\" width=\"729\">3300W<\/td>\n<\/tr>\n<tr>\n<td width=\"215\"><strong>Rot\u0101cijas<\/strong><\/td>\n<td style=\"text-align: center;\" colspan=\"3\" width=\"729\">Papildapr\u012bkojums (skava\/rull\u012btis)<\/td>\n<\/tr>\n<\/tbody>\n<\/table>\n<\/div>\n","protected":false},"excerpt":{"rendered":"<p>AEON <strong>Super NOVA <span style=\"color: #ff0000;\">S<\/span> <span style=\"color: #ff0000;\">REDLINE<\/span><\/strong> ir absol\u016bta l\u0101zertehnolo\u0123iju virsotne, kas izstr\u0101d\u0101ta bezkompromisa ra\u017eo\u0161anai. Unik\u0101l\u0101 <strong>hibr\u012bdsist\u0113ma ar div\u0101m galvi\u0146\u0101m (standarta un CO2 Galvo)<\/strong> \u013cauj veikt grie\u0161anu un \u012bpa\u0161i \u0101tru mar\u0137\u0113\u0161anu vien\u0101 uzdevum\u0101. Integr\u0113t\u0101 pozicion\u0113\u0161anas kamera, mai\u0146str\u0101vas servomotori un Clean Pack tehnolo\u0123ija padara REDLINE par jaud\u012bg\u0101ko un daudzpus\u012bg\u0101ko CO2 l\u0101zera centru tirg\u016b.  <\/p>\n","protected":false},"featured_media":8522,"template":"","meta":{"_acf_changed":false},"product_brand":[],"product_cat":[315,314],"product_tag":[],"class_list":{"0":"post-8521","1":"product","2":"type-product","3":"status-publish","4":"has-post-thumbnail","6":"product_cat-aeon-co2-lazera-griesanas-gravesanas-iekarta","7":"product_cat-lazera-darbgaldi","8":"","9":"woocommerce-text-align-center","10":"woocommerce-image-align-center","11":"wc-has-gallery","13":"first","14":"instock","15":"shipping-taxable","16":"purchasable","17":"product-type-simple"},"acf":[],"_links":{"self":[{"href":"https:\/\/eltechnika.eu\/lv\/wp-json\/wp\/v2\/product\/8521","targetHints":{"allow":["GET"]}}],"collection":[{"href":"https:\/\/eltechnika.eu\/lv\/wp-json\/wp\/v2\/product"}],"about":[{"href":"https:\/\/eltechnika.eu\/lv\/wp-json\/wp\/v2\/types\/product"}],"wp:featuredmedia":[{"embeddable":true,"href":"https:\/\/eltechnika.eu\/lv\/wp-json\/wp\/v2\/media\/8522"}],"wp:attachment":[{"href":"https:\/\/eltechnika.eu\/lv\/wp-json\/wp\/v2\/media?parent=8521"}],"wp:term":[{"taxonomy":"product_brand","embeddable":true,"href":"https:\/\/eltechnika.eu\/lv\/wp-json\/wp\/v2\/product_brand?post=8521"},{"taxonomy":"product_cat","embeddable":true,"href":"https:\/\/eltechnika.eu\/lv\/wp-json\/wp\/v2\/product_cat?post=8521"},{"taxonomy":"product_tag","embeddable":true,"href":"https:\/\/eltechnika.eu\/lv\/wp-json\/wp\/v2\/product_tag?post=8521"}],"curies":[{"name":"wp","href":"https:\/\/api.w.org\/{rel}","templated":true}]}}