{"id":8424,"date":"2024-06-19T11:24:24","date_gmt":"2024-06-19T11:24:24","guid":{"rendered":"https:\/\/eltechnika.eu\/produktas\/co2-lazera-markesanas-gravesanas-iekarta\/"},"modified":"2025-08-21T15:41:03","modified_gmt":"2025-08-21T12:41:03","slug":"co2-lazera-markesanas-gravesanas-iekarta","status":"publish","type":"product","link":"https:\/\/eltechnika.eu\/lv\/produkts\/co2-lazera-markesanas-gravesanas-iekarta\/","title":{"rendered":"CO2 l\u0101zera grav\u0113\u0161anas iek\u0101rta"},"content":{"rendered":"<h2>CO2 galvas l\u0101zers: \u0101trums, ar k\u0101du nesp\u0113j sacensties neviens ploteris<\/h2>\n<p>Run\u0101jot par masveida ra\u017eo\u0161anu un mar\u0137\u0113\u0161anas \u0101trumu, CO2 Galvo l\u0101zerma\u0161\u012bnas ir sav\u0101 kategorij\u0101. At\u0161\u0137ir\u012bb\u0101 no tradicion\u0101lajiem ploteru tipa l\u0101zeriem, kas p\u0101rvietojas meh\u0101niski pa XY as\u012bm, Galvo sist\u0113m\u0101 tiek izmantoti divi mazi, ar datoru vad\u0101mi spogu\u013ci. \u0160ie spogu\u013ci gandr\u012bz acumirkl\u012b novirza l\u0101zera staru uz pareizo punktu, t\u0101d\u0113j\u0101di pan\u0101kot neticamu mar\u0137\u0113\u0161anas \u0101trumu l\u012bdz pat 7000 mm\/s. \u0160is ir specializ\u0113ts instruments, kas paredz\u0113ts nevis grie\u0161anai, bet gan vienam m\u0113r\u0137im &#8211; maksim\u0101lam \u0101trumam un prec\u012bzai virsmas mar\u0137\u0113\u0161anai.   <\/p>\n<h2>K\u0101 darbojas Galvo tehnolo\u0123ija?<\/h2>\n<p>T\u0101 viet\u0101, lai p\u0101rvietotu smago meh\u0101nisko galvu pa visu darba laukumu, Galvo sist\u0113ma l\u0101zera avotu un apstr\u0101d\u0101jamo deta\u013cu tur nekust\u012bgi. L\u0101zera stars tiek virz\u012bts uz diviem galvanometriskiem motoriem, kas darbina spogu\u013cus. \u0160ie spogu\u013ci var griezties t\u016bksto\u0161iem rei\u017eu sekund\u0113, t\u0101d\u0113j\u0101di l\u0101zera plankums uz materi\u0101la virsmas p\u0101rvietojas ziben\u012bgi. Rezult\u0101ts ir l\u012bdz pat 10 rei\u017eu liel\u0101ka produktivit\u0101te, sal\u012bdzinot ar standarta l\u0101zerma\u0161\u012bn\u0101m, kas paredz\u0113tas t\u0101diem pa\u0161iem grav\u0113\u0161anas uzdevumiem.   <\/p>\n<h2>Ide\u0101ls r\u012bks j\u016bsu ra\u017eo\u0161anai<\/h2>\n<p>Pateicoties t\u0101 \u0101trumam un precizit\u0101tei, CO2 galvo l\u0101zers ir neaizst\u0101jams daudzos lietojumos. Tas ir ide\u0101li piem\u0113rots materi\u0101lu mar\u0137\u0113\u0161anai, kurus ietekm\u0113 CO2 l\u0101zera vi\u013c\u0146a garums. <\/p>\n<h3>V\u0113lamie materi\u0101li:<\/h3>\n<ul>\n<li><strong>Koks un koka izstr\u0101d\u0101jumi:<\/strong> finieris, MDF, mas\u012bvkoks.<\/li>\n<li><strong>\u0100da un tekstilizstr\u0101d\u0101jumi:<\/strong> Dabisk\u0101 un m\u0101ksl\u012bg\u0101 \u0101da, d\u017einsa audums, filcs.<\/li>\n<li><strong>Pap\u012brs un kartons:<\/strong> iepakojumu mar\u0137\u0113\u0161ana, iel\u016bgumu grav\u0113\u0161ana.<\/li>\n<li><strong>Stikls un keramika:<\/strong> mat\u0113ta efekta ieg\u016b\u0161ana, virsmas grav\u0113\u0161ana.<\/li>\n<li><strong>Liel\u0101k\u0101 da\u013ca plastmasas:<\/strong> Akrils (PMMA), ABS, polikarbon\u0101ts.<\/li>\n<li><strong>Kr\u0101soti met\u0101li:<\/strong> l\u0101zers var no\u0146emt kr\u0101sas sl\u0101ni, atkl\u0101jot met\u0101la pamatni.<\/li>\n<\/ul>\n<h3>Lieto\u0161anas piem\u0113ri:<\/h3>\n<ul>\n<li>S\u0113rijas numuru, der\u012bguma termi\u0146u un sv\u012btrkodu mar\u0137\u0113\u0161ana uz iepakojuma.<\/li>\n<li>Logotipu un z\u012bmolu grav\u0113\u0161ana uz koka suven\u012briem vai \u0101das izstr\u0101d\u0101jumiem.<\/li>\n<li>Smalku un sare\u017e\u0123\u012btu rakstu veido\u0161ana uz stikla vai keramikas.<\/li>\n<li>\u0100tra plastmasas korpusu vai elektronisko komponentu personaliz\u0101cija.<\/li>\n<\/ul>\n<h2>Ilgtermi\u0146a ieguld\u012bjums: RF l\u0101zera avots<\/h2>\n<p>\u0160aj\u0101s iek\u0101rt\u0101s tiek izmantota iztur\u012bga, ar gaisu dzes\u0113ta met\u0101la RF (radiofrekvences) l\u0101zera caurule. At\u0161\u0137ir\u012bb\u0101 no stikla caurul\u0113m, kas periodiski j\u0101maina, RF avotu kalpo\u0161anas laiks ir <strong>vair\u0101k nek\u0101 20 000 stundu<\/strong>, un tos var atk\u0101rtoti uzpild\u012bt. Tas nodro\u0161ina minim\u0101lu apkopi un stabilu l\u0101zera jaudu vis\u0101 l\u0101zera kalpo\u0161anas laik\u0101, padarot \u0161\u012bs iek\u0101rtas par uzticamu ilgtermi\u0146a ieguld\u012bjumu.  <\/p>\n<p>&nbsp;<\/p>\n<div class=\"product-descr-table\">\n<table width=\"619\">\n<tbody>\n<tr>\n<td colspan=\"2\" width=\"619\">\n<p style=\"text-align: center;\"><strong>SPECIFIK\u0100CIJA<\/strong><\/p>\n<\/td>\n<\/tr>\n<tr>\n<td style=\"text-align: left;\" width=\"217\"><strong>L\u0101zera avots<\/strong><\/td>\n<td width=\"402\">\n<p style=\"text-align: center;\">DAVI<\/p>\n<\/td>\n<\/tr>\n<tr>\n<td width=\"217\">\n<p style=\"text-align: left;\"><strong>L\u0101zera jauda<\/strong><\/p>\n<\/td>\n<td style=\"text-align: center;\" width=\"402\">30 W, 40 W, 45 W, 50 W, 60 W<\/td>\n<\/tr>\n<tr>\n<td style=\"text-align: left;\" width=\"217\"><strong>Impulsu diapazons<\/strong><\/td>\n<td width=\"402\">\n<p style=\"text-align: center;\">1 &#8211; 500 kHz<\/p>\n<\/td>\n<\/tr>\n<tr>\n<td width=\"217\">\n<p style=\"text-align: left;\"><strong>Grav\u0113\u0161anas \u0101trums<\/strong><\/p>\n<\/td>\n<td style=\"text-align: center;\" width=\"402\">0 &#8211; 7000 mm\/s<\/td>\n<\/tr>\n<tr>\n<td style=\"text-align: left;\" width=\"217\"><strong>Minim\u0101lais l\u012bnijas biezums<\/strong><\/td>\n<td width=\"402\">\n<p style=\"text-align: center;\">&gt;0,01 mm<\/p>\n<\/td>\n<\/tr>\n<tr>\n<td width=\"217\">\n<p style=\"text-align: left;\"><strong>L\u0101zera vi\u013c\u0146a garums<\/strong><\/p>\n<\/td>\n<td style=\"text-align: center;\" width=\"402\">10,6um<\/td>\n<\/tr>\n<tr>\n<td style=\"text-align: left;\" width=\"217\"><strong>Darba lauks<\/strong><\/td>\n<td width=\"402\">\n<p style=\"text-align: center;\">100&#215;100 mm, 140&#215;140 mm, 150&#215;150 mm, 300&#215;300 mm<\/p>\n<\/td>\n<\/tr>\n<tr>\n<td width=\"217\">\n<p style=\"text-align: left;\"><strong>Dzes\u0113\u0161ana<\/strong><\/p>\n<\/td>\n<td style=\"text-align: center;\" width=\"402\">Oru<\/td>\n<\/tr>\n<tr>\n<td style=\"text-align: left;\" width=\"217\"><strong>L\u0101zera avota kalpo\u0161anas laiks<\/strong><\/td>\n<td width=\"402\">\n<p style=\"text-align: center;\">L\u012bdz 20 000 stund\u0101m.<\/p>\n<\/td>\n<\/tr>\n<tr>\n<td width=\"217\">\n<p style=\"text-align: left;\"><strong>Baro\u0161anas spriegums<\/strong><\/p>\n<\/td>\n<td style=\"text-align: center;\" width=\"402\">230 V AC, 50-60 Hz<\/td>\n<\/tr>\n<tr>\n<td style=\"text-align: left;\" width=\"217\"><strong>Ener\u0123ijas pat\u0113ri\u0146\u0161<\/strong><\/td>\n<td width=\"402\">\n<p style=\"text-align: center;\">&lt;= 500W<\/p>\n<\/td>\n<\/tr>\n<tr>\n<td width=\"217\">\n<p style=\"text-align: left;\"><strong>Temperat\u016bras\/mitruma l\u012bmenis<\/strong><\/p>\n<\/td>\n<td style=\"text-align: center;\" width=\"402\">0~35\u00b0C \/ 10~95%<\/td>\n<\/tr>\n<tr>\n<td style=\"text-align: left;\" width=\"217\"><strong>Darbgaldi izm\u0113ri un svars<\/strong><\/td>\n<td width=\"402\">\n<p style=\"text-align: center;\">660x240x500 mm, 35 kg<\/p>\n<\/td>\n<\/tr>\n<tr>\n<td width=\"217\">\n<p style=\"text-align: left;\"><strong>Programmat\u016bra<\/strong><\/p>\n<\/td>\n<td style=\"text-align: center;\" width=\"402\">EzCAD (ieteicams LightBurn Pro, atsevi\u0161\u0137a maksas licence)<\/td>\n<\/tr>\n<tr>\n<td style=\"text-align: left;\" width=\"217\"><strong>Atbalst\u012btie form\u0101ti<\/strong><\/td>\n<td width=\"402\">\n<p style=\"text-align: center;\">AI, PLT, DXF, BMP, DWG, DXP, PNG, JPG utt.<\/p>\n<\/td>\n<\/tr>\n<tr>\n<td width=\"217\">\n<p style=\"text-align: left;\"><strong>Piem\u0113roti materi\u0101li<\/strong><\/p>\n<\/td>\n<td style=\"text-align: center;\" width=\"402\">Koks, sapl\u0101ksnis, \u0101da, plastmasa, akrils, gumija, stikls, krist\u0101li, keramika, pap\u012brs, kartons, ABS, d\u017einsi, ap\u0123\u0113rbs, polim\u0113ri utt.<\/td>\n<\/tr>\n<tr>\n<td style=\"text-align: left;\" width=\"217\"><strong>Rot\u0101cijas<\/strong><\/td>\n<td width=\"402\">\n<p style=\"text-align: center;\">Papildu opcija (gredzeniem, pildspalv\u0101m, Chuck utt.)<\/p>\n<\/td>\n<\/tr>\n<\/tbody>\n<\/table>\n<\/div>\n","protected":false},"excerpt":{"rendered":"<p><strong>CO2 Galvo l\u0101zera grav\u0113\u0161anas iek\u0101rta<\/strong> ir specializ\u0113ts instruments, kas paredz\u0113ts \u012bpa\u0161i \u0101trai organisko materi\u0101lu mar\u0137\u0113\u0161anai. Izmantojot inovat\u012bvu Galvo galvi\u0146u ar kust\u012bgiem spogu\u013ciem standarta XY ass viet\u0101, \u0161\u012b iek\u0101rta sasniedz \u0101trumu l\u012bdz pat <strong>10 reiz\u0113m liel\u0101ku nek\u0101<\/strong> ploteru iek\u0101rtas. Ide\u0101ls risin\u0101jums liela apjoma ra\u017eo\u0161anai, ja nepiecie\u0161ams \u0101tri mar\u0137\u0113t koksni, \u0101du, pap\u012bru, stiklu vai plastmasu ar s\u0113rijas numuriem, logotipiem vai sv\u012btrkodiem.  <\/p>\n","protected":false},"featured_media":8425,"template":"","meta":{"_acf_changed":false},"product_brand":[],"product_cat":[314],"product_tag":[],"class_list":{"0":"post-8424","1":"product","2":"type-product","3":"status-publish","4":"has-post-thumbnail","6":"product_cat-lazera-darbgaldi","7":"","8":"woocommerce-text-align-center","9":"woocommerce-image-align-center","10":"wc-has-gallery","12":"first","13":"instock","14":"shipping-taxable","15":"purchasable","16":"product-type-simple"},"acf":[],"_links":{"self":[{"href":"https:\/\/eltechnika.eu\/lv\/wp-json\/wp\/v2\/product\/8424","targetHints":{"allow":["GET"]}}],"collection":[{"href":"https:\/\/eltechnika.eu\/lv\/wp-json\/wp\/v2\/product"}],"about":[{"href":"https:\/\/eltechnika.eu\/lv\/wp-json\/wp\/v2\/types\/product"}],"wp:featuredmedia":[{"embeddable":true,"href":"https:\/\/eltechnika.eu\/lv\/wp-json\/wp\/v2\/media\/8425"}],"wp:attachment":[{"href":"https:\/\/eltechnika.eu\/lv\/wp-json\/wp\/v2\/media?parent=8424"}],"wp:term":[{"taxonomy":"product_brand","embeddable":true,"href":"https:\/\/eltechnika.eu\/lv\/wp-json\/wp\/v2\/product_brand?post=8424"},{"taxonomy":"product_cat","embeddable":true,"href":"https:\/\/eltechnika.eu\/lv\/wp-json\/wp\/v2\/product_cat?post=8424"},{"taxonomy":"product_tag","embeddable":true,"href":"https:\/\/eltechnika.eu\/lv\/wp-json\/wp\/v2\/product_tag?post=8424"}],"curies":[{"name":"wp","href":"https:\/\/api.w.org\/{rel}","templated":true}]}}