{"id":8307,"date":"2023-11-23T13:44:51","date_gmt":"2023-11-23T13:44:51","guid":{"rendered":"https:\/\/eltechnika.eu\/produktas\/skiedras-lazera-markesanas-gravesanas-iekartas\/"},"modified":"2025-08-21T15:40:53","modified_gmt":"2025-08-21T12:40:53","slug":"skiedras-lazera-markesanas-gravesanas-iekartas","status":"publish","type":"product","link":"https:\/\/eltechnika.eu\/lv\/produkts\/skiedras-lazera-markesanas-gravesanas-iekartas\/","title":{"rendered":"FIBER l\u0101zera grav\u0113\u0161anas\/mar\u0137\u0113\u0161anas iek\u0101rtas"},"content":{"rendered":"<p><strong>FIBER<\/strong> l\u0101zera grav\u0113\u0161anas iek\u0101rtas ar <strong>20W\/30\/50W\/60W\/100W\/200W\/300W<\/strong> un darba zonu izv\u0113li. \u0160is l\u0101zers ir paredz\u0113ts grav\u0113\u0161anai uz met\u0101liskiem vai nemet\u0101liskiem materi\u0101liem. Pateicoties \u013coti uzticamam l\u0101zera avotam, iek\u0101rta kalpos l\u012bdz pat 100 000 stund\u0101m!  <\/p>\n<p>Grav\u0113jiet jebkuru formu met\u0101liskos vai nemet\u0101liskos materi\u0101los. <strong>FIBER<\/strong> l\u0101zera iek\u0101rtas fokus\u0113\u0161ana ir v\u0113l vair\u0101k uzlabota &#8211; ierasto divu sarkanu punktu viet\u0101 tagad ir v\u0113l vienk\u0101r\u0161\u0101ka ar sarkan\u0101m l\u012bnij\u0101m, lai iestat\u012btu pareizo augstumu \u0101tr\u0101k nek\u0101 jebkad iepriek\u0161. Rot\u0101cijas asi var piel\u0101got, lai bez lielas piep\u016bles grav\u0113tu gredzenus, aproces, kr\u016bzes vai citas cilindriskas virsmas. Pateicoties nelielajam izm\u0113ram un lielajam darba \u0101trumam, \u0161o l\u0101zeru var izmantot pat biroja telp\u0101s. L\u0101zers tiek dzes\u0113ts ar gaisu, un glab\u0101\u0161anas apst\u0101k\u013ci ir 0 ~ 35 \u00b0C, mitrums 10 ~ 95 %. L\u0101zers ir ide\u0101li piem\u0113rots logotipu, sv\u012btrkodu un QR kodu, uzrakstu vai dekorat\u012bvu elementu grav\u0113\u0161anai! Ar <strong>JPT<\/strong> l\u0101zera avotu ir iesp\u0113jams rad\u012bt kr\u0101su, grav\u0113jot uz ner\u016bs\u0113jo\u0161\u0101 t\u0113rauda!     <\/p>\n<p>&nbsp;<\/p>\n<div class=\"product-descr-table\">\n<table width=\"614\">\n<tbody>\n<tr>\n<td colspan=\"2\" width=\"614\">\n<p style=\"text-align: left;\"><strong>SPECIFIK\u0100CIJA<\/strong><\/p>\n<\/td>\n<\/tr>\n<tr>\n<td width=\"217\">\n<p style=\"text-align: left;\"><strong>L\u0101zera avots<\/strong><\/p>\n<\/td>\n<td style=\"text-align: center;\" width=\"397\">RAYCUS, JPT MOPA<\/td>\n<\/tr>\n<tr>\n<td style=\"text-align: left;\" width=\"217\"><strong>L\u0101zera jauda<\/strong><\/td>\n<td width=\"397\">\n<p style=\"text-align: center;\">20 W, 30 W, 50 W, 60 W, 100 W, 200 W, 300 W.<\/p>\n<\/td>\n<\/tr>\n<tr>\n<td width=\"217\">\n<p style=\"text-align: left;\"><strong>Impulsu diapazons<\/strong><\/p>\n<\/td>\n<td style=\"text-align: center;\" width=\"397\">1 &#8211; 600 kHz<\/td>\n<\/tr>\n<tr>\n<td style=\"text-align: left;\" width=\"217\"><strong>Grav\u0113\u0161anas \u0101trums<\/strong><\/td>\n<td width=\"397\">\n<p style=\"text-align: center;\">0 &#8211; 8000 mm\/s<\/p>\n<\/td>\n<\/tr>\n<tr>\n<td width=\"217\">\n<p style=\"text-align: left;\"><strong>Minim\u0101lais l\u012bnijas biezums<\/strong><\/p>\n<\/td>\n<td style=\"text-align: center;\" width=\"397\">&gt;0,01 mm<\/td>\n<\/tr>\n<tr>\n<td style=\"text-align: left;\" width=\"217\"><strong>L\u0101zera vi\u013c\u0146a garums<\/strong><\/td>\n<td width=\"397\">\n<p style=\"text-align: center;\">1064 nm<\/p>\n<\/td>\n<\/tr>\n<tr>\n<td width=\"217\">\n<p style=\"text-align: left;\"><strong>Darba lauks<\/strong><\/p>\n<\/td>\n<td width=\"397\">\n<p style=\"text-align: center;\">50x50mm, 70x70mm, 110x110mm, 150x150mm, 175x175mm, 200x200mm, 220x220mm, 300x300mm (sl\u0113gtas ma\u0161\u012bnas l\u012bdz 150x150mm)<\/p>\n<\/td>\n<\/tr>\n<tr>\n<td width=\"217\">\n<p style=\"text-align: left;\"><strong>Dzes\u0113\u0161ana<\/strong><\/p>\n<\/td>\n<td style=\"text-align: center;\" width=\"397\">Oru<\/td>\n<\/tr>\n<tr>\n<td style=\"text-align: left;\" width=\"217\"><strong>L\u0101zera avota kalpo\u0161anas laiks<\/strong><\/td>\n<td width=\"397\">\n<p style=\"text-align: center;\">L\u012bdz 100 000 stund\u0101m.<\/p>\n<\/td>\n<\/tr>\n<tr>\n<td width=\"217\">\n<p style=\"text-align: left;\"><strong>Baro\u0161anas spriegums<\/strong><\/p>\n<\/td>\n<td style=\"text-align: center;\" width=\"397\">230 V AC, 50-60 Hz<\/td>\n<\/tr>\n<tr>\n<td style=\"text-align: left;\" width=\"217\"><strong>Ener\u0123ijas pat\u0113ri\u0146\u0161<\/strong><\/td>\n<td width=\"397\">\n<p style=\"text-align: center;\">&lt;= 500W<\/p>\n<\/td>\n<\/tr>\n<tr>\n<td width=\"217\">\n<p style=\"text-align: left;\"><strong>Temperat\u016bras\/mitruma l\u012bmenis<\/strong><\/p>\n<\/td>\n<td style=\"text-align: center;\" width=\"397\">0~35\u00b0C \/ 10~95%<\/td>\n<\/tr>\n<tr>\n<td style=\"text-align: left;\" width=\"217\"><strong>Darbgaldi izm\u0113ri un svars<\/strong><\/td>\n<td width=\"397\">\n<p style=\"text-align: center;\">660x240x500 mm, 35 kg<\/p>\n<\/td>\n<\/tr>\n<tr>\n<td width=\"217\">\n<p style=\"text-align: left;\"><strong>Programmat\u016bra<\/strong><\/p>\n<\/td>\n<td style=\"text-align: center;\" width=\"397\">EzCAD (ieteicams LightBurn Pro, atsevi\u0161\u0137a maksas licence)<\/td>\n<\/tr>\n<tr>\n<td style=\"text-align: left;\" width=\"217\"><strong>Atbalst\u012btie form\u0101ti<\/strong><\/td>\n<td width=\"397\">\n<p style=\"text-align: center;\">AI, PLT, DXF, BMP, DWG, DXP, PNG, JPG utt.<\/p>\n<\/td>\n<\/tr>\n<tr>\n<td width=\"217\">\n<p style=\"text-align: left;\"><strong>Piem\u0113roti materi\u0101li<\/strong><\/p>\n<\/td>\n<td style=\"text-align: center;\" width=\"397\">Met\u0101li: alum\u012bnijs, zelts, sudrabs, var\u0161, ner\u016bs\u0113jo\u0161ais t\u0113rauds, misi\u0146\u0161, tit\u0101ns un volframs. Nemet\u0101li: kr\u0101sains akrils, ciet\u0101 plastmasa, \u0137ie\u0123elis, gran\u012bts, marmors, fl\u012bzes, neilons, ABS, keramika, lamin\u0101ts, d\u0101rgakme\u0146i, marmors, m\u0101ksl\u012bg\u0101 \u0101da. <\/td>\n<\/tr>\n<tr>\n<td style=\"text-align: left;\" width=\"217\"><strong>Rot\u0101cijas<\/strong><\/td>\n<td width=\"397\">\n<p style=\"text-align: center;\">Papildu opcija (gredzeniem, pildspalv\u0101m, Chuck utt.)<\/p>\n<\/td>\n<\/tr>\n<\/tbody>\n<\/table>\n<\/div>\n<p>&nbsp;<\/p>\n","protected":false},"excerpt":{"rendered":"<p><strong>Fiberl\u0101zera mar\u0137\u0113\u0161anas iek\u0101rtas<\/strong> ir profesion\u0101ls un iztur\u012bgs risin\u0101jums prec\u012bzai un neizdz\u0113\u0161amai visu met\u0101lu mar\u0137\u0113\u0161anai. Pateicoties \u012bpa\u0161i stabilam l\u0101zera avotam, kura kalpo\u0161anas laiks ir <strong>vair\u0101k nek\u0101 100 000 stundu<\/strong> un kuram nav nepiecie\u0161ama nek\u0101da apkope, \u0161\u012b iek\u0101rta ir neaizst\u0101jama r\u016bpniec\u012bb\u0101, juvelierizstr\u0101d\u0101jumu, instrumentu ra\u017eo\u0161an\u0101 un visur, kur nepiecie\u0161ama uzticama un augstas kvalit\u0101tes grav\u0113\u0161ana. Kompaktais dizains un vienk\u0101r\u0161\u0101 vad\u012bba \u013cauj iek\u0101rtu \u0101tri integr\u0113t jebkur\u0101 darba viet\u0101.  <\/p>\n","protected":false},"featured_media":8308,"template":"","meta":{"_acf_changed":false},"product_brand":[],"product_cat":[314],"product_tag":[],"class_list":{"0":"post-8307","1":"product","2":"type-product","3":"status-publish","4":"has-post-thumbnail","6":"product_cat-lazera-darbgaldi","7":"","8":"woocommerce-text-align-center","9":"woocommerce-image-align-center","10":"wc-has-gallery","12":"first","13":"instock","14":"shipping-taxable","15":"purchasable","16":"product-type-simple"},"acf":[],"_links":{"self":[{"href":"https:\/\/eltechnika.eu\/lv\/wp-json\/wp\/v2\/product\/8307","targetHints":{"allow":["GET"]}}],"collection":[{"href":"https:\/\/eltechnika.eu\/lv\/wp-json\/wp\/v2\/product"}],"about":[{"href":"https:\/\/eltechnika.eu\/lv\/wp-json\/wp\/v2\/types\/product"}],"wp:featuredmedia":[{"embeddable":true,"href":"https:\/\/eltechnika.eu\/lv\/wp-json\/wp\/v2\/media\/8308"}],"wp:attachment":[{"href":"https:\/\/eltechnika.eu\/lv\/wp-json\/wp\/v2\/media?parent=8307"}],"wp:term":[{"taxonomy":"product_brand","embeddable":true,"href":"https:\/\/eltechnika.eu\/lv\/wp-json\/wp\/v2\/product_brand?post=8307"},{"taxonomy":"product_cat","embeddable":true,"href":"https:\/\/eltechnika.eu\/lv\/wp-json\/wp\/v2\/product_cat?post=8307"},{"taxonomy":"product_tag","embeddable":true,"href":"https:\/\/eltechnika.eu\/lv\/wp-json\/wp\/v2\/product_tag?post=8307"}],"curies":[{"name":"wp","href":"https:\/\/api.w.org\/{rel}","templated":true}]}}