{"id":8156,"date":"2025-12-15T12:00:10","date_gmt":"2025-12-15T09:00:10","guid":{"rendered":"https:\/\/eltechnika.eu\/produktas\/aeon-elite-nova-10-14-16\/"},"modified":"2025-08-21T15:40:53","modified_gmt":"2025-08-21T12:40:53","slug":"aeon-elite-nova-10-14-16","status":"publish","type":"product","link":"https:\/\/eltechnika.eu\/lv\/produkts\/aeon-elite-nova-10-14-16\/","title":{"rendered":"Aeon Elite Nova 10\/14\/16"},"content":{"rendered":"<h2><strong>AEON Elite NOVA: kad lab\u0101kais k\u013c\u016bst v\u0113l lab\u0101ks<\/strong><\/h2>\n<p>AEON Elite NOVA s\u0113rija ir uzlabota un v\u0113l jaud\u012bg\u0101ka popul\u0101r\u0101s NOVA s\u0113rijas versija. T\u0101 ir paredz\u0113ta profesion\u0101\u013ciem un ra\u017eo\u0161anas uz\u0146\u0113mumiem, kas tiecas p\u0113c absol\u016bta maksimuma un nevar at\u013cauties nek\u0101dus kompromisus. Elite mode\u013cos saglab\u0101ta iztur\u012bg\u0101 un uzticam\u0101 NOVA platforma, tostarp revolucion\u0101r\u0101 Clean Pack tehnolo\u0123ija, ta\u010du t\u0101 papildin\u0101ta ar modern\u0101kajiem mai\u0146str\u0101vas servomotoriem, kas nodro\u0161ina satrieco\u0161u \u0101truma un pa\u0101trin\u0101juma priek\u0161roc\u012bbu.  <\/p>\n<h2><strong>Galven\u0101 priek\u0161roc\u012bba: mai\u0146str\u0101vas servomotori<\/strong><\/h2>\n<p>Liel\u0101k\u0101 at\u0161\u0137ir\u012bba, kas Elite s\u0113riju paaugstina uz n\u0101kamo l\u012bmeni, ir augstas veiktsp\u0113jas mai\u0146str\u0101vas servomotora sist\u0113ma. At\u0161\u0137ir\u012bb\u0101 no standarta so\u013cu vai hibr\u012bddzin\u0113jiem, servo sist\u0113ma nodro\u0161ina nep\u0101rprotamas priek\u0161roc\u012bbas. <\/p>\n<h3><strong>Fenomen\u0101ls \u0101trums un pa\u0101trin\u0101jums<\/strong><\/h3>\n<p>Mai\u0146str\u0101vas servomotori nodro\u0161ina daudz liel\u0101ku grie\u0161anas un grav\u0113\u0161anas \u0101trumu un, v\u0113l svar\u012bg\u0101k, daudz liel\u0101ku pa\u0101trin\u0101jumu. Tas noz\u012bm\u0113, ka ma\u0161\u012bna ne tikai \u0101tr\u0101k p\u0101rvietojas taisn\u0101s l\u012bnij\u0101s, bet ar\u012b acumirkl\u012b maina virzienu, t\u0101p\u0113c sare\u017e\u0123\u012btu formu, mazu deta\u013cu un sare\u017e\u0123\u012btu rakstu grie\u0161anai nepiecie\u0161ams iev\u0113rojami maz\u0101k laika. J\u016bsu ra\u017eo\u0161anas produktivit\u0101te var palielin\u0101ties reiz\u0113m.  <\/p>\n<h3><strong>Nevainojama precizit\u0101te un gludums<\/strong><\/h3>\n<p>Servo sist\u0113ma darbojas, izmantojot atgriezenisko saiti, nep\u0101rtraukti regul\u0113jot motora poz\u012bciju. Tas nodro\u0161ina absol\u016btu precizit\u0101ti, vienm\u0113r\u012bg\u0101kas l\u012bknes un as\u0101kus le\u0146\u0137us pat pie maksim\u0101l\u0101 \u0101truma. Rezult\u0101ts ir augst\u0101kas kvalit\u0101tes galaprodukts ar maz\u0101ku izmetumu skaitu.  <\/p>\n<h2><strong>Uzticama un laika gait\u0101 p\u0101rbaud\u012bta platforma<\/strong><\/h2>\n<p>Elite s\u0113rija ir veidota uz pamat\u012bga NOVA mode\u013ca pamata, t\u0101p\u0113c j\u016bs sa\u0146emat ne tikai \u0101trumu, bet ar\u012b visas funkcijas, kas padar\u012bju\u0161as NOVA s\u0113riju par tirgus l\u012bderi.<\/p>\n<h3><strong>&#8220;Clean Pack&#8221; tehnolo\u0123ija<\/strong><\/h3>\n<p>T\u0101pat k\u0101 standarta mode\u013cos, visas kust\u012bg\u0101s da\u013cas ir piln\u012bb\u0101 iekapsul\u0113tas. Tas pasarg\u0101 d\u0101rgo meh\u0101niku no putek\u013ciem, pagarina t\u0101s kalpo\u0161anas laiku un samazina apkopes izmaksas l\u012bdz minimumam. <\/p>\n<h3><strong>R\u016bpnieciskais &#8220;viss vien\u0101&#8221; dizains<\/strong><\/h3>\n<p>Jums nav j\u0101uztraucas par \u0101r\u0113jiem piederumiem. Lai nodro\u0161in\u0101tu stabilu un dro\u0161u darb\u012bbu, ma\u0161\u012bnas korpus\u0101 jau ir ieb\u016bv\u0113ts jaud\u012bgs r\u016bpnieciskais dzes\u0113t\u0101js, d\u016bmu nos\u016bc\u0113js un gaisa kompresors. <\/p>\n<h2><strong>Izv\u0113lieties savu Elite NOVA modeli<\/strong><\/h2>\n<p>Elite s\u0113rija pied\u0101v\u0101 tr\u012bs izm\u0113rus, kas \u013cauj piel\u0101got ma\u0161\u012bnu j\u016bsu vietai un ra\u017eo\u0161anas vajadz\u012bb\u0101m.<\/p>\n<ul>\n<li><strong>Elite NOVA 10:<\/strong> ar darba laukumu <strong>1000 x 700 mm<\/strong> tas ir jaud\u012bgs un daudzpus\u012bgs instruments, kas piem\u0113rots daudziem r\u016bpnieciskiem uzdevumiem.<\/li>\n<li><strong>Elite NOVA 14:<\/strong><strong>1400 x 900 mm<\/strong> darba laukums \u013cauj efekt\u012bvi str\u0101d\u0101t ar liel\u0101m materi\u0101la loksn\u0113m, palielinot produktivit\u0101ti.<\/li>\n<li><strong>Elite NOVA 16:<\/strong> ar maksim\u0101lo darba laukumu <strong>1600 x 1000 mm<\/strong> Elite <strong>NOVA 16<\/strong> ir paredz\u0113ta visliel\u0101kajiem ra\u017eo\u0161anas apjomiem un piel\u0101gotiem projektiem bez ierobe\u017eojumiem.<\/li>\n<\/ul>\n<div class=\"product-descr-table\">\n<table width=\"971\">\n<tbody>\n<tr>\n<td colspan=\"4\" width=\"971\">SPECIFIK\u0100CIJA<\/td>\n<\/tr>\n<tr>\n<td width=\"221\"><strong>MODELIS<\/strong><\/td>\n<td style=\"text-align: center;\" width=\"250\"><strong>NOVA10 Elite<\/strong><\/td>\n<td style=\"text-align: center;\" width=\"250\"><strong>NOVA14 Elite<\/strong><\/td>\n<td style=\"text-align: center;\" width=\"250\"><strong>NOVA16 Elite<\/strong><\/td>\n<\/tr>\n<tr>\n<td width=\"221\"><strong>Darba zona<\/strong><\/td>\n<td style=\"text-align: center;\" width=\"250\">700&#215;1000 mm<\/td>\n<td style=\"text-align: center;\" width=\"250\">900&#215;1400 mm<\/td>\n<td style=\"text-align: center;\" width=\"250\">1000&#215;1600 mm<\/td>\n<\/tr>\n<tr>\n<td width=\"221\"><strong>Maksim\u0101lais motoriz\u0113tais Z ass augstums<\/strong><\/td>\n<td style=\"text-align: center;\" width=\"250\">200 mm<\/td>\n<td style=\"text-align: center;\" width=\"250\">200 mm<\/td>\n<td style=\"text-align: center;\" width=\"250\">200 mm<\/td>\n<\/tr>\n<tr>\n<td width=\"221\"><strong>Maksim\u0101l\u0101 celtsp\u0113ja<\/strong><\/td>\n<td style=\"text-align: center;\" width=\"250\">120 kg<\/td>\n<td style=\"text-align: center;\" width=\"250\">120 kg<\/td>\n<td style=\"text-align: center;\" width=\"250\">120 kg<\/td>\n<\/tr>\n<tr>\n<td rowspan=\"2\" width=\"221\"><strong>L\u0101zera tips\/jauda<\/strong><\/td>\n<td style=\"text-align: center;\" width=\"250\">DC Glass 90\/100W<\/td>\n<td style=\"text-align: center;\" width=\"250\">DC Glass 90\/100\/130W<\/td>\n<td style=\"text-align: center;\" width=\"250\">DC Glass 90\/100\/130\/150W<\/td>\n<\/tr>\n<tr>\n<td style=\"text-align: center;\" width=\"250\">RF Metal 30\/60W<\/td>\n<td style=\"text-align: center;\" width=\"250\">RF Metal 30\/60W<\/td>\n<td style=\"text-align: center;\" width=\"250\">RF Metal 30\/60W<\/td>\n<\/tr>\n<tr>\n<td width=\"221\"><strong>Maksim\u0101lais grav\u0113\u0161anas \u0101trums<\/strong><\/td>\n<td style=\"text-align: center;\" width=\"250\">DC 1200 mm\/s, RF 4000 mm\/s<\/td>\n<td style=\"text-align: center;\" colspan=\"2\" width=\"500\">DC 1200 mm\/s, RF 4200 mm\/s<\/td>\n<\/tr>\n<tr>\n<td rowspan=\"2\" width=\"221\"><strong>Pa\u0101trin\u0101jums<\/strong><\/td>\n<td style=\"text-align: center;\" colspan=\"3\">5G (DC)<\/td>\n<\/tr>\n<tr>\n<td style=\"text-align: center;\" colspan=\"3\">8G (RF)<\/td>\n<\/tr>\n<tr>\n<td rowspan=\"2\" width=\"221\"><strong>Dzin\u0113ja tips<\/strong><\/td>\n<td style=\"text-align: center;\" colspan=\"3\">L\u012bdzstr\u0101vas so\u013cu piedzi\u0146a (l\u012bdzstr\u0101vas)<\/td>\n<\/tr>\n<tr>\n<td style=\"text-align: center;\" colspan=\"3\">Mai\u0146str\u0101vas servopiedzi\u0146a (RF)<\/td>\n<\/tr>\n<tr>\n<td width=\"221\"><strong>L\u012bdzstr\u0101vas avota maksim\u0101l\u0101 iz\u0161\u0137irtsp\u0113ja<\/strong><\/td>\n<td style=\"text-align: center;\" colspan=\"3\" width=\"750\">1000 DPI<\/td>\n<\/tr>\n<tr>\n<td width=\"221\"><strong>RF avota maksim\u0101l\u0101 iz\u0161\u0137irtsp\u0113ja<\/strong><\/td>\n<td style=\"text-align: center;\" colspan=\"3\" width=\"750\">4000 DPI<\/td>\n<\/tr>\n<tr>\n<td width=\"221\"><strong>Minim\u0101lais burtu grav\u0113\u0161anas izm\u0113rs<\/strong><\/td>\n<td style=\"text-align: center;\" colspan=\"3\" width=\"750\">1 x 1 mm (RF)<\/td>\n<\/tr>\n<tr>\n<td width=\"221\"><strong>Pozicion\u0113\u0161anas precizit\u0101te<\/strong><\/td>\n<td style=\"text-align: center;\" colspan=\"3\" width=\"750\">&lt; 0,01 mm<\/td>\n<\/tr>\n<tr>\n<td width=\"221\"><strong>Grie\u0161anas biezums<\/strong><\/td>\n<td style=\"text-align: center;\" colspan=\"3\" width=\"750\">&lt; 15 mm (atkar\u012bb\u0101 no materi\u0101la un avota jaudas)<\/td>\n<\/tr>\n<tr>\n<td width=\"221\"><strong>Darbagalds<\/strong><\/td>\n<td style=\"text-align: center;\" colspan=\"3\" width=\"750\">\u0160\u016bnu + \u012bpa\u0161a grie\u0161anas darba virsma<\/td>\n<\/tr>\n<tr>\n<td width=\"221\"><strong>Dzes\u0113\u0161ana<\/strong><\/td>\n<td style=\"text-align: center;\" width=\"250\">L\u012bdzstr\u0101va: \u016bdens dzes\u0113t\u0101js CW5000<\/td>\n<td style=\"text-align: center;\" colspan=\"2\" width=\"500\">DC: \u016adens dzes\u0113t\u0101js CW5200<\/td>\n<\/tr>\n<tr>\n<td width=\"221\"><\/td>\n<td style=\"text-align: center;\" colspan=\"3\" width=\"750\">RF: gaisa dzes\u0113\u0161ana<\/td>\n<\/tr>\n<tr>\n<td width=\"221\"><strong>D\u016bmu nos\u016bces ventilators<\/strong><\/td>\n<td style=\"text-align: center;\" colspan=\"3\" width=\"750\">500W<\/td>\n<\/tr>\n<tr>\n<td width=\"221\"><strong>Integr\u0113ts gaisa s\u016bknis<\/strong><\/td>\n<td style=\"text-align: center;\" width=\"250\">750 W ar 24 l gaisa tilpumu<\/td>\n<td style=\"text-align: center;\" colspan=\"2\" width=\"500\">750W ar 40L gaisa tilpumu<\/td>\n<\/tr>\n<tr>\n<td width=\"221\"><strong>Autofokuss<\/strong><\/td>\n<td style=\"text-align: center;\" colspan=\"3\" width=\"750\">Ieb\u016bv\u0113ts<\/td>\n<\/tr>\n<tr>\n<td width=\"221\"><strong>Kamera<\/strong><\/td>\n<td style=\"text-align: center;\" colspan=\"3\">100\u00b0 8 megapikse\u013cu<\/td>\n<\/tr>\n<tr>\n<td width=\"221\"><strong>L\u0101zeru dro\u0161\u012bbas klasifik\u0101cija<\/strong><\/td>\n<td style=\"text-align: center;\" colspan=\"3\">1. klases l\u0101zera produkts<\/td>\n<\/tr>\n<tr>\n<td width=\"221\"><strong>Programmat\u016bra<\/strong><\/td>\n<td style=\"text-align: center;\" colspan=\"3\" width=\"750\">RDWorks (ieteicama Lightburn, atsevi\u0161\u0137a maksas licence)<\/td>\n<\/tr>\n<tr>\n<td width=\"221\"><strong>Atbalst\u012btie form\u0101ti<\/strong><\/td>\n<td style=\"text-align: center;\" colspan=\"3\" width=\"750\">DSP\/PLT\/BMP\/DXF\/AI\/DWG\/SVG<\/td>\n<\/tr>\n<tr>\n<td><strong>Ma\u0161\u012bnas izm\u0113ri<\/strong><\/td>\n<td style=\"text-align: center;\">1500*1210*1125 mm<\/td>\n<td style=\"text-align: center;\">1900*1410*1125 mm<\/td>\n<td style=\"text-align: center;\">2100*1510*1125 mm<\/td>\n<\/tr>\n<tr>\n<td><strong>Bruto svars<\/strong><\/td>\n<td style=\"text-align: center;\">532 kg<\/td>\n<td style=\"text-align: center;\">683 kg<\/td>\n<td style=\"text-align: center;\">730 kg<\/td>\n<\/tr>\n<tr>\n<td><strong>Neto svars<\/strong><\/td>\n<td style=\"text-align: center;\">415 kg<\/td>\n<td style=\"text-align: center;\">560 kg<\/td>\n<td style=\"text-align: center;\">566 kg<\/td>\n<\/tr>\n<tr>\n<td width=\"221\"><strong>Baro\u0161anas spriegums<\/strong><\/td>\n<td style=\"text-align: center;\" colspan=\"3\" width=\"750\">220 V mai\u0146str\u0101vas 50 Hz<\/td>\n<\/tr>\n<tr>\n<td width=\"221\"><strong>Kop\u0113j\u0101 jauda<\/strong><\/td>\n<td style=\"text-align: center;\" colspan=\"3\" width=\"750\">2300W<\/td>\n<\/tr>\n<tr>\n<td width=\"221\"><strong>Rot\u0101cijas<\/strong><\/td>\n<td style=\"text-align: center;\" colspan=\"3\" width=\"750\">Papildapr\u012bkojums (skava\/rull\u012btis)<\/td>\n<\/tr>\n<\/tbody>\n<\/table>\n<\/div>\n","protected":false},"excerpt":{"rendered":"<p><strong>AEON Elite NOVA<\/strong> ir augstas klases industri\u0101lo l\u0101zeru s\u0113rija, kas paredz\u0113ta vispras\u012bg\u0101kajiem lietot\u0101jiem. Integr\u0113tie <strong>mai\u0146str\u0101vas servomotori<\/strong> \u0101trumu un pa\u0101trin\u0101jumu paaugstina jaun\u0101 l\u012bmen\u012b, nodro\u0161inot nep\u0101rsp\u0113jamu veiktsp\u0113ju un grie\u0161anas kvalit\u0101ti. Saglab\u0101jot visas lab\u0101k\u0101s NOVA funkcijas, piem\u0113ram, Clean Pack tehnolo\u0123iju, Elite s\u0113rija ir ide\u0101la izv\u0113le liela apjoma ra\u017eo\u0161anai, kur svar\u012bga ir katra sekunde un absol\u016bta precizit\u0101te.  <\/p>\n","protected":false},"featured_media":8157,"template":"","meta":{"_acf_changed":false},"product_brand":[],"product_cat":[315,314],"product_tag":[],"class_list":{"0":"post-8156","1":"product","2":"type-product","3":"status-publish","4":"has-post-thumbnail","6":"product_cat-aeon-co2-lazera-griesanas-gravesanas-iekarta","7":"product_cat-lazera-darbgaldi","8":"","9":"woocommerce-text-align-center","10":"woocommerce-image-align-center","11":"wc-has-gallery","13":"first","14":"instock","15":"shipping-taxable","16":"purchasable","17":"product-type-simple"},"acf":[],"_links":{"self":[{"href":"https:\/\/eltechnika.eu\/lv\/wp-json\/wp\/v2\/product\/8156","targetHints":{"allow":["GET"]}}],"collection":[{"href":"https:\/\/eltechnika.eu\/lv\/wp-json\/wp\/v2\/product"}],"about":[{"href":"https:\/\/eltechnika.eu\/lv\/wp-json\/wp\/v2\/types\/product"}],"wp:featuredmedia":[{"embeddable":true,"href":"https:\/\/eltechnika.eu\/lv\/wp-json\/wp\/v2\/media\/8157"}],"wp:attachment":[{"href":"https:\/\/eltechnika.eu\/lv\/wp-json\/wp\/v2\/media?parent=8156"}],"wp:term":[{"taxonomy":"product_brand","embeddable":true,"href":"https:\/\/eltechnika.eu\/lv\/wp-json\/wp\/v2\/product_brand?post=8156"},{"taxonomy":"product_cat","embeddable":true,"href":"https:\/\/eltechnika.eu\/lv\/wp-json\/wp\/v2\/product_cat?post=8156"},{"taxonomy":"product_tag","embeddable":true,"href":"https:\/\/eltechnika.eu\/lv\/wp-json\/wp\/v2\/product_tag?post=8156"}],"curies":[{"name":"wp","href":"https:\/\/api.w.org\/{rel}","templated":true}]}}