{"id":7848,"date":"2025-12-15T14:00:15","date_gmt":"2025-12-15T11:00:15","guid":{"rendered":"https:\/\/eltechnika.eu\/produktas\/aeon-mira-s-5-7-9\/"},"modified":"2025-08-21T15:40:42","modified_gmt":"2025-08-21T12:40:42","slug":"aeon-mira-s-5-7-9","status":"publish","type":"product","link":"https:\/\/eltechnika.eu\/lv\/produkts\/aeon-mira-s-5-7-9\/","title":{"rendered":"Aeon Mira S 5\/7\/9"},"content":{"rendered":"<h2><strong>AEON MIRA S: kompakts izm\u0113rs, r\u016bpnieciska jauda<\/strong><\/h2>\n<p><strong>AEON MIRA <span style=\"color: #ff0000;\">S<\/span><\/strong> s\u0113rija ir tie\u0161a atbilde uz tirgus piepras\u012bjumu p\u0113c v\u0113l jaud\u012bg\u0101kiem un \u0101tr\u0101kajiem galddatora l\u0101zeriem. S (Strong) mode\u013ci, kas ir veidoti uz popul\u0101r\u0101s MIRA platformas, ir k\u0101 MIRA uz stero\u012bdiem &#8211; tie saglab\u0101 visas lab\u0101k\u0101s iepriek\u0161\u0113jo mode\u013cu \u012bpa\u0161\u012bbas, piem\u0113ram, &#8220;viss vien\u0101&#8221; dizainu un kompaktumu, bet to veiktsp\u0113ja ir pavisam jaun\u0101 l\u012bmen\u012b. \u0160\u012bs ma\u0161\u012bnas ir paredz\u0113tas profesion\u0101\u013ciem un intens\u012bvai ra\u017eo\u0161anai, kur svar\u012bga ir katra sekunde.  <\/p>\n<h3><strong>Fenomen\u0101ls \u0101trums: \u0101tr\u0101kais sav\u0101 klas\u0113<\/strong><\/h3>\n<p><strong>MIRA <span style=\"color: #ff0000;\">S<\/span><\/strong> s\u0113rijas izcil\u0101k\u0101 iez\u012bme ir iespaid\u012bgais grav\u0113\u0161anas \u0101trums l\u012bdz pat <strong>2000 mm\/s<\/strong>. Tas ir gandr\u012bz divreiz liel\u0101ks \u0101trums nek\u0101 standarta MIRA mode\u013cos, padarot <strong>MIRA <span style=\"color: #ff0000;\">S<\/span><\/strong> par vienu no \u0101tr\u0101kajiem galda graveriem pasaul\u0113. \u0160is \u0101trums \u013cauj iev\u0113rojami samazin\u0101t ra\u017eo\u0161anas laiku un veikt liela apjoma pas\u016bt\u012bjumus rekord\u012bs\u0101 laik\u0101.  <\/p>\n<h3><strong>Pastiprin\u0101ta konstrukcija intens\u012bvam darbam<\/strong><\/h3>\n<p><strong>MIRA <span style=\"color: #ff0000;\">S<\/span><\/strong> mode\u013ciem ir iztur\u012bg\u0101ks, piln\u012bb\u0101 sl\u0113gts korpuss, kas paredz\u0113ts liel\u0101m un ilgsto\u0161\u0101m slodz\u0113m. Visi komponenti ir augst\u0101kas kvalit\u0101tes, kas nodro\u0161ina iztur\u012bbu un stabilit\u0101ti pat pie maksim\u0101l\u0101 \u0101truma. T\u0101pat k\u0101 standarta s\u0113rij\u0101s, ar\u012b \u0161ajos mode\u013cos ir integr\u0113tas dzes\u0113\u0161anas, gaisa padeves un d\u016bmu izvad\u012b\u0161anas sist\u0113mas, ta\u010du visas t\u0101s ir paredz\u0113tas liel\u0101kas jaudas un intensit\u0101tes nodro\u0161in\u0101\u0161anai.  <\/p>\n<h3><strong>Liel\u0101ka jauda un daudzpus\u012bba<\/strong><\/h3>\n<p><strong>MIRA <span style=\"color: #ff0000;\">S<\/span><\/strong> s\u0113rija pied\u0101v\u0101 iesp\u0113ju integr\u0113t jaud\u012bg\u0101kus l\u0101zera avotus, tostarp iztur\u012bgas <strong>met\u0101la RF (radiofrekvences) l\u0101zera lampas ar jaudu l\u012bdz 60 W<\/strong>. Tas ne tikai pagarina l\u0101zera avota kalpo\u0161anas laiku, bet ar\u012b nodro\u0161ina v\u0113l liel\u0101ku precizit\u0101ti un iesp\u0113ju apstr\u0101d\u0101t pla\u0161\u0101ku materi\u0101lu kl\u0101stu. Protams, ma\u0161\u012bna saglab\u0101 visas \u0113rt\u012bbas funkcijas, piem\u0113ram, <strong>Clean Pack tehnolo\u0123iju<\/strong> un <strong>Wi-Fi savienojumu<\/strong>.  <\/p>\n<hr>\n<h2><strong>Izv\u0113lieties sev piem\u0113rotu MIRA S modeli<\/strong><\/h2>\n<p>MIRA S s\u0113rij\u0101 ir tr\u012bs mode\u013ci, katrs ar at\u0161\u0137ir\u012bgu darba zonu. Izv\u0113lieties optim\u0101lo variantu, kas atbilst j\u016bsu ra\u017eo\u0161anas vajadz\u012bb\u0101m. <\/p>\n<h3><strong>MIRA S 5: Maksim\u0101la jauda maz\u0101kaj\u0101 telp\u0101<\/strong><\/h3>\n<p>Ar <strong>500 x 300 mm<\/strong> darba laukumu \u0161is modelis ir visjaud\u012bg\u0101k\u0101 izv\u0113le \u012bpa\u0161i ierobe\u017eotai telpai. Tas ir ide\u0101li piem\u0113rots gad\u012bjumos, kad svar\u012bgs ir katrs centimetrs, ta\u010du nedr\u012bkst pie\u013caut kompromisus attiec\u012bb\u0101 uz \u0101trumu un kvalit\u0101ti. <\/p>\n<h3><strong>MIRA S 7: l\u012bdzsvarota jauda<\/strong><\/h3>\n<p>T\u0101 darba laukums ir <strong>700 x 450 mm<\/strong>, un tas ir daudzpus\u012bgs risin\u0101jums daudziem uzdevumiem. \u0160is modelis nodro\u0161ina perfektu l\u012bdzsvaru starp kompaktumu un sp\u0113ju apstr\u0101d\u0101t liel\u0101kus apstr\u0101d\u0101jamos priek\u0161metus, padarot to par popul\u0101ru izv\u0113li augo\u0161os uz\u0146\u0113mumos. <\/p>\n<h3><strong>MIRA S 9: maksim\u0101la veiktsp\u0113ja datora versij\u0101<\/strong><\/h3>\n<p><strong>900 x 600 mm<\/strong> darba laukums pied\u0101v\u0101 maksim\u0101l\u0101s iesp\u0113jas, k\u0101das ir galddatora l\u0101zera iek\u0101rtai. MIRA S 9 \u013cauj efekt\u012bvi izmantot materi\u0101lu loksnes, lielas produkcijas s\u0113rijas un s\u0113rijveida ra\u017eo\u0161anu bez ierobe\u017eojumiem. <\/p>\n<div class=\"product-descr-table\">\n<table width=\"940\">\n<tbody>\n<tr>\n<td colspan=\"4\" width=\"940\"><strong>SPECIFIK\u0100CIJA<\/strong><\/td>\n<\/tr>\n<tr>\n<td width=\"214\"><strong>MODELIS<\/strong><\/td>\n<td width=\"242\"><strong>MIRA 5<\/strong><strong>S<\/strong><\/td>\n<td width=\"242\"><strong>MIRA 7<\/strong><strong>S<\/strong><\/td>\n<td width=\"242\"><strong>MIRA 9<\/strong><strong>S<\/strong><\/td>\n<\/tr>\n<tr>\n<td width=\"214\"><strong>Darba zona<\/strong><\/td>\n<td width=\"242\">300&#215;500 mm<\/td>\n<td width=\"242\">500&#215;700 mm<\/td>\n<td width=\"242\">600&#215;900 mm<\/td>\n<\/tr>\n<tr>\n<td width=\"214\"><strong>Maksim\u0101lais motoriz\u0113tais Z ass augstums<\/strong><\/td>\n<td width=\"242\">140 mm<\/td>\n<td width=\"242\">140 mm<\/td>\n<td width=\"242\">150 mm<\/td>\n<\/tr>\n<tr>\n<td width=\"214\"><strong>Maksim\u0101l\u0101 celtsp\u0113ja<\/strong><\/td>\n<td width=\"242\">15 kg<\/td>\n<td width=\"242\">25 kg<\/td>\n<td width=\"242\">25 kg<\/td>\n<\/tr>\n<tr>\n<td rowspan=\"2\" width=\"214\"><strong>L\u0101zera tips\/jauda<\/strong><\/td>\n<td width=\"242\">DC Glass 45\/60W<\/td>\n<td width=\"242\">DC Glass 60\/75\/80W<\/td>\n<td width=\"242\">DC Glass 60\/75\/80\/80\/90\/100W<\/td>\n<\/tr>\n<tr>\n<td width=\"242\">RF Metal 30\/60W<\/td>\n<td width=\"242\">RF Metal 30\/60W<\/td>\n<td width=\"242\">RF Metal 30\/60W<\/td>\n<\/tr>\n<tr>\n<td width=\"214\"><strong>Maksim\u0101lais grav\u0113\u0161anas \u0101trums<\/strong><\/td>\n<td width=\"242\">DC 1200 mm\/s, RF 3500 mm\/s<\/td>\n<td colspan=\"2\" width=\"484\">DC 1200 mm\/s, RF 4000 mm\/s<\/td>\n<\/tr>\n<tr>\n<td rowspan=\"2\" width=\"214\"><strong>Pa\u0101trin\u0101jums<\/strong><\/td>\n<td colspan=\"3\" width=\"726\">5G (DC)<\/td>\n<\/tr>\n<tr>\n<td colspan=\"3\" width=\"726\">8G (RF)<\/td>\n<\/tr>\n<tr>\n<td rowspan=\"2\" width=\"214\"><strong>Dzin\u0113ja tips<\/strong><\/td>\n<td colspan=\"3\" width=\"726\">L\u012bdzstr\u0101vas so\u013cu piedzi\u0146a (l\u012bdzstr\u0101vas)<\/td>\n<\/tr>\n<tr>\n<td colspan=\"3\" width=\"726\">Mai\u0146str\u0101vas servopiedzi\u0146a (RF)<\/td>\n<\/tr>\n<tr>\n<td width=\"214\"><strong>L\u012bdzstr\u0101vas avota maksim\u0101l\u0101 iz\u0161\u0137irtsp\u0113ja<\/strong><\/td>\n<td colspan=\"3\" width=\"726\">1000 DPI<\/td>\n<\/tr>\n<tr>\n<td width=\"214\"><strong>RF avota maksim\u0101l\u0101 iz\u0161\u0137irtsp\u0113ja<\/strong><\/td>\n<td colspan=\"3\" width=\"726\">4000 DPI<\/td>\n<\/tr>\n<tr>\n<td width=\"214\"><strong>Minim\u0101lais burtu grav\u0113\u0161anas izm\u0113rs<\/strong><\/td>\n<td colspan=\"3\" width=\"726\">1 x 1 mm (RF)<\/td>\n<\/tr>\n<tr>\n<td width=\"214\"><strong>Pozicion\u0113\u0161anas precizit\u0101te<\/strong><\/td>\n<td colspan=\"3\" width=\"726\">&lt; 0,01 mm<\/td>\n<\/tr>\n<tr>\n<td width=\"214\"><strong>Grie\u0161anas biezums<\/strong><\/td>\n<td colspan=\"3\" width=\"726\">&lt; 10 mm (atkar\u012bb\u0101 no materi\u0101la un avota jaudas)<\/td>\n<\/tr>\n<tr>\n<td width=\"214\"><strong>Darbagalds<\/strong><\/td>\n<td width=\"242\">Koret<\/td>\n<td colspan=\"2\" width=\"484\">Kor\u0137is + \u012bpa\u0161a grie\u0161anas darba virsma<\/td>\n<\/tr>\n<tr>\n<td width=\"214\"><strong>Dzes\u0113\u0161ana<\/strong><\/td>\n<td colspan=\"2\" width=\"484\">L\u012bdzstr\u0101va: \u016bdens dzes\u0113t\u0101js CW3000<\/td>\n<td width=\"242\">DC: \u016adens dzes\u0113t\u0101js CW5000<\/td>\n<\/tr>\n<tr>\n<td width=\"214\"><\/td>\n<td colspan=\"3\" width=\"726\">RF: gaisa dzes\u0113\u0161ana<\/td>\n<\/tr>\n<tr>\n<td width=\"214\"><strong>D\u016bmu nos\u016bces ventilators<\/strong><\/td>\n<td width=\"242\">60W<\/td>\n<td colspan=\"2\" width=\"484\">75W<\/td>\n<\/tr>\n<tr>\n<td width=\"214\"><strong>Integr\u0113ts gaisa s\u016bknis<\/strong><\/td>\n<td width=\"242\">45W<\/td>\n<td colspan=\"2\" width=\"484\">85W<\/td>\n<\/tr>\n<tr>\n<td width=\"214\"><strong>Autofokuss<\/strong><\/td>\n<td colspan=\"3\" width=\"726\">Ieb\u016bv\u0113ts<\/td>\n<\/tr>\n<tr>\n<td width=\"214\"><strong>Kamera<\/strong><\/td>\n<td width=\"242\">160\u00b0 5 megapikse\u013cu<\/td>\n<td colspan=\"2\" width=\"484\">90\u00b0 5 megapikse\u013ci<\/td>\n<\/tr>\n<tr>\n<td width=\"214\"><strong>L\u0101zeru dro\u0161\u012bbas klasifik\u0101cija<\/strong><\/td>\n<td colspan=\"3\" width=\"726\">1. klases l\u0101zera produkts<\/td>\n<\/tr>\n<tr>\n<td width=\"214\"><strong>Programmat\u016bra<\/strong><\/td>\n<td colspan=\"3\" width=\"726\">RDWorks (ieteicama Lightburn, atsevi\u0161\u0137a maksas licence)<\/td>\n<\/tr>\n<tr>\n<td width=\"214\"><strong>Atbalst\u012btie form\u0101ti<\/strong><\/td>\n<td colspan=\"3\" width=\"726\">DSP\/PLT\/BMP\/DXF\/AI\/DWG\/SVG (punktveida, vektoru un kombin\u0113tais)<\/td>\n<\/tr>\n<tr>\n<td width=\"214\"><strong>Ma\u0161\u012bnas izm\u0113ri<\/strong><\/td>\n<td width=\"242\">900*700*410 mm<\/td>\n<td width=\"242\">1128*945*510 mm<\/td>\n<td width=\"242\">1328*1070*530 mm<\/td>\n<\/tr>\n<tr>\n<td width=\"214\"><strong>Bruto svars<\/strong><\/td>\n<td width=\"242\">125 kg<\/td>\n<td width=\"242\">230 kg<\/td>\n<td width=\"242\">290 kg<\/td>\n<\/tr>\n<tr>\n<td width=\"214\"><strong>Neto svars<\/strong><\/td>\n<td width=\"242\">110 kg<\/td>\n<td width=\"242\">180 kg<\/td>\n<td width=\"242\">220 kg<\/td>\n<\/tr>\n<tr>\n<td width=\"214\"><strong>Baro\u0161anas spriegums<\/strong><\/td>\n<td colspan=\"3\" width=\"726\">220 V mai\u0146str\u0101vas 50 Hz<\/td>\n<\/tr>\n<tr>\n<td width=\"214\"><strong>Kop\u0113j\u0101 jauda<\/strong><\/td>\n<td colspan=\"3\" width=\"726\">1200W<\/td>\n<\/tr>\n<tr>\n<td width=\"214\"><strong>Rot\u0101cijas<\/strong><\/td>\n<td colspan=\"3\" width=\"726\">Papildapr\u012bkojums (skava\/rull\u012btis)<\/td>\n<\/tr>\n<\/tbody>\n<\/table>\n<\/div>\n<p>&nbsp;<\/p>\n","protected":false},"excerpt":{"rendered":"<p>AEON MIRA S ir profesion\u0101l\u0101, pastiprin\u0101t\u0101 MIRA s\u0113rijas versija, kas paredz\u0113ta lietot\u0101jiem, kuri pieprasa maksim\u0101lu \u0101trumu un iztur\u012bbu. Ar p\u0101rsteidzo\u0161u <strong>grav\u0113\u0161anas \u0101trumu 2000 mm\/s<\/strong> \u0161\u012b iek\u0101rta ir viens no \u0101tr\u0101kajiem galda l\u0101zeriem tirg\u016b. Iztur\u012bg\u0101, piln\u012bb\u0101 sl\u0113gt\u0101 konstrukcija un jaud\u012bg\u0101kie komponenti nodro\u0161ina uzticamu darb\u012bbu pat visintens\u012bv\u0101kajos apst\u0101k\u013cos. MIRA S ir industri\u0101la jauda kompakt\u0101 korpus\u0101.   <\/p>\n","protected":false},"featured_media":7849,"template":"","meta":{"_acf_changed":false},"product_brand":[],"product_cat":[315,314],"product_tag":[],"class_list":{"0":"post-7848","1":"product","2":"type-product","3":"status-publish","4":"has-post-thumbnail","6":"product_cat-aeon-co2-lazera-griesanas-gravesanas-iekarta","7":"product_cat-lazera-darbgaldi","8":"","9":"woocommerce-text-align-center","10":"woocommerce-image-align-center","11":"wc-has-gallery","13":"first","14":"instock","15":"shipping-taxable","16":"purchasable","17":"product-type-simple"},"acf":[],"_links":{"self":[{"href":"https:\/\/eltechnika.eu\/lv\/wp-json\/wp\/v2\/product\/7848","targetHints":{"allow":["GET"]}}],"collection":[{"href":"https:\/\/eltechnika.eu\/lv\/wp-json\/wp\/v2\/product"}],"about":[{"href":"https:\/\/eltechnika.eu\/lv\/wp-json\/wp\/v2\/types\/product"}],"wp:featuredmedia":[{"embeddable":true,"href":"https:\/\/eltechnika.eu\/lv\/wp-json\/wp\/v2\/media\/7849"}],"wp:attachment":[{"href":"https:\/\/eltechnika.eu\/lv\/wp-json\/wp\/v2\/media?parent=7848"}],"wp:term":[{"taxonomy":"product_brand","embeddable":true,"href":"https:\/\/eltechnika.eu\/lv\/wp-json\/wp\/v2\/product_brand?post=7848"},{"taxonomy":"product_cat","embeddable":true,"href":"https:\/\/eltechnika.eu\/lv\/wp-json\/wp\/v2\/product_cat?post=7848"},{"taxonomy":"product_tag","embeddable":true,"href":"https:\/\/eltechnika.eu\/lv\/wp-json\/wp\/v2\/product_tag?post=7848"}],"curies":[{"name":"wp","href":"https:\/\/api.w.org\/{rel}","templated":true}]}}