{"id":7662,"date":"2025-12-15T13:00:10","date_gmt":"2025-12-15T10:00:10","guid":{"rendered":"https:\/\/eltechnika.eu\/produktas\/aeon-nova-10-14-16\/"},"modified":"2025-08-21T15:40:41","modified_gmt":"2025-08-21T12:40:41","slug":"aeon-nova-10-14-16","status":"publish","type":"product","link":"https:\/\/eltechnika.eu\/lv\/produkts\/aeon-nova-10-14-16\/","title":{"rendered":"Aeon Nova 10\/14\/16"},"content":{"rendered":"<h2><strong>AEON NOVA: R\u016bpniecisk\u0101 jauda un uzticam\u012bba katru dienu<\/strong><\/h2>\n<p>AEON NOVA s\u0113rija ir AEON vado\u0161ais l\u0101zers, kas \u012bpa\u0161i izstr\u0101d\u0101ts r\u016bpnieciskiem lietojumiem, kur nepiecie\u0161ama maksim\u0101la uzticam\u012bba, iztur\u012bba un efektivit\u0101te. T\u0101 ir moderna, \u0101tra un stabila iek\u0101rta, kas paredz\u0113ta ilgam darbam, nemazinot kvalit\u0101ti. Katra NOVA s\u0113rijas sast\u0101vda\u013ca ir izstr\u0101d\u0101ta t\u0101, lai iztur\u0113tu lielas slodzes un nodro\u0161in\u0101tu vienm\u0113r\u012bgu ra\u017eo\u0161anas procesu no pirm\u0101s l\u012bdz p\u0113d\u0113jai deta\u013cai.  <\/p>\n<h2><strong>Inovat\u012bva Clean Pack tehnolo\u0123ija<\/strong><\/h2>\n<p>Liel\u0101k\u0101 NOVA s\u0113rijas priek\u0161roc\u012bba un izcil\u012bba ir revolucion\u0101r\u0101 Clean Pack tehnolo\u0123ija. Visas meh\u0101nikas kust\u012bg\u0101s da\u013cas, tostarp asis, sliedes un gult\u0146i, ir piln\u012bb\u0101 iekapsul\u0113tas un aizsarg\u0101tas pret putek\u013cu, d\u016bmu un sve\u0137u iek\u013c\u016b\u0161anu. Tas krasi samazina tehnisk\u0101s apkopes nepiecie\u0161am\u012bbu, nov\u0113r\u0161 deta\u013cu nolieto\u0161anos un nodro\u0161ina ma\u0161\u012bnas precizit\u0101ti un stabilit\u0101ti ilgtermi\u0146\u0101. Izmantojot Clean Pack, varat aizmirst par past\u0101v\u012bgu meh\u0101nikas t\u012br\u012b\u0161anu un koncentr\u0113ties tikai uz ra\u017eo\u0161anu.   <\/p>\n<h2><strong>Izstr\u0101d\u0101ts efektivit\u0101tei un \u0113rt\u012bbai<\/strong><\/h2>\n<p>NOVA s\u0113rija ir piln\u012bga &#8220;viss vien\u0101&#8221; r\u016bpniecisk\u0101 iek\u0101rta. R\u016bpnieciskais \u016bdens dzes\u0113t\u0101js (aukstumiek\u0101rta), d\u016bmu nos\u016bces ventilators un gaisa kompresors jau ir integr\u0113ti iek\u0101rtas korpus\u0101. Jums neb\u016bs nepiecie\u0161amas nek\u0101das \u0101r\u0113j\u0101s ier\u012bces, kas ietaupa vietu un vienk\u0101r\u0161o uzst\u0101d\u012b\u0161anu. Katram modelim standarta komplekt\u0101cij\u0101 ir divi darbgaldi &#8211; asmens un \u0161ablons -, kas nodro\u0161ina iesp\u0113ju piel\u0101got ma\u0161\u012bnu gan mazu deta\u013cu grie\u0161anai, gan grav\u0113\u0161anai.   <\/p>\n<h2><strong>Izv\u0113lieties savu ra\u017eo\u0161anas m\u0113rogu: NOVA 10, 14 un 16<\/strong><\/h2>\n<p>NOVA s\u0113rija at\u0161\u0137iras p\u0113c darba zonas, \u013caujot izv\u0113l\u0113ties optim\u0101lo izm\u0113ru atbilsto\u0161i ra\u017eo\u0161anas apjomam un materi\u0101la form\u0101tam. Visiem mode\u013ciem ir caurpl\u016bdes konstrukcija, kas \u013cauj apstr\u0101d\u0101t liel\u0101kus materi\u0101lu form\u0101tus. <\/p>\n<h3><strong>NOVA 10: univers\u0101lais r\u016bpnieciskais starta komplekts<\/strong><\/h3>\n<p>Ar darba laukumu <strong>1000 x 700 mm<\/strong> NOVA 10 ir ide\u0101la izv\u0113le uz\u0146\u0113mumiem, kas v\u0113las p\u0101riet uz r\u016bpnieciska l\u012bme\u0146a ra\u017eo\u0161anu. \u0160is modelis ir pietiekami univers\u0101ls, lai veiktu da\u017e\u0101dus uzdevumus, s\u0101kot no rekl\u0101mas ra\u017eo\u0161anas l\u012bdz r\u016bpnieciskai izk\u0101rt\u0146u izvieto\u0161anai. <\/p>\n<h3><strong>NOVA 14: Lielo form\u0101tu speci\u0101lists<\/strong><\/h3>\n<p><strong>1400 x 900 mm<\/strong> darba laukums \u013cauj efekt\u012bvi apstr\u0101d\u0101t standarta form\u0101ta lok\u0161\u0146u materi\u0101lu. T\u0101 ir vispopul\u0101r\u0101k\u0101 izv\u0113le m\u0113be\u013cu r\u016bpniec\u012bb\u0101, lielform\u0101ta rekl\u0101mas ra\u017eo\u0161an\u0101 un visur, kur nepiecie\u0161ams maksim\u0101li izmantot materi\u0101la laukumu. <\/p>\n<h3><strong>NOVA 16: maksim\u0101la veiktsp\u0113ja bez kompromisiem<\/strong><\/h3>\n<p>Liel\u0101kais s\u0113rijas modelis ar darba laukumu <strong>1600 x 1000 mm<\/strong> ir paredz\u0113ts visliel\u0101kajiem ra\u017eo\u0161anas apjomiem. NOVA 16 \u013cauj apstr\u0101d\u0101t \u013coti lielus sagataves vai izk\u0101rtot milz\u012bgus daudzumus maz\u0101ku izstr\u0101d\u0101jumu, maksim\u0101li palielinot produktivit\u0101ti un samazinot ra\u017eo\u0161anas izmaksas. <\/p>\n<div class=\"product-descr-table\">\n<table width=\"642\">\n<tbody>\n<tr>\n<td colspan=\"4\" width=\"642\">\n<p style=\"text-align: center;\"><strong>SPECIFIK\u0100CIJA<\/strong><\/p>\n<\/td>\n<\/tr>\n<tr>\n<td width=\"189\">\n<p style=\"text-align: center;\"><strong>MODELIS<\/strong><\/p>\n<\/td>\n<td style=\"text-align: center;\" width=\"132\"><strong>NOVA 10<\/strong><\/td>\n<td style=\"text-align: center;\" width=\"142\"><strong>NOVA 14<\/strong><\/td>\n<td width=\"180\">\n<p style=\"text-align: center;\"><strong>NOVA 16<\/strong><\/p>\n<\/td>\n<\/tr>\n<tr>\n<td width=\"189\">\n<p style=\"text-align: center;\"><strong>Darba zona<\/strong><\/p>\n<\/td>\n<td style=\"text-align: center;\" width=\"132\">1000&#215;700 mm<\/td>\n<td style=\"text-align: center;\" width=\"142\">1400&#215;900 mm<\/td>\n<td width=\"180\">\n<p style=\"text-align: center;\">1600&#215;1000 mm<\/p>\n<\/td>\n<\/tr>\n<tr>\n<td width=\"189\">\n<p style=\"text-align: center;\"><strong>Ma\u0161\u012bnas izm\u0113ri<\/strong><\/p>\n<\/td>\n<td style=\"text-align: center;\" width=\"132\">1520x1295x1025 mm<\/td>\n<td style=\"text-align: center;\" width=\"142\">1920x1495x1025 mm<\/td>\n<td width=\"180\">\n<p style=\"text-align: center;\">2120x1585x1025 mm<\/p>\n<\/td>\n<\/tr>\n<tr>\n<td width=\"189\">\n<p style=\"text-align: center;\"><strong>L\u0101zera tips\/jauda<\/strong><\/p>\n<\/td>\n<td style=\"text-align: center;\" width=\"132\">CO2 (60W\/75W\/80W\/90W\/100W)<\/p>\n<p>RF 30W\/60W<\/td>\n<td style=\"text-align: center;\" width=\"142\">CO2 (80W\/90W\/100W\/130W\/150W)<\/p>\n<p>RF 30W\/60W<\/td>\n<td width=\"180\">\n<p style=\"text-align: center;\">CO2 (80W\/90W\/100W\/130W\/150W)<br \/>\nRF 30W\/60W<\/p>\n<\/td>\n<\/tr>\n<tr>\n<td width=\"189\">\n<p style=\"text-align: center;\"><strong>Z ass augstums<\/strong><\/p>\n<\/td>\n<td style=\"text-align: center;\" width=\"132\">200 mm<\/td>\n<td style=\"text-align: center;\" width=\"142\">200 mm<\/td>\n<td width=\"180\">\n<p style=\"text-align: center;\">200 mm<\/p>\n<\/td>\n<\/tr>\n<tr>\n<td width=\"189\">\n<p style=\"text-align: center;\"><strong>Ma\u0161\u012bnas svars<\/strong><\/p>\n<\/td>\n<td style=\"text-align: center;\" width=\"132\">370 kg<\/td>\n<td style=\"text-align: center;\" width=\"142\">540 kg<\/td>\n<td width=\"180\">\n<p style=\"text-align: center;\">560 kg<\/p>\n<\/td>\n<\/tr>\n<tr>\n<td width=\"189\">\n<p style=\"text-align: center;\"><strong>Darbagalds<\/strong><\/p>\n<\/td>\n<td colspan=\"3\" width=\"453\">\n<p style=\"text-align: center;\">Cellular + \u012bpa\u0161a grie\u0161anas virsma<\/p>\n<\/td>\n<\/tr>\n<tr>\n<td width=\"189\">\n<p style=\"text-align: center;\"><strong>Baro\u0161anas spriegums<\/strong><\/p>\n<\/td>\n<td colspan=\"3\" width=\"453\">\n<p style=\"text-align: center;\">220 V mai\u0146str\u0101vas 50 Hz<\/p>\n<\/td>\n<\/tr>\n<tr>\n<td width=\"189\">\n<p style=\"text-align: center;\"><strong>Kop\u0113j\u0101 jauda<\/strong><\/p>\n<\/td>\n<td colspan=\"3\" width=\"453\">\n<p style=\"text-align: center;\">1905W + avots<\/p>\n<\/td>\n<\/tr>\n<tr>\n<td width=\"189\">\n<p style=\"text-align: center;\"><strong>Maksim\u0101lais grav\u0113\u0161anas \u0101trums<\/strong><\/p>\n<\/td>\n<td colspan=\"3\" width=\"453\">\n<p style=\"text-align: center;\">1200 mm\/s<\/p>\n<\/td>\n<\/tr>\n<tr>\n<td width=\"189\">\n<p style=\"text-align: center;\"><strong>Maksim\u0101lais grie\u0161anas \u0101trums<\/strong><\/p>\n<\/td>\n<td colspan=\"3\" width=\"453\">\n<p style=\"text-align: center;\">680 mm\/s<\/p>\n<\/td>\n<\/tr>\n<tr>\n<td width=\"189\">\n<p style=\"text-align: center;\"><strong>Minim\u0101lais grav\u0113\u0161anas izm\u0113rs<\/strong><\/p>\n<\/td>\n<td colspan=\"3\" width=\"453\">\n<p style=\"text-align: center;\">1 x 1 mm<\/p>\n<\/td>\n<\/tr>\n<tr>\n<td width=\"189\">\n<p style=\"text-align: center;\"><strong>CO2 avota maksim\u0101l\u0101 iz\u0161\u0137irtsp\u0113ja<\/strong><\/p>\n<\/td>\n<td colspan=\"3\" width=\"453\">\n<p style=\"text-align: center;\">1000 DPI<\/p>\n<\/td>\n<\/tr>\n<tr>\n<td width=\"189\">\n<p style=\"text-align: center;\"><strong>RF avota maksim\u0101l\u0101 iz\u0161\u0137irtsp\u0113ja<\/strong><\/p>\n<\/td>\n<td colspan=\"3\" width=\"453\">\n<p style=\"text-align: center;\">4000 DPI<\/p>\n<\/td>\n<\/tr>\n<tr>\n<td width=\"189\">\n<p style=\"text-align: center;\"><strong>Pozicion\u0113\u0161anas precizit\u0101te<\/strong><\/p>\n<\/td>\n<td colspan=\"3\" width=\"453\">\n<p style=\"text-align: center;\">&lt;  0,01 mm<\/p>\n<\/td>\n<\/tr>\n<tr>\n<td width=\"189\">\n<p style=\"text-align: center;\"><strong>Grie\u0161anas biezums<\/strong><\/p>\n<\/td>\n<td colspan=\"3\" width=\"453\">\n<p style=\"text-align: center;\">&lt;  15 mm (atkar\u012bb\u0101 no materi\u0101la un avota jaudas)<\/p>\n<\/td>\n<\/tr>\n<tr>\n<td width=\"189\">\n<p style=\"text-align: center;\"><strong>Gaisa s\u016bknis<\/strong><\/p>\n<\/td>\n<td style=\"text-align: center;\" width=\"132\">Uzst\u0101d\u012bts 135 W gaisa s\u016bknis<\/td>\n<td style=\"text-align: center;\" width=\"142\">Uzst\u0101d\u012bts 135 W gaisa s\u016bknis<\/td>\n<td width=\"180\">\n<p style=\"text-align: center;\">Uzst\u0101d\u012bts 135 W gaisa s\u016bknis<\/p>\n<\/td>\n<\/tr>\n<tr>\n<td width=\"189\">\n<p style=\"text-align: center;\"><strong>Dzes\u0113\u0161ana<\/strong><\/p>\n<\/td>\n<td style=\"text-align: center;\" width=\"132\">\u016adens dzes\u0113t\u0101js<br \/>\nCW5000<\/td>\n<td style=\"text-align: center;\" width=\"142\">\u016adens dzes\u0113t\u0101js<br \/>\nCW5000<\/td>\n<td width=\"180\">\n<p style=\"text-align: center;\">\u016adens dzes\u0113t\u0101js<br \/>\nCW5000<\/p>\n<\/td>\n<\/tr>\n<tr>\n<td width=\"189\">\n<p style=\"text-align: center;\"><strong>Ventil\u0101cija<\/strong><\/p>\n<\/td>\n<td style=\"text-align: center;\" width=\"132\">D\u016bmu nos\u016bces ventilators 750 W<\/td>\n<td style=\"text-align: center;\" width=\"142\">D\u016bmu nos\u016bces ventilators 750 W<\/td>\n<td width=\"180\">\n<p style=\"text-align: center;\">D\u016bmu nos\u016bces ventilators 750 W<\/p>\n<\/td>\n<\/tr>\n<tr>\n<td width=\"189\">\n<p style=\"text-align: center;\"><strong>Autofokuss<\/strong><\/p>\n<\/td>\n<td colspan=\"3\" width=\"453\">\n<p style=\"text-align: center;\">Integr\u0113ts pie<\/p>\n<\/td>\n<\/tr>\n<tr>\n<td width=\"189\">\n<p style=\"text-align: center;\"><strong>Programmat\u016bra<\/strong><\/p>\n<\/td>\n<td colspan=\"3\" width=\"453\">\n<p style=\"text-align: center;\">Rdworks (Lightburn ieteicams par papildu samaksu)<\/p>\n<\/td>\n<\/tr>\n<tr>\n<td width=\"189\">\n<p style=\"text-align: center;\"><strong>Atbalst\u012btie form\u0101ti<\/strong><\/p>\n<\/td>\n<td colspan=\"3\" width=\"453\">\n<p style=\"text-align: center;\">DSP\/PLT\/BMP\/DXF\/AI\/DWG\/SVG utt.<\/p>\n<\/td>\n<\/tr>\n<tr>\n<td width=\"189\">\n<p style=\"text-align: center;\"><strong>Rot\u0101cijas<\/strong><\/p>\n<\/td>\n<td colspan=\"3\" width=\"453\">\n<p style=\"text-align: center;\">Papildapr\u012bkojuma opcija (tur\u0113t\u0101js\/ritnis)<\/p>\n<\/td>\n<\/tr>\n<\/tbody>\n<\/table>\n<\/div>\n<p>&nbsp;<\/p>\n","protected":false},"excerpt":{"rendered":"<p>AEON NOVA s\u0113rija ir r\u016bpniecisk\u0101s klases CO2 l\u0101zera iek\u0101rta, kas paredz\u0113ta intens\u012bvai ra\u017eo\u0161anai un lielform\u0101ta apstr\u0101dei. Unik\u0101l\u0101 Clean Pack tehnolo\u0123ija aizsarg\u0101 kust\u012bg\u0101s deta\u013cas no putek\u013ciem, nodro\u0161inot ilgu kalpo\u0161anas laiku un minim\u0101lu apkopi. Jaud\u012bgi hibr\u012bda servomotori, integr\u0113ta dzes\u0113\u0161anas sist\u0113ma un divi standarta darbagaldi (nazis un \u0161ablons) padara NOVA s\u0113riju par uzticamu un efekt\u012bvu risin\u0101jumu jebkurai ra\u017eotnei.  <\/p>\n","protected":false},"featured_media":7663,"template":"","meta":{"_acf_changed":false},"product_brand":[],"product_cat":[315,314],"product_tag":[],"class_list":{"0":"post-7662","1":"product","2":"type-product","3":"status-publish","4":"has-post-thumbnail","6":"product_cat-aeon-co2-lazera-griesanas-gravesanas-iekarta","7":"product_cat-lazera-darbgaldi","8":"","9":"woocommerce-text-align-center","10":"woocommerce-image-align-center","11":"wc-has-gallery","13":"first","14":"instock","15":"shipping-taxable","16":"purchasable","17":"product-type-simple"},"acf":[],"_links":{"self":[{"href":"https:\/\/eltechnika.eu\/lv\/wp-json\/wp\/v2\/product\/7662","targetHints":{"allow":["GET"]}}],"collection":[{"href":"https:\/\/eltechnika.eu\/lv\/wp-json\/wp\/v2\/product"}],"about":[{"href":"https:\/\/eltechnika.eu\/lv\/wp-json\/wp\/v2\/types\/product"}],"wp:featuredmedia":[{"embeddable":true,"href":"https:\/\/eltechnika.eu\/lv\/wp-json\/wp\/v2\/media\/7663"}],"wp:attachment":[{"href":"https:\/\/eltechnika.eu\/lv\/wp-json\/wp\/v2\/media?parent=7662"}],"wp:term":[{"taxonomy":"product_brand","embeddable":true,"href":"https:\/\/eltechnika.eu\/lv\/wp-json\/wp\/v2\/product_brand?post=7662"},{"taxonomy":"product_cat","embeddable":true,"href":"https:\/\/eltechnika.eu\/lv\/wp-json\/wp\/v2\/product_cat?post=7662"},{"taxonomy":"product_tag","embeddable":true,"href":"https:\/\/eltechnika.eu\/lv\/wp-json\/wp\/v2\/product_tag?post=7662"}],"curies":[{"name":"wp","href":"https:\/\/api.w.org\/{rel}","templated":true}]}}