{"id":7495,"date":"2025-12-15T15:00:59","date_gmt":"2025-12-15T12:00:59","guid":{"rendered":"https:\/\/eltechnika.eu\/produktas\/aeon-mira-5-7-9\/"},"modified":"2025-08-21T15:40:33","modified_gmt":"2025-08-21T12:40:33","slug":"aeon-mira-5-7-9","status":"publish","type":"product","link":"https:\/\/eltechnika.eu\/lv\/produkts\/aeon-mira-5-7-9\/","title":{"rendered":"Aeon Mira 5\/7\/9"},"content":{"rendered":"<h2><strong>AEON MIRA: kur satiekas \u0101trums un kompaktums<\/strong><\/h2>\n<p>AEON MIRA s\u0113rija ir izstr\u0101d\u0101ta, lai apmierin\u0101tu to lietot\u0101ju vajadz\u012bbas, kuriem nepiecie\u0161ams maksim\u0101ls \u0101trums, bet kurus ierobe\u017eo darba stacijas izm\u0113rs. \u0160ie galddatora mode\u013ci ir vis\u0101tr\u0101kie sav\u0101 klas\u0113 un pied\u0101v\u0101 profesion\u0101la l\u012bme\u0146a grav\u0113\u0161anas un grie\u0161anas iesp\u0113jas. Pateicoties p\u0101rdom\u0101tajam dizainam, MIRA var viegli ienest caur standarta durvju ail\u0113m, savuk\u0101rt modernais &#8220;viss vien\u0101&#8221; dizains \u013cauj ietaup\u012bt vietu un likvid\u0113t papildu perif\u0113rijas ier\u012bces. Tas ir ide\u0101ls risin\u0101jums tiem, kas nev\u0113las upur\u0113t kvalit\u0101ti izm\u0113ru d\u0113\u013c.   <\/p>\n<h3><strong>\u0100rk\u0101rt\u012bgs \u0101trums un efektivit\u0101te<\/strong><\/h3>\n<p>Viena no MIRA s\u0113rijas galvenaj\u0101m priek\u0161roc\u012bb\u0101m ir satrieco\u0161ais grav\u0113\u0161anas \u0101trums l\u012bdz <strong>1200 mm\/s<\/strong>. Tas \u013cauj pabeigt projektus daudz \u0101tr\u0101k nek\u0101 ar daudz\u0101m l\u012bdz\u012bg\u0101m ier\u012bc\u0113m tirg\u016b. Vienlaikus ar \u0101tru kust\u012bbu iek\u0101rta nodro\u0161ina nevainojamu precizit\u0101ti, lai var\u0113tu nevainojami atveidot pat viss\u012bk\u0101k\u0101s deta\u013cas.  <\/p>\n<h3><strong>Uzlabots &#8220;viss vien\u0101&#8221; dizains<\/strong><\/h3>\n<p>MIRA mode\u013ci izce\u013cas ar integr\u0113tu sist\u0113mu, kur\u0101 viss nepiecie\u0161amais darbam jau ir ier\u012bces iek\u0161pus\u0113:<\/p>\n<ul>\n<li><strong>Integr\u0113ta \u016bdens dzes\u0113\u0161ana:<\/strong> nav nepiecie\u0161ams \u0101r\u0113js dzes\u0113t\u0101js (dzes\u0113t\u0101js), sist\u0113ma darbojas efekt\u012bvi un klusi.<\/li>\n<li><strong>Integr\u0113ta gaisa padeve:<\/strong> jaud\u012bgs gaisa kompresors aizsarg\u0101 objekt\u012bvu un nodro\u0161ina t\u012bru griezumu.<\/li>\n<li><strong>Integr\u0113ts d\u016bmu aiztur\u0113t\u0101js:<\/strong> efekt\u012bvi aizvada d\u016bmus no darba zonas.<\/li>\n<\/ul>\n<p>\u0160\u0101ds risin\u0101jums ne tikai ietaupa vietu, bet ar\u012b nodro\u0161ina, ka visi komponenti ir optim\u0101li savstarp\u0113ji saska\u0146oti, t\u0101d\u0113j\u0101di palielinot sist\u0113mas uzticam\u012bbu.<\/p>\n<h3><strong>Inovat\u012bvas tehnolo\u0123ijas \u0113rtam darbam<\/strong><\/h3>\n<p>MIRA kl\u0101st\u0101 ir izmantota <strong>Clean Pack tehnolo\u0123ija,<\/strong> kas nodro\u0161ina iztur\u012bbu un komfortu. T\u0101 aizsarg\u0101 visas kust\u012bg\u0101s da\u013cas &#8211; asis, sliedes, gult\u0146us &#8211; no putek\u013cu un darvas nos\u0113dumiem. Tas iev\u0113rojami samazina apkopes nepiecie\u0161am\u012bbu un pagarina ma\u0161\u012bnas kalpo\u0161anas laiku. Papildu \u0113rt\u012bbai ma\u0161\u012bnai ir <strong>Wi-Fi savienojam\u012bba<\/strong>, kas \u013cauj nos\u016bt\u012bt darbus bez vadiem.   <\/p>\n<hr>\n<h2><strong>Izv\u0113lieties savu MIRA modeli<\/strong><\/h2>\n<p>Galven\u0101 at\u0161\u0137ir\u012bba starp MIRA 5, MIRA 7 un MIRA 9 mode\u013ciem ir darba galda izm\u0113rs. Tas \u013cauj jums izv\u0113l\u0113ties sav\u0101m vajadz\u012bb\u0101m un izstr\u0101d\u0101jumu specifikai piem\u0113rot\u0101ko variantu. <\/p>\n<h3><strong>MIRA 5: maksim\u0101lais kompaktums<\/strong><\/h3>\n<p>\u0160\u012b mode\u013ca darba laukums ir <strong>500 x 300 mm,<\/strong> t\u0101p\u0113c tas ir ide\u0101la izv\u0113le, ja vieta ir \u013coti ierobe\u017eota. Ide\u0101li piem\u0113rots z\u012bmogu izgatavo\u0161anai, nelielu suven\u012bru personaliz\u0113\u0161anai, mobilo t\u0101lru\u0146u piederumu grav\u0113\u0161anai vai darbam m\u0101j\u0101s. <\/p>\n<h3><strong>MIRA 7: daudzpus\u012bga un popul\u0101ra izv\u0113le<\/strong><\/h3>\n<p><strong>700 x 450 mm<\/strong> darba laukums nodro\u0161ina daudz liel\u0101ku elast\u012bbu. Tas ir popul\u0101r\u0101kais modelis mazo uz\u0146\u0113mumu vid\u016b, kas \u013cauj apstr\u0101d\u0101t liel\u0101kas materi\u0101la loksnes un ra\u017eot pla\u0161\u0101ku produktu kl\u0101stu. MIRA 7 ir ide\u0101ls l\u012bdzsvars starp kompaktiem izm\u0113riem un lielu jaudu.  <\/p>\n<h3><strong>MIRA 9: Maksim\u0101lais darba laukums datora versij\u0101<\/strong><\/h3>\n<p>Ja jums ir nepiecie\u0161ama maksim\u0101l\u0101 darba virsma, ko var pied\u0101v\u0101t darbgalda iek\u0101rta, j\u016bsu izv\u0113le ir <strong>900 x 600 mm<\/strong> MIRA 9. \u0160is modelis \u013cauj veikt liel\u0101kus projektus, efekt\u012bv\u0101k novietot maz\u0101kus izstr\u0101d\u0101jumus uz materi\u0101la loksnes un str\u0101d\u0101t ar liel\u0101kiem sagatav\u0113m, saglab\u0101jot visas MIRA s\u0113rijas priek\u0161roc\u012bbas. <\/p>\n<div class=\"product-descr-table\">\n<table>\n<tbody>\n<tr>\n<td colspan=\"4\" width=\"548\">\n<p style=\"text-align: center;\"><strong>SPECIFIK\u0100CIJA<\/strong><\/p>\n<\/td>\n<\/tr>\n<tr>\n<td width=\"189\">\n<p style=\"text-align: center;\"><strong>MODELIS<\/strong><\/p>\n<\/td>\n<td style=\"text-align: center;\" width=\"113\"><strong>MIRA 5<\/strong><\/td>\n<td style=\"text-align: center;\" width=\"123\"><strong>MIRA 7<\/strong><\/td>\n<td width=\"123\">\n<p style=\"text-align: center;\"><strong>MIRA 9<\/strong><\/p>\n<\/td>\n<\/tr>\n<tr>\n<td width=\"189\">\n<p style=\"text-align: center;\"><strong>Darba zona<\/strong><\/p>\n<\/td>\n<td style=\"text-align: center;\" width=\"113\">300&#215;500 mm<\/td>\n<td style=\"text-align: center;\" width=\"123\">450&#215;700 mm<\/td>\n<td width=\"123\">\n<p style=\"text-align: center;\">900&#215;600 mm<\/p>\n<\/td>\n<\/tr>\n<tr>\n<td width=\"189\">\n<p style=\"text-align: center;\"><strong>Ma\u0161\u012bnas izm\u0113ri<\/strong><\/p>\n<\/td>\n<td style=\"text-align: center;\" width=\"113\">900x710x430 mm<\/td>\n<td style=\"text-align: center;\" width=\"123\">1100x845x480 mm<\/td>\n<td width=\"123\">\n<p style=\"text-align: center;\">1300x1012x514 mm<\/p>\n<\/td>\n<\/tr>\n<tr>\n<td width=\"189\">\n<p style=\"text-align: center;\"><strong>L\u0101zera tips\/jauda<\/strong><\/p>\n<\/td>\n<td style=\"text-align: center;\" width=\"113\">CO2(40\/60W)<br \/>\nRF 30W<\/td>\n<td style=\"text-align: center;\" width=\"123\">CO2 (40\/60\/80W)<br \/>\nRF 30W<\/td>\n<td width=\"123\">\n<p style=\"text-align: center;\">CO2 (40\/60\/80\/100W)<br \/>\nRF 30W<\/p>\n<\/td>\n<\/tr>\n<tr>\n<td width=\"189\">\n<p style=\"text-align: center;\"><strong>Z ass augstums<\/strong><\/p>\n<\/td>\n<td style=\"text-align: center;\" width=\"113\">100 mm Regul\u0113jams<\/td>\n<td style=\"text-align: center;\" width=\"123\">150 mm Regul\u0113jams<\/td>\n<td width=\"123\">\n<p style=\"text-align: center;\">150 mm Regul\u0113jams<\/p>\n<\/td>\n<\/tr>\n<tr>\n<td width=\"189\">\n<p style=\"text-align: center;\"><strong>Ma\u0161\u012bnas svars<\/strong><\/p>\n<\/td>\n<td style=\"text-align: center;\" width=\"113\">105 kg<\/td>\n<td style=\"text-align: center;\" width=\"123\">158 kg<\/td>\n<td width=\"123\">\n<p style=\"text-align: center;\">185 kg<\/p>\n<\/td>\n<\/tr>\n<tr>\n<td width=\"189\">\n<p style=\"text-align: center;\"><strong>Darbagalds<\/strong><\/p>\n<\/td>\n<td style=\"text-align: center;\" width=\"113\">Kor\u0137is<\/td>\n<td colspan=\"2\" width=\"246\">\n<p style=\"text-align: center;\">Cellular + \u012bpa\u0161a grie\u0161anas virsma<\/p>\n<\/td>\n<\/tr>\n<tr>\n<td width=\"189\">\n<p style=\"text-align: center;\"><strong>Baro\u0161anas spriegums<\/strong><\/p>\n<\/td>\n<td colspan=\"3\" width=\"359\">\n<p style=\"text-align: center;\">220 V mai\u0146str\u0101vas 50 Hz<\/p>\n<\/td>\n<\/tr>\n<tr>\n<td width=\"189\">\n<p style=\"text-align: center;\"><strong>Kop\u0113j\u0101 jauda<\/strong><\/p>\n<\/td>\n<td colspan=\"3\" width=\"359\">\n<p style=\"text-align: center;\">1200W<\/p>\n<\/td>\n<\/tr>\n<tr>\n<td width=\"189\">\n<p style=\"text-align: center;\"><strong>Maksim\u0101lais grav\u0113\u0161anas \u0101trums<\/strong><\/p>\n<\/td>\n<td colspan=\"3\" width=\"359\">\n<p style=\"text-align: center;\">1200 mm\/s<\/p>\n<\/td>\n<\/tr>\n<tr>\n<td width=\"189\">\n<p style=\"text-align: center;\"><strong>Maksim\u0101lais grie\u0161anas \u0101trums<\/strong><\/p>\n<\/td>\n<td colspan=\"3\" width=\"359\">\n<p style=\"text-align: center;\">680 mm\/s<\/p>\n<\/td>\n<\/tr>\n<tr>\n<td width=\"189\">\n<p style=\"text-align: center;\"><strong>Minim\u0101lais grav\u0113\u0161anas izm\u0113rs<\/strong><\/p>\n<\/td>\n<td colspan=\"3\" width=\"359\">\n<p style=\"text-align: center;\">1 x 1 mm<\/p>\n<\/td>\n<\/tr>\n<tr>\n<td width=\"189\">\n<p style=\"text-align: center;\"><strong>CO2 avota maksim\u0101l\u0101 iz\u0161\u0137irtsp\u0113ja<\/strong><\/p>\n<\/td>\n<td colspan=\"3\" width=\"359\">\n<p style=\"text-align: center;\">1000 DPI<\/p>\n<\/td>\n<\/tr>\n<tr>\n<td width=\"189\">\n<p style=\"text-align: center;\"><strong>RF avota maksim\u0101l\u0101 iz\u0161\u0137irtsp\u0113ja<\/strong><\/p>\n<\/td>\n<td colspan=\"3\" width=\"359\">\n<p style=\"text-align: center;\">4000 DPI<\/p>\n<\/td>\n<\/tr>\n<tr>\n<td width=\"189\">\n<p style=\"text-align: center;\"><strong>Pozicion\u0113\u0161anas precizit\u0101te<\/strong><\/p>\n<\/td>\n<td colspan=\"3\" width=\"359\">\n<p style=\"text-align: center;\">&lt;  0,01 mm<\/p>\n<\/td>\n<\/tr>\n<tr>\n<td width=\"189\">\n<p style=\"text-align: center;\"><strong>Grie\u0161anas biezums<\/strong><\/p>\n<\/td>\n<td colspan=\"3\" width=\"359\">\n<p style=\"text-align: center;\">&lt;  10 mm (atkar\u012bb\u0101 no materi\u0101la un avota jaudas)<\/p>\n<\/td>\n<\/tr>\n<tr>\n<td width=\"189\">\n<p style=\"text-align: center;\"><strong>Gaisa s\u016bknis<\/strong><\/p>\n<\/td>\n<td style=\"text-align: center;\" width=\"113\">Uzst\u0101d\u012bts 18 W gaisa s\u016bknis<\/td>\n<td style=\"text-align: center;\" width=\"123\">Uzst\u0101d\u012bts 105 W gaisa s\u016bknis<\/td>\n<td width=\"123\">\n<p style=\"text-align: center;\">Uzst\u0101d\u012bts 105 W gaisa s\u016bknis<\/p>\n<\/td>\n<\/tr>\n<tr>\n<td width=\"189\">\n<p style=\"text-align: center;\"><strong>Dzes\u0113\u0161ana<\/strong><\/p>\n<\/td>\n<td style=\"text-align: center;\" width=\"113\">\u016adens dzes\u0113t\u0101js<br \/>\n34W<\/td>\n<td style=\"text-align: center;\" width=\"123\">\u016adens dzes\u0113t\u0101js<br \/>\nCW3000<\/td>\n<td width=\"123\">\n<p style=\"text-align: center;\">\u016adens dzes\u0113t\u0101js<br \/>\nCW5000<\/p>\n<\/td>\n<\/tr>\n<tr>\n<td width=\"189\">\n<p style=\"text-align: center;\"><strong>Ventil\u0101cija<\/strong><\/p>\n<\/td>\n<td style=\"text-align: center;\" width=\"113\">D\u016bmu izvad\u012b\u0161ana<br \/>\nventilators 45W<\/td>\n<td style=\"text-align: center;\" width=\"123\">D\u016bmu izvad\u012b\u0161ana<br \/>\nventilators 330W<\/td>\n<td width=\"123\">\n<p style=\"text-align: center;\">D\u016bmu izvad\u012b\u0161ana<br \/>\nventilators 330W<\/p>\n<\/td>\n<\/tr>\n<tr>\n<td width=\"189\">\n<p style=\"text-align: center;\"><strong>Autofokuss<\/strong><\/p>\n<\/td>\n<td colspan=\"3\" width=\"359\">\n<p style=\"text-align: center;\">Integr\u0113ts pie<\/p>\n<\/td>\n<\/tr>\n<tr>\n<td width=\"189\">\n<p style=\"text-align: center;\"><strong>Programmat\u016bra<\/strong><\/p>\n<\/td>\n<td colspan=\"3\" width=\"359\">\n<p style=\"text-align: center;\">RDWorks (Lightburn ieteicams, atsevi\u0161\u0137a maksas licence)<\/p>\n<\/td>\n<\/tr>\n<tr>\n<td width=\"189\">\n<p style=\"text-align: center;\"><strong>Atbalst\u012btie form\u0101ti<\/strong><\/p>\n<\/td>\n<td colspan=\"3\" width=\"359\">\n<p style=\"text-align: center;\">DSP\/PLT\/BMP\/DXF\/AI\/DWG\/SVG<\/p>\n<\/td>\n<\/tr>\n<tr>\n<td width=\"189\">\n<p style=\"text-align: center;\"><strong>Rot\u0101cijas<\/strong><\/p>\n<\/td>\n<td colspan=\"3\" width=\"359\">\n<p style=\"text-align: center;\">Papildu opcija (tur\u0113t\u0101js\/ritnis)<\/p>\n<\/td>\n<\/tr>\n<\/tbody>\n<\/table>\n<\/div>\n<p>&nbsp;<\/p>\n","protected":false},"excerpt":{"rendered":"<p><strong>AEON MIRA s\u0113rija<\/strong> ir revol\u016bcija darbgaldu l\u0101zeru pasaul\u0113, apvienojot r\u016bpniecisk\u0101s klases \u0101trumu un profesion\u0101lu precizit\u0101ti ar kompaktu dizainu, kas ir piem\u0113rots pat neliel\u0101m darbn\u012bc\u0101m. Unik\u0101l\u0101 &#8220;viss vien\u0101&#8221; koncepcija ar integr\u0113tu dzes\u0113\u0161anu, gaisa padevi un d\u016bmu izsl\u0113g\u0161anu nodro\u0161ina maksim\u0101lu \u0113rt\u012bbu un \u0101tru palai\u0161anu. Ide\u0101la izv\u0113le maziem uz\u0146\u0113mumiem, izgl\u012bt\u012bbas iest\u0101d\u0113m vai pras\u012bgiem hobiju lietot\u0101jiem, kas mekl\u0113 augst\u0101k\u0101s kvalit\u0101tes rezult\u0101tus.  <\/p>\n","protected":false},"featured_media":7496,"template":"","meta":{"_acf_changed":false},"product_brand":[],"product_cat":[315],"product_tag":[],"class_list":{"0":"post-7495","1":"product","2":"type-product","3":"status-publish","4":"has-post-thumbnail","6":"product_cat-aeon-co2-lazera-griesanas-gravesanas-iekarta","7":"","8":"woocommerce-text-align-center","9":"woocommerce-image-align-center","10":"wc-has-gallery","12":"first","13":"instock","14":"shipping-taxable","15":"purchasable","16":"product-type-simple"},"acf":[],"_links":{"self":[{"href":"https:\/\/eltechnika.eu\/lv\/wp-json\/wp\/v2\/product\/7495","targetHints":{"allow":["GET"]}}],"collection":[{"href":"https:\/\/eltechnika.eu\/lv\/wp-json\/wp\/v2\/product"}],"about":[{"href":"https:\/\/eltechnika.eu\/lv\/wp-json\/wp\/v2\/types\/product"}],"wp:featuredmedia":[{"embeddable":true,"href":"https:\/\/eltechnika.eu\/lv\/wp-json\/wp\/v2\/media\/7496"}],"wp:attachment":[{"href":"https:\/\/eltechnika.eu\/lv\/wp-json\/wp\/v2\/media?parent=7495"}],"wp:term":[{"taxonomy":"product_brand","embeddable":true,"href":"https:\/\/eltechnika.eu\/lv\/wp-json\/wp\/v2\/product_brand?post=7495"},{"taxonomy":"product_cat","embeddable":true,"href":"https:\/\/eltechnika.eu\/lv\/wp-json\/wp\/v2\/product_cat?post=7495"},{"taxonomy":"product_tag","embeddable":true,"href":"https:\/\/eltechnika.eu\/lv\/wp-json\/wp\/v2\/product_tag?post=7495"}],"curies":[{"name":"wp","href":"https:\/\/api.w.org\/{rel}","templated":true}]}}