{"id":7398,"date":"2025-12-15T11:00:23","date_gmt":"2025-12-15T08:00:23","guid":{"rendered":"https:\/\/eltechnika.eu\/produktas\/eon-super-nova-10-14-16\/"},"modified":"2025-08-21T15:40:32","modified_gmt":"2025-08-21T12:40:32","slug":"eon-super-nova-10-14-16","status":"publish","type":"product","link":"https:\/\/eltechnika.eu\/lv\/produkts\/eon-super-nova-10-14-16\/","title":{"rendered":"Aeon Super Nova 10\/14\/16"},"content":{"rendered":"<h2><strong>AEON Super NOVA: Univers\u0101lais l\u0101zera centrs<\/strong><\/h2>\n<p>AEON Super NOVA ir l\u0101zertehnolo\u0123iju virsotne, kas izstr\u0101d\u0101ta k\u0101 univers\u0101ls risin\u0101jums, ar kuru var aizst\u0101t vair\u0101kas da\u017e\u0101das ier\u012bces. T\u0101 nav tikai grie\u0161anas vai grav\u0113\u0161anas iek\u0101rta &#8211; tas ir piln\u012bgs apstr\u0101des centrs, kas apvieno da\u017e\u0101du veidu CO2 l\u0101zeru lab\u0101k\u0101s \u012bpa\u0161\u012bbas vien\u0101 korpus\u0101. Super NOVA ir izstr\u0101d\u0101ts ra\u017eo\u0161anas uz\u0146\u0113mumiem, kas saskaras ar pla\u0161u uzdevumu kl\u0101stu un v\u0113las, lai tiem b\u016btu viena iek\u0101rta, kas sp\u0113j visu paveikt nevainojami.  <\/p>\n<h2><strong>Divas l\u0101zera galvi\u0146as &#8211; dubultas iesp\u0113jas<\/strong><\/h2>\n<p>Super NOVA galven\u0101 inov\u0101cija ir hibr\u012bdsist\u0113ma ar diviem atsevi\u0161\u0137iem l\u0101zera avotiem un galv\u0101m, kas uzst\u0101d\u012btas uz vienas ass. Tas nodro\u0161ina nep\u0101rsp\u0113jamu elast\u012bbu un efektivit\u0101ti. <\/p>\n<h3><strong>Stikla CO2 caurule: jauda un grie\u0161anas efektivit\u0101te<\/strong><\/h3>\n<p>Pirm\u0101 galva ir savienota ar lieljaudas (100-150 W) stikla l\u012bdzstr\u0101vas (l\u012bdzstr\u0101vas) l\u0101zera cauruli. \u0160is avots ir ide\u0101li piem\u0113rots biezu organisku materi\u0101lu, piem\u0113ram, koka, sapl\u0101k\u0161\u0146a, akrila, \u0101das, grie\u0161anai. Tas nodro\u0161ina lielu \u0101trumu, dzi\u013cus griezumus un ir rentabls risin\u0101jums grie\u0161anas lietojumiem.  <\/p>\n<h3><strong>Met\u0101la RF (radiofrekvences) caurule: precizit\u0101te un iztur\u012bba<\/strong><\/h3>\n<p>Otraj\u0101 galvi\u0146\u0101 tiek izmantots iztur\u012bgs met\u0101la RF (radiofrekvences) l\u0101zera avots (30-60 W). RF l\u0101zers \u0123ener\u0113 daudz maz\u0101ku un stabil\u0101ku l\u0101zera staru, t\u0101p\u0113c tas ir neaizst\u0101jams \u012bpa\u0161i smalkai, fotogr\u0101fiskas kvalit\u0101tes grav\u0113\u0161anai. Tas ir ar\u012b ide\u0101li piem\u0113rots pl\u0101nu materi\u0101lu grie\u0161anai, kur nepiecie\u0161ama minim\u0101la termisk\u0101 ietekme un \u013coti t\u012bra grie\u0161anas mala.  <\/p>\n<h2><strong>Integr\u0113ta kamera &#8211; darbs bez min\u0113jumiem<\/strong><\/h2>\n<p>Super NOVA standarta apr\u012bkojum\u0101 ir integr\u0113ta augstas iz\u0161\u0137irtsp\u0113jas kamera, kas iev\u0113rojami vienk\u0101r\u0161o un pa\u0101trina darba procesu.<\/p>\n<ul>\n<li><strong>Vizu\u0101l\u0101 pozicion\u0113\u0161ana:<\/strong> redziet savu galdu tie\u0161i datora ekr\u0101n\u0101. Viegli un prec\u012bzi novietojiet savu dizainu uz neregul\u0101ras formas sagataves, nov\u0113r\u0161ot materi\u0101la iz\u0161\u0137\u0113rd\u0113\u0161anu. <\/li>\n<li><strong>Drukas atpaz\u012b\u0161ana (Print &amp; Cut):<\/strong> kamera autom\u0101tiski atpaz\u012bst iespiest\u0101s re\u0123istr\u0101cijas z\u012bmes, \u013caujot prec\u012bzi izgriezt iespiestos att\u0113lus p\u0113c kont\u016bras.<\/li>\n<\/ul>\n<h2><strong>Izstr\u0101d\u0101ts maksim\u0101lai veiktsp\u0113jai un elast\u012bbai<\/strong><\/h2>\n<p>Super NOVA ir p\u0101rmantojis visas lab\u0101k\u0101s Elite NOVA s\u0113rijas funkcijas, tostarp jaud\u012bgus <strong>mai\u0146str\u0101vas servomotorus<\/strong> maksim\u0101lam \u0101trumam un <strong>Clean Pack tehnolo\u0123iju<\/strong> meh\u0101nikas aizsardz\u012bbai. Ma\u0161\u012bnai ir ar\u012b motoriz\u0113ts darba galds, autofokuss un \u0113rta &#8220;viss vien\u0101&#8221; konstrukcija ar integr\u0113tu dzes\u0113\u0161anu, gaisa padevi un d\u016bmu nos\u016bc\u0113ju. <\/p>\n<h2><strong>Izv\u0113lieties savu Super NOVA izm\u0113ru<\/strong><\/h2>\n<p>Atkar\u012bb\u0101 no ra\u017eo\u0161anas apjoma varat izv\u0113l\u0113ties no trim da\u017e\u0101diem izm\u0113riem:<\/p>\n<ul>\n<li><strong>Super NOVA 10:<\/strong><strong>1000 x 700 mm<\/strong> darba zona.<\/li>\n<li><strong>Super NOVA 14:<\/strong><strong>1400 x 900 mm<\/strong> darba zona.<\/li>\n<li><strong>Super NOVA 16:<\/strong><strong>1600 x 1000 mm<\/strong> darba zona.<\/li>\n<\/ul>\n<div class=\"product-descr-table\">\n<table width=\"971\">\n<tbody>\n<tr>\n<td colspan=\"4\" width=\"971\"><strong>SPECIFIK\u0100CIJA<\/strong><\/td>\n<\/tr>\n<tr>\n<td width=\"221\"><strong>MODELIS<\/strong><\/td>\n<td style=\"text-align: center;\" width=\"250\"><strong>NOVA10 Super<\/strong><\/td>\n<td style=\"text-align: center;\" width=\"250\"><strong>NOVA14 Super<\/strong><\/td>\n<td style=\"text-align: center;\" width=\"250\"><strong>NOVA16 Super<\/strong><\/td>\n<\/tr>\n<tr>\n<td width=\"221\"><strong>Darba zona<\/strong><\/td>\n<td style=\"text-align: center;\" width=\"250\">700&#215;1000 mm<\/td>\n<td style=\"text-align: center;\" width=\"250\">900&#215;1400 mm<\/td>\n<td style=\"text-align: center;\" width=\"250\">1000&#215;1600 mm<\/td>\n<\/tr>\n<tr>\n<td width=\"221\"><strong>Maksim\u0101lais motoriz\u0113tais Z ass augstums<\/strong><\/td>\n<td style=\"text-align: center;\" width=\"250\">200 mm<\/td>\n<td style=\"text-align: center;\" width=\"250\">200 mm<\/td>\n<td style=\"text-align: center;\" width=\"250\">200 mm<\/td>\n<\/tr>\n<tr>\n<td width=\"221\"><strong>Maksim\u0101l\u0101 celtsp\u0113ja<\/strong><\/td>\n<td style=\"text-align: center;\" width=\"250\">120 kg<\/td>\n<td style=\"text-align: center;\" width=\"250\">120 kg<\/td>\n<td style=\"text-align: center;\" width=\"250\">120 kg<\/td>\n<\/tr>\n<tr>\n<td rowspan=\"2\" width=\"221\"><strong>L\u0101zera tips\/jauda<\/strong><\/td>\n<td style=\"text-align: center;\" width=\"250\">DC Glass 90\/100W<\/td>\n<td style=\"text-align: center;\" width=\"250\">DC Glass 90\/100\/130W<\/td>\n<td style=\"text-align: center;\" width=\"250\">DC Glass 90\/100\/130\/150W<\/td>\n<\/tr>\n<tr>\n<td style=\"text-align: center;\" width=\"250\">RF Metal 30\/60W<\/td>\n<td style=\"text-align: center;\" width=\"250\">RF Metal 30\/60W<\/td>\n<td style=\"text-align: center;\" width=\"250\">RF Metal 30\/60W<\/td>\n<\/tr>\n<tr>\n<td width=\"221\"><strong>Maksim\u0101lais grav\u0113\u0161anas \u0101trums<\/strong><\/td>\n<td style=\"text-align: center;\" width=\"250\">DC 1200 mm\/s, RF 4000 mm\/s<\/td>\n<td style=\"text-align: center;\" colspan=\"2\" width=\"500\">DC 1200 mm\/s, RF 4200 mm\/s<\/td>\n<\/tr>\n<tr>\n<td rowspan=\"2\" width=\"221\"><strong>Pa\u0101trin\u0101jums<\/strong><\/td>\n<td style=\"text-align: center;\" colspan=\"3\">5G (DC)<\/td>\n<\/tr>\n<tr>\n<td style=\"text-align: center;\" colspan=\"3\">8G (RF)<\/td>\n<\/tr>\n<tr>\n<td rowspan=\"2\" width=\"221\"><strong>Dzin\u0113ja tips<\/strong><\/td>\n<td style=\"text-align: center;\" colspan=\"3\">L\u012bdzstr\u0101vas so\u013cu piedzi\u0146a (l\u012bdzstr\u0101vas)<\/td>\n<\/tr>\n<tr>\n<td style=\"text-align: center;\" colspan=\"3\">Mai\u0146str\u0101vas servopiedzi\u0146a (RF)<\/td>\n<\/tr>\n<tr>\n<td width=\"221\"><strong>L\u012bdzstr\u0101vas avota maksim\u0101l\u0101 iz\u0161\u0137irtsp\u0113ja<\/strong><\/td>\n<td style=\"text-align: center;\" colspan=\"3\" width=\"750\">1000 DPI<\/td>\n<\/tr>\n<tr>\n<td width=\"221\"><strong>RF avota maksim\u0101l\u0101 iz\u0161\u0137irtsp\u0113ja<\/strong><\/td>\n<td style=\"text-align: center;\" colspan=\"3\" width=\"750\">4000 DPI<\/td>\n<\/tr>\n<tr>\n<td width=\"221\"><strong>Minim\u0101lais burtu grav\u0113\u0161anas izm\u0113rs<\/strong><\/td>\n<td style=\"text-align: center;\" colspan=\"3\" width=\"750\">1 x 1 mm (RF)<\/td>\n<\/tr>\n<tr>\n<td width=\"221\"><strong>Pozicion\u0113\u0161anas precizit\u0101te<\/strong><\/td>\n<td style=\"text-align: center;\" colspan=\"3\" width=\"750\">&lt; 0,01 mm<\/td>\n<\/tr>\n<tr>\n<td width=\"221\"><strong>Grie\u0161anas biezums<\/strong><\/td>\n<td style=\"text-align: center;\" colspan=\"3\" width=\"750\">&lt; 15 mm (atkar\u012bb\u0101 no materi\u0101la un avota jaudas)<\/td>\n<\/tr>\n<tr>\n<td width=\"221\"><strong>Darbagalds<\/strong><\/td>\n<td style=\"text-align: center;\" colspan=\"3\" width=\"750\">\u0160\u016bnu + \u012bpa\u0161a grie\u0161anas darba virsma<\/td>\n<\/tr>\n<tr>\n<td width=\"221\"><strong>Dzes\u0113\u0161ana<\/strong><\/td>\n<td style=\"text-align: center;\" width=\"250\">L\u012bdzstr\u0101va: \u016bdens dzes\u0113t\u0101js CW5000<\/td>\n<td style=\"text-align: center;\" colspan=\"2\" width=\"500\">DC: \u016adens dzes\u0113t\u0101js CW5200<\/td>\n<\/tr>\n<tr>\n<td width=\"221\"><\/td>\n<td style=\"text-align: center;\" colspan=\"3\" width=\"750\">RF: gaisa dzes\u0113\u0161ana<\/td>\n<\/tr>\n<tr>\n<td width=\"221\"><strong>D\u016bmu nos\u016bces ventilators<\/strong><\/td>\n<td style=\"text-align: center;\" colspan=\"3\" width=\"750\">500W<\/td>\n<\/tr>\n<tr>\n<td width=\"221\"><strong>Integr\u0113ts gaisa s\u016bknis<\/strong><\/td>\n<td style=\"text-align: center;\" width=\"250\">750 W ar 24 l gaisa tilpumu<\/td>\n<td style=\"text-align: center;\" colspan=\"2\" width=\"500\">750W ar 40L gaisa tilpumu<\/td>\n<\/tr>\n<tr>\n<td width=\"221\"><strong>Autofokuss<\/strong><\/td>\n<td style=\"text-align: center;\" colspan=\"3\" width=\"750\">Ieb\u016bv\u0113ts<\/td>\n<\/tr>\n<tr>\n<td width=\"221\"><strong>Kamera<\/strong><\/td>\n<td style=\"text-align: center;\" colspan=\"3\">100\u00b0 8 megapikse\u013cu<\/td>\n<\/tr>\n<tr>\n<td width=\"221\"><strong>L\u0101zeru dro\u0161\u012bbas klasifik\u0101cija<\/strong><\/td>\n<td style=\"text-align: center;\" colspan=\"3\">1. klases l\u0101zera produkts<\/td>\n<\/tr>\n<tr>\n<td width=\"221\"><strong>Programmat\u016bra<\/strong><\/td>\n<td style=\"text-align: center;\" colspan=\"3\" width=\"750\">RDWorks (ieteicama Lightburn, atsevi\u0161\u0137a maksas licence)<\/td>\n<\/tr>\n<tr>\n<td width=\"221\"><strong>Atbalst\u012btie form\u0101ti<\/strong><\/td>\n<td style=\"text-align: center;\" colspan=\"3\" width=\"750\">DSP\/PLT\/BMP\/DXF\/AI\/DWG\/SVG<\/td>\n<\/tr>\n<tr>\n<td><strong>Ma\u0161\u012bnas izm\u0113ri<\/strong><\/td>\n<td style=\"text-align: center;\">1500*1210*1125 mm<\/td>\n<td style=\"text-align: center;\">1900*1410*1125 mm<\/td>\n<td style=\"text-align: center;\">2100*1510*1125 mm<\/td>\n<\/tr>\n<tr>\n<td><strong>Bruto svars<\/strong><\/td>\n<td style=\"text-align: center;\">532 kg<\/td>\n<td style=\"text-align: center;\">683 kg<\/td>\n<td style=\"text-align: center;\">730 kg<\/td>\n<\/tr>\n<tr>\n<td><strong>Neto svars<\/strong><\/td>\n<td style=\"text-align: center;\">415 kg<\/td>\n<td style=\"text-align: center;\">560 kg<\/td>\n<td style=\"text-align: center;\">566 kg<\/td>\n<\/tr>\n<tr>\n<td width=\"221\"><strong>Baro\u0161anas spriegums<\/strong><\/td>\n<td style=\"text-align: center;\" colspan=\"3\" width=\"750\">220 V mai\u0146str\u0101vas 50 Hz<\/td>\n<\/tr>\n<tr>\n<td width=\"221\"><strong>Kop\u0113j\u0101 jauda<\/strong><\/td>\n<td style=\"text-align: center;\" colspan=\"3\" width=\"750\">2300W<\/td>\n<\/tr>\n<tr>\n<td width=\"221\"><strong>Rot\u0101cijas<\/strong><\/td>\n<td style=\"text-align: center;\" colspan=\"3\" width=\"750\">Papildapr\u012bkojums (skava\/rull\u012btis)<\/td>\n<\/tr>\n<\/tbody>\n<\/table>\n<\/div>\n","protected":false},"excerpt":{"rendered":"<p><strong>AEON Super NOVA<\/strong> ir daudzpus\u012bgs l\u0101zerapstr\u0101des centrs, kas apvieno divu da\u017e\u0101du l\u0101zertehnolo\u0123iju priek\u0161roc\u012bbas vien\u0101 iek\u0101rt\u0101. Ar <strong>div\u0101m l\u0101zera galvi\u0146\u0101m<\/strong> (stikla l\u012bdzstr\u0101vas un met\u0101la RF caurule) un <strong>integr\u0113tu<\/strong> pozicion\u0113\u0161anas <strong>kameru<\/strong> \u0161\u012b iek\u0101rta var veikt praktiski jebkuru uzdevumu &#8211; no dzi\u013cas un \u0101tras grie\u0161anas l\u012bdz \u012bpa\u0161i smalkai, fotogr\u0101fiskas kvalit\u0101tes grav\u0113\u0161anai. Tas ir ide\u0101ls risin\u0101jums tiem, kas mekl\u0113 maksim\u0101lu elast\u012bbu bez kompromisiem.  <\/p>\n","protected":false},"featured_media":7399,"template":"","meta":{"_acf_changed":false},"product_brand":[],"product_cat":[315,314],"product_tag":[],"class_list":{"0":"post-7398","1":"product","2":"type-product","3":"status-publish","4":"has-post-thumbnail","6":"product_cat-aeon-co2-lazera-griesanas-gravesanas-iekarta","7":"product_cat-lazera-darbgaldi","8":"","9":"woocommerce-text-align-center","10":"woocommerce-image-align-center","11":"wc-has-gallery","13":"first","14":"instock","15":"shipping-taxable","16":"purchasable","17":"product-type-simple"},"acf":[],"_links":{"self":[{"href":"https:\/\/eltechnika.eu\/lv\/wp-json\/wp\/v2\/product\/7398","targetHints":{"allow":["GET"]}}],"collection":[{"href":"https:\/\/eltechnika.eu\/lv\/wp-json\/wp\/v2\/product"}],"about":[{"href":"https:\/\/eltechnika.eu\/lv\/wp-json\/wp\/v2\/types\/product"}],"wp:featuredmedia":[{"embeddable":true,"href":"https:\/\/eltechnika.eu\/lv\/wp-json\/wp\/v2\/media\/7399"}],"wp:attachment":[{"href":"https:\/\/eltechnika.eu\/lv\/wp-json\/wp\/v2\/media?parent=7398"}],"wp:term":[{"taxonomy":"product_brand","embeddable":true,"href":"https:\/\/eltechnika.eu\/lv\/wp-json\/wp\/v2\/product_brand?post=7398"},{"taxonomy":"product_cat","embeddable":true,"href":"https:\/\/eltechnika.eu\/lv\/wp-json\/wp\/v2\/product_cat?post=7398"},{"taxonomy":"product_tag","embeddable":true,"href":"https:\/\/eltechnika.eu\/lv\/wp-json\/wp\/v2\/product_tag?post=7398"}],"curies":[{"name":"wp","href":"https:\/\/api.w.org\/{rel}","templated":true}]}}