{"id":11853,"date":"2025-10-03T10:17:05","date_gmt":"2025-10-03T07:17:05","guid":{"rendered":"https:\/\/eltechnika.eu\/produktas\/metalfab-metala-metinasanas-un-griesanas-masina\/"},"modified":"2025-10-23T15:52:05","modified_gmt":"2025-10-23T12:52:05","slug":"metalfab-metala-metinasanas-un-griesanas-masina","status":"publish","type":"product","link":"https:\/\/eltechnika.eu\/lv\/produkts\/metalfab-metala-metinasanas-un-griesanas-masina\/","title":{"rendered":"MetalFab met\u0101la metin\u0101\u0161anas un grie\u0161anas ma\u0161\u012bna"},"content":{"rendered":"<h1><strong>xTool MetalFab &#8211; l\u0101zermetin\u0101\u0161ana un CNC met\u0101la grie\u0161ana vien\u0101<\/strong><\/h1>\n<p>Visa met\u0101lapstr\u0101de vien\u0101 sist\u0113m\u0101 &#8211; MetalFab \u0113rt\u0101 un progres\u012bv\u0101 veid\u0101 apvieno l\u0101zermetin\u0101\u0161anu un prec\u012bzu CNC grie\u0161anu\/met\u0101la grav\u0113\u0161anu.<\/p>\n<hr>\n<h2>???? <strong>L\u0101zermetin\u0101\u0161ana un CNC grie\u0161ana<\/strong><\/h2>\n<ul>\n<li>MetalFab sp\u0113j ne tikai savienot met\u0101la deta\u013cas ar l\u0101zermetin\u0101\u0161anu, bet ar\u012b CNC griezt sare\u017e\u0123\u012btas kont\u016bras ar \u0101rk\u0101rt\u012bgi augstu precizit\u0101ti.<\/li>\n<li>J\u016bs varat metin\u0101t, not\u012br\u012bt metin\u0101t\u0101s malas un izgriezt deta\u013cas &#8211; viss vien\u0101 ier\u012bc\u0113.<\/li>\n<li>Apa\u013cas, plakanas vai tekstur\u0113tas met\u0101la virsmas \u2013 MetalFab ir pa rokai.<\/li>\n<\/ul>\n<hr>\n<h2>???? <strong>Tehnolo\u0123isk\u0101s inov\u0101cijas l\u012bdz s\u012bk\u0101kajai<\/strong> deta\u013cai<\/h2>\n<ul>\n<li><strong>VibeFreeCut\u2122<\/strong> \u2013 re\u0101llaika vibr\u0101cijas kontrole, vienm\u0113r\u012bga kust\u012bba bez sv\u0101rst\u012bb\u0101m.<\/li>\n<li><strong>FlexiTrack\u2122<\/strong> \u2013 autom\u0101tiska Z ass regul\u0113\u0161ana, lai l\u0101zers vienm\u0113r b\u016btu perfekt\u0101 fokus\u0101.<\/li>\n<li><strong>ObstacleFree\u2122<\/strong> \u2013 inteli\u0123enta trajektorijas pl\u0101no\u0161ana, kas autom\u0101tiski apiet \u0161\u0137\u0113r\u0161\u013cus.<\/li>\n<li><strong>SaveGas\u2122<\/strong> sprausla \u2013 efekt\u012bva g\u0101zes pat\u0113ri\u0146a optimiz\u0101cija (l\u012bdz pat 50% maz\u0101k g\u0101zes).<\/li>\n<li><strong>Divk\u0101r\u0161a kamera<\/strong> \u2013 16 MP panor\u0101mas + tuva att\u0101luma kamera, pozicion\u0113\u0161ana &lt; 0,2 mm.<\/li>\n<li><strong>Viena klik\u0161\u0137a vied\u0101 ligzdo\u0161ana<\/strong> &#8211; l\u012bdz 98.7% materi\u0101lu izmanto\u0161ana ar vienu klik\u0161\u0137i.<\/li>\n<\/ul>\n<hr>\n<h2>???? <strong>Kas ir komplekt\u0101<\/strong><\/h2>\n<ul>\n<li>MetalFab l\u0101zers ar CNC moduli.<\/li>\n<li>Piek\u013cuves un kontroles komponenti.<\/li>\n<li>Sprauslu komplekti (grie\u0161ana, metin\u0101\u0161ana, t\u012br\u012b\u0161ana).<\/li>\n<li>Instrukcijas un dro\u0161\u012bbas dokumenti.<\/li>\n<li>Izejmateri\u0101li test\u0113\u0161anai.<\/li>\n<\/ul>\n<hr>\n<h2>\u23f1\ufe0f <strong>Atkl\u0101jiet 1 stundas MetalFab potenci\u0101lu<\/strong><\/h2>\n<ul>\n<li>Bie\u017ei sal\u012bdzina TIG metin\u0101\u0161anas kvalit\u0101ti, bet l\u012bdz <strong>8\u00d7<\/strong> \u0101tr\u0101k.<\/li>\n<li><strong>20 mm<\/strong> oglek\u013ca t\u0113rauda \u0161uve tiek izgatavota ar l\u0101zeru ~<strong>14 s<\/strong> (sal\u012bdzinot ar ~2 min tradicion\u0101laj\u0101 veid\u0101).<\/li>\n<\/ul>\n<hr>\n<h2>\u2699\ufe0f <strong>Tehnisk\u0101s specifik\u0101cijas<\/strong><\/h2>\n<table>\n<thead>\n<tr>\n<th>Iestat\u012bjumu<\/th>\n<th>V\u0113rt\u012bba<\/th>\n<\/tr>\n<\/thead>\n<tbody>\n<tr>\n<td><strong>Baro\u0161anas avots (ma\u0161\u012bnas jauda)<\/strong><\/td>\n<td>1200 W<\/td>\n<\/tr>\n<tr>\n<td><strong>Iepakojuma apr\u012bkojums \/ baro\u0161anas iesp\u0113jas<\/strong><\/td>\n<td>1200W metin\u0101\u0161anas komplekts \/ 800W metin\u0101\u0161anas komplekts<\/td>\n<\/tr>\n<tr>\n<td><strong>Dro\u0161\u012bbas sertifik\u0101cija<\/strong><\/td>\n<td>1. klases l\u0101zera dro\u0161\u012bba<\/td>\n<\/tr>\n<tr>\n<td><strong>G\u0101zes sist\u0113ma<\/strong><\/td>\n<td>SaveGas\u2122 sprausla, keramikas bl\u012bv\u0113\u0161anas sist\u0113ma<\/td>\n<\/tr>\n<tr>\n<td><strong>Funkcionalit\u0101ti<\/strong><\/td>\n<td>Metin\u0101\u0161ana, grie\u0161ana, CNC grav\u0113\u0161ana, t\u012br\u012b\u0161ana<\/td>\n<\/tr>\n<\/tbody>\n<\/table>\n<hr>\n<h2>???? <strong>Pieejamie komplekti<\/strong><\/h2>\n<table>\n<tbody>\n<tr>\n<td><img decoding=\"async\" src=\"https:\/\/eltechnika.eu\/wp-content\/uploads\/2025\/10\/metalfab-800w-160x160.jpg\" alt=\"800W metin\u0101t\u0101js\"><\/td>\n<td><img decoding=\"async\" src=\"https:\/\/eltechnika.eu\/wp-content\/uploads\/2025\/10\/metalfab-1200w-160x160.jpg\" alt=\"1200W metin\u0101t\u0101js\"><\/td>\n<td><img decoding=\"async\" src=\"https:\/\/eltechnika.eu\/wp-content\/uploads\/2025\/10\/metalfab-combo-160x160.jpg\" alt=\"Kombin\u0113tais komplekts\"><\/td>\n<\/tr>\n<tr>\n<td><strong>800 W metin\u0101t\u0101js<\/strong><\/td>\n<td><strong>1200 W metin\u0101t\u0101js<\/strong><\/td>\n<td><strong>Kombin\u0113tais komplekts (CNC + metin\u0101t\u0101js)<\/strong><\/td>\n<\/tr>\n<tr>\n<td><small>MetalFab 800 W metin\u0101\u0161anas l\u0101zers ir efekt\u012bvs pl\u0101nu un vid\u0113ji biezu met\u0101lu metin\u0101\u0161anai.<\/small><\/td>\n<td><small>MetalFab 1200W metin\u0101\u0161anas l\u0101zers &#8211; liel\u0101ka jauda, liel\u0101ks \u0101trums un dzi\u013c\u0101kas \u0161uves profesion\u0101lai lieto\u0161anai.<\/small><\/td>\n<td><small>Pilns komplekts: CNC grie\u0161ana + 800\/1200W metin\u0101\u0161anas l\u0101zers.<\/small><\/td>\n<\/tr>\n<\/tbody>\n<\/table>\n","protected":false},"excerpt":{"rendered":"<p data-start=\"273\" data-end=\"1108\"><strong data-start=\"273\" data-end=\"292\">Viss vien\u0101:<\/strong> metin\u0101t, griezt un t\u012br\u012bt met\u0101lu ar vienu jaud\u012bgu ier\u012bci.<br data-start=\"367\" data-end=\"370\"><strong data-start=\"370\" data-end=\"399\">R\u016bpniecisk\u0101 l\u012bme\u0146a veiktsp\u0113ja:<\/strong> profesion\u0101la ner\u016bs\u0113jo\u0161\u0101 t\u0113rauda, oglek\u013ca t\u0113rauda, misi\u0146a vai alum\u012bnija metin\u0101\u0161ana un grie\u0161ana \u2013 prec\u012bzi un t\u012bri.<br data-start=\"523\" data-end=\"526\"><strong data-start=\"526\" data-end=\"556\">Ekskluz\u012bvas tehnolo\u0123ijas:<\/strong> vied\u0101s dubult\u0101s kameras un autom\u0101tisk\u0101 vied\u0101 ligzdo\u0161ana, kas optimiz\u0113 darbu, savuk\u0101rt <strong data-start=\"635\" data-end=\"651\" data-is-only-node=\"\">VibeFreeCut\u2122<\/strong>, <strong data-start=\"653\" data-end=\"668\">FlexiTrack\u2122<\/strong> un <strong data-start=\"672\" data-end=\"689\">ObstacleFree\u2122<\/strong> nodro\u0161ina nevainojamu p\u013cau\u0161anas rezult\u0101tu. SaveGas\u2122 tehnolo\u0123ija samazina g\u0101zes pat\u0113ri\u0146u un izmaksas. <br data-start=\"794\" data-end=\"797\"><strong data-start=\"797\" data-end=\"826\">Lietot\u0101jam draudz\u012bga programmat\u016bra:<\/strong> intuit\u012bva vad\u012bbas vide ar iepriek\u0161 iestat\u012btiem parametriem \u2013 darbs ir tikai viena klik\u0161\u0137a att\u0101lum\u0101.<br data-start=\"925\" data-end=\"928\"><strong data-start=\"928\" data-end=\"951\">Kvalit\u0101te un dro\u0161\u012bba:<\/strong> Stabila darb\u012bba 24\/7, l\u0101zera kalpo\u0161anas laiks vair\u0101k nek\u0101 <strong data-start=\"1009\" data-end=\"1024\">10,000 stundas<\/strong>, uzticama darb\u012bba no <strong data-start=\"1047\" data-end=\"1068\">-10 \u00b0 C l\u012bdz + 40 \u00b0 C<\/strong>, ieb\u016bv\u0113tas <strong data-start=\"1082\" data-end=\"1105\">10 dro\u0161\u012bbas funkcijas<\/strong>.<\/p>\n","protected":false},"featured_media":11730,"template":"","meta":{"_acf_changed":false},"product_brand":[],"product_cat":[414],"product_tag":[],"class_list":{"0":"post-11853","1":"product","2":"type-product","3":"status-publish","4":"has-post-thumbnail","6":"product_cat-xtool-hobby-diy","7":"","8":"woocommerce-text-align-center","9":"woocommerce-image-align-center","10":"wc-has-gallery","12":"first","13":"instock","14":"shipping-taxable","15":"product-type-simple"},"acf":[],"_links":{"self":[{"href":"https:\/\/eltechnika.eu\/lv\/wp-json\/wp\/v2\/product\/11853","targetHints":{"allow":["GET"]}}],"collection":[{"href":"https:\/\/eltechnika.eu\/lv\/wp-json\/wp\/v2\/product"}],"about":[{"href":"https:\/\/eltechnika.eu\/lv\/wp-json\/wp\/v2\/types\/product"}],"wp:featuredmedia":[{"embeddable":true,"href":"https:\/\/eltechnika.eu\/lv\/wp-json\/wp\/v2\/media\/11730"}],"wp:attachment":[{"href":"https:\/\/eltechnika.eu\/lv\/wp-json\/wp\/v2\/media?parent=11853"}],"wp:term":[{"taxonomy":"product_brand","embeddable":true,"href":"https:\/\/eltechnika.eu\/lv\/wp-json\/wp\/v2\/product_brand?post=11853"},{"taxonomy":"product_cat","embeddable":true,"href":"https:\/\/eltechnika.eu\/lv\/wp-json\/wp\/v2\/product_cat?post=11853"},{"taxonomy":"product_tag","embeddable":true,"href":"https:\/\/eltechnika.eu\/lv\/wp-json\/wp\/v2\/product_tag?post=11853"}],"curies":[{"name":"wp","href":"https:\/\/api.w.org\/{rel}","templated":true}]}}