{"id":11845,"date":"2025-10-01T15:28:49","date_gmt":"2025-10-01T12:28:49","guid":{"rendered":"https:\/\/eltechnika.eu\/produktas\/f-serija-skiedru-lazergravesanas-masina\/"},"modified":"2025-10-23T15:51:48","modified_gmt":"2025-10-23T12:51:48","slug":"f-serija-skiedru-lazergravesanas-masina","status":"publish","type":"product","link":"https:\/\/eltechnika.eu\/lv\/produkts\/f-serija-skiedru-lazergravesanas-masina\/","title":{"rendered":"F s\u0113rija: \u0161\u0137iedru l\u0101zergrav\u0113\u0161anas ma\u0161\u012bna"},"content":{"rendered":"<h1><strong>xTool F2 Ultra &#8211; 60W MOPA + 40W diodes dubultais l\u0101zers<\/strong><\/h1>\n<p>Pasaul\u0113 pirmais <strong>du\u0101lais l\u0101zers<\/strong> ar <strong>60W MOPA<\/strong> un <strong>40W diodes<\/strong> moduli un <strong>AI darbojas<\/strong> vien\u0101 korpus\u0101. J\u016bs varat kr\u0101sot met\u0101lu, dzi\u013ci grav\u0113t, griezt met\u0101lu un str\u0101d\u0101t ar nemet\u0101liskiem materi\u0101liem bez vair\u0101k\u0101m atsevi\u0161\u0137\u0101m ier\u012bc\u0113m. <\/p>\n<hr>\n<h2>???? <strong>K\u0101p\u0113c MOPA ir profesion\u0101la izv\u0113le met\u0101lapstr\u0101dei<\/strong><\/h2>\n<ul>\n<li><strong>Kr\u0101su grav\u0113\u0161ana uz met\u0101la<\/strong> &#8211; Pateicoties pla\u0161\u0101kam impulsu un frekven\u010du diapazonam, MOPA \u013cauj ieg\u016bt simtiem spilgtu kr\u0101su, palielinot produktu v\u0113rt\u012bbu.<\/li>\n<li><strong>Patiesi melns mar\u0137\u0113jums<\/strong> \u2013 MOPA prec\u012bzi kontrol\u0113 impulsa platumu un frekvenci, lai rad\u012btu dzi\u013cus, bag\u0101t\u012bgus melnos to\u0146us bez papildu izsmidzin\u0101\u0161anas.<\/li>\n<li><strong>\u0100tr\u0101ka 3D grav\u0113\u0161ana<\/strong> \u2013 60W MOPA 3D grav\u0113 met\u0101la mon\u0113tas l\u012bdz 5\u00d7 \u0101tr\u0101k nek\u0101 20W \u0161\u0137iedra.<\/li>\n<li><strong>Met\u0101la grie\u0161ana<\/strong> \u2013 liel\u0101ka jauda \u013cauj griezt biez\u0101ku met\u0101lu; Piem\u0113ram, 1 mm nosaukuma kulons tiek izgriezts ~6 min\u016bt\u0113s.<\/li>\n<\/ul>\n<hr>\n<h2>\u26a1 <strong>Dubult\u0101 jauda vien\u0101 ier\u012bc\u0113<\/strong><\/h2>\n<p>Pasaul\u0113 pirm\u0101 <strong>60W MOPA + 40W dio\u017eu kombin\u0101cija<\/strong>: <\/p>\n<ul>\n<li><strong>60W MOPA<\/strong> \u2013 kr\u0101su mar\u0137\u0113\u0161ana uz met\u0101la, dzi\u013ca grav\u0113\u0161ana, \u0101tr\u0101ka apstr\u0101de.<\/li>\n<li><strong>40W diode<\/strong> t\u012br\u0101kiem griezumiem un grav\u0113\u0161anai akrilam, kokam un citiem nemet\u0101liem.<\/li>\n<\/ul>\n<hr>\n<h2>???? <strong>Kameras priek\u0161skat\u012bjums un precizit\u0101te<\/strong><\/h2>\n<ul>\n<li>Divas <strong>48 MP kameras<\/strong> ar ~0,2 mm precizit\u0101ti \u2013 l\u012bdz <strong>pat 60% prec\u012bz\u0101kas<\/strong> nek\u0101 vienas kameras sist\u0113mas.<\/li>\n<li>\u013bauj prec\u012bzi redz\u0113t izk\u0101rtojumu pirms grav\u0113\u0161anas un izvair\u012bties no materi\u0101la zudumiem.<\/li>\n<\/ul>\n<hr>\n<h2>???? <strong>M\u0101ksl\u012bg\u0101 intelekta darbs \u2013 no viena klik\u0161\u0137a l\u012bdz rezult\u0101tam<\/strong><\/h2>\n<ul>\n<li><strong>Materi\u0101lu atpaz\u012b\u0161ana, iestat\u012bjumi un skat\u012b\u0161ana<\/strong> &#8211; m\u0101ksl\u012bgais intelekts vienk\u0101r\u0161o katru soli.<\/li>\n<li><strong>AI kr\u0101su atpaz\u012b\u0161ana<\/strong> &#8211; aug\u0161upiel\u0101d\u0113jiet att\u0113lu, AI sadala kr\u0101sas un \u013cauj \u0101tri pie\u0161\u0137irt katrai no t\u0101m parametrus.<\/li>\n<li><strong>AI dizains<\/strong> &#8211; P\u0101rv\u0113r\u0161 idejas att\u0113los 70+ stilos.<\/li>\n<li><strong>AI model\u0113\u0161ana<\/strong> \u2013 inteli\u0123enta 3D model\u0113\u0161ana prec\u012bzai grav\u0113\u0161anai uz da\u017e\u0101d\u0101m form\u0101m.<\/li>\n<\/ul>\n<hr>\n<h2>????\ufe0f <strong>Darba zona un s\u0113rijveida ra\u017eo\u0161ana<\/strong><\/h2>\n<ul>\n<li><strong>Darba laukums l\u012bdz 220 \u00d7 220 mm<\/strong> \u2013 ide\u0101li piem\u0113rots vienreiz\u0113jam un detaliz\u0113tam darbam.<\/li>\n<li>Ar <strong>konveijeru (Auto Streamline\u2122)<\/strong> galds izple\u0161as l\u012bdz <strong>220 \u00d7 500 mm<\/strong> \u2013 \u0113rts steidzamiem un liel\u0101kiem pas\u016bt\u012bjumiem.<\/li>\n<li><strong>Smart Fill<\/strong> \u2014 autom\u0101tisks izk\u0101rtojums un partijas aizpild\u012b\u0161ana, lai lielapjoma projekti darbotos prec\u012bzi.<\/li>\n<\/ul>\n<hr>\n<h2>???? <strong>Materi\u0101li un jaudas<\/strong><\/h2>\n<ul>\n<li><strong>Met\u0101li:<\/strong> misi\u0146\u0161 un ner\u016bs\u0113jo\u0161ais t\u0113rauds l\u012bdz 2 mm, alum\u012bnijs l\u012bdz 1 mm.<\/li>\n<li><strong>Akrils:<\/strong> l\u012bdz 20 mm (daudzcaurlaides), t\u012bras malas.<\/li>\n<li><strong>Koksne:<\/strong> l\u012bdz 23 mm (vair\u0101ku caurlaides), maz\u0101k apdegumu.<\/li>\n<li><strong>Atbalst\u012btie materi\u0101li (pla\u0161s spektrs):<\/strong> zelts, sudrabs, alum\u012bnijs, plat\u012bns, tit\u0101ns (ar kr\u0101su mar\u0137\u0113jumu), koks, akrils, plastmasa, stikls, \u0161\u012bferis, pap\u012brs, kartons utt.<\/li>\n<\/ul>\n<hr>\n<h2>????\ufe0f <strong>Dro\u0161a un \u0113rta lieto\u0161ana<\/strong><\/h2>\n<ul>\n<li><strong>Piln\u012bb\u0101 sl\u0113gts korpuss<\/strong> \u2013 efekt\u012bvi blo\u0137\u0113 l\u0101zera nopl\u016bdi un d\u016bmus.<\/li>\n<li><strong>xTool SafetyPro\u2122 AP2<\/strong> \u2013 ciklona sist\u0113ma ar 6 sl\u0101\u0146u filtriem, SGS apstiprin\u0101ta.<\/li>\n<li>Iesl\u0113dzas autom\u0101tiski, kad tiek konstat\u0113ta g\u0101ze.<\/li>\n<\/ul>\n<hr>\n<h2>???? <strong>Programmat\u016bra un darbpl\u016bsma<\/strong><\/h2>\n<ul>\n<li><strong>xTool Creative Space (XCS)<\/strong> \u2013 atbalsta SVG \/ DXF \/ JPG \/ JPEG \/ PNG \/ BMP \/ TIF, ko redzat, j\u016bs sa\u0146emat priek\u0161skat\u012bjumu, Smart Fill s\u0113rijveida ra\u017eo\u0161anai.<\/li>\n<li><strong>Autom\u0101tisk\u0101 ce\u013ca pl\u0101no\u0161ana<\/strong> \u2013 process ir l\u012bdz pat 300% \u0101tr\u0101ks.<\/li>\n<li><strong>Materi\u0101lu EasySet\u2122 bibliot\u0113ka<\/strong> \u2013 500+ materi\u0101lu parametri ar vienu klik\u0161\u0137i.<\/li>\n<li><strong>Multi-tasking<\/strong> \u2013 vair\u0101ku ier\u012b\u010du\/projektu uztur\u0113\u0161ana re\u0101llaik\u0101.<\/li>\n<\/ul>\n<hr>\n<h2>\u2699\ufe0f <strong>Tehnisk\u0101s specifik\u0101cijas<\/strong><\/h2>\n<table>\n<thead>\n<tr>\n<th>Iestat\u012bjumu<\/th>\n<th>V\u0113rt\u012bba<\/th>\n<\/tr>\n<\/thead>\n<tbody>\n<tr>\n<td><strong>L\u0101zera<\/strong><\/td>\n<p> tips<\/p>\n<td>F2 Ultra: 40W Diodine+60W MOPA l\u0101zers<br \/>\nF2 Ultra (viens): 60W MOPA l\u0101zers<\/td>\n<\/tr>\n<tr>\n<td><strong>Darb\u012bbas re\u017e\u012bmi<\/strong><\/td>\n<td>L\u0101zergrav\u0113\u0161ana, l\u0101zera grie\u0161ana<\/td>\n<\/tr>\n<tr>\n<td><strong>Atbalst\u012btie materi\u0101li (grie\u0161anai)<\/strong><\/td>\n<td>Diode: pap\u012brs, koks, \u0101da, MDF, filcs, da\u017ei tum\u0161i necaursp\u012bd\u012bgi akrili<br \/>\nMOPA: misi\u0146\u0161, ner\u016bs\u0113jo\u0161ais t\u0113rauds, alum\u012bnijs<\/td>\n<\/tr>\n<tr>\n<td><strong>Atbalst\u012btie materi\u0101li (grav\u0113\u0161anai)<\/strong><\/td>\n<td>Diode: pap\u012brs, koks, \u0101da, MDF, ner\u016bs\u0113jo\u0161ais t\u0113rauds, da\u017ei tum\u0161i akrili, bambuss, audums, tum\u0161s stikls, keramika, nefr\u012bts, marmors, \u0161\u012bferis, cements, \u0137ie\u0123e\u013ci, p\u0101rkl\u0101ti \/ kr\u0101soti met\u0101li<br \/>\nMOPA: ner\u016bs\u0113jo\u0161ais t\u0113rauds, alum\u012bnijs, misi\u0146\u0161, sudrabs, plastmasa, plat\u012bns, tit\u0101ns, zelts<\/td>\n<\/tr>\n<tr>\n<td><strong>Darba zona<\/strong><\/td>\n<td>220 \u00d7 220 mm (l\u012bdz 220 \u00d7 500 mm ar konveijeru)<\/td>\n<\/tr>\n<tr>\n<td><strong>Maksim\u0101lais darba \u0101trums<\/strong><\/td>\n<td>15 000 mm\/s<\/td>\n<\/tr>\n<tr>\n<td><strong>Max. Grie\u0161anas biezums (j\u016blijs) <\/strong><\/td>\n<td>23 mm (vair\u0101ku caurlaidi)<\/td>\n<\/tr>\n<tr>\n<td><strong>Max. Grie\u0161anas biezums (akrils) <\/strong><\/td>\n<td>20 mm (vair\u0101ku caurlaidu)<\/td>\n<\/tr>\n<tr>\n<td><strong>Max. Apstr\u0101des augstums <\/strong><\/td>\n<td>150 mm<\/td>\n<\/tr>\n<tr>\n<td><strong>Max. rot\u0101cijas grav\u0113\u0161anas diametrs <\/strong><\/td>\n<td>150 mm<\/td>\n<\/tr>\n<tr>\n<td><strong>Programmat\u016bra<\/strong><\/td>\n<td>xTool rado\u0161\u0101 telpa \/ Atomm<\/td>\n<\/tr>\n<tr>\n<td><strong>Oper\u0113t\u0101jsist\u0113mas<\/strong><\/td>\n<td>Windows \/ macOS<\/td>\n<\/tr>\n<tr>\n<td><strong>Komunik\u0101cijas metodes<\/strong><\/td>\n<td>USB\/Wi-Fi\/IP<\/td>\n<\/tr>\n<tr>\n<td><strong>Atbalst\u012btie faili<\/strong><\/td>\n<td>SVG\/DXF\/JPG\/JPEG\/PNG\/BMP\/TIF<\/td>\n<\/tr>\n<tr>\n<td><strong>M\u0101ksl\u012bg\u0101 intelekta sader\u012bba<\/strong><\/td>\n<td>J\u0101 (AImake)<\/td>\n<\/tr>\n<tr>\n<td><strong>Mont\u0101\u017eas<\/strong><\/td>\n<td>Iepriek\u0161 samont\u0113ts<\/td>\n<\/tr>\n<tr>\n<td><strong>Ieb\u016bv\u0113ta kamera<\/strong><\/td>\n<td>Divas 48 MP kameras<\/td>\n<\/tr>\n<tr>\n<td><strong>Pozicion\u0113\u0161anas<\/strong><\/td>\n<td>Ar kamer\u0101m<\/td>\n<\/tr>\n<tr>\n<td><strong>Fokusa metode<\/strong><\/td>\n<td>Autofokuss<\/td>\n<\/tr>\n<tr>\n<td><strong>P\u0101rskat\u012b\u0161anas metode<\/strong><\/td>\n<td>Vied\u0101s kameras priek\u0161skat\u012bjums<\/td>\n<\/tr>\n<tr>\n<td><strong>L\u0101zera punkta izm\u0113rs<\/strong><\/td>\n<td>0.09 \u00d7 0.1 mm (40W diode)<br \/>\n0.03 \u00d7 0.03 mm (60W MOPA)<\/td>\n<\/tr>\n<tr>\n<td><strong>Pozicion\u0113\u0161anas precizit\u0101te<\/strong><\/td>\n<td>0,2 mm<\/td>\n<\/tr>\n<tr>\n<td><strong>Att\u0101luma m\u0113r\u012b\u0161anas precizit\u0101te<\/strong><\/td>\n<td>0,2 mm (kamera)<\/td>\n<\/tr>\n<tr>\n<td><strong>Kust\u012bbas precizit\u0101te<\/strong><\/td>\n<td>0,00482 mm<\/td>\n<\/tr>\n<tr>\n<td><strong>Dro\u0161\u012bbas sertifik\u0101cija<\/strong><\/td>\n<td>4. klases l\u0101zera dro\u0161\u012bba<\/td>\n<\/tr>\n<tr>\n<td><strong>Ier\u012bces izm\u0113rs<\/strong><\/td>\n<td>294 \u00d7 429 \u00d7 521 mm<\/td>\n<\/tr>\n<tr>\n<td><strong>Ier\u012bces svars<\/strong><\/td>\n<td>F2 Ultra: 21,6 kg<br \/>\nF2 Ultra (viens): 20,8 kg<\/td>\n<\/tr>\n<tr>\n<td><strong>Max. Ener\u0123ijas pat\u0113ri\u0146\u0161 <\/strong><\/td>\n<td>400 W<\/td>\n<\/tr>\n<tr>\n<td><strong>Str\u0101vas adaptera spriegums<\/strong><\/td>\n<td>220\u2013240 V mai\u0146str\u0101va, 50\/60 Hz<\/td>\n<\/tr>\n<\/tbody>\n<\/table>\n<hr>\n<h2>???? <strong>Kas ir komplekt\u0101<\/strong><\/h2>\n<p>xTool F2 Ultra, sk\u0101rienjut\u012bgais vad\u012bbas pults, \u0161\u013c\u016btene, str\u0101vas adapteris, str\u0101vas kabelis, USB kabelis, atsl\u0113ga, re\u017e\u0123a panelis, L veida pozicion\u0113\u0161anas deta\u013ca, neausta salvete, skr\u016bvgriezis, materi\u0101lu komplekts, \u012bs\u0101 lieto\u0161anas pam\u0101c\u012bba, dro\u0161\u012bbas instrukcijas.<\/p>\n<h2>Pieejamie komplekti:<\/h2>\n<table>\n<tbody>\n<tr>\n<td><img decoding=\"async\" class=\"aligncenter\" src=\"https:\/\/eltechnika.eu\/wp-content\/uploads\/2025\/10\/xtool-f2-ultra-lazerines-stakles_1-1-160x160.jpg\" alt=\"Atsevi\u0161\u0137s\"><\/td>\n<td><img decoding=\"async\" class=\"aligncenter\" src=\"https:\/\/eltechnika.eu\/wp-content\/uploads\/2025\/10\/xtool-f2ultra_1-160x160.jpg\" alt=\"+ Konveijers\"><\/td>\n<td><img decoding=\"async\" class=\"aligncenter\" src=\"https:\/\/eltechnika.eu\/wp-content\/uploads\/2025\/10\/XF2U-DB-160x160.jpg\" alt=\"Luksusa komplekts\"><\/td>\n<\/tr>\n<tr>\n<td style=\"text-align: center;\"><strong>Atsevi\u0161\u0137s<\/strong><\/td>\n<td style=\"text-align: center;\"><strong>+ Konveijers<\/strong><\/td>\n<td style=\"text-align: center;\"><strong>Luksusa komplekts<\/strong><\/td>\n<\/tr>\n<tr>\n<td style=\"text-align: center;\"><small>F2 Ultra vien\u012bba<\/small><\/td>\n<td style=\"text-align: center;\"><small>+ <strong>Auto Streamline\u2122 konveijers<\/strong> (darba laukums l\u012bdz 220 \u00d7 500 mm, \u0101tr\u0101ks s\u0113rijveida darbs).<\/small><\/td>\n<td style=\"text-align: center;\"><small>Viss, s\u0101kot no + konveijera + <strong>gaisa filtr\u0113\u0161anas iek\u0101rtas (AP2)<\/strong> un <strong>rot\u0101cijas stiprin\u0101juma (RA2 Pro)<\/strong> cilindriskiem darbiem.<\/small><\/td>\n<\/tr>\n<\/tbody>\n<\/table>\n","protected":false},"excerpt":{"rendered":"<p data-start=\"1355\" data-end=\"1712\"><em data-start=\"1355\" data-end=\"1371\">xTool F s\u0113rija<\/em> ir hobiju klases \u0161\u0137iedru l\u0101zers darbam ar met\u0101liem. Tie nodro\u0161ina spilgtu, prec\u012bzu grav\u0113\u0161anu un ilgsto\u0161u rezult\u0101tu pat uz sare\u017e\u0123\u012bt\u0101m virsm\u0101m. Lieliska izv\u0113le tiem, kas v\u0113las izveidot personaliz\u0113tus met\u0101la aksesu\u0101rus, instrumentus, pl\u0101ksn\u012btes vai pat maza apjoma ra\u017eo\u0161anu.  <\/p>\n","protected":false},"featured_media":10968,"template":"","meta":{"_acf_changed":false},"product_brand":[],"product_cat":[414],"product_tag":[],"class_list":{"0":"post-11845","1":"product","2":"type-product","3":"status-publish","4":"has-post-thumbnail","6":"product_cat-xtool-hobby-diy","7":"","8":"woocommerce-text-align-center","9":"woocommerce-image-align-center","10":"wc-has-gallery","12":"first","13":"instock","14":"shipping-taxable","15":"product-type-simple"},"acf":[],"_links":{"self":[{"href":"https:\/\/eltechnika.eu\/lv\/wp-json\/wp\/v2\/product\/11845","targetHints":{"allow":["GET"]}}],"collection":[{"href":"https:\/\/eltechnika.eu\/lv\/wp-json\/wp\/v2\/product"}],"about":[{"href":"https:\/\/eltechnika.eu\/lv\/wp-json\/wp\/v2\/types\/product"}],"wp:featuredmedia":[{"embeddable":true,"href":"https:\/\/eltechnika.eu\/lv\/wp-json\/wp\/v2\/media\/10968"}],"wp:attachment":[{"href":"https:\/\/eltechnika.eu\/lv\/wp-json\/wp\/v2\/media?parent=11845"}],"wp:term":[{"taxonomy":"product_brand","embeddable":true,"href":"https:\/\/eltechnika.eu\/lv\/wp-json\/wp\/v2\/product_brand?post=11845"},{"taxonomy":"product_cat","embeddable":true,"href":"https:\/\/eltechnika.eu\/lv\/wp-json\/wp\/v2\/product_cat?post=11845"},{"taxonomy":"product_tag","embeddable":true,"href":"https:\/\/eltechnika.eu\/lv\/wp-json\/wp\/v2\/product_tag?post=11845"}],"curies":[{"name":"wp","href":"https:\/\/api.w.org\/{rel}","templated":true}]}}