{"id":11836,"date":"2025-10-02T15:29:30","date_gmt":"2025-10-02T12:29:30","guid":{"rendered":"https:\/\/eltechnika.eu\/produktas\/p-serija-co2-lazera-gravesanas-un-griesanas-masina\/"},"modified":"2025-10-23T15:51:25","modified_gmt":"2025-10-23T12:51:25","slug":"p-serija-co2-lazera-gravesanas-un-griesanas-masina","status":"publish","type":"product","link":"https:\/\/eltechnika.eu\/lv\/produkts\/p-serija-co2-lazera-gravesanas-un-griesanas-masina\/","title":{"rendered":"P s\u0113rija: CO2 l\u0101zera grav\u0113\u0161anas un grie\u0161anas ma\u0161\u012bna"},"content":{"rendered":"<h1><strong>xTool P3 \u2013 flagmanis 80W CO\u2082 l\u0101zers ar inteli\u0123entu automatiz\u0101ciju<\/strong><\/h1>\n<p>Jaud\u012bg\u0101kais, \u0101tr\u0101kais un pla\u0161\u0101kais darba zonas xTool CO\u2082 l\u0101zers ar inteli\u0123ent\u0101m automatiz\u0101cijas funkcij\u0101m. <strong>Ar 80 W CO\u2082<\/strong>, <strong>914 \u00d7 457 mm<\/strong> darba laukumu, \u0101trumu l\u012bdz <strong>1,200 mm\/s<\/strong> &#8211; \u0161\u012b ir n\u0101kam\u0101s paaudzes galda l\u0101zera veiktsp\u0113ja. <\/p>\n<hr>\n<h2>\u2702\ufe0f <strong>Materi\u0101lu meistars<\/strong><\/h2>\n<p>80 W CO\u2082 l\u0101zers nodro\u0161ina t\u012br\u0101ku griezumu ar iev\u0113rojami maz\u0101ku oglek\u013ca daudzumu nek\u0101 diodes l\u0101zeri. P3 ir lieliski piem\u0113rots <strong>caursp\u012bd\u012bga akrila<\/strong> un pat <strong>stikla<\/strong> grie\u0161anai un grav\u0113\u0161anai &#8211; caursp\u012bd\u012bgiem materi\u0101liem, ar kuriem diodes parasti netiek gal\u0101. No <strong>20 mm koka<\/strong> un <strong>25 mm akrila<\/strong> l\u012bdz pl\u0101niem audumiem P3 apstr\u0101d\u0101 visu.  <\/p>\n<hr>\n<h2>???? <strong>Divu kameru siner\u0123ija un 0,2 mm precizit\u0101te<\/strong><\/h2>\n<p>Abas kameras darbojas k\u0101 viena: <strong>16 MP SkyView panor\u0101mas kamera<\/strong> lieliem projektiem un tuvpl\u0101na deta\u013c\u0101m ar precizit\u0101ti <strong>~0,2 mm<\/strong> . Sist\u0113ma autom\u0101tiski izv\u0113las vispiem\u0113rot\u0101ko kameru un nodro\u0161ina perfektu saska\u0146o\u0161anu, s\u0101kot no izk\u0101rtn\u0113m l\u012bdz \u012bpa\u0161i smalk\u0101m rotasliet\u0101m. <\/p>\n<hr>\n<h2>\u2b06\ufe0f\u2744\ufe0f <strong>AutoLift pamatne un invertora \u016bdens dzes\u0113t\u0101js<\/strong><\/h2>\n<p>Ieb\u016bv\u0113t\u0101 <strong>AutoLift<\/strong> pamatne autom\u0101tiski fokus\u0113 un nodro\u0161ina l\u012bdz <strong>220 mm<\/strong> vertik\u0101lu augstumu \u2014 \u0113rti bieziem vai augstiem objektiem. Turkl\u0101t <strong>kompresora invertora \u016bdens dzes\u0113t\u0101js<\/strong> prec\u012bzi regul\u0113 temperat\u016bru, uztur stabilu jaudu ilgsto\u0161iem darbiem un pagarina ier\u012bces kalpo\u0161anas laiku. <\/p>\n<hr>\n<h2>???? <strong>Main\u0101mi fokusa objekt\u012bvi<\/strong><\/h2>\n<p>Izv\u0113lieties objekt\u012bvu atbilsto\u0161i uzdevumam:<\/p>\n<ul>\n<li><strong>S \u2013 38 mm<\/strong>: \u012bpa\u0161i smalkiem rakstiem un pl\u0101nam akrila grav\u0113jumam.<\/li>\n<li><strong>M \u2013 50 mm<\/strong>: univers\u0101ls ikdienas materi\u0101liem (koks, \u0101da, akrils) \u2013 <strong>iek\u013cauts komplekt\u0101<\/strong>.<\/li>\n<li><strong>L \u2013 63 mm<\/strong>: sp\u0113c\u012bgai bl\u012bva koka grie\u0161anai, biezam akrilam, ar glud\u0101m mal\u0101m.<br \/>\nS un L izm\u0113ri ir papildus.<\/li>\n<\/ul>\n<hr>\n<h2>\u267e\ufe0f  <strong>1 ier\u012bce. 2 tehnolo\u0123ijas. \u221e iesp\u0113jas  <\/strong><\/h2>\n<p>Kontrol\u0113jiet <strong>300+ materi\u0101lus<\/strong> , apvienojot <strong>80W CO\u2082<\/strong> griezumu un <strong>5W IR<\/strong> moduli prec\u012bzai grav\u0113\u0161anai uz met\u0101liem (IR modulis j\u0101ieg\u0101d\u0101jas atsevi\u0161\u0137i; b\u016bs pieejams v\u0113l\u0101k).<\/p>\n<hr>\n<h2>???? <strong>ACS \u2013 automatiz\u0113ta izveides\u2122 sist\u0113ma<\/strong><\/h2>\n<p>Place &amp; Go darbpl\u016bsma apvieno datorredzi, att\u0101luma m\u0113r\u012b\u0161anu un kust\u012bbas vad\u012bbu:<\/p>\n<ul>\n<li><strong>Autom\u0101tisk\u0101 pozicion\u0113\u0161ana<\/strong> \u2013 dubult\u0101 kamera uzreiz izveido skatu uz visu laukumu (precizit\u0101te ~0,2 mm).<\/li>\n<li><strong>LiDAR Auto-Ranging<\/strong> \u2013 bezkontakta att\u0101luma m\u0113r\u012b\u0161ana perfektai fokus\u0113\u0161anai.<\/li>\n<li><strong>Autom\u0101tisk\u0101s pacel\u0161anas fokuss<\/strong> \u2013 AutoLift pamatne autom\u0101tiski pace\u013c j\u016bs ide\u0101l\u0101 fokus\u0101.<\/li>\n<\/ul>\n<hr>\n<h2>????\u27a1\ufe0f <strong>Inteli\u0123ents konveijera padev\u0113js<\/strong><\/h2>\n<p>P\u0101rv\u0113rtiet P3 par lielform\u0101ta ra\u017eo\u0161anas r\u012bku: sist\u0113ma <strong>autom\u0101tiski pievelk, centr\u0113 un<\/strong> padod materi\u0101lu &#8211; no p\u0101rskat\u012b\u0161anas l\u012bdz apstr\u0101dei. <strong>Pamatne<\/strong> ir uzst\u0101d\u012bta vienu reizi; J\u016bs pievienojat sliedes da\u017eu sekun\u017eu laik\u0101. <\/p>\n<hr>\n<h2>???? <strong>MagSwap\u2122 RA3 rot\u0101cijas<\/strong><\/h2>\n<ul>\n<li><strong>360\u00b0 LiDAR kart\u0113\u0161ana\u2122<\/strong> &#8211; ide\u0101ls <strong>3D priek\u0161skat\u012bjums<\/strong> pirms grav\u0113\u0161anas.<\/li>\n<li><strong>Seconds to Swap<\/strong> ir \u012bpa\u0161i \u0101tra mai\u0146a bez r\u012bkiem.<\/li>\n<li><strong>T-veida knaibles<\/strong> liel\u0101kai sa\u0137erei ar mal\u0101m l\u012bdz <strong>130 mm<\/strong> diametr\u0101.<\/li>\n<li><strong>Partija<\/strong> \u2013 s\u0113rijveida grav\u0113\u0161ana l\u012bdz <strong>1,200 mm\/s<\/strong>.<\/li>\n<\/ul>\n<hr>\n<h2>????\ufe0f <strong>Daudzl\u012bme\u0146u dro\u0161\u012bba<\/strong><\/h2>\n<ul>\n<li><strong>Vied\u0101 noteik\u0161ana<\/strong> \u2013 <strong>8<\/strong> liesmas sensori, <strong>temperat\u016bras sensors<\/strong> un <strong>s\u0101nu kameras<\/strong> uzrauga visu darba zonu un pat atkritumu atvilktni ar iepriek\u0161\u0113ju br\u012bdin\u0101jumu.<\/li>\n<li><strong>Ieb\u016bv\u0113ta 0,6 l CO\u2082 ugunsdz\u0113s\u012bbas<\/strong> sist\u0113ma \u2013 iesl\u0113dzas <strong>&lt;uz 1 s<\/strong> un nekav\u0113joties nodz\u0113\u0161 aizdeg\u0161anos.<\/li>\n<li><strong>Sertific\u0113ta 1. klase<\/strong> \u2013 v\u0101ka\/atkritumu palikt\u0146a dro\u0161\u012bbas bremzes, <strong>E-Stop<\/strong>, atsl\u0113gu sl\u0113dzene.<\/li>\n<li><strong>SafetyPro\u2122 AP2 Max<\/strong> \u2013 <strong>7 sl\u0101\u0146u<\/strong> filtrs, <strong>SuperCyclone<\/strong>, gaisa pl\u016bsma l\u012bdz <strong>700 m\u00b3\/h<\/strong> .<\/li>\n<\/ul>\n<hr>\n<h2>???? <strong>Tie\u0161raides dubult\u0101 skata monitors<\/strong><\/h2>\n<p>P\u0101rraugiet ra\u017eo\u0161anu re\u0101llaik\u0101 \u2014 nepalaid\u012bsiet gar\u0101m nevienu deta\u013cu.<\/p>\n<hr>\n<h2>\u2699\ufe0f <strong>Tehnisk\u0101s specifik\u0101cijas<\/strong><\/h2>\n<table>\n<thead>\n<tr>\n<th>Iestat\u012bjumu<\/th>\n<th>V\u0113rt\u012bba<\/th>\n<\/tr>\n<\/thead>\n<tbody>\n<tr>\n<td><strong>L\u0101zera<\/strong><\/td>\n<p> tips<\/p>\n<td>80W CO\u2082 l\u0101zers + 5W IR l\u0101zers (p\u0113c izv\u0113les)<\/td>\n<\/tr>\n<tr>\n<td><strong>Darb\u012bbas re\u017e\u012bmi<\/strong><\/td>\n<td>L\u0101zergrie\u0161ana, l\u0101zergrav\u0113\u0161ana<\/td>\n<\/tr>\n<tr>\n<td><strong>Atbalst\u012btie materi\u0101li<\/strong><\/td>\n<td><strong>Grie\u0161ana:<\/strong> koks, akrils, audums, \u0101da utt.<br \/>\n<strong>Grav\u0113\u0161ana:<\/strong> met\u0101ls, stikls, bambuss, keramika u.c. (300+ materi\u0101li) <\/td>\n<\/tr>\n<tr>\n<td><strong>Darba zona<\/strong><\/td>\n<td>914 \u00d7 457 mm<\/td>\n<\/tr>\n<tr>\n<td><strong>Maksim\u0101lais darba \u0101trums<\/strong><\/td>\n<td>1200 mm\/s, X ass pa\u0101trin\u0101jums 19 600 mm\/s\u00b2<\/td>\n<\/tr>\n<tr>\n<td><strong>Max. Grie\u0161anas biezums (j\u016blijs) <\/strong><\/td>\n<td>20 mm vien\u0101 pieg\u0101jien\u0101<\/td>\n<\/tr>\n<tr>\n<td><strong>Max. Grie\u0161anas biezums (akrils) <\/strong><\/td>\n<td>25 mm vien\u0101 pieg\u0101jien\u0101<\/td>\n<\/tr>\n<tr>\n<td><strong>Max. Apstr\u0101des augstums <\/strong><\/td>\n<td>220 mm<\/td>\n<\/tr>\n<tr>\n<td><strong>Max. rot\u0101cijas grav\u0113\u0161anas diametrs <\/strong><\/td>\n<td>0-200 mm<\/td>\n<\/tr>\n<tr>\n<td><strong>Programmat\u016bra<\/strong><\/td>\n<td>xTool studija<\/td>\n<\/tr>\n<tr>\n<td><strong>Sader\u012bga oper\u0113t\u0101jsist\u0113ma<\/strong><\/td>\n<td>Windows \/ macOS<\/td>\n<\/tr>\n<tr>\n<td><strong>Komunik\u0101cijas metodes<\/strong><\/td>\n<td>USB\/Wi-Fi<\/td>\n<\/tr>\n<tr>\n<td><strong>Atbalst\u012btie faili<\/strong><\/td>\n<td>SVG\/DXF\/JPG\/JPEG\/PNG\/BMP\/TIF<\/td>\n<\/tr>\n<tr>\n<td><strong>AImake sader\u012bba<\/strong><\/td>\n<td>Tik<\/td>\n<\/tr>\n<tr>\n<td><strong>ACS (automatiz\u0113ta izveides\u2122 sist\u0113ma\u2122)<\/strong><\/td>\n<td>Tik<\/td>\n<\/tr>\n<tr>\n<td><strong>Ieb\u016bv\u0113tas kameras<\/strong><\/td>\n<td>16 MP SkyView panor\u0101mas kamera + tuva diapazona kamera + 2 s\u0101nu kameras<\/td>\n<\/tr>\n<tr>\n<td><strong>Pozicion\u0113\u0161anas metode<\/strong><\/td>\n<td>Divu kameru pozicion\u0113\u0161ana<\/td>\n<\/tr>\n<tr>\n<td><strong>Fokusa metode<\/strong><\/td>\n<td>Autofokuss<\/td>\n<\/tr>\n<tr>\n<td><strong>Att\u0101luma m\u0113r\u012b\u0161anas sist\u0113ma<\/strong><\/td>\n<td>Lidar<\/td>\n<\/tr>\n<tr>\n<td><strong>P\u0101rskat\u012b\u0161anas metode<\/strong><\/td>\n<td>Vied\u0101s kameras priek\u0161skat\u012bjums<\/td>\n<\/tr>\n<tr>\n<td><strong>L\u0101zera punkta izm\u0113rs<\/strong><\/td>\n<td>S objekt\u012bvs: 0,14 \u00d7 0,16 mm (p\u0113c izv\u0113les)<br \/>\nM objekt\u012bvs: 0,15 \u00d7 0,18 mm (standarta)<br \/>\n L objekt\u012bvs: 0,18 \u00d7 0,20 mm (p\u0113c izv\u0113les)<\/td>\n<\/tr>\n<tr>\n<td><strong>Pozicion\u0113\u0161anas precizit\u0101te<\/strong><\/td>\n<td>0,2 mm (kamera)<\/td>\n<\/tr>\n<tr>\n<td><strong>Kust\u012bbas precizit\u0101te<\/strong><\/td>\n<td>0,01 mm<\/td>\n<\/tr>\n<tr>\n<td><strong>Dro\u0161\u012bbas sertifik\u0101cija<\/strong><\/td>\n<td>1. klases l\u0101zera dro\u0161\u012bba<\/td>\n<\/tr>\n<tr>\n<td><strong>Ier\u012bces izm\u0113ri<\/strong><\/td>\n<td>1250 \u00d7 780 \u00d7 496 mm<\/td>\n<\/tr>\n<tr>\n<td><strong>Ier\u012bces svars<\/strong><\/td>\n<td>105 kg<\/td>\n<\/tr>\n<tr>\n<td><strong>Max. Ener\u0123ijas pat\u0113ri\u0146\u0161 <\/strong><\/td>\n<td>1400 W<\/td>\n<\/tr>\n<tr>\n<td><strong>Str\u0101vas adaptera spriegums<\/strong><\/td>\n<td>100\u2013240 V mai\u0146str\u0101va, 50 Hz<\/td>\n<\/tr>\n<\/tbody>\n<\/table>\n<h2>Pieejamie komplekti:<\/h2>\n<table>\n<tbody>\n<tr>\n<td><img decoding=\"async\" class=\"aligncenter\" src=\"https:\/\/eltechnika.eu\/wp-content\/uploads\/2025\/10\/xtool-p3-438188-1-160x160.jpg\" alt=\"Atsevi\u0161\u0137s\"><\/td>\n<td><img decoding=\"async\" class=\"aligncenter\" src=\"https:\/\/eltechnika.eu\/wp-content\/uploads\/2025\/10\/p3-co2-laser-160x160.jpg\" alt=\"Daudzpus\u012bgs komplekts\"><\/td>\n<td><img decoding=\"async\" class=\"aligncenter\" src=\"https:\/\/eltechnika.eu\/wp-content\/uploads\/2025\/10\/XP3-AIOB-160x160.jpg\" alt=\"Viss vien\u0101 komplekts\"><\/td>\n<\/tr>\n<tr>\n<td style=\"text-align: center;\"><strong>Atsevi\u0161\u0137s<\/strong><\/td>\n<td style=\"text-align: center;\"><strong>Daudzpus\u012bgs komplekts<\/strong><\/td>\n<td style=\"text-align: center;\"><strong>Viss vien\u0101 komplekts<\/strong><\/td>\n<\/tr>\n<tr>\n<td style=\"text-align: center;\"><small><br \/>\nTikai P3 ier\u012bcei. Piem\u0113rots, ja pl\u0101nojat izv\u0113l\u0113ties piederumus (rot\u0113jo\u0161u\/padev\u0113ju\/filtr\u0101ciju) atsevi\u0161\u0137i.<br \/>\n<\/small><\/td>\n<td style=\"text-align: center;\"><small><br \/>\n+ <strong>Mobilais darba stat\u012bvs<\/strong> Iztur\u012bgs stat\u012bvs, <strong>RA3 MagSwap\u2122 rot\u0113jo\u0161s<\/strong> cilindriskiem darbiem, <strong>inteli\u0123ents konveijera padev\u0113js<\/strong> gar\u0101m sagatav\u0113m<br \/>\n<\/small><\/td>\n<td style=\"text-align: center;\"><small><br \/>\nViss no Versatile + <strong>SafetyPro\u2122 AP2 (gaisa filtr\u0113\u0161anas iek\u0101rtas)<\/strong> dro\u0161\u0101kam darbam iek\u0161telp\u0101s.<br \/>\n<\/small><\/td>\n<\/tr>\n<\/tbody>\n<\/table>\n","protected":false},"excerpt":{"rendered":"<p data-start=\"1355\" data-end=\"1712\"><em data-start=\"920\" data-end=\"936\">xTool P s\u0113rija<\/em> ir kompakti CO\u2082 l\u0101zeri, kas paredz\u0113ti nopietn\u0101kiem hobiju vai mazo uz\u0146\u0113mumu projektiem. Tie pied\u0101v\u0101 liel\u0101ku jaudu, precizit\u0101ti un iesp\u0113jas nek\u0101 diodes l\u0101zeri, padarot tos ide\u0101li piem\u0113rotus gan grie\u0161anai, gan grav\u0113\u0161anai.<br data-start=\"1145\" data-end=\"1148\">P s\u0113rijas apr\u012bkojums \u013caus str\u0101d\u0101t ar pla\u0161\u0101ku materi\u0101lu kl\u0101stu un sasniegt augstu kvalit\u0101ti rot\u0101jumu, aksesu\u0101ru, d\u0101vanu produktu vai nelielu s\u0113riju ra\u017eo\u0161an\u0101. <\/p>\n","protected":false},"featured_media":11066,"template":"","meta":{"_acf_changed":false},"product_brand":[],"product_cat":[414],"product_tag":[],"class_list":{"0":"post-11836","1":"product","2":"type-product","3":"status-publish","4":"has-post-thumbnail","6":"product_cat-xtool-hobby-diy","7":"","8":"woocommerce-text-align-center","9":"woocommerce-image-align-center","10":"wc-has-gallery","12":"first","13":"instock","14":"shipping-taxable","15":"product-type-simple"},"acf":[],"_links":{"self":[{"href":"https:\/\/eltechnika.eu\/lv\/wp-json\/wp\/v2\/product\/11836","targetHints":{"allow":["GET"]}}],"collection":[{"href":"https:\/\/eltechnika.eu\/lv\/wp-json\/wp\/v2\/product"}],"about":[{"href":"https:\/\/eltechnika.eu\/lv\/wp-json\/wp\/v2\/types\/product"}],"wp:featuredmedia":[{"embeddable":true,"href":"https:\/\/eltechnika.eu\/lv\/wp-json\/wp\/v2\/media\/11066"}],"wp:attachment":[{"href":"https:\/\/eltechnika.eu\/lv\/wp-json\/wp\/v2\/media?parent=11836"}],"wp:term":[{"taxonomy":"product_brand","embeddable":true,"href":"https:\/\/eltechnika.eu\/lv\/wp-json\/wp\/v2\/product_brand?post=11836"},{"taxonomy":"product_cat","embeddable":true,"href":"https:\/\/eltechnika.eu\/lv\/wp-json\/wp\/v2\/product_cat?post=11836"},{"taxonomy":"product_tag","embeddable":true,"href":"https:\/\/eltechnika.eu\/lv\/wp-json\/wp\/v2\/product_tag?post=11836"}],"curies":[{"name":"wp","href":"https:\/\/api.w.org\/{rel}","templated":true}]}}