{"id":11835,"date":"2025-10-02T17:15:25","date_gmt":"2025-10-02T14:15:25","guid":{"rendered":"https:\/\/eltechnika.eu\/produktas\/dtf-printeris-drukai-uz-drebem\/"},"modified":"2025-10-23T15:51:25","modified_gmt":"2025-10-23T12:51:25","slug":"dtf-printeris-drukai-uz-drebem","status":"publish","type":"product","link":"https:\/\/eltechnika.eu\/lv\/produkts\/dtf-printeris-drukai-uz-drebem\/","title":{"rendered":"DTF printeris drukai uz dr\u0113b\u0113m"},"content":{"rendered":"<h1><strong>xTool ap\u0123\u0113rbu printeris &#8211; viena klik\u0161\u0137a DTF printeris<\/strong><\/h1>\n<p>xTool Apparel Printer izveido DTF drukas risin\u0101jumu, kur\u0101 viss process \u2013 druk\u0101\u0161ana, pulverkr\u0101so\u0161ana, \u017e\u0101v\u0113\u0161ana \u2013 notiek autom\u0101tiski ar vienu klik\u0161\u0137i.<\/p>\n<hr>\n<h2>???? ???????? <strong>Viena klik\u0161\u0137a druk\u0101\u0161anas un cep\u0161anas process<\/strong><\/h2>\n<p>Visi so\u013ci \u2013 apdruka, pulverkr\u0101so\u0161ana, krat\u012b\u0161ana, \u017e\u0101v\u0113\u0161ana \u2013 ir integr\u0113ti vien\u0101 sist\u0113m\u0101. \u0112rts darba process bez manu\u0101las p\u0101rsl\u0113g\u0161an\u0101s uz da\u017e\u0101d\u0101m ier\u012bc\u0113m. <\/p>\n<hr>\n<h2>???? <strong>Apdrukas uz visiem audumiem<\/strong><\/h2>\n<p>Ier\u012bce darbojas gan ar gai\u0161iem, gan tum\u0161iem audumiem bez kompromisiem. Var druk\u0101t uz T-krekliem, sporta krekliem, som\u0101m un cita veida audumiem. <\/p>\n<hr>\n<h2>???? <strong>Apkope un autom\u0101tisk\u0101 apkope (SmartCycle\u2122)<\/strong><\/h2>\n<p>Printeris nep\u0101rtraukti uzrauga mitrumu un temperat\u016bru, autom\u0101tiski not\u012bra drukas galvi\u0146as un cirkul\u0113 baltu tinti, lai nov\u0113rstu aizs\u0113r\u0113\u0161anu.<\/p>\n<hr>\n<h2>???? <strong>Kr\u0101su precizit\u0101te un tehnolo\u0123ija<\/strong><\/h2>\n<ul>\n<li>Tiek izmantotas divas <strong>Epson I1600 drukas galvi\u0146as<\/strong>, kas darbojas kop\u0101 \u2013 viena uzkl\u0101j kr\u0101su, otra baltu tinti uz tum\u0161a auduma.<\/li>\n<li><strong>G7 sertifik\u0101cija<\/strong> &#8211; Kr\u0101sas tiek prec\u012bzi reproduc\u0113tas saska\u0146\u0101 ar nozares standartiem.<\/li>\n<\/ul>\n<hr>\n<h2>???? <strong>Univers\u0101la programmat\u016bra, vienk\u0101r\u0161a druk\u0101\u0161ana<\/strong><\/h2>\n<p>Visa darbpl\u016bsma \u2013 no dizaina l\u012bdz gatavai pl\u0113vei \u2013 tiek <strong>p\u0101rvald\u012bta vien\u0101 programmat\u016br\u0101<\/strong>.<\/p>\n<ul>\n<li>Vairs nav j\u0101pievieno 3-5 atsevi\u0161\u0137as lietotnes vai pievienojumprogrammas.<\/li>\n<li>Intuit\u012bvs interfeiss, kas paredz\u0113ts gan ies\u0101c\u0113jiem, gan profesion\u0101\u013ciem.<\/li>\n<li>Sp\u0113ja druk\u0101t prec\u012bzi un konsekventi, bez papildu darba.<\/li>\n<\/ul>\n<hr>\n<h2>\u23f1\ufe0f <strong>Atraisiet 1 stundas druk\u0101\u0161anas un cep\u0161anas potenci\u0101lu<\/strong><\/h2>\n<p>Izmantojot Print-to-Bake automatiz\u0101ciju, xTool Apparel Printer \u013cauj <strong>1 stundas<\/strong> laik\u0101 sagatavot aptuveni <strong>4,6 m\u00b2 druk\u0101tas un ceptas pl\u0113ves<\/strong>.<\/p>\n<ul>\n<li>Efekt\u012bvs s\u0113rijveida ra\u017eo\u0161an\u0101.<\/li>\n<li>Piem\u0113rots gan maz\u0101m, gan vid\u0113j\u0101m partij\u0101m.<\/li>\n<li>\u013bauj samazin\u0101t darbasp\u0113ka nepiecie\u0161am\u012bbu un k\u013c\u016bdu skaitu.<\/li>\n<\/ul>\n<hr>\n<h2>\u2699\ufe0f <strong>Darb\u012bbas parametri<\/strong><\/h2>\n<table>\n<thead>\n<tr>\n<th>Iestat\u012bjumu<\/th>\n<th>V\u0113rt\u012bba<\/th>\n<\/tr>\n<\/thead>\n<tbody>\n<tr>\n<td><strong>Drukas platums<\/strong><\/td>\n<td>356 mm<\/td>\n<\/tr>\n<tr>\n<td><strong>Maksim\u0101lais drukas laukums<\/strong><\/td>\n<td>356 mm \u00d7 460 mm<\/td>\n<\/tr>\n<tr>\n<td><strong>Druk\u0101\u0161anas re\u017e\u012bms<\/strong><\/td>\n<td>Vienas loksnes padeve \/ ru\u013c\u013co\u0161ana (tiks ieviesta v\u0113l\u0101k)<\/td>\n<\/tr>\n<tr>\n<td><strong>Drukas galvi\u0146as<\/strong><\/td>\n<td>Jaun\u0101s paaudzes dubult\u0101s drukas galvi\u0146as<\/td>\n<\/tr>\n<tr>\n<td><strong>Kr\u0101su p\u0101rvald\u012bba<\/strong><\/td>\n<td>G7 kr\u0101su standarts<\/td>\n<\/tr>\n<tr>\n<td><strong>Sader\u012bgas sist\u0113mas<\/strong><\/td>\n<td>Windows \/ macOS<\/td>\n<\/tr>\n<tr>\n<td><strong>Izm\u0113ri (printera individu\u0101lais izm\u0113rs)<\/strong><\/td>\n<td>905 \u00d7 365 \u00d7 356,5 mm<\/td>\n<\/tr>\n<tr>\n<td><strong>Svars<\/strong><\/td>\n<td>34 kg<\/td>\n<\/tr>\n<tr>\n<td><strong>Printera miega re\u017e\u012bma ener\u0123ijas pat\u0113ri\u0146\u0161<\/strong><\/td>\n<td>23,5 W (aptuveni 0,5 kWh dien\u0101)<\/td>\n<\/tr>\n<tr>\n<td><strong>Darba temperat\u016bra<\/strong><\/td>\n<td>15-30 \u00b0C (ieteicams 20-30 \u00b0C)<\/td>\n<\/tr>\n<tr>\n<td><strong>Darba mitrums<\/strong><\/td>\n<td>30% &#8211; 80% RH (ieteicams 50% &#8211; 80%)<\/td>\n<\/tr>\n<\/tbody>\n<\/table>\n<h2>Pieejamie komplekti:<\/h2>\n<table>\n<tbody>\n<tr>\n<td><img decoding=\"async\" class=\"aligncenter\" src=\"https:\/\/eltechnika.eu\/wp-content\/uploads\/2025\/10\/xtool-dtf-printer-160x160.jpg\" alt=\"Atsevi\u0161\u0137s\"><\/td>\n<td><img decoding=\"async\" class=\"aligncenter\" src=\"https:\/\/eltechnika.eu\/wp-content\/uploads\/2025\/10\/xtool-dtf-printer-versatile-bundle-160x160.jpg\" alt=\"Daudzpus\u012bgs komplekts\"><\/td>\n<td><img decoding=\"async\" class=\"aligncenter\" src=\"https:\/\/eltechnika.eu\/wp-content\/uploads\/2025\/10\/xtool-dtf-printer-all-in-one-bundle-160x160.jpg\" alt=\"Viss vien\u0101 komplekts\"><\/td>\n<\/tr>\n<tr>\n<td style=\"text-align: center;\"><strong>Atsevi\u0161\u0137s<\/strong><\/td>\n<td style=\"text-align: center;\"><strong>Daudzpus\u012bgs komplekts<\/strong><\/td>\n<td style=\"text-align: center;\"><strong>Viss vien\u0101 komplekts<\/strong><\/td>\n<\/tr>\n<tr>\n<td style=\"text-align: center;\"><small>Tikai printeris bez krat\u012bt\u0101ja kr\u0101sns vai filtra apr\u012bkojuma ir paredz\u0113ts tiem, kam jau ir \u017e\u0101v\u0113\u0161anas un apstr\u0101des iek\u0101rtas.<\/small><\/td>\n<td style=\"text-align: center;\"><small>Printeris + autom\u0101tisk\u0101 krat\u012bt\u0101ja kr\u0101sns (pulverkr\u0101so\u0161ana, krat\u012b\u0161ana, \u017e\u0101v\u0113\u0161ana) \u2014 \u0101trs s\u0101kums.<\/small><\/td>\n<td style=\"text-align: center;\"><small>Pilna pakete: printeris + krat\u012bt\u0101js-kr\u0101sns + gaisa filtr\u0113\u0161anas iek\u0101rta &#8211; profesion\u0101la, dro\u0161a un gatava pilnai ra\u017eo\u0161anas videi.<\/small><\/td>\n<\/tr>\n<\/tbody>\n<\/table>\n","protected":false},"excerpt":{"rendered":"<p data-start=\"1355\" data-end=\"1712\"><em data-start=\"1747\" data-end=\"1783\">DTF (Direct-to-Film) printeri<\/em> ir inovat\u012bva tekstila drukas tehnolo\u0123ija, kas \u013cauj izveidot kr\u0101sainus, spilgtus un iztur\u012bgus dizainus uz T-krekliem, sporta krekliem, som\u0101m un citiem audumiem. Tas ir \u0113rts risin\u0101jums maziem uz\u0146\u0113mumiem, rekl\u0101mas a\u0123ent\u016br\u0101m vai rado\u0161iem projektiem, jo druk\u0101\u0161anai nav nepiecie\u0161ami sare\u017e\u0123\u012bti sagatavo\u0161anas procesi, un rezult\u0101ts tiek ieg\u016bts \u0101tri un kvalitat\u012bvi. <\/p>\n","protected":false},"featured_media":11201,"template":"","meta":{"_acf_changed":false},"product_brand":[],"product_cat":[414],"product_tag":[],"class_list":{"0":"post-11835","1":"product","2":"type-product","3":"status-publish","4":"has-post-thumbnail","6":"product_cat-xtool-hobby-diy","7":"","8":"woocommerce-text-align-center","9":"woocommerce-image-align-center","10":"wc-has-gallery","12":"first","13":"instock","14":"shipping-taxable","15":"product-type-simple"},"acf":[],"_links":{"self":[{"href":"https:\/\/eltechnika.eu\/lv\/wp-json\/wp\/v2\/product\/11835","targetHints":{"allow":["GET"]}}],"collection":[{"href":"https:\/\/eltechnika.eu\/lv\/wp-json\/wp\/v2\/product"}],"about":[{"href":"https:\/\/eltechnika.eu\/lv\/wp-json\/wp\/v2\/types\/product"}],"wp:featuredmedia":[{"embeddable":true,"href":"https:\/\/eltechnika.eu\/lv\/wp-json\/wp\/v2\/media\/11201"}],"wp:attachment":[{"href":"https:\/\/eltechnika.eu\/lv\/wp-json\/wp\/v2\/media?parent=11835"}],"wp:term":[{"taxonomy":"product_brand","embeddable":true,"href":"https:\/\/eltechnika.eu\/lv\/wp-json\/wp\/v2\/product_brand?post=11835"},{"taxonomy":"product_cat","embeddable":true,"href":"https:\/\/eltechnika.eu\/lv\/wp-json\/wp\/v2\/product_cat?post=11835"},{"taxonomy":"product_tag","embeddable":true,"href":"https:\/\/eltechnika.eu\/lv\/wp-json\/wp\/v2\/product_tag?post=11835"}],"curies":[{"name":"wp","href":"https:\/\/api.w.org\/{rel}","templated":true}]}}