{"id":10527,"date":"2025-08-27T17:14:58","date_gmt":"2025-08-27T14:14:58","guid":{"rendered":"https:\/\/eltechnika.eu\/produktas\/el-6060p-augstas-precizitates-skiedras-metala-griesanas-masina\/"},"modified":"2025-08-27T18:21:36","modified_gmt":"2025-08-27T15:21:36","slug":"el-6060p-augstas-precizitates-skiedras-metala-griesanas-masina","status":"publish","type":"product","link":"https:\/\/eltechnika.eu\/lv\/produkts\/el-6060p-augstas-precizitates-skiedras-metala-griesanas-masina\/","title":{"rendered":"EL-6060P Augstas precizit\u0101tes \u0161\u0137iedras met\u0101la grie\u0161anas ma\u0161\u012bna"},"content":{"rendered":"<h2>ELTECHNIKA EL-6060P: Automatiz\u0113ta cauru\u013cu un profilu grie\u0161ana<\/h2>\n<p>Atvadieties no neefekt\u012bv\u0101m un neprec\u012bz\u0101m met\u0101la cauru\u013cu grie\u0161anas metod\u0113m, piem\u0113ram, le\u0146\u0137a sl\u012bpma\u0161\u012bn\u0101m vai lentz\u0101\u0123iem. ELTECHNIKA EL-6060P optisk\u0101s \u0161\u0137iedras l\u0101zera griez\u0113js ir m\u016bsdien\u012bgs risin\u0101jums, kas izstr\u0101d\u0101ts, lai piln\u012bb\u0101 automatiz\u0113tu cauru\u013cu un profilu sagatavo\u0161anas procesu. \u0160\u012b iek\u0101rta var ne tikai griezt, bet ar\u012b griezt sare\u017e\u0123\u012btas formas, caurumus, savienojumus un rakstus ar nep\u0101rsp\u0113jamu precizit\u0101ti un \u0101trumu. Tas ir ieguld\u012bjums, kas \u013cauj \u0101tr\u0101k, prec\u012bz\u0101k un ar zem\u0101k\u0101m izmaks\u0101m izgatavot sare\u017e\u0123\u012bt\u0101kas strukt\u016bras.   <\/p>\n<h2>Inteli\u0123enta automatiz\u0101cija maksim\u0101lai produktivit\u0101tei<\/h2>\n<p>Viena no EL-6060P liel\u0101kaj\u0101m priek\u0161roc\u012bb\u0101m ir t\u0101 sare\u017e\u0123\u012bt\u0101 automatiz\u0101cijas sist\u0113ma, kas \u013cauj ma\u0161\u012bnai str\u0101d\u0101t gandr\u012bz bez operatora iejauk\u0161an\u0101s.<\/p>\n<h3>Piln\u012bb\u0101 autom\u0101tiska iekrau\u0161ana un izkrau\u0161ana<\/h3>\n<p>Ma\u0161\u012bnas ir apr\u012bkotas ar autom\u0101tisku &#8220;sai\u0161\u0137u iekrau\u0161anas&#8221; sist\u0113mu, kas pa\u0146em visu cauru\u013cu sai\u0161\u0137i, autom\u0101tiski tos atdala un pa vienam ievada grie\u0161anas zon\u0101. P\u0113c grie\u0161anas gatav\u0101s deta\u013cas tiek autom\u0101tiski izkrautas. Tas \u013cauj ma\u0161\u012bnai darboties nep\u0101rtraukt\u0101 cikl\u0101, kam\u0113r ir pieejami materi\u0101li, bet operators var veikt citus darbus. Tas krasi samazina darbasp\u0113ka izmaksas un palielina ra\u017e\u012bgumu.   <\/p>\n<h3>Pusautom\u0101tisk\u0101 iekrau\u0161ana<\/h3>\n<p>Ja nepiecie\u0161ams apstr\u0101d\u0101t atsevi\u0161\u0137us, nestandarta profilus vai maz\u0101kus pas\u016bt\u012bjumus, ma\u0161\u012bnai ir ar\u012b pusautom\u0101tiska iekrau\u0161ana. Operators var viegli un \u0101tri manu\u0101li padot vienu sagatavi, nodro\u0161inot liel\u0101ku elast\u012bbu ra\u017eo\u0161an\u0101. <\/p>\n<h2>Katru reizi prec\u012bza grie\u0161ana<\/h2>\n<p>EL-6060P ir izstr\u0101d\u0101ts, lai nodro\u0161in\u0101tu maksim\u0101lu precizit\u0101ti un griezuma kvalit\u0101ti neatkar\u012bgi no profila formas vai izm\u0113ra.<\/p>\n<ul>\n<li><strong>Divi pneimatiskie skavot\u0101ji<\/strong>: priek\u0161\u0113jais un aizmugur\u0113jais skavot\u0101ji sinhroni fiks\u0113 un grie\u017e apstr\u0101d\u0101jamo deta\u013cu grie\u0161anas laik\u0101. Tas nodro\u0161ina to, ka pat pl\u0101nas sieni\u0146as profili netiek deform\u0113ti un paliek stabili vis\u0101 procesa laik\u0101. <\/li>\n<li><strong>Servomotori:<\/strong> visas asis kontrol\u0113 augstas kvalit\u0101tes servomotori, kas nodro\u0161ina \u0101tras, prec\u012bzas un vienm\u0113r\u012bgas kust\u012bbas.<\/li>\n<li><strong>Minim\u0101ls atkritumu daudzums:<\/strong> p\u0101rdom\u0101t\u0101 konstrukcija \u013cauj aizmugur\u0113jam skav\u0101tim pietuvoties p\u0113c iesp\u0113jas tuv\u0101k grie\u0161anas zonai, atst\u0101jot \u013coti nelielu neizmantot\u0101 materi\u0101la atlikumu.<\/li>\n<\/ul>\n<h2>Daudzpus\u012bba: apstr\u0101d\u0101jamas caurules un profili<\/h2>\n<p>Ar \u0161o iek\u0101rtu var efekt\u012bvi griezt da\u017e\u0101du formu caurules un profilus no meln\u0101 t\u0113rauda, ner\u016bs\u0113jo\u0161\u0101 t\u0113rauda, alum\u012bnija un citiem met\u0101liem:<\/p>\n<ul>\n<li>Apa\u013cas caurules<\/li>\n<li>Kvadr\u0101tveida profili<\/li>\n<li>Taisnst\u016bra profili<\/li>\n<li>Ov\u0101las caurules<\/li>\n<li>L-veida profili (le\u0146\u0137i)<\/li>\n<li>Un citi nestandarta profili<\/li>\n<\/ul>\n<table width=\"454\">\n<tbody>\n<tr>\n<td colspan=\"2\" width=\"454\"><strong>GALVEN\u0100S SPECIFIK\u0100CIJAS<\/strong><\/td>\n<\/tr>\n<tr>\n<td><strong>Modelis<\/strong><\/td>\n<td>EL-6060P<\/td>\n<\/tr>\n<tr>\n<td><strong>L\u0101zera avots<\/strong><\/td>\n<td>MAX<\/td>\n<\/tr>\n<tr>\n<td><strong>L\u0101zera jauda<\/strong><\/td>\n<td>1500W<\/td>\n<\/tr>\n<tr>\n<td><strong>Grie\u0161anas biezums:<\/strong><\/td>\n<td><\/td>\n<\/tr>\n<tr>\n<td><strong>Ner\u016bs\u0113jo\u0161ais t\u0113rauds<\/strong><\/td>\n<td>&lt; 5 mm<\/td>\n<\/tr>\n<tr>\n<td><strong>T\u0113rauds<\/strong><\/td>\n<td>&lt; 12 mm<\/td>\n<\/tr>\n<tr>\n<td><strong>Darba lauks<\/strong><\/td>\n<td>600 x 600 mm<\/td>\n<\/tr>\n<tr>\n<td><strong>Z ass, augstums<\/strong><\/td>\n<td>100 mm<\/td>\n<\/tr>\n<tr>\n<td><strong>P\u0101rvieto\u0161anas precizit\u0101te<\/strong><\/td>\n<td>\u00b10,03 mm<\/td>\n<\/tr>\n<tr>\n<td><strong>Bruto svars<\/strong><\/td>\n<td>1,2 tonnas<\/td>\n<\/tr>\n<tr>\n<td><strong>\u0112din\u0101\u0161ana<\/strong><\/td>\n<td>Tr\u012bsf\u0101zu<\/td>\n<\/tr>\n<tr>\n<td colspan=\"2\"><\/td>\n<\/tr>\n<tr>\n<td colspan=\"2\"><strong>GALVEN\u0100S SAST\u0100VDA\u013bAS<\/strong><\/td>\n<\/tr>\n<tr>\n<td><strong>Grie\u0161anas galva<\/strong><\/td>\n<td>Raytools BM110 (\u0160veice)<\/td>\n<\/tr>\n<tr>\n<td><strong>Kust\u012bbas p\u0101rvades sist\u0113ma<\/strong><\/td>\n<td>V\u012bt\u0146otais stienis<\/td>\n<\/tr>\n<tr>\n<td><strong>Servomotors<\/strong><\/td>\n<td>Leadshine<\/td>\n<\/tr>\n<tr>\n<td><strong>\u016adens dzes\u0113\u0161anas sist\u0113ma<\/strong><\/td>\n<td>Hanli<\/td>\n<\/tr>\n<tr>\n<td><strong>Kontrolieris\/kontrolieris<\/strong><\/td>\n<td>Cypcut (FSCUT2000C)<\/td>\n<\/tr>\n<tr>\n<td><strong>Elektromagn\u0113tiskais v\u0101rsts<\/strong><\/td>\n<td>AIRTAC (Taiv\u0101na)<\/td>\n<\/tr>\n<tr>\n<td colspan=\"2\"><\/td>\n<\/tr>\n<tr>\n<td><strong>Garantija<\/strong><\/td>\n<td>2 gadi fizisk\u0101m person\u0101m<\/td>\n<\/tr>\n<tr>\n<td><\/td>\n<td>1 gads juridisk\u0101m person\u0101m<\/td>\n<\/tr>\n<\/tbody>\n<\/table>\n","protected":false},"excerpt":{"rendered":"<p>ELTECHNIKA EL-6060P r\u016bpniecisk\u0101 \u0161\u0137iedras l\u0101zera iek\u0101rta ir paredz\u0113ta <strong>automatiz\u0113tai cauru\u013cu un profilu grie\u0161anai<\/strong>. Ar iesp\u0113ju apstr\u0101d\u0101t sagataves l\u012bdz 6 metru garum\u0101 un <strong>piln\u012bb\u0101 autom\u0101tisku iekrau\u0161anas un izkrau\u0161anas sist\u0113mu<\/strong> \u0161\u012b iek\u0101rta krasi palielina ra\u017eo\u0161anas efektivit\u0101ti un samazina nepiecie\u0161am\u012bbu p\u0113c roku darba. Divi pneimatiskie skavot\u0101ji nodro\u0161ina stabilu iesp\u012bl\u0113\u0161anu un maksim\u0101lu grie\u0161anas precizit\u0101ti. Tas ir ide\u0101ls risin\u0101jums margu, met\u0101la m\u0113be\u013cu, sporta apr\u012bkojuma un citu met\u0101la konstrukciju ra\u017eot\u0101jiem.   <\/p>\n","protected":false},"featured_media":10394,"template":"","meta":{"_acf_changed":false},"product_brand":[],"product_cat":[386],"product_tag":[],"class_list":{"0":"post-10527","1":"product","2":"type-product","3":"status-publish","4":"has-post-thumbnail","6":"product_cat-fiber-lazera-griesanas","7":"","8":"woocommerce-text-align-center","9":"woocommerce-image-align-center","10":"wc-has-gallery","12":"first","13":"instock","14":"shipping-taxable","15":"product-type-simple"},"acf":[],"_links":{"self":[{"href":"https:\/\/eltechnika.eu\/lv\/wp-json\/wp\/v2\/product\/10527","targetHints":{"allow":["GET"]}}],"collection":[{"href":"https:\/\/eltechnika.eu\/lv\/wp-json\/wp\/v2\/product"}],"about":[{"href":"https:\/\/eltechnika.eu\/lv\/wp-json\/wp\/v2\/types\/product"}],"wp:featuredmedia":[{"embeddable":true,"href":"https:\/\/eltechnika.eu\/lv\/wp-json\/wp\/v2\/media\/10394"}],"wp:attachment":[{"href":"https:\/\/eltechnika.eu\/lv\/wp-json\/wp\/v2\/media?parent=10527"}],"wp:term":[{"taxonomy":"product_brand","embeddable":true,"href":"https:\/\/eltechnika.eu\/lv\/wp-json\/wp\/v2\/product_brand?post=10527"},{"taxonomy":"product_cat","embeddable":true,"href":"https:\/\/eltechnika.eu\/lv\/wp-json\/wp\/v2\/product_cat?post=10527"},{"taxonomy":"product_tag","embeddable":true,"href":"https:\/\/eltechnika.eu\/lv\/wp-json\/wp\/v2\/product_tag?post=10527"}],"curies":[{"name":"wp","href":"https:\/\/api.w.org\/{rel}","templated":true}]}}