{"id":10525,"date":"2025-08-27T17:24:59","date_gmt":"2025-08-27T14:24:59","guid":{"rendered":"https:\/\/eltechnika.eu\/produktas\/rupnieciskais-dumu-un-puteklu-savacejs-todc-4b\/"},"modified":"2025-08-27T18:21:33","modified_gmt":"2025-08-27T15:21:33","slug":"rupnieciskais-dumu-un-puteklu-savacejs-todc-4b","status":"publish","type":"product","link":"https:\/\/eltechnika.eu\/lv\/produkts\/rupnieciskais-dumu-un-puteklu-savacejs-todc-4b\/","title":{"rendered":"R\u016bpnieciskais d\u016bmu un putek\u013cu sav\u0101c\u0113js TODC-4B"},"content":{"rendered":"<h2>TODC-4L: T\u012brs gaiss &#8211; dro\u0161a darbavieta<\/h2>\n<p>Intens\u012bvi ra\u017eo\u0161anas procesi, piem\u0113ram, l\u0101zera grie\u0161ana, metin\u0101\u0161ana vai fr\u0113z\u0113\u0161ana, vid\u0113 izdala lielu daudzumu kait\u012bgo da\u013ci\u0146u un g\u0101zu. \u0160ie pies\u0101r\u0146ot\u0101ji ne tikai rada tie\u0161u risku darbinieku elpce\u013ciem un visp\u0101r\u0113jai vesel\u012bbai, bet var ar\u012b saboj\u0101t jut\u012bgas r\u016bpniecisk\u0101s iek\u0101rtas, nok\u013c\u016bstot uz optikas, elektronikas vai meh\u0101niskiem komponentiem. R\u016bpnieciskais kolektors TODC-4L ir izstr\u0101d\u0101ts, lai efekt\u012bvi risin\u0101tu \u0161o probl\u0113mu, filtr\u0113jot gaisu un atgrie\u017eot to telp\u0101 t\u012bru un dro\u0161u.  <\/p>\n<h2>Uzlabota 4 pak\u0101pju filtr\u0113\u0161anas sist\u0113ma<\/h2>\n<p>TODC-4L efektivit\u0101tes nosl\u0113pums ir t\u0101 konsekvent\u0101, daudzpak\u0101pju filtr\u0113\u0161anas sist\u0113ma, kas aiztur da\u017e\u0101da izm\u0113ra da\u013ci\u0146as un g\u0101zes, nodro\u0161inot maksim\u0101lu gaisa att\u012br\u012b\u0161anu:<\/p>\n<ol>\n<li><strong>Priek\u0161filtrs:<\/strong> pirm\u0101 barjera, kas aiztur rupj\u0101k\u0101s putek\u013cu da\u013ci\u0146as, met\u0101la skaidas un dzirksteles. Tas aizsarg\u0101 zem t\u0101 eso\u0161os filtrus no \u0101tras aizs\u0113r\u0113\u0161anas un boj\u0101jumiem. <\/li>\n<li><strong>Vid\u0113jais filtrs:<\/strong> aiztur s\u012bk\u0101kas putek\u013cu da\u013ci\u0146as, pagarinot galven\u0101 HEPA filtra kalpo\u0161anas laiku.<\/li>\n<li><strong>HEPA filtrs:<\/strong> tas ir galvenais filtrs, kas sav\u0101c viss\u012bk\u0101k\u0101s un b\u012bstam\u0101k\u0101s da\u013ci\u0146as (l\u012bdz 0,3 mikroniem), tostarp d\u016bmus un aerosolus. T\u0101 efektivit\u0101te ir l\u012bdz 99,97 %. <\/li>\n<li><strong>Aktiv\u0113t\u0101s ogles filtrs:<\/strong> p\u0113d\u0113jais posms, kas neitraliz\u0113 nepat\u012bkamas smakas, gaisto\u0161os organiskos savienojumus (GOS) un citas kait\u012bg\u0101s g\u0101zes, kas izdal\u0101s, grie\u017eot plastmasu, akrilu vai citas \u0137\u012bmisk\u0101s vielas.<\/li>\n<\/ol>\n<h2>Paredz\u0113ts r\u016bpnieciskai lieto\u0161anai<\/h2>\n<p>Katra TODC-4L deta\u013ca ir p\u0101rdom\u0101ta, lai nodro\u0161in\u0101tu \u0113rtu un efekt\u012bvu lieto\u0161anu industri\u0101l\u0101 vid\u0113.<\/p>\n<ul>\n<li><strong>Sp\u0113c\u012bga s\u016bkn\u0113\u0161ana:<\/strong> augsta spiediena, bet kluss motors rada sp\u0113c\u012bgu s\u016bkn\u0113\u0161anu, kas efekt\u012bvi uztver pies\u0101r\u0146ot\u0101jus tie\u0161i no to ra\u0161an\u0101s avota.<\/li>\n<li><strong>Mobilit\u0101te un elast\u012bgums:<\/strong> ier\u012bce ir apr\u012bkota ar rite\u0146iem, kas atvieglo t\u0101s p\u0101rvieto\u0161anu uz darbam nepiecie\u0161amo vietu. Komplekt\u0101 iek\u013caut\u0101s elast\u012bg\u0101s \u0161\u013c\u016btenes \u013cauj \u0113rti pievienot kolektoru jebkurai iek\u0101rtai. <\/li>\n<li><strong>Iztur\u012bga konstrukcija:<\/strong> met\u0101la korpuss ir iztur\u012bgs pret meh\u0101niskiem boj\u0101jumiem un paredz\u0113ts intens\u012bvai lieto\u0161anai darbn\u012bcas apst\u0101k\u013cos.<\/li>\n<li><strong>Viegla apkope:<\/strong> filtri ir viegli pieejami un \u0101tri nomain\u0101mi, un filtra st\u0101vok\u013ca indikators j\u016bs inform\u0113s, kad ir pien\u0101cis laiks tos nomain\u012bt.<\/li>\n<\/ul>\n<h3>Piem\u0113ro\u0161anas jomas:<\/h3>\n<ul>\n<li>L\u0101zera grie\u0161ana un grav\u0113\u0161ana (CO2 un \u0161\u0137iedru)<\/li>\n<li>CNC fr\u0113z\u0113\u0161ana un grav\u0113\u0161ana<\/li>\n<li>Metin\u0101\u0161ana, lod\u0113\u0161ana un met\u0101la sl\u012bp\u0113\u0161ana<\/li>\n<li>3D druk\u0101\u0161ana (FDM, SLA)<\/li>\n<li>Elektronikas ra\u017eo\u0161ana un remonts<\/li>\n<li>\u0136\u012bmijas laboratorij\u0101s un cit\u0101s r\u016bpniec\u012bbas nozar\u0113s, kur izdal\u0101s putek\u013ci un d\u016bmi.<\/li>\n<\/ul>\n<table width=\"454\">\n<tbody>\n<tr>\n<td width=\"261\">Tehnisk\u0101s specifik\u0101cijas<\/td>\n<td width=\"193\"><\/td>\n<\/tr>\n<tr data-start=\"929\" data-end=\"991\">\n<td width=\"261\" data-start=\"929\" data-end=\"962\" data-col-size=\"sm\">Modelis<\/td>\n<td width=\"193\" data-col-size=\"sm\" data-start=\"962\" data-end=\"991\">TODC-4B<\/td>\n<\/tr>\n<tr data-start=\"992\" data-end=\"1054\">\n<td width=\"261\" data-start=\"992\" data-end=\"1025\" data-col-size=\"sm\">Filtra skaits<\/td>\n<td width=\"193\" data-col-size=\"sm\" data-start=\"1025\" data-end=\"1054\">4 gab. k\u0101rtrid\u017ei <\/td>\n<\/tr>\n<tr data-start=\"1055\" data-end=\"1117\">\n<td width=\"261\" data-start=\"1055\" data-end=\"1088\" data-col-size=\"sm\">Filtr\u0113\u0161anas zona<\/td>\n<td width=\"193\" data-col-size=\"sm\" data-start=\"1088\" data-end=\"1117\">80 m\u00b2<\/td>\n<\/tr>\n<tr data-start=\"1118\" data-end=\"1180\">\n<td width=\"261\" data-start=\"1118\" data-end=\"1151\" data-col-size=\"sm\">Filtr\u0113\u0161anas efektivit\u0101te<\/td>\n<td width=\"193\" data-col-size=\"sm\" data-start=\"1151\" data-end=\"1180\">99,99 %<\/td>\n<\/tr>\n<tr data-start=\"1181\" data-end=\"1243\">\n<td width=\"261\" data-start=\"1181\" data-end=\"1214\" data-col-size=\"sm\">Gaisa pl\u016bsma<\/td>\n<td width=\"193\" data-col-size=\"sm\" data-start=\"1214\" data-end=\"1243\">~4000 m\u00b3\/h<\/td>\n<\/tr>\n<tr data-start=\"1244\" data-end=\"1306\">\n<td width=\"261\" data-start=\"1244\" data-end=\"1277\" data-col-size=\"sm\">P\u016bt\u0113ja jauda<\/td>\n<td width=\"193\" data-col-size=\"sm\" data-start=\"1277\" data-end=\"1306\">5,5 kW (Siemens)<\/td>\n<\/tr>\n<tr data-start=\"1307\" data-end=\"1369\">\n<td width=\"261\" data-start=\"1307\" data-end=\"1340\" data-col-size=\"sm\">Sav\u0101k\u0161anas konteinera ietilp\u012bba<\/td>\n<td width=\"193\" data-col-size=\"sm\" data-start=\"1340\" data-end=\"1369\">45 l<\/td>\n<\/tr>\n<tr data-start=\"1370\" data-end=\"1432\">\n<td width=\"261\" data-start=\"1370\" data-end=\"1403\" data-col-size=\"sm\">Spiediens<\/td>\n<td width=\"193\" data-col-size=\"sm\" data-start=\"1403\" data-end=\"1432\">3000 Pa<\/td>\n<\/tr>\n<tr data-start=\"1433\" data-end=\"1499\">\n<td width=\"261\" data-start=\"1433\" data-end=\"1466\" data-col-size=\"sm\">Nepiecie\u0161amais saspiestais gaiss<\/td>\n<td width=\"193\" data-col-size=\"sm\" data-start=\"1466\" data-end=\"1499\">0,6 MPa, bez e\u013c\u013cas un mitruma<\/td>\n<\/tr>\n<tr data-start=\"1500\" data-end=\"1562\">\n<td width=\"261\" data-start=\"1500\" data-end=\"1533\" data-col-size=\"sm\">\u0112din\u0101\u0161ana<\/td>\n<td width=\"193\" data-col-size=\"sm\" data-start=\"1533\" data-end=\"1562\">3 f\u0101zes, 380 V<\/td>\n<\/tr>\n<tr data-start=\"1563\" data-end=\"1625\">\n<td width=\"261\" data-start=\"1563\" data-end=\"1596\" data-col-size=\"sm\">Emisijas gaisa pies\u0101r\u0146ojums<\/td>\n<td width=\"193\" data-col-size=\"sm\" data-start=\"1596\" data-end=\"1625\">&lt;10 mg\/m\u00b3<\/td>\n<\/tr>\n<tr data-start=\"1626\" data-end=\"1688\">\n<td width=\"261\" data-start=\"1626\" data-end=\"1659\" data-col-size=\"sm\">Svars<\/td>\n<td width=\"193\" data-col-size=\"sm\" data-start=\"1659\" data-end=\"1688\">~700 kg<\/td>\n<\/tr>\n<\/tbody>\n<\/table>\n","protected":false},"excerpt":{"rendered":"<p>TODC-4L r\u016bpnieciskais putek\u013cu un d\u016bmu sav\u0101c\u0113js ir j\u016bsu risin\u0101jums t\u012brai un dro\u0161ai darba videi. Jaud\u012bg\u0101 <strong>daudzpak\u0101pju filtr\u0113\u0161anas sist\u0113ma ar HEPA un akt\u012bv\u0101s ogles filtriem<\/strong> efekt\u012bvi uztver b\u012bstamos d\u016bmus, smalkos putek\u013cus un gaisto\u0161os organiskos savienojumus (GOS), kas rodas l\u0101zera grie\u0161anas, grav\u0113\u0161anas, metin\u0101\u0161anas vai CNC fr\u0113z\u0113\u0161anas laik\u0101. Aizsarg\u0101jiet savu darbinieku vesel\u012bbu, pagariniet d\u0101rg\u0101 apr\u012bkojuma kalpo\u0161anas laiku un izpildiet darba dro\u0161\u012bbas pras\u012bbas.  <\/p>\n","protected":false},"featured_media":10521,"template":"","meta":{"_acf_changed":false},"product_brand":[],"product_cat":[386],"product_tag":[],"class_list":{"0":"post-10525","1":"product","2":"type-product","3":"status-publish","4":"has-post-thumbnail","6":"product_cat-fiber-lazera-griesanas","7":"","8":"woocommerce-text-align-center","9":"woocommerce-image-align-center","11":"first","12":"instock","13":"shipping-taxable","14":"product-type-simple"},"acf":[],"_links":{"self":[{"href":"https:\/\/eltechnika.eu\/lv\/wp-json\/wp\/v2\/product\/10525","targetHints":{"allow":["GET"]}}],"collection":[{"href":"https:\/\/eltechnika.eu\/lv\/wp-json\/wp\/v2\/product"}],"about":[{"href":"https:\/\/eltechnika.eu\/lv\/wp-json\/wp\/v2\/types\/product"}],"wp:featuredmedia":[{"embeddable":true,"href":"https:\/\/eltechnika.eu\/lv\/wp-json\/wp\/v2\/media\/10521"}],"wp:attachment":[{"href":"https:\/\/eltechnika.eu\/lv\/wp-json\/wp\/v2\/media?parent=10525"}],"wp:term":[{"taxonomy":"product_brand","embeddable":true,"href":"https:\/\/eltechnika.eu\/lv\/wp-json\/wp\/v2\/product_brand?post=10525"},{"taxonomy":"product_cat","embeddable":true,"href":"https:\/\/eltechnika.eu\/lv\/wp-json\/wp\/v2\/product_cat?post=10525"},{"taxonomy":"product_tag","embeddable":true,"href":"https:\/\/eltechnika.eu\/lv\/wp-json\/wp\/v2\/product_tag?post=10525"}],"curies":[{"name":"wp","href":"https:\/\/api.w.org\/{rel}","templated":true}]}}