{"id":7254,"date":"2016-10-19T11:23:45","date_gmt":"2016-10-19T08:23:45","guid":{"rendered":"https:\/\/eltechnika.eu\/sakums\/"},"modified":"2026-01-29T12:48:37","modified_gmt":"2026-01-29T09:48:37","slug":"sakums-2","status":"publish","type":"page","link":"https:\/\/eltechnika.eu\/lv\/","title":{"rendered":"S\u0101kums"},"content":{"rendered":"\n<div class=\"gb-element-b2d51839\">\n<div class=\"gb-element-a7051f38\">\n<div class=\"gb-element-83ee7a41\">\n<div class=\"gb-element-e915b14c\">\n<img decoding=\"async\" width=\"400\" height=\"266\" class=\"gb-media-844f0bf9 lazyload-exclude\" alt=\"\" src=\"https:\/\/eltechnika.eu\/wp-content\/uploads\/2025\/06\/fiber-corr-3-e1749807567409.webp\" title=\"\u0161\u0137iedras corr\">\n<\/div>\n\n\n\n<div class=\"gb-element-35650d97\">\n<img decoding=\"async\" width=\"400\" height=\"266\" class=\"gb-media-4ce8f7cc lazyload-exclude\" alt=\"\" src=\"https:\/\/eltechnika.eu\/wp-content\/uploads\/2025\/06\/mira9spagr-e1749807678894.webp\" title=\"mira9spagr\">\n<\/div>\n\n\n\n<div class=\"gb-element-171341d8\">\n<img decoding=\"async\" width=\"400\" height=\"400\" class=\"gb-media-dcd8bdcf lazyload-exclude\" alt=\"\" src=\"https:\/\/eltechnika.eu\/wp-content\/uploads\/2025\/06\/DPP-A1Ultra-EN-8-1-e1749807734187.webp\" title=\"DPP-A1Ultra---EN-8\" srcset=\"https:\/\/eltechnika.eu\/wp-content\/uploads\/2025\/06\/DPP-A1Ultra-EN-8-1-e1749807734187.webp 400w, https:\/\/eltechnika.eu\/wp-content\/uploads\/2025\/06\/DPP-A1Ultra-EN-8-1-e1749807734187-160x160.webp 160w, https:\/\/eltechnika.eu\/wp-content\/uploads\/2025\/06\/DPP-A1Ultra-EN-8-1-e1749807734187-300x300.webp 300w, https:\/\/eltechnika.eu\/wp-content\/uploads\/2025\/06\/DPP-A1Ultra-EN-8-1-e1749807734187-100x100.webp 100w\" sizes=\"(max-width: 400px) 100vw, 400px\" \/>\n<\/div>\n\n\n\n<div class=\"gb-element-7a461155\">\n<img decoding=\"async\" width=\"400\" height=\"266\" class=\"gb-media-170f999d lazyload-exclude\" alt=\"\" src=\"https:\/\/eltechnika.eu\/wp-content\/uploads\/2025\/06\/elitenova10pagr-1-e1749807784104.webp\" title=\"elitenova10pagr\">\n<\/div>\n\n\n\n<div class=\"gb-element-50034def\">\n<img decoding=\"async\" width=\"400\" height=\"266\" class=\"gb-media-a4e0e60f lazyload-exclude\" alt=\"\" src=\"https:\/\/eltechnika.eu\/wp-content\/uploads\/2025\/06\/co2pagr-e1749807823830.webp\" title=\"co2pagr\">\n<\/div>\n<\/div>\n\n\n\n<div class=\"gb-element-962a0494\"><\/div>\n<\/div>\n\n\n\n<h1 class=\"gb-text gb-text-9013fc31\">Atbr\u012bvojiet savu rado\u0161umu<\/h1>\n<\/div>\n\n<div class=\"gb-element-6218a2be\">\n<div class=\"gb-element-438d8ee3\">\n<div class=\"gb-element-124ed638\">\n<span class=\"gb-text gb-text-53f161cb\">Eltechnika<\/span>\n\n\n\n<h2 class=\"gb-text gb-text-25a45bc4\">M\u016bsu pied\u0101v\u0101tie produkti<\/h2>\n\n\n\n<div class=\"gb-element-bd4fb63f\"><\/div>\n<\/div>\n\n\n\n<div class=\"gb-element-65d8dd10\">\n<a class=\"gb-element-13070899\" href=\"https:\/\/eltechnika.eu\/lt-kat\/lazerines-stakles\/aeon-co2-pjovimui-graviravimui\/\">\n<div class=\"gb-element-01ccf947\">\n<div>\n<h3 class=\"gb-text gb-text-e79749e2\">CO2<\/h3>\n\n\n\n<h4 class=\"gb-text gb-text-7adab669\">L\u0100ZERGRIE\u0160ANAS &#8211; GRAV\u0112\u0160ANAS MA\u0160\u012aNAS<\/h4>\n<\/div>\n\n\n\n<div>\n<img decoding=\"async\" width=\"400\" height=\"400\" class=\"gb-media-834dc4fd\" alt=\"\" src=\"https:\/\/eltechnika.eu\/wp-content\/uploads\/2025\/06\/aeon-laser-homepage-e1749569594799.webp\" title=\"aeon-laser-homepage-e1749569594799\" srcset=\"https:\/\/eltechnika.eu\/wp-content\/uploads\/2025\/06\/aeon-laser-homepage-e1749569594799.webp 400w, https:\/\/eltechnika.eu\/wp-content\/uploads\/2025\/06\/aeon-laser-homepage-e1749569594799-160x160.webp 160w, https:\/\/eltechnika.eu\/wp-content\/uploads\/2025\/06\/aeon-laser-homepage-e1749569594799-300x300.webp 300w, https:\/\/eltechnika.eu\/wp-content\/uploads\/2025\/06\/aeon-laser-homepage-e1749569594799-100x100.webp 100w\" sizes=\"(max-width: 400px) 100vw, 400px\" \/>\n<\/div>\n<\/div>\n<\/a>\n\n\n\n<a class=\"gb-element-c21e8c8d\" href=\"https:\/\/eltechnika.eu\/produktas\/co2-lazerines-graviravimo-stakles\/\">\n<div class=\"gb-element-cc4d761c\">\n<div>\n<h3 class=\"gb-text gb-text-f11155a3\">CO2<\/h3>\n\n\n\n<h4 class=\"gb-text gb-text-c584b213\">L\u0100ZERA MAR\u0136\u0112\u0160ANAS &#8211; GRAV\u0112\u0160ANAS IEK\u0100RTAS<\/h4>\n<\/div>\n\n\n\n<div>\n<img decoding=\"async\" width=\"400\" height=\"266\" class=\"gb-media-3280fdbd\" alt=\"\" src=\"https:\/\/eltechnika.eu\/wp-content\/uploads\/2025\/06\/co2pagr-e1749807823830.webp\" title=\"co2pagr-e1749807823830\">\n<\/div>\n<\/div>\n<\/a>\n\n\n\n<a class=\"gb-element-cb530621\" href=\"https:\/\/eltechnika.eu\/lt-kat\/lazerines-stakles\/fiber-metalo-pjovimui\/\">\n<div class=\"gb-element-b689e837\">\n<div>\n<h3 class=\"gb-text gb-text-de96aeeb\">FIBER<\/h3>\n\n\n\n<h4 class=\"gb-text gb-text-23801a30\">MET\u0100LA GRIE\u0160ANAS MA\u0160\u012aNAS<\/h4>\n<\/div>\n\n\n\n<div>\n<img decoding=\"async\" width=\"800\" height=\"800\" class=\"gb-media-9cfed0c9\" alt=\"\u0160\u0137iedras met\u0101la grie\u0161anas iek\u0101rta EL-6060P 1500W\" src=\"https:\/\/eltechnika.eu\/wp-content\/uploads\/2025\/08\/Fiber-metalo-pjovimo-stakles-EL-6060P-1500W.png\" title=\"\u0160\u0137iedras met\u0101la grie\u0161anas iek\u0101rta EL-6060P 1500W\" srcset=\"https:\/\/eltechnika.eu\/wp-content\/uploads\/2025\/08\/Fiber-metalo-pjovimo-stakles-EL-6060P-1500W.png 800w, https:\/\/eltechnika.eu\/wp-content\/uploads\/2025\/08\/Fiber-metalo-pjovimo-stakles-EL-6060P-1500W-640x640.png 640w, https:\/\/eltechnika.eu\/wp-content\/uploads\/2025\/08\/Fiber-metalo-pjovimo-stakles-EL-6060P-1500W-160x160.png 160w, https:\/\/eltechnika.eu\/wp-content\/uploads\/2025\/08\/Fiber-metalo-pjovimo-stakles-EL-6060P-1500W-300x300.png 300w, https:\/\/eltechnika.eu\/wp-content\/uploads\/2025\/08\/Fiber-metalo-pjovimo-stakles-EL-6060P-1500W-600x600.png 600w, https:\/\/eltechnika.eu\/wp-content\/uploads\/2025\/08\/Fiber-metalo-pjovimo-stakles-EL-6060P-1500W-100x100.png 100w\" sizes=\"(max-width: 800px) 100vw, 800px\" \/>\n<\/div>\n<\/div>\n<\/a>\n\n\n\n<a class=\"gb-element-fae7b134\" href=\"https:\/\/eltechnika.eu\/produktas\/fiber-lazerines-markiravimo-graviravimo-stakles\/\">\n<div class=\"gb-element-74580c28\">\n<div>\n<h3 class=\"gb-text gb-text-f956b003\">FIBER<\/h3>\n\n\n\n<h4 class=\"gb-text gb-text-094490aa\">L\u0100ZERGRAV\u0112\u0160ANAS IEK\u0100RTAS<\/h4>\n<\/div>\n\n\n\n<div>\n<img decoding=\"async\" width=\"400\" height=\"266\" class=\"gb-media-e657499d\" alt=\"\" src=\"https:\/\/eltechnika.eu\/wp-content\/uploads\/2025\/06\/fiber-corr-3-e1749807567409.webp\" title=\"fiber-corr-3-e1749807567409\">\n<\/div>\n<\/div>\n<\/a>\n\n\n\n<a class=\"gb-element-dfdf2ce9\" href=\"https:\/\/eltechnika.eu\/produktas\/uv-lazerines-markiravimo-stakles\/\">\n<div class=\"gb-element-8afc1c84\">\n<div>\n<h3 class=\"gb-text gb-text-3937b8cb\">UV<\/h3>\n\n\n\n<h4 class=\"gb-text gb-text-e08761be\">L\u0100ZERGRAV\u0112\u0160ANAS IEK\u0100RTAS<\/h4>\n<\/div>\n\n\n\n<div>\n<img decoding=\"async\" width=\"300\" height=\"300\" class=\"gb-media-9b8c70c1\" alt=\"\" src=\"https:\/\/eltechnika.eu\/wp-content\/uploads\/2025\/06\/fiber-uv-co2-homepage-300x300-1.webp\" title=\"fiber-uv-co2-homepage-300x300\" srcset=\"https:\/\/eltechnika.eu\/wp-content\/uploads\/2025\/06\/fiber-uv-co2-homepage-300x300-1.webp 300w, https:\/\/eltechnika.eu\/wp-content\/uploads\/2025\/06\/fiber-uv-co2-homepage-300x300-1-160x160.webp 160w, https:\/\/eltechnika.eu\/wp-content\/uploads\/2025\/06\/fiber-uv-co2-homepage-300x300-1-100x100.webp 100w\" sizes=\"(max-width: 300px) 100vw, 300px\" \/>\n<\/div>\n<\/div>\n<\/a>\n\n\n\n<a class=\"gb-element-17032eb3\" href=\"https:\/\/eltechnika.eu\/lt-kat\/uv-spausdintuvai\/\">\n<div class=\"gb-element-f5c444b5\">\n<div>\n<h3 class=\"gb-text gb-text-f883c73e\">UV<\/h3>\n\n\n\n<h4 class=\"gb-text gb-text-b1ed948f\">PRINTERI<\/h4>\n<\/div>\n\n\n\n<div>\n<img decoding=\"async\" width=\"300\" height=\"300\" class=\"gb-media-e8cbb309\" alt=\"\" src=\"https:\/\/eltechnika.eu\/wp-content\/uploads\/2025\/06\/UV-spausdintuvai-homepage-300x300-1.webp\" title=\"UV-printers-homepage-300x300\" srcset=\"https:\/\/eltechnika.eu\/wp-content\/uploads\/2025\/06\/UV-spausdintuvai-homepage-300x300-1.webp 300w, https:\/\/eltechnika.eu\/wp-content\/uploads\/2025\/06\/UV-spausdintuvai-homepage-300x300-1-160x160.webp 160w, https:\/\/eltechnika.eu\/wp-content\/uploads\/2025\/06\/UV-spausdintuvai-homepage-300x300-1-100x100.webp 100w\" sizes=\"(max-width: 300px) 100vw, 300px\" \/>\n<\/div>\n<\/div>\n<\/a>\n\n\n\n<a class=\"gb-element-79293600\" href=\"https:\/\/eltechnika.eu\/produktas\/cnc-frezavimo-stakles-hobby-line\/\">\n<div class=\"gb-element-04dcf833\">\n<div>\n<h3 class=\"gb-text gb-text-23fcc8d5\">CNC<\/h3>\n\n\n\n<h4 class=\"gb-text gb-text-08d218de\">FR\u0112ZMA\u0160\u012aNAS<\/h4>\n<\/div>\n\n\n\n<div>\n<img decoding=\"async\" width=\"300\" height=\"300\" class=\"gb-media-cbb5b66c\" alt=\"\" src=\"https:\/\/eltechnika.eu\/wp-content\/uploads\/2025\/06\/CNC-stakles-homepage-300x300-1.webp\" title=\"CNC-stakles-homepage-300x300\" srcset=\"https:\/\/eltechnika.eu\/wp-content\/uploads\/2025\/06\/CNC-stakles-homepage-300x300-1.webp 300w, https:\/\/eltechnika.eu\/wp-content\/uploads\/2025\/06\/CNC-stakles-homepage-300x300-1-160x160.webp 160w, https:\/\/eltechnika.eu\/wp-content\/uploads\/2025\/06\/CNC-stakles-homepage-300x300-1-100x100.webp 100w\" sizes=\"(max-width: 300px) 100vw, 300px\" \/>\n<\/div>\n<\/div>\n<\/a>\n\n\n\n<a class=\"gb-element-3f3ea876\" href=\"https:\/\/eltechnika.eu\/lt-kat\/xtool-hobby-and-diy\/\">\n<div class=\"gb-element-32c17fc2\">\n<div>\n<h3 class=\"gb-text gb-text-7414b048\">XTOOL<\/h3>\n\n\n\n<h4 class=\"gb-text gb-text-f50e6121\">HOBBY &amp; DIY TEHNIKA<\/h4>\n<\/div>\n\n\n\n<div>\n<img decoding=\"async\" width=\"300\" height=\"300\" class=\"gb-media-64c3cba3\" alt=\"\" src=\"https:\/\/eltechnika.eu\/wp-content\/uploads\/2025\/10\/xTool-stakles.png\" title=\"xTool tehnika\" srcset=\"https:\/\/eltechnika.eu\/wp-content\/uploads\/2025\/10\/xTool-stakles.png 300w, https:\/\/eltechnika.eu\/wp-content\/uploads\/2025\/10\/xTool-stakles-160x160.png 160w, https:\/\/eltechnika.eu\/wp-content\/uploads\/2025\/10\/xTool-stakles-100x100.png 100w\" sizes=\"(max-width: 300px) 100vw, 300px\" \/>\n<\/div>\n<\/div>\n<\/a>\n<\/div>\n<\/div>\n<\/div>\n\n<div class=\"gb-element-87a79563\">\n<div class=\"gb-element-36884434\">\n<div class=\"gb-element-6ad7e71e\">\n<div class=\"gb-element-5731b8a0\">\n<h2 class=\"gb-text gb-text-d745f62c\">Par mums<\/h2>\n\n\n\n<div class=\"gb-element-2eac1364\"><\/div>\n\n\n\n<a class=\"gb-text-847eadda\" href=\"https:\/\/eltechnika.eu\/lv\/par-mums\/\"><span class=\"gb-text\">M\u016bsu v\u0113sture<\/span><span class=\"gb-shape\"><svg xmlns=\"http:\/\/www.w3.org\/2000\/svg\" aria-hidden=\"true\" role=\"img\" height=\"1em\" width=\"1em\" viewbox=\"0 0 256 512\"><path fill=\"currentColor\" d=\"M224.3 273l-136 136c-9.4 9.4-24.6 9.4-33.9 0l-22.6-22.6c-9.4-9.4-9.4-24.6 0-33.9l96.4-96.4-96.4-96.4c-9.4-9.4-9.4-24.6 0-33.9L54.3 103c9.4-9.4 24.6-9.4 33.9 0l136 136c9.5 9.4 9.5 24.6.1 34z\"><\/path><\/svg><\/span><\/a>\n<\/div>\n\n\n\n<div>\n<p class=\"gb-text gb-text-ca0b1590\">Laipni l\u016bdzam Eltechnika, kas ir partneris progres\u012bv\u0101ko l\u0101zeru, CO2, RF, CNC un \u0161\u0137iedru risin\u0101jumu jom\u0101. Kop\u0161 m\u016bsu dibin\u0101\u0161anas 2015. gad\u0101 m\u0113s varam lepoties ar tehnolo\u0123iskaj\u0101m inov\u0101cij\u0101m un izcilu klientu apkalpo\u0161anu Baltijas re\u0123ion\u0101. M\u016bsu ce\u013c\u0161 s\u0101k\u0101s ar ap\u0146em\u0161anos sasniegt kvalit\u0101ti un v\u012bziju main\u012bt nozari, \u0161\u012b \u0113tika joproj\u0101m ir m\u016bsu darb\u012bbas pamat\u0101.  <br><\/p>\n<\/div>\n<\/div>\n\n\n\n<div class=\"gb-element-f913f7c9\">\n<div class=\"gb-element-e564c1bf\"><style>.kb-count-up-1981_0adef2-7f .kb-count-up-number{color:var(--contrast);font-size:45px;letter-spacing:2px;font-family:Montserrat;font-weight:700;}.kb-count-up-1981_0adef2-7f .kb-count-up-number{padding-bottom:0px;margin-bottom:0px;text-align:center;}<\/style>\n<div class=\"wp-block-kadence-countup kb-count-up-1981_0adef2-7f kb-count-up\" data-start=\"1000\" data-end=\"2015\" data-prefix=\"\" data-suffix=\"\" data-duration=\"1.2\" data-separator=\"\"><div class=\"kb-count-up-process kb-count-up-number\"><\/div><\/div>\n\n\n\n<span class=\"gb-text gb-text-95a5099f\">Izveidoja<\/span>\n<\/div>\n\n\n\n<div class=\"gb-element-14b885e8\"><style>.kb-count-up-1981_3c615f-7c .kb-count-up-number{color:var(--contrast);font-size:45px;letter-spacing:2px;font-family:Montserrat;font-weight:700;}.kb-count-up-1981_3c615f-7c .kb-count-up-number{padding-bottom:0px;margin-bottom:0px;text-align:center;}<\/style>\n<div class=\"wp-block-kadence-countup kb-count-up-1981_3c615f-7c kb-count-up\" data-start=\"1\" data-end=\"17\" data-prefix=\"\" data-suffix=\"\" data-duration=\"1.2\" data-separator=\"\"><div class=\"kb-count-up-process kb-count-up-number\"><\/div><\/div>\n\n\n\n<span class=\"gb-text gb-text-fcdbbe6e\">Person\u0101ls<\/span>\n<\/div>\n\n\n\n<div class=\"gb-element-17cb0d25\"><style>.kb-count-up-1981_d9dbd6-c5 .kb-count-up-number{color:var(--contrast);font-size:45px;letter-spacing:2px;font-family:Montserrat;font-weight:700;}.kb-count-up-1981_d9dbd6-c5 .kb-count-up-number{padding-bottom:0px;margin-bottom:0px;text-align:center;}<\/style>\n<div class=\"wp-block-kadence-countup kb-count-up-1981_d9dbd6-c5 kb-count-up\" data-start=\"1\" data-end=\"199\" data-prefix=\"\" data-suffix=\"\" data-duration=\"1.2\" data-separator=\"\"><div class=\"kb-count-up-process kb-count-up-number\"><\/div><\/div>\n\n\n\n<span class=\"gb-text gb-text-ff5c5cde\">Projekti<\/span>\n<\/div>\n\n\n\n<div class=\"gb-element-9ae84ed7\"><style>.kb-count-up-1981_14d327-bc .kb-count-up-number{color:var(--contrast);font-size:45px;letter-spacing:2px;font-family:Montserrat;font-weight:700;}.kb-count-up-1981_14d327-bc .kb-count-up-number{padding-bottom:0px;margin-bottom:0px;text-align:center;}<\/style>\n<div class=\"wp-block-kadence-countup kb-count-up-1981_14d327-bc kb-count-up\" data-start=\"1\" data-end=\"6\" data-prefix=\"\" data-suffix=\"\" data-duration=\"1.2\" data-separator=\"\"><div class=\"kb-count-up-process kb-count-up-number\"><\/div><\/div>\n\n\n\n<span class=\"gb-text gb-text-5c181ae7\">Izst\u0101des<\/span>\n<\/div>\n<\/div>\n<\/div>\n<\/div>\n","protected":false},"excerpt":{"rendered":"<p>Atbr\u012bvojiet savu rado\u0161umu Eltechnika M\u016bsu pied\u0101v\u0101tie produkti CO2 L\u0100ZERGRIE\u0160ANAS &#8211; GRAV\u0112\u0160ANAS MA\u0160\u012aNAS CO2 L\u0100ZERA MAR\u0136\u0112\u0160ANAS &#8211; GRAV\u0112\u0160ANAS IEK\u0100RTAS FIBER MET\u0100LA GRIE\u0160ANAS MA\u0160\u012aNAS FIBER L\u0100ZERGRAV\u0112\u0160ANAS IEK\u0100RTAS UV L\u0100ZERGRAV\u0112\u0160ANAS IEK\u0100RTAS UV PRINTERI CNC FR\u0112ZMA\u0160\u012aNAS XTOOL HOBBY &amp; DIY TEHNIKA Par mums M\u016bsu v\u0113sture Laipni l\u016bdzam Eltechnika, kas ir partneris progres\u012bv\u0101ko l\u0101zeru, CO2, RF, CNC un \u0161\u0137iedru risin\u0101jumu &#8230; <a title=\"S\u0101kums\" class=\"read-more\" href=\"https:\/\/eltechnika.eu\/lv\/\" aria-label=\"Read more about S\u0101kums\">Read more<\/a><\/p>\n","protected":false},"author":1,"featured_media":0,"parent":0,"menu_order":0,"comment_status":"closed","ping_status":"closed","template":"","meta":{"_acf_changed":false,"footnotes":""},"class_list":["post-7254","page","type-page","status-publish"],"acf":[],"_links":{"self":[{"href":"https:\/\/eltechnika.eu\/lv\/wp-json\/wp\/v2\/pages\/7254","targetHints":{"allow":["GET"]}}],"collection":[{"href":"https:\/\/eltechnika.eu\/lv\/wp-json\/wp\/v2\/pages"}],"about":[{"href":"https:\/\/eltechnika.eu\/lv\/wp-json\/wp\/v2\/types\/page"}],"author":[{"embeddable":true,"href":"https:\/\/eltechnika.eu\/lv\/wp-json\/wp\/v2\/users\/1"}],"replies":[{"embeddable":true,"href":"https:\/\/eltechnika.eu\/lv\/wp-json\/wp\/v2\/comments?post=7254"}],"version-history":[{"count":4,"href":"https:\/\/eltechnika.eu\/lv\/wp-json\/wp\/v2\/pages\/7254\/revisions"}],"predecessor-version":[{"id":12470,"href":"https:\/\/eltechnika.eu\/lv\/wp-json\/wp\/v2\/pages\/7254\/revisions\/12470"}],"wp:attachment":[{"href":"https:\/\/eltechnika.eu\/lv\/wp-json\/wp\/v2\/media?parent=7254"}],"curies":[{"name":"wp","href":"https:\/\/api.w.org\/{rel}","templated":true}]}}