{"id":7222,"date":"2024-08-26T12:57:38","date_gmt":"2024-08-26T09:57:38","guid":{"rendered":"https:\/\/eltechnika.eu\/projekti\/"},"modified":"2025-06-13T16:25:00","modified_gmt":"2025-06-13T13:25:00","slug":"projekti","status":"publish","type":"page","link":"https:\/\/eltechnika.eu\/lv\/projekti\/","title":{"rendered":"Projekti"},"content":{"rendered":"\n<div class=\"gb-element-974419af\">\n<div class=\"gb-element-16c30120\">\n<h1 class=\"gb-text gb-text-10b730c0\">Projekti<\/h1>\n\n\n\n<div class=\"gb-element-151d37e4\">\n<div>\n<iframe src=\"https:\/\/www.google.com\/maps\/d\/embed?mid=1AIpsTFX9cwDtH8JywkPadueG7yHypOU&#038;ehbc=2E312F\" width=\"100%\" height=\"480\"><\/iframe>\n<\/div>\n\n\n\n<div>\n<p><img decoding=\"async\" class=\"alignnone wp-image-5583\" src=\"https:\/\/eltechnika.eu\/wp-content\/uploads\/2024\/08\/aeonai.png\" alt=\"\" width=\"18\" height=\"24\"\/> <strong>AEON l\u0101zergrav\u0113\u0161anas grie\u0161anas ma\u0161\u012bnas<\/strong><\/p>\n\n\n\n<p><img decoding=\"async\" class=\"alignnone size-full wp-image-5588\" src=\"https:\/\/eltechnika.eu\/wp-content\/uploads\/2024\/08\/fiberiai.png\" alt=\"\" width=\"18\" height=\"24\"\/> <strong>FIBER GALVO l\u0101zera ma\u0161\u012bna<\/strong><\/p>\n\n\n\n<p><img decoding=\"async\" class=\"alignnone size-full wp-image-5590\" src=\"https:\/\/eltechnika.eu\/wp-content\/uploads\/2024\/08\/uv-galvo.png\" alt=\"\" width=\"18\" height=\"24\"\/> <strong>UV GALVO mar\u0137\u0113\u0161anas iek\u0101rta<\/strong><\/p>\n\n\n\n<p><img decoding=\"async\" class=\"alignnone size-full wp-image-5592\" src=\"https:\/\/eltechnika.eu\/wp-content\/uploads\/2024\/08\/sl.png\" alt=\"\" width=\"18\" height=\"24\"\/> <strong>SL l\u0101zera iek\u0101rtas<\/strong><\/p>\n\n\n\n<p><img decoding=\"async\" class=\"alignnone size-full wp-image-5594\" src=\"https:\/\/eltechnika.eu\/wp-content\/uploads\/2024\/08\/xtool.png\" alt=\"\" width=\"18\" height=\"24\"\/> <strong>XTOOL l\u0101zera iek\u0101rtas<\/strong><\/p>\n\n\n\n<p><img decoding=\"async\" class=\"alignnone size-full wp-image-5596\" src=\"https:\/\/eltechnika.eu\/wp-content\/uploads\/2024\/08\/creality.png\" alt=\"\" width=\"18\" height=\"25\"\/> <strong>CREALITY l\u0101zera ma\u0161\u012bna<\/strong><\/p>\n\n\n\n<p><img decoding=\"async\" class=\"alignnone size-full wp-image-5598\" src=\"https:\/\/eltechnika.eu\/wp-content\/uploads\/2024\/08\/flux.png\" alt=\"\" width=\"18\" height=\"24\"\/> <strong>FLUX l\u0101zera iek\u0101rtas<\/strong><\/p>\n\n\n\n<p><img decoding=\"async\" class=\"alignnone size-full wp-image-5600\" src=\"https:\/\/eltechnika.eu\/wp-content\/uploads\/2024\/08\/two-trees.png\" alt=\"\" width=\"18\" height=\"24\"\/> <strong>Divu koku l\u0101zera ma\u0161\u012bna<\/strong><\/p>\n\n\n\n<p><img decoding=\"async\" class=\"alignnone size-full wp-image-5578\" src=\"https:\/\/eltechnika.eu\/wp-content\/uploads\/2024\/08\/zvaigzdute.png\" alt=\"\" width=\"24\" height=\"24\"\/> <strong>UAB \u201cEltechnika\u201d<\/strong><\/p>\n<\/div>\n<\/div>\n<\/div>\n<\/div>\n","protected":false},"excerpt":{"rendered":"<p>Projekti AEON l\u0101zergrav\u0113\u0161anas grie\u0161anas ma\u0161\u012bnas FIBER GALVO l\u0101zera ma\u0161\u012bna UV GALVO mar\u0137\u0113\u0161anas iek\u0101rta SL l\u0101zera iek\u0101rtas XTOOL l\u0101zera iek\u0101rtas CREALITY l\u0101zera ma\u0161\u012bna FLUX l\u0101zera iek\u0101rtas Divu koku l\u0101zera ma\u0161\u012bna UAB \u201cEltechnika\u201d<\/p>\n","protected":false},"author":1,"featured_media":0,"parent":0,"menu_order":0,"comment_status":"closed","ping_status":"closed","template":"","meta":{"_acf_changed":false,"footnotes":""},"class_list":["post-7222","page","type-page","status-publish"],"acf":[],"_links":{"self":[{"href":"https:\/\/eltechnika.eu\/lv\/wp-json\/wp\/v2\/pages\/7222","targetHints":{"allow":["GET"]}}],"collection":[{"href":"https:\/\/eltechnika.eu\/lv\/wp-json\/wp\/v2\/pages"}],"about":[{"href":"https:\/\/eltechnika.eu\/lv\/wp-json\/wp\/v2\/types\/page"}],"author":[{"embeddable":true,"href":"https:\/\/eltechnika.eu\/lv\/wp-json\/wp\/v2\/users\/1"}],"replies":[{"embeddable":true,"href":"https:\/\/eltechnika.eu\/lv\/wp-json\/wp\/v2\/comments?post=7222"}],"version-history":[{"count":0,"href":"https:\/\/eltechnika.eu\/lv\/wp-json\/wp\/v2\/pages\/7222\/revisions"}],"wp:attachment":[{"href":"https:\/\/eltechnika.eu\/lv\/wp-json\/wp\/v2\/media?parent=7222"}],"curies":[{"name":"wp","href":"https:\/\/api.w.org\/{rel}","templated":true}]}}