{"id":11604,"date":"2025-09-29T13:04:26","date_gmt":"2025-09-29T10:04:26","guid":{"rendered":"https:\/\/eltechnika.eu\/pakalpojumus\/uv-drukas-pakalpojumi\/"},"modified":"2025-12-08T15:02:57","modified_gmt":"2025-12-08T12:02:57","slug":"uv-drukas-pakalpojumi","status":"publish","type":"page","link":"https:\/\/eltechnika.eu\/lv\/pakalpojumus\/uv-drukas-pakalpojumi\/","title":{"rendered":"UV drukas pakalpojumi"},"content":{"rendered":"\n<div class=\"gbp-section gb-element-eb73a720\">\n<div class=\"gb-element-66ff4147\">\n<div class=\"gb-element-85a58202\">\n<div>\n<h1 class=\"gb-text\">Tie\u0161\u0101s UV drukas pakalpojumi<\/h1>\n\n\n\n<p class=\"gb-text gbp-section__text--lg\">Spilgta un ilgsto\u0161a druka tie\u0161i uz j\u016bsu produktu virsmas.<\/p>\n\n\n\n<p class=\"gb-text\">M\u0113s pied\u0101v\u0101jam augstas iz\u0161\u0137irtsp\u0113jas <strong>tie\u0161\u0101s UV drukas pakalpojumus<\/strong>, kas \u013cauj p\u0101rnest kr\u0101sainus logotipus, att\u0113lus vai tehnisko inform\u0101ciju uz visda\u017e\u0101d\u0101kaj\u0101m l\u012bdzen\u0101m vai neliel\u0101m reljefa virsm\u0101m. \u0160\u012b tehnolo\u0123ija nodro\u0161ina izcilu iztur\u012bbu pret skr\u0101p\u0113jumiem un vides ietekmi. <\/p>\n\n\n\n<p class=\"gb-text\"><strong>UV druka<\/strong> ir m\u016bsdien\u012bgs risin\u0101jums, kas aizst\u0101j uzl\u012bmes, sietspiedi vai tampondruku. Tas ir ide\u0101li piem\u0113rots produktu personaliz\u0101cijai, z\u012bmola stila elementu ra\u017eo\u0161anai, prototipiem un neliel\u0101m produktu s\u0113rij\u0101m. <\/p>\n<\/div>\n\n\n\n<div>\n<img decoding=\"async\" width=\"800\" height=\"600\" class=\"gbp--border-radius gb-media-bc875ac7\" alt=\"UV drukas pakalpojumi\" src=\"https:\/\/eltechnika.eu\/wp-content\/uploads\/2025\/09\/UV-spaudos-paslaugos.jpg\" title=\"UV drukas pakalpojumi\" srcset=\"https:\/\/eltechnika.eu\/wp-content\/uploads\/2025\/09\/UV-spaudos-paslaugos.jpg 800w, https:\/\/eltechnika.eu\/wp-content\/uploads\/2025\/09\/UV-spaudos-paslaugos-640x480.jpg 640w, https:\/\/eltechnika.eu\/wp-content\/uploads\/2025\/09\/UV-spaudos-paslaugos-600x450.jpg 600w\" sizes=\"(max-width: 800px) 100vw, 800px\" \/>\n<\/div>\n<\/div>\n<\/div>\n<\/div>\n\n<div class=\"gbp-section gb-element-6bc7ae59\">\n<span class=\"gb-shape gb-shape-02df347b gb-shape--divider\"><svg xmlns=\"http:\/\/www.w3.org\/2000\/svg\" preserveaspectratio=\"none\" viewbox=\"0 0 400 27\"><path d=\"M400 27H0v-.5h342.71c2.46 0 4.89-.57 7.1-1.66L400 0v27Z\"><\/path><\/svg><\/span>\n\n\n\n<div class=\"gbp-section__inner gb-element-e15b1e61\">\n<div class=\"gb-element-5612be12\">\n<div>\n<h2 class=\"gb-text gb-text-c4c8a021\">UV druka \u2013 neierobe\u017eotas dizaina iesp\u0113jas<\/h2>\n\n\n\n<p>Vai mekl\u0113jat iztur\u012bgu mar\u0137ieri, kas var iztur\u0113t ikdienas lieto\u0161anu? Tradicion\u0101l\u0101s drukas metodes bie\u017ei ne\u013cauj ieg\u016bt fotogr\u0101fijas kvalit\u0101tes att\u0113lu uz ciet\u0101m virsm\u0101m vai ir neefekt\u012bvas nelielu daudzumu ra\u017eo\u0161an\u0101. <\/p>\n\n\n\n<p><strong>Tie\u0161\u0101 UV druka<\/strong> \u013cauj druk\u0101t tie\u0161i uz t\u0113mas. \u012apa\u0161as tintes, kas uzreiz saciet\u0113 ar UV gaismu, veido stingru un spilgtu sl\u0101ni. Tas \u013cauj sasniegt neticamas deta\u013cas, bag\u0101t\u012bgas kr\u0101sas un iztur\u012bbu uz da\u017e\u0101d\u0101m virsm\u0101m  <\/p>\n\n\n\n<img decoding=\"async\" width=\"800\" height=\"800\" class=\"gbp--border-radius gb-media-bc36a052\" src=\"https:\/\/eltechnika.eu\/wp-content\/uploads\/2025\/04\/DPP-A1Ultra-EN-8-2.png\" title=\"DPP-A1Ultra\" alt=\"UV printeris\" srcset=\"https:\/\/eltechnika.eu\/wp-content\/uploads\/2025\/04\/DPP-A1Ultra-EN-8-2.png 800w, https:\/\/eltechnika.eu\/wp-content\/uploads\/2025\/04\/DPP-A1Ultra-EN-8-2-640x640.png 640w, https:\/\/eltechnika.eu\/wp-content\/uploads\/2025\/04\/DPP-A1Ultra-EN-8-2-160x160.png 160w, https:\/\/eltechnika.eu\/wp-content\/uploads\/2025\/04\/DPP-A1Ultra-EN-8-2-320x320.png 320w, https:\/\/eltechnika.eu\/wp-content\/uploads\/2025\/04\/DPP-A1Ultra-EN-8-2-300x300.png 300w, https:\/\/eltechnika.eu\/wp-content\/uploads\/2025\/04\/DPP-A1Ultra-EN-8-2-600x600.png 600w, https:\/\/eltechnika.eu\/wp-content\/uploads\/2025\/04\/DPP-A1Ultra-EN-8-2-100x100.png 100w\" sizes=\"(max-width: 800px) 100vw, 800px\" \/>\n<\/div>\n\n\n\n<div>\n<div class=\"gb-element-1d382bb8\">\n<div class=\"gb-element-31d5ac85\">\n<span class=\"gb-shape gb-shape-8943ea12\"><svg xmlns=\"http:\/\/www.w3.org\/2000\/svg\" aria-hidden=\"true\" height=\"1em\" width=\"1em\" viewbox=\"0 0 512 512\"><path fill=\"currentColor\" d=\"M173.898 439.404l-166.4-166.4c-9.997-9.997-9.997-26.206 0-36.204l36.203-36.204c9.997-9.998 26.207-9.998 36.204 0L192 312.69 432.095 72.596c9.997-9.997 26.207-9.997 36.204 0l36.203 36.204c9.997 9.997 9.997 26.206 0 36.204l-294.4 294.401c-9.998 9.997-26.207 9.997-36.204-.001z\"><\/path><\/svg><\/span>\n<\/div>\n\n\n\n<div>\n<h3 class=\"gb-text headline-medium gb-text-7bacd439\">Z\u012bmola mar\u0137\u0113jums un logotipi<\/h3>\n\n\n\n<p class=\"gb-text gb-text-b7a39e32\">Profesion\u0101li p\u0101rs\u016btiet savu logotipu vai z\u012bmolu uz biznesa d\u0101van\u0101m, elektronikas korpusiem, r\u016bpnieciskajiem pane\u013ciem vai iepakojuma. UV druka nodro\u0161ina stabilu un est\u0113tisku att\u0113lu, kas palielina j\u016bsu produkta v\u0113rt\u012bbu un atpaz\u012bstam\u012bbu. <\/p>\n<\/div>\n<\/div>\n\n\n\n<div class=\"gb-element-bcdf9435\">\n<div class=\"gb-element-c969ba7c\">\n<span class=\"gb-shape gb-shape-2f70d244\"><svg xmlns=\"http:\/\/www.w3.org\/2000\/svg\" aria-hidden=\"true\" height=\"1em\" width=\"1em\" viewbox=\"0 0 512 512\"><path fill=\"currentColor\" d=\"M173.898 439.404l-166.4-166.4c-9.997-9.997-9.997-26.206 0-36.204l36.203-36.204c9.997-9.998 26.207-9.998 36.204 0L192 312.69 432.095 72.596c9.997-9.997 26.207-9.997 36.204 0l36.203 36.204c9.997 9.997 9.997 26.206 0 36.204l-294.4 294.401c-9.998 9.997-26.207 9.997-36.204-.001z\"><\/path><\/svg><\/span>\n<\/div>\n\n\n\n<div>\n<h3 class=\"gb-text headline-medium gb-text-95b3cd90\">Personaliz\u0101cija un prototip\u0113\u0161ana<\/h3>\n\n\n\n<p class=\"gb-text gb-text-9b64416a\">Pateicoties tehnolo\u0123ijas elast\u012bbai, m\u0113s varam veikt vienreiz\u0113jus drukas darbus vai ra\u017eot nelielas partijas. Personaliz\u0113jiet balvas, t\u0101lru\u0146u maci\u0146us, suven\u012brus vai \u0101tri un efekt\u012bvi izveidojiet produkta prototipu ar gal\u012bgo dizainu. <\/p>\n<\/div>\n<\/div>\n\n\n\n<div class=\"gb-element-5595e83c\">\n<div class=\"gb-element-e82ccbb5\">\n<span class=\"gb-shape gb-shape-c9050d8d\"><svg xmlns=\"http:\/\/www.w3.org\/2000\/svg\" aria-hidden=\"true\" height=\"1em\" width=\"1em\" viewbox=\"0 0 512 512\"><path fill=\"currentColor\" d=\"M173.898 439.404l-166.4-166.4c-9.997-9.997-9.997-26.206 0-36.204l36.203-36.204c9.997-9.998 26.207-9.998 36.204 0L192 312.69 432.095 72.596c9.997-9.997 26.207-9.997 36.204 0l36.203 36.204c9.997 9.997 9.997 26.206 0 36.204l-294.4 294.401c-9.998 9.997-26.207 9.997-36.204-.001z\"><\/path><\/svg><\/span>\n<\/div>\n\n\n\n<div>\n<h3 class=\"gb-text headline-medium gb-text-03f1a09c\">Pla\u0161s materi\u0101lu kl\u0101sts<\/h3>\n\n\n\n<p class=\"gb-text gb-text-01c2648e\">M\u0113s veiksm\u012bgi druk\u0101jam uz visda\u017e\u0101d\u0101kaj\u0101m pamatn\u0113m: plastmasas (ABS, PVC), akrila, met\u0101la, koka, stikla, keramikas, kompoz\u012btpane\u013cu. M\u016bsu iek\u0101rtu darba laukums sasniedz 900 x 600 mm, t\u0101p\u0113c m\u0113s varam apstr\u0101d\u0101t da\u017e\u0101da izm\u0113ra produktus. <\/p>\n<\/div>\n<\/div>\n<\/div>\n<\/div>\n<\/div>\n<\/div>\n\n<div class=\"gbp-section gb-element-0e7a4c1e\">\n<div class=\"gbp-section__inner gb-element-dbe44c6c\">\n<div>\n<h2 class=\"gb-text gbp-section__headline gb-text-fbe42104\">UV drukas process: no maketa l\u012bdz produktam<\/h2>\n<\/div>\n\n\n\n<div>\n<p class=\"gb-text gbp-section__text\">M\u016bsu process ir vienk\u0101r\u0161s un efekt\u012bvs, lai \u0101tri p\u0101rv\u0113rstu j\u016bsu ideju par augstas kvalit\u0101tes, kr\u0101sainu produktu.<\/p>\n<\/div>\n<\/div>\n\n\n\n<div class=\"gbp-section__inner gb-element-9225b46a\">\n<div>\n<a href=\"http:\/\/Diskusija%20par%20U%C5%BEhearing%20and%20project%20\"><img decoding=\"async\" width=\"800\" height=\"600\" class=\"process-img\" src=\"https:\/\/eltechnika.eu\/wp-content\/uploads\/2025\/09\/Konsultacija.jpg\" title=\"Konsult\u0101cija\" alt=\"\" srcset=\"https:\/\/eltechnika.eu\/wp-content\/uploads\/2025\/09\/Konsultacija.jpg 800w, https:\/\/eltechnika.eu\/wp-content\/uploads\/2025\/09\/Konsultacija-640x480.jpg 640w, https:\/\/eltechnika.eu\/wp-content\/uploads\/2025\/09\/Konsultacija-600x450.jpg 600w\" sizes=\"(max-width: 800px) 100vw, 800px\" \/><\/a>\n\n\n\n<h3 class=\"gb-text gbp-card__title\">Projekta apsprie\u0161ana<\/h3>\n\n\n\n<p class=\"gb-text gbp-card__text\">Nos\u016btiet mums savu maketu un nor\u0101diet, uz k\u0101da produkta vai materi\u0101la v\u0113laties druk\u0101t. M\u0113s izv\u0113rt\u0113sim lietas piem\u0113rot\u012bbu un apspried\u012bsim projekta deta\u013cas. <\/p>\n<\/div>\n\n\n\n<div>\n<img decoding=\"async\" width=\"800\" height=\"600\" class=\"process-img\" src=\"https:\/\/eltechnika.eu\/wp-content\/uploads\/2025\/09\/Maketavimas.jpg\" title=\"Izk\u0101rtojumu\" alt=\"Izk\u0101rtojumu\" srcset=\"https:\/\/eltechnika.eu\/wp-content\/uploads\/2025\/09\/Maketavimas.jpg 800w, https:\/\/eltechnika.eu\/wp-content\/uploads\/2025\/09\/Maketavimas-640x480.jpg 640w, https:\/\/eltechnika.eu\/wp-content\/uploads\/2025\/09\/Maketavimas-600x450.jpg 600w\" sizes=\"(max-width: 800px) 100vw, 800px\" \/>\n\n\n\n<h3 class=\"gb-text gbp-card__title\">Projekta sagatavo\u0161ana<\/h3>\n\n\n\n<p class=\"gb-text gbp-card__text\">Pirms druk\u0101\u0161anas m\u0113s r\u016bp\u012bgi not\u012br\u0101m un sagatavojam izstr\u0101d\u0101juma virsmu. Atsevi\u0161\u0137iem materi\u0101liem m\u0113s izmantojam speci\u0101lu grunt\u0113jumu (grunti), kas nodro\u0161ina maksim\u0101lu tintes sa\u0137eri. <\/p>\n<\/div>\n\n\n\n<div>\n<img decoding=\"async\" width=\"800\" height=\"800\" class=\"process-img\" src=\"https:\/\/eltechnika.eu\/wp-content\/uploads\/2023\/11\/Mira9s_15.jpg\" title=\"AEON Mira 9S\" alt=\"AEON Laser Mira 9S CO2 grav\u0113\u0161anas iek\u0101rta\" srcset=\"https:\/\/eltechnika.eu\/wp-content\/uploads\/2023\/11\/Mira9s_15.jpg 800w, https:\/\/eltechnika.eu\/wp-content\/uploads\/2023\/11\/Mira9s_15-640x640.jpg 640w, https:\/\/eltechnika.eu\/wp-content\/uploads\/2023\/11\/Mira9s_15-160x160.jpg 160w, https:\/\/eltechnika.eu\/wp-content\/uploads\/2023\/11\/Mira9s_15-320x320.jpg 320w, https:\/\/eltechnika.eu\/wp-content\/uploads\/2023\/11\/Mira9s_15-300x300.jpg 300w, https:\/\/eltechnika.eu\/wp-content\/uploads\/2023\/11\/Mira9s_15-600x600.jpg 600w, https:\/\/eltechnika.eu\/wp-content\/uploads\/2023\/11\/Mira9s_15-100x100.jpg 100w\" sizes=\"(max-width: 800px) 100vw, 800px\" \/>\n\n\n\n<h3 class=\"gb-text gbp-card__title\">Projekta \u012bsteno\u0161ana<\/h3>\n\n\n\n<p class=\"gb-text gbp-card__text\">Kad izk\u0101rtojums ir saska\u0146ots, m\u0113s s\u0101kam druk\u0101t. M\u016bsdien\u012bgais UV printeris prec\u012bzi p\u0101rs\u016bta att\u0113lu, un integr\u0113t\u0101s UV lampas to uztver uzreiz. Rezult\u0101ts ir lieto\u0161anai gatava, iztur\u012bga virsma.  <\/p>\n<\/div>\n\n\n\n<div>\n<img decoding=\"async\" width=\"800\" height=\"600\" class=\"process-img\" src=\"https:\/\/eltechnika.eu\/wp-content\/uploads\/2025\/09\/Atsiemimas.jpg\" title=\"Atsauk\u0161anu\" alt=\"Atsauk\u0161anu\" srcset=\"https:\/\/eltechnika.eu\/wp-content\/uploads\/2025\/09\/Atsiemimas.jpg 800w, https:\/\/eltechnika.eu\/wp-content\/uploads\/2025\/09\/Atsiemimas-640x480.jpg 640w, https:\/\/eltechnika.eu\/wp-content\/uploads\/2025\/09\/Atsiemimas-600x450.jpg 600w\" sizes=\"(max-width: 800px) 100vw, 800px\" \/>\n\n\n\n<h3 class=\"gb-text gbp-card__title\">Atsauk\u0161anu<\/h3>\n\n\n\n<p class=\"gb-text gbp-card__text\">M\u0113s r\u016bp\u012bgi p\u0101rbaud\u0101m iespieddarbus, iesai\u0146ojam un sagatavojam sa\u0146em\u0161anai m\u016bsu biroj\u0101 Vi\u013c\u0146\u0101 vai dro\u0161i nos\u016bt\u0101m uz nor\u0101d\u012bto adresi.<\/p>\n<\/div>\n<\/div>\n<\/div>\n\n<div class=\"gbp-section gb-element-ada1f9e8\">\n<span class=\"gb-shape gb-shape-9e594304 gb-shape--divider\"><svg xmlns=\"http:\/\/www.w3.org\/2000\/svg\" preserveaspectratio=\"none\" viewbox=\"0 0 400 27\"><path d=\"M400 27H0v-.5h342.71c2.46 0 4.89-.57 7.1-1.66L400 0v27Z\"><\/path><\/svg><\/span>\n\n\n\n<div class=\"gbp-section__inner gb-element-34c9b40d\">\n<div class=\"gb-element-4621b948\">\n<h2 class=\"gb-text gb-text-203ccd4f\">K\u0101p\u0113c izv\u0113l\u0113ties m\u016bs?<\/h2>\n\n\n\n<p class=\"gb-text gbp-section__text--lg gb-text-cc3e365a\">M\u0113s esam ap\u0146\u0113mu\u0161ies nodro\u0161in\u0101t kvalit\u0101ti, elast\u012bbu un uzticam\u012bbu katr\u0101 sol\u012b.<\/p>\n<\/div>\n\n\n\n<div>\n<div class=\"gb-element-af0c9860\">\n<div class=\"gbp--border-radius gb-element-91f25ab9\">\n<div class=\"gb-element-d8b13e1b\">\n<span class=\"gb-shape service-guarantee-icon gb-shape-f0178ef5\"><svg xmlns=\"http:\/\/www.w3.org\/2000\/svg\" viewbox=\"0 0 640 640\"><path d=\"M240 88C240 74.7 229.3 64 216 64C202.7 64 192 74.7 192 88L192 128C156.7 128 128 156.7 128 192L88 192C74.7 192 64 202.7 64 216C64 229.3 74.7 240 88 240L128 240L128 296L88 296C74.7 296 64 306.7 64 320C64 333.3 74.7 344 88 344L128 344L128 400L88 400C74.7 400 64 410.7 64 424C64 437.3 74.7 448 88 448L128 448C128 483.3 156.7 512 192 512L192 552C192 565.3 202.7 576 216 576C229.3 576 240 565.3 240 552L240 512L296 512L296 552C296 565.3 306.7 576 320 576C333.3 576 344 565.3 344 552L344 512L400 512L400 552C400 565.3 410.7 576 424 576C437.3 576 448 565.3 448 552L448 512C483.3 512 512 483.3 512 448L552 448C565.3 448 576 437.3 576 424C576 410.7 565.3 400 552 400L512 400L512 344L552 344C565.3 344 576 333.3 576 320C576 306.7 565.3 296 552 296L512 296L512 240L552 240C565.3 240 576 229.3 576 216C576 202.7 565.3 192 552 192L512 192C512 156.7 483.3 128 448 128L448 88C448 74.7 437.3 64 424 64C410.7 64 400 74.7 400 88L400 128L344 128L344 88C344 74.7 333.3 64 320 64C306.7 64 296 74.7 296 88L296 128L240 128L240 88zM224 192L416 192C433.7 192 448 206.3 448 224L448 416C448 433.7 433.7 448 416 448L224 448C206.3 448 192 433.7 192 416L192 224C192 206.3 206.3 192 224 192zM240 240L240 400L400 400L400 240L240 240z\"><\/path><\/svg><\/span>\n\n\n\n<div>\n<h3 class=\"gb-text headline-medium gb-text-885ef6b9\">Tehnolo\u0123iju daudzveid\u012bba<\/h3>\n\n\n\n<p class=\"gb-text gbp-section__text gb-text-11bb7854\">Visi pakalpojumi \u2013 no grie\u0161anas un grav\u0113\u0161anas l\u012bdz drukai un loc\u012b\u0161anai \u2013 tiek veikti vienuviet. Tas ietaupa J\u016bsu laiku un \u013cauj mums pied\u0101v\u0101t kompleksus risin\u0101jumus, apvienojot vair\u0101kus ra\u017eo\u0161anas procesus. <\/p>\n<\/div>\n<\/div>\n<\/div>\n\n\n\n<div class=\"gbp--border-radius gb-element-c8dd9a42\">\n<div class=\"gb-element-40802a9a\">\n<span class=\"gb-shape service-guarantee-icon gb-shape-41446597\"><svg xmlns=\"http:\/\/www.w3.org\/2000\/svg\" width=\"32\" height=\"32\" viewbox=\"0 0 256 256\"><path d=\"M229.26,90.4a108,108,0,0,1-177.63,114A108,108,0,0,1,195.41,43.63l20.1-20.11a12,12,0,0,1,17,17l-96,96a12,12,0,1,1-17-17l24-24a36,36,0,1,0,19.76,39.65,12,12,0,0,1,23.53,4.74,60,60,0,1,1-25.73-62L178.3,60.74a84,84,0,1,0,28.46,38,12,12,0,1,1,22.5-8.35Z\"><\/path><\/svg><\/span>\n\n\n\n<div>\n<h3 class=\"gb-text headline-medium gb-text-7beb3d63\">Precizit\u0101te un kvalit\u0101te<\/h3>\n\n\n\n<div>\n<p class=\"gb-text gbp-section__text gb-text-831e6dd5\">M\u0113s izmantojam augstas klases r\u016bpniecisk\u0101s iek\u0101rtas, kas nodro\u0161ina izcilu deta\u013cu precizit\u0101ti, augstu kontrastu un perfektu atk\u0101rtojam\u012bbu pat liel\u0101m produktu s\u0113rij\u0101m.<\/p>\n<\/div>\n<\/div>\n<\/div>\n<\/div>\n\n\n\n<div class=\"gbp--border-radius gb-element-8709cc00\">\n<div class=\"gb-element-7b432f8c\">\n<span class=\"gb-shape service-guarantee-icon gb-shape-72402343\"><svg xmlns=\"http:\/\/www.w3.org\/2000\/svg\" viewbox=\"0 0 640 640\"><path d=\"M300.9 149.2L184.3 278.8C179.7 283.9 179.9 291.8 184.8 296.7C215.3 327.2 264.8 327.2 295.3 296.7L327.1 264.9C331.3 260.7 336.6 258.4 342 258C348.8 257.4 355.8 259.7 361 264.9L537.6 440L608 384L608 96L496 160L472.2 144.1C456.4 133.6 437.9 128 418.9 128L348.5 128C347.4 128 346.2 128 345.1 128.1C328.2 129 312.3 136.6 300.9 149.2zM148.6 246.7L255.4 128L215.8 128C190.3 128 165.9 138.1 147.9 156.1L144 160L32 96L32 384L188.4 514.3C211.4 533.5 240.4 544 270.3 544L286 544L279 537C269.6 527.6 269.6 512.4 279 503.1C288.4 493.8 303.6 493.7 312.9 503.1L353.9 544.1L362.9 544.1C382 544.1 400.7 539.8 417.7 531.8L391 505C381.6 495.6 381.6 480.4 391 471.1C400.4 461.8 415.6 461.7 424.9 471.1L456.9 503.1L474.4 485.6C483.3 476.7 485.9 463.8 482 452.5L344.1 315.7L329.2 330.6C279.9 379.9 200.1 379.9 150.8 330.6C127.8 307.6 126.9 270.7 148.6 246.6z\"><\/path><\/svg><\/span>\n\n\n\n<div>\n<h3 class=\"gb-text headline-medium gb-text-892dcda8\">Individu\u0101li risin\u0101jumi<\/h3>\n\n\n\n<p class=\"gb-text gbp-section__text gb-text-342686c5\">M\u0113s str\u0101d\u0101jam gan ar vienreiz\u0113jiem prototipiem, gan vid\u0113j\u0101m s\u0113rij\u0101m. M\u0113s esam gatavi iedzi\u013cin\u0101ties j\u016bsu vajadz\u012bb\u0101m un pied\u0101v\u0101t nestandarta risin\u0101jumus, kas piel\u0101goti tie\u0161i j\u016bsu projektam. <\/p>\n<\/div>\n<\/div>\n<\/div>\n\n\n\n<div class=\"gbp--border-radius gb-element-a317644c\">\n<div class=\"gb-element-eacc0de3\">\n<span class=\"gb-shape service-guarantee-icon gb-shape-730a56a4\"><svg xmlns=\"http:\/\/www.w3.org\/2000\/svg\" viewbox=\"0 0 640 640\"><path d=\"M320 128C241 128 175.3 185.3 162.3 260.7C171.6 257.7 181.6 256 192 256L208 256C234.5 256 256 277.5 256 304L256 400C256 426.5 234.5 448 208 448L192 448C139 448 96 405 96 352L96 288C96 164.3 196.3 64 320 64C443.7 64 544 164.3 544 288L544 456.1C544 522.4 490.2 576.1 423.9 576.1L336 576L304 576C277.5 576 256 554.5 256 528C256 501.5 277.5 480 304 480L336 480C362.5 480 384 501.5 384 528L384 528L424 528C463.8 528 496 495.8 496 456L496 435.1C481.9 443.3 465.5 447.9 448 447.9L432 447.9C405.5 447.9 384 426.4 384 399.9L384 303.9C384 277.4 405.5 255.9 432 255.9L448 255.9C458.4 255.9 468.3 257.5 477.7 260.6C464.7 185.3 399.1 127.9 320 127.9z\"><\/path><\/svg><\/span>\n\n\n\n<div>\n<h3 class=\"gb-text headline-medium gb-text-5a09aaae\">Pal\u012bdz\u012bba un padomi<\/h3>\n\n\n\n<p class=\"gb-text gbp-section__text gb-text-d7109316\">Vai neesat p\u0101rliecin\u0101ts, kura tehnolo\u0123ija ir vispiem\u0113rot\u0101k\u0101? M\u016bsu komanda konsult\u0113s, pal\u012bdz\u0113s sagatavot pareizos failus ra\u017eo\u0161anai un izv\u0113l\u0113sies optim\u0101l\u0101kos parametrus, lai gala rezult\u0101ts p\u0101rsniegtu j\u016bsu cer\u012bbas. <\/p>\n<\/div>\n<\/div>\n<\/div>\n<\/div>\n<\/div>\n<\/div>\n<\/div>\n\n<div class=\"gbp-section gb-element-85f324dd\">\n<div class=\"gbp-section__inner gb-element-72035922\">\n<div class=\"gb-element-c95af727\">\n<div class=\"gb-element-14662387\" style=\"--inline-bg-image: url(https:\/\/lightsteelblue-squid-375790.hostingersite.com\/wp-content\/uploads\/2025\/01\/image-1-1.png)\"><\/div>\n\n\n\n<div class=\"gb-element-db0c743d\">\n<h2 class=\"gb-text\">Pievienojiet kr\u0101su saviem produktiem!<\/h2>\n\n\n\n<p class=\"gb-text gbp-section__text\">Vai v\u0113laties izcelties un pievienot v\u0113rt\u012bbu saviem produktiem? Sazinieties ar mums, lai ieg\u016btu tie\u0161\u0101s UV drukas iesp\u0113jas. M\u0113s labpr\u0101t konsult\u0113sim, izv\u0113rt\u0113sim J\u016bsu izk\u0101rtojumu un sniegsim Jums lab\u0101ko pied\u0101v\u0101jumu.  <\/p>\n\n\n\n<div class=\"gbp--border-radius gb-element-7a2b860e\">\n<div class=\"gb-element-907d7fd5\">\n<p class=\"gb-text gbp-section__text--lg gb-text-e97f7ba7\">Sazinieties t\u016bl\u012bt<\/p>\n\n\n\n<div class=\"gb-element-7bc334d8\">\n<p class=\"gb-text-eaad25a1\"><span class=\"gb-shape\"><svg xmlns=\"http:\/\/www.w3.org\/2000\/svg\" viewBox=\"0 0 256 256\" height=\"32\" width=\"32\"><path d=\"M224,154.8l-47.09-21.11-.18-.08a19.94,19.94,0,0,0-19,1.75,13.08,13.08,0,0,0-1.12.84l-22.31,19c-13-7.05-26.43-20.37-33.49-33.21l19.06-22.66a11.76,11.76,0,0,0,.85-1.15,20,20,0,0,0,1.66-18.83,1.42,1.42,0,0,1-.08-.18L101.2,32A20.06,20.06,0,0,0,80.42,20.15,60.27,60.27,0,0,0,28,80c0,81.61,66.39,148,148,148a60.27,60.27,0,0,0,59.85-52.42A20.06,20.06,0,0,0,224,154.8ZM176,204A124.15,124.15,0,0,1,52,80,36.29,36.29,0,0,1,80.48,44.46l18.82,42L80.14,109.28a12,12,0,0,0-.86,1.16A20,20,0,0,0,78,130.08c9.42,19.28,28.83,38.56,48.31,48A20,20,0,0,0,146,176.63a11.63,11.63,0,0,0,1.11-.85l22.43-19.07,42,18.81A36.29,36.29,0,0,1,176,204Z\"><\/path><\/svg><\/span><span class=\"gb-text\"><a href=\"tel:+37060667238\">+370 6 06 67238<\/a><\/span><\/p>\n\n\n\n<p class=\"gb-text-c56af5c9\"><span class=\"gb-shape\"><svg xmlns=\"http:\/\/www.w3.org\/2000\/svg\" viewBox=\"0 0 640 640\"><!--!Font Awesome Free v7.1.0 by @fontawesome - https:\/\/fontawesome.com License - https:\/\/fontawesome.com\/license\/free Copyright 2025 Fonticons, Inc.--><path d=\"M125.4 128C91.5 128 64 155.5 64 189.4C64 190.3 64 191.1 64.1 192L64 192L64 448C64 483.3 92.7 512 128 512L512 512C547.3 512 576 483.3 576 448L576 192L575.9 192C575.9 191.1 576 190.3 576 189.4C576 155.5 548.5 128 514.6 128L125.4 128zM528 256.3L528 448C528 456.8 520.8 464 512 464L128 464C119.2 464 112 456.8 112 448L112 256.3L266.8 373.7C298.2 397.6 341.7 397.6 373.2 373.7L528 256.3zM112 189.4C112 182 118 176 125.4 176L514.6 176C522 176 528 182 528 189.4C528 193.6 526 197.6 522.7 200.1L344.2 335.5C329.9 346.3 310.1 346.3 295.8 335.5L117.3 200.1C114 197.6 112 193.6 112 189.4z\"><\/path><\/svg><\/span><span class=\"gb-text\"><a href=\"mailto:info@eltechnika.eu\">latvia@eltechnika.eu<\/a><\/span><\/p>\n<\/div>\n<\/div>\n<\/div>\n<\/div>\n<\/div>\n<\/div>\n<\/div>\n","protected":false},"excerpt":{"rendered":"<p>Tie\u0161\u0101s UV drukas pakalpojumi Spilgta un ilgsto\u0161a druka tie\u0161i uz j\u016bsu produktu virsmas. M\u0113s pied\u0101v\u0101jam augstas iz\u0161\u0137irtsp\u0113jas tie\u0161\u0101s UV drukas pakalpojumus, kas \u013cauj p\u0101rnest kr\u0101sainus logotipus, att\u0113lus vai tehnisko inform\u0101ciju uz visda\u017e\u0101d\u0101kaj\u0101m l\u012bdzen\u0101m vai neliel\u0101m reljefa virsm\u0101m. \u0160\u012b tehnolo\u0123ija nodro\u0161ina izcilu iztur\u012bbu pret skr\u0101p\u0113jumiem un vides ietekmi. UV druka ir m\u016bsdien\u012bgs risin\u0101jums, kas aizst\u0101j uzl\u012bmes, &#8230; <a title=\"UV drukas pakalpojumi\" class=\"read-more\" href=\"https:\/\/eltechnika.eu\/lv\/pakalpojumus\/uv-drukas-pakalpojumi\/\" aria-label=\"Read more about UV drukas pakalpojumi\">Read more<\/a><\/p>\n","protected":false},"author":1,"featured_media":0,"parent":11575,"menu_order":0,"comment_status":"closed","ping_status":"closed","template":"","meta":{"_acf_changed":false,"footnotes":""},"class_list":["post-11604","page","type-page","status-publish"],"acf":[],"_links":{"self":[{"href":"https:\/\/eltechnika.eu\/lv\/wp-json\/wp\/v2\/pages\/11604","targetHints":{"allow":["GET"]}}],"collection":[{"href":"https:\/\/eltechnika.eu\/lv\/wp-json\/wp\/v2\/pages"}],"about":[{"href":"https:\/\/eltechnika.eu\/lv\/wp-json\/wp\/v2\/types\/page"}],"author":[{"embeddable":true,"href":"https:\/\/eltechnika.eu\/lv\/wp-json\/wp\/v2\/users\/1"}],"replies":[{"embeddable":true,"href":"https:\/\/eltechnika.eu\/lv\/wp-json\/wp\/v2\/comments?post=11604"}],"version-history":[{"count":3,"href":"https:\/\/eltechnika.eu\/lv\/wp-json\/wp\/v2\/pages\/11604\/revisions"}],"predecessor-version":[{"id":12077,"href":"https:\/\/eltechnika.eu\/lv\/wp-json\/wp\/v2\/pages\/11604\/revisions\/12077"}],"up":[{"embeddable":true,"href":"https:\/\/eltechnika.eu\/lv\/wp-json\/wp\/v2\/pages\/11575"}],"wp:attachment":[{"href":"https:\/\/eltechnika.eu\/lv\/wp-json\/wp\/v2\/media?parent=11604"}],"curies":[{"name":"wp","href":"https:\/\/api.w.org\/{rel}","templated":true}]}}