{"id":9934,"date":"2025-07-07T15:31:16","date_gmt":"2025-07-07T12:31:16","guid":{"rendered":"https:\/\/eltechnika.eu\/produktas\/akruul-painutusmasin-700-mm\/"},"modified":"2025-08-21T16:37:29","modified_gmt":"2025-08-21T13:37:29","slug":"akruul-painutusmasin-700-mm","status":"publish","type":"product","link":"https:\/\/eltechnika.eu\/et\/toode\/akruul-painutusmasin-700-mm\/","title":{"rendered":"Akr\u00fc\u00fcl painutusmasin 700 mm"},"content":{"rendered":"<p data-start=\"953\" data-end=\"975\"><strong data-start=\"953\" data-end=\"975\">Tehnilised omadused:<\/strong><\/p>\n<ul data-start=\"976\" data-end=\"1352\">\n<li data-start=\"976\" data-end=\"1082\">\n<p data-start=\"978\" data-end=\"1082\">Sobib plastidele: akr\u00fc\u00fcl (PMMA), pleksiklaas, PVC, pol\u00fckarbonaat (PC), ABS, pol\u00fcprop\u00fcleen (PP);<\/p>\n<\/li>\n<li data-start=\"1083\" data-end=\"1132\">\n<p data-start=\"1085\" data-end=\"1132\">Soovitatav lehtede paksus: 1 kuni 10 mm;<\/p>\n<\/li>\n<li data-start=\"1133\" data-end=\"1161\">\n<p data-start=\"1135\" data-end=\"1161\">Painutuspikkus: kuni 650 mm;<\/p>\n<\/li>\n<li data-start=\"1162\" data-end=\"1217\">\n<p data-start=\"1164\" data-end=\"1217\">Kuumutustemperatuur: reguleeritav vahemikus 0 kuni 600 \u00b0C;<\/p>\n<\/li>\n<li data-start=\"1218\" data-end=\"1248\">\n<p data-start=\"1220\" data-end=\"1248\">Toide: 230 V AC, 50 Hz;<\/p>\n<\/li>\n<li data-start=\"1249\" data-end=\"1297\">\n<p data-start=\"1251\" data-end=\"1297\">V\u00f5imsus: 1000 W &#8211; piisav kiireks kuumutamiseks;<\/p>\n<\/li>\n<li data-start=\"1298\" data-end=\"1352\">\n<p data-start=\"1300\" data-end=\"1352\">Kompaktne ja kerge &#8211; kaalub vaid 16 kg.<\/p>\n<\/li>\n<\/ul>\n<p data-start=\"1354\" data-end=\"1626\">Seadet on lihtne kasutada, mist\u00f5ttu see sobib t\u00f6\u00f6kodadesse, hariduskeskkondadesse v\u00f5i v\u00e4ikesemahulisse tootmisse. Masinad on t\u00f6\u00f6kindlad ja kauakestvad, mist\u00f5ttu on need ideaalne valik nii professionaalidele kui ka algajatele, kes otsivad kvaliteetset tulemust. <\/p>\n","protected":false},"excerpt":{"rendered":"<p><strong>Akr\u00fc\u00fcli painutusmasin &#8211; universaalne t\u00f6\u00f6riist plastiklehtede t\u00f6\u00f6tlemiseks<\/strong><\/p>\n<p>Need akr\u00fc\u00fcli painutuspingid, mida nimetatakse ka plastplaatide painutuspingideks, on m\u00f5eldud mitmesuguste termoplastiliste lehtede professionaalseks ja t\u00e4pseks vormimiseks. Need kasutavad kuumutamist, et pehmendada materjali t\u00e4pselt \u00f5iges kohas, nii et saab saavutada puhta ja t\u00e4pse painutusnurga ilma n\u00e4htavate deformatsioonide v\u00f5i pinnakahjustusteta. <\/p>\n<p>T\u00e4nu temperatuurikontrollile ja erinevate plastide \u00fchilduvusele kasutatakse neid masinaid laialdaselt reklaamtoodete, POS- stendide, kaitsepaneelide, sisustuselementide v\u00f5i tehniliste osade tootmiseks. Kasutaja saab reguleerida temperatuuri kuni 600 \u00b0C ja maksimaalne painutuspikkus kuni 650 mm v\u00f5imaldab t\u00f6\u00f6tada laiemate lehtedega. <\/p>\n","protected":false},"featured_media":9117,"template":"","meta":{"_acf_changed":false},"product_brand":[],"product_cat":[366],"product_tag":[],"class_list":{"0":"post-9934","1":"product","2":"type-product","3":"status-publish","4":"has-post-thumbnail","6":"product_cat-akruul-painutusmasin","7":"","8":"woocommerce-text-align-center","9":"woocommerce-image-align-center","10":"wc-has-gallery","12":"first","13":"instock","14":"shipping-taxable","15":"product-type-simple"},"acf":[],"_links":{"self":[{"href":"https:\/\/eltechnika.eu\/et\/wp-json\/wp\/v2\/product\/9934","targetHints":{"allow":["GET"]}}],"collection":[{"href":"https:\/\/eltechnika.eu\/et\/wp-json\/wp\/v2\/product"}],"about":[{"href":"https:\/\/eltechnika.eu\/et\/wp-json\/wp\/v2\/types\/product"}],"wp:featuredmedia":[{"embeddable":true,"href":"https:\/\/eltechnika.eu\/et\/wp-json\/wp\/v2\/media\/9117"}],"wp:attachment":[{"href":"https:\/\/eltechnika.eu\/et\/wp-json\/wp\/v2\/media?parent=9934"}],"wp:term":[{"taxonomy":"product_brand","embeddable":true,"href":"https:\/\/eltechnika.eu\/et\/wp-json\/wp\/v2\/product_brand?post=9934"},{"taxonomy":"product_cat","embeddable":true,"href":"https:\/\/eltechnika.eu\/et\/wp-json\/wp\/v2\/product_cat?post=9934"},{"taxonomy":"product_tag","embeddable":true,"href":"https:\/\/eltechnika.eu\/et\/wp-json\/wp\/v2\/product_tag?post=9934"}],"curies":[{"name":"wp","href":"https:\/\/api.w.org\/{rel}","templated":true}]}}