{"id":8813,"date":"2025-04-02T14:01:44","date_gmt":"2025-04-02T11:01:44","guid":{"rendered":"https:\/\/eltechnika.eu\/produktas\/uv-printer-sprinter-dpp-a1ultra\/"},"modified":"2025-08-21T15:41:32","modified_gmt":"2025-08-21T12:41:32","slug":"uv-printer-sprinter-dpp-a1ultra","status":"publish","type":"product","link":"https:\/\/eltechnika.eu\/et\/toode\/uv-printer-sprinter-dpp-a1ultra\/","title":{"rendered":"UV-printer sprinter DPP-A1ULTRA"},"content":{"rendered":"<p>Tutvuge meie uusima t\u00e4iendusega &#8211; <strong>SPRINTER DPP-A1Ultra<\/strong> UV-printeriga. See \u00fclimalt vastupidav ja kvaliteetne 600&#215;900 mm suurune liikuva laua printer tr\u00fckib fotokvaliteediga pildi teie valitud materjalile.  Printer tr\u00fckib <strong>UV-valguse<\/strong> abil paljudele erinevatele materjalipindadele &#8211; seega ei pea tindi kuivamist kaua ootama &#8211; see toimub koheselt. Printeril on mitu t\u00fc\u00fcpi tinti &#8211; <strong>CMYK-v\u00e4rvid<\/strong>, valge tint<strong>(W)<\/strong> ja lakk<strong>(V<\/strong>). Seade on varustatud isepuhastusega, mis muudab selle printeri hooldamise v\u00e4ga lihtsaks, mis on selle seadme puhul v\u00e4ga oluline.  <\/p>\n<p><strong>UV-printer<\/strong> on keerukas tr\u00fckiseade, mis on m\u00f5eldud professionaalsetele \u00e4rikasutajatele, kellel on tr\u00fckialased teadmised ja kogemused. Kui see on teie esimene <strong>UV-masin<\/strong> v\u00f5i kui teil puudub <strong>UV-printeri<\/strong> kasutamise kogemus ja soovite oma kvalifikatsiooni parandada, soovitame tungivalt kasutada spetsiaalseid lisakursusi ja -koolitusi. <\/p>\n<p><strong>SPRINTERi UV-digitr\u00fckki<\/strong> kasutatakse laialdaselt paljudes t\u00f6\u00f6stusharudes, sealhulgas reklaami- ja reklaamikilbid, pakendid, kaunistused, kodukaunistused, v\u00e4rvimine ja palju muud. Saate kasutada:<\/p>\n<p>Igasugused seadmed &#8211; tulemasinad, kiipkaardid, telefonid, \u00fcmbrised, kaaned, hiirematid, statiivid, kartongid, pleksiklaas, vin\u00fc\u00fcl, kumm, metall, alumiinium, plast, paber, puit, vineer, vaibad, lauaplaadid, ekraanid, keraamika, klaas, plaadid, tekstiil, r\u00f5ivad, s\u00e4rgid, T-s\u00e4rgid jne.<\/p>\n<div class=\"product-descr-table\">\n<table width=\"491\">\n<tbody>\n<tr>\n<td colspan=\"2\" width=\"491\"><strong>SPETSIFIKATSIOON<\/strong><\/td>\n<\/tr>\n<tr>\n<td width=\"260\"><strong>Br\u00e4nd<\/strong><\/td>\n<td style=\"text-align: center;\" width=\"231\">SPRINTER<\/td>\n<\/tr>\n<tr>\n<td width=\"260\"><strong>Mudel<\/strong><\/td>\n<td style=\"text-align: center;\" width=\"231\">DPP-A1Ultra<\/td>\n<\/tr>\n<tr>\n<td width=\"260\"><strong>Tindi t\u00fc\u00fcp<\/strong><\/td>\n<td style=\"text-align: center;\" width=\"231\">UV<\/td>\n<\/tr>\n<tr>\n<td width=\"260\"><strong>Tindi v\u00e4rvus<\/strong><\/td>\n<td style=\"text-align: center;\" width=\"231\">CMYK + valge + lakk<\/td>\n<\/tr>\n<tr>\n<td width=\"260\"><strong>Tindimahutavus<\/strong><\/td>\n<td style=\"text-align: center;\" width=\"231\">500 ml v\u00e4rvi kohta<\/td>\n<\/tr>\n<tr>\n<td width=\"260\"><strong>Pea t\u00fc\u00fcp<\/strong><\/td>\n<td style=\"text-align: center;\" width=\"231\">EPSON<\/td>\n<\/tr>\n<tr>\n<td width=\"260\"><strong>Peamudel<\/strong><\/td>\n<td style=\"text-align: center;\" width=\"231\">EPS I1600\/I3200<\/td>\n<\/tr>\n<tr>\n<td width=\"260\"><strong>Tr\u00fcki eraldusv\u00f5ime (dpi)<\/strong><\/td>\n<td style=\"text-align: center;\" width=\"231\">720*1800<\/td>\n<\/tr>\n<tr>\n<td width=\"260\"><\/td>\n<td style=\"text-align: center;\" width=\"231\">720*1200<\/td>\n<\/tr>\n<tr>\n<td width=\"260\"><\/td>\n<td style=\"text-align: center;\" width=\"231\">360*1800<\/td>\n<\/tr>\n<tr>\n<td width=\"260\"><strong>Max. T\u00f6\u00f6piirkond <\/strong><\/td>\n<td style=\"text-align: center;\" width=\"231\">600 x 900 mm<\/td>\n<\/tr>\n<tr>\n<td width=\"260\"><strong>Max. t\u00f6\u00f6deldava detaili pindala <\/strong><\/td>\n<td style=\"text-align: center;\" width=\"231\">650 x 950 mm<\/td>\n<\/tr>\n<tr>\n<td width=\"260\"><strong>Max. T\u00f6\u00f6detaili k\u00f5rgus <\/strong><\/td>\n<td style=\"text-align: center;\" width=\"231\">200 mm<\/td>\n<\/tr>\n<tr>\n<td width=\"260\"><strong>Tr\u00fckikiirus<\/strong><\/td>\n<td style=\"text-align: center;\" width=\"231\">Kiire | 4Pass &#8211; 7 m\u00b2\/tunnis<\/td>\n<\/tr>\n<tr>\n<td><\/td>\n<td style=\"text-align: center;\" width=\"231\">Standard | 6Pass &#8211; 5 m\u00b2\/tunnis<\/td>\n<\/tr>\n<tr>\n<td><\/td>\n<td style=\"text-align: center;\" width=\"231\">T\u00e4psus | 8Pass &#8211; 3,5 m\u00b2\/tunnis<\/td>\n<\/tr>\n<tr>\n<td width=\"260\"><strong>Optimaalne temperatuur<\/strong><\/td>\n<td style=\"text-align: center;\" width=\"231\">18-26\u00b0C<\/td>\n<\/tr>\n<tr>\n<td width=\"260\"><strong>Optimaalne \u00f5huniiskus<\/strong><\/td>\n<td style=\"text-align: center;\" width=\"231\">40-70%<\/td>\n<\/tr>\n<tr>\n<td width=\"260\"><strong>Seadme m\u00f5\u00f5tmed<\/strong><\/td>\n<td style=\"text-align: center;\" width=\"231\">1750 x 1630 x 1300 mm<\/td>\n<\/tr>\n<tr>\n<td width=\"260\"><strong>Pakendi m\u00f5\u00f5tmed<\/strong><\/td>\n<td style=\"text-align: center;\" width=\"231\">1850 x 1750 x 920 mm<\/td>\n<\/tr>\n<tr>\n<td width=\"260\"><strong>Seadme kaal<\/strong><\/td>\n<td style=\"text-align: center;\" width=\"231\">260 KG (neto)<\/td>\n<\/tr>\n<tr>\n<td width=\"260\"><\/td>\n<td style=\"text-align: center;\" width=\"231\">380 KG (bruto)<\/td>\n<\/tr>\n<tr>\n<td width=\"260\"><strong>Toitlustamine<\/strong><\/td>\n<td style=\"text-align: center;\" width=\"231\">AC 220V 50\/60Hz Max: 0,5 kW<\/td>\n<\/tr>\n<tr>\n<td width=\"260\"><strong>RIP tarkvara<\/strong><\/td>\n<td style=\"text-align: center;\" width=\"231\">RIIN \/ Photoprint mini (valikuline)<\/td>\n<\/tr>\n<tr>\n<td width=\"260\"><strong>Toetatud failivormingud<\/strong><\/td>\n<td style=\"text-align: center;\" width=\"231\">Tiff, JPEG, EPS, PDF<\/td>\n<\/tr>\n<tr>\n<td width=\"260\"><strong>Arvuti miinimumn\u00f5uded:<\/strong><\/td>\n<td style=\"text-align: center;\" width=\"231\">Windows 10 64bit; RAM&gt;8G; HDD&gt;400G; SSD&gt;128G; CPU&gt;Intel i5<\/td>\n<\/tr>\n<tr>\n<td width=\"260\"><strong>Sertifitseerimine<\/strong><\/td>\n<td style=\"text-align: center;\" width=\"231\">CE<\/td>\n<\/tr>\n<\/tbody>\n<\/table>\n<\/div>\n","protected":false},"excerpt":{"rendered":"<ul>\n<li>Saab printida igat t\u00fc\u00fcpi lamedatele materjalidele<\/li>\n<li>Tugev masin, mis t\u00f6\u00f6tab stabiilselt 24 tundi \u00f6\u00f6p\u00e4evas, 7 p\u00e4eva n\u00e4dalas.<\/li>\n<li>Valge pilt valge ja lakkv\u00e4rvi valikuv\u00f5imalustega<\/li>\n<li>Keskkonnas\u00f5bralik ja energiat\u00f5husa LED-tindi k\u00f5venemiss\u00fcsteem<\/li>\n<li>Kiiresti kuivav UV-tint<\/li>\n<li>Mugav juhtimiss\u00fcsteem<\/li>\n<li>Tr\u00fckimaterjali k\u00f5rguse automaatne tuvastamine<\/li>\n<li>Anti-kompressioonis\u00fcsteem<\/li>\n<li>Staatiline eemaldamiss\u00fcsteem<\/li>\n<li>Meedia Vaakumimiss\u00fcsteem<\/li>\n<li>Automaatne tindikoguse h\u00e4ires\u00fcsteem<\/li>\n<\/ul>\n","protected":false},"featured_media":8814,"template":"","meta":{"_acf_changed":false},"product_brand":[],"product_cat":[336],"product_tag":[],"class_list":{"0":"post-8813","1":"product","2":"type-product","3":"status-publish","4":"has-post-thumbnail","6":"product_cat-uv-printerid","7":"","8":"woocommerce-text-align-center","9":"woocommerce-image-align-center","10":"wc-has-gallery","12":"first","13":"instock","14":"shipping-taxable","15":"purchasable","16":"product-type-simple"},"acf":[],"_links":{"self":[{"href":"https:\/\/eltechnika.eu\/et\/wp-json\/wp\/v2\/product\/8813","targetHints":{"allow":["GET"]}}],"collection":[{"href":"https:\/\/eltechnika.eu\/et\/wp-json\/wp\/v2\/product"}],"about":[{"href":"https:\/\/eltechnika.eu\/et\/wp-json\/wp\/v2\/types\/product"}],"wp:featuredmedia":[{"embeddable":true,"href":"https:\/\/eltechnika.eu\/et\/wp-json\/wp\/v2\/media\/8814"}],"wp:attachment":[{"href":"https:\/\/eltechnika.eu\/et\/wp-json\/wp\/v2\/media?parent=8813"}],"wp:term":[{"taxonomy":"product_brand","embeddable":true,"href":"https:\/\/eltechnika.eu\/et\/wp-json\/wp\/v2\/product_brand?post=8813"},{"taxonomy":"product_cat","embeddable":true,"href":"https:\/\/eltechnika.eu\/et\/wp-json\/wp\/v2\/product_cat?post=8813"},{"taxonomy":"product_tag","embeddable":true,"href":"https:\/\/eltechnika.eu\/et\/wp-json\/wp\/v2\/product_tag?post=8813"}],"curies":[{"name":"wp","href":"https:\/\/api.w.org\/{rel}","templated":true}]}}