{"id":8721,"date":"2024-07-02T17:28:04","date_gmt":"2024-07-02T14:28:04","guid":{"rendered":"https:\/\/eltechnika.eu\/produktas\/cnc-freespingi-hobi-liin\/"},"modified":"2025-08-21T15:41:24","modified_gmt":"2025-08-21T12:41:24","slug":"cnc-freespingi-hobi-liin","status":"publish","type":"product","link":"https:\/\/eltechnika.eu\/et\/toode\/cnc-freespingi-hobi-liin\/","title":{"rendered":"CNC freespink Hobby Line"},"content":{"rendered":"<p><strong>Hobby Line<\/strong> <strong>CNC-freesping<\/strong> on mitmek\u00fclgne ja \u00fclit\u00e4pne masin harrastajatele ja v\u00e4ikestele t\u00f6\u00f6kodadele. See mudel on ideaalne neile, kes soovivad teostada \u00fcksikasjalikke ja keerulisi freesimist\u00f6id mitmesuguste materjalide, sealhulgas puidu, plastide ja metallide t\u00f6\u00f6tlemiseks. <strong>Hobby Line<\/strong> <strong>CNC-freesping<\/strong> on ideaalne valik harrastajatele ja v\u00e4ikeste t\u00f6\u00f6kodade tegijatele, kes otsivad usaldusv\u00e4\u00e4rset, t\u00e4pset ja mitmek\u00fclgset freesimislahendust. T\u00e4nu tugevale konstruktsioonile, kasutajas\u00f5bralikule kasutajaliidesele ja laiale valikule valikuv\u00f5imalustele v\u00f5imaldavad need masinad kasutajatel oma loomingulisi projekte h\u00f5lpsasti ja t\u00e4pselt ellu viia.  <\/p>\n<p><strong>Peamised omadused:<\/strong><\/p>\n<ul>\n<li><strong>K\u00f5rge t\u00e4psus<br \/>\n<\/strong>Hobby Line pakub erakordset t\u00e4psust, kuna suure eraldusv\u00f5imega samm-mootorid v\u00f5imaldavad t\u00e4pseid l\u00f5ikeid ja graveerimist.<br \/>\nSaab saavutada ranged tolerantsistandardid, mis teeb selle ideaalseks \u00fcksikasjalike t\u00f6\u00f6de ja keerukate kujunduste jaoks.<\/li>\n<li><strong>Tugev konstruktsioon<br \/>\n<\/strong>Tugevast alumiiniumraamist valmistatud masin tagab stabiilse ja j\u00e4iga aluse, v\u00e4hendades vibratsiooni ja parandades \u00fcldist freesimise t\u00e4psust.<br \/>\nTugev konstruktsioon tagab vastupidavuse ja p\u00fcsiva t\u00f6\u00f6v\u00f5ime ka sagedase kasutamise korral.<\/li>\n<li><strong>Kasutajas\u00f5bralik kasutajaliides<br \/>\n<\/strong>Hobby Line&#8217;i on intuitiivse juhtpaneeliga varustatud ja seda on lihtne kasutada isegi algajatele.<br \/>\nMasinad toetavad erinevaid tarkvarav\u00f5imalusi, mis v\u00f5imaldavad kasutajatel h\u00f5lpsasti importida kavandeid ja juhtida freesimisprotsessi.<\/li>\n<li><strong>Mitmek\u00fclgsed freesimisv\u00f5imalused<br \/>\n<\/strong>Sobib paljude erinevate materjalidega, sealhulgas pehme ja k\u00f5va puit, akr\u00fc\u00fcl, plastid ja v\u00e4rvilised metallid, nagu alumiinium ja messing<br \/>\nReguleeritavad spindli kiirused v\u00f5imaldavad kasutajatel kohandada freesimisprotsessi vastavalt materjalile ja projekti n\u00f5uetele.<\/li>\n<li><strong>Kompaktne ja t\u00f5hus disain<br \/>\n<\/strong>Hobby Line&#8217;i kompaktne suurus v\u00f5imaldab seda kasutada v\u00e4ikestes t\u00f6\u00f6kodades v\u00f5i kodus, ilma et see kaotaks j\u00f5udluse.<br \/>\nT\u00e4nu t\u00f5husale ruumikasutusele on seda lihtne integreerida olemasolevatesse t\u00f6\u00f6ruumidesse.<\/li>\n<li><strong>Ohutusfunktsioonid<br \/>\n<\/strong>Ohutuskaardid ja h\u00e4daseiskamisnupud on lisatud ohutu t\u00f6\u00f6keskkonna tagamiseks.<br \/>\nM\u00f5eldud \u00f5nnetuste v\u00e4ltimiseks ja nii kasutaja kui ka t\u00f6\u00f6pingi kaitsmiseks.<\/li>\n<\/ul>\n<p><strong>Rakendusvaldkonnad:<\/strong><\/p>\n<ul>\n<li><strong>Protot\u00fc\u00fcpimine<\/strong>: ideaalne v\u00e4ikeste detailide ja komponentide protot\u00fc\u00fcpimiseks.<\/li>\n<li><strong>Graveerimine<\/strong>: Ideaalne detailide graveerimiseks puit-, akr\u00fc\u00fcl- ja metallpindadele.<\/li>\n<li><strong>Mudeliehitus<\/strong>: sobib ideaalselt \u00fcksikasjalike mudelite ja mastaabikoopiate valmistamiseks.<\/li>\n<li><strong>Individuaalsed projektid<\/strong>: sobivad mitmesuguste DIY-projektide ja individuaalsete kujunduste jaoks.<\/li>\n<\/ul>\n<div class=\"product-descr-table\">\n<table width=\"779\">\n<tbody>\n<tr>\n<td colspan=\"5\" width=\"779\">\n<p style=\"text-align: center;\"><strong>SPETSIFIKATSIOON<\/strong><\/p>\n<\/td>\n<\/tr>\n<tr>\n<td style=\"text-align: center;\" width=\"123\"><strong>Mudel<\/strong><\/td>\n<td style=\"text-align: center;\" width=\"161\"><strong>Hobby Line 4530<\/strong><\/td>\n<td style=\"text-align: center;\" width=\"161\"><strong>Hobby Line6045<\/strong><\/td>\n<td style=\"text-align: center;\" width=\"170\"><strong>Hobby Line 7545<\/strong><\/td>\n<td width=\"165\">\n<p style=\"text-align: center;\"><strong>Hobby Line 10560<\/strong><\/p>\n<\/td>\n<\/tr>\n<tr>\n<td width=\"123\">\n<p style=\"text-align: center;\"><strong>Reisi pikkus mm<\/strong><\/p>\n<\/td>\n<td style=\"text-align: center;\" width=\"161\">X: 300 | Y: 450 | Z: 140<\/td>\n<td style=\"text-align: center;\" width=\"161\">X: 460 | Y: 600 | Z: 140<\/td>\n<td style=\"text-align: center;\" width=\"170\">X: 460 | Y: 750 | Z: 140<\/td>\n<td width=\"165\">\n<p style=\"text-align: center;\">X: 610 | Y: 1050 | Z: 140<\/p>\n<\/td>\n<\/tr>\n<tr>\n<td width=\"123\">\n<p style=\"text-align: center;\"><strong>L\u00e4bip\u00e4\u00e4s portaali alt<\/strong><\/p>\n<\/td>\n<td style=\"text-align: center;\" width=\"161\">Z: 240<\/td>\n<td style=\"text-align: center;\" width=\"161\">Z: 240<\/td>\n<td style=\"text-align: center;\" width=\"170\">Z: 240<\/td>\n<td style=\"text-align: center;\" width=\"165\">Z: 240<\/td>\n<\/tr>\n<tr>\n<td style=\"text-align: center;\" width=\"123\"><strong>T\u00f6\u00f6pinkide m\u00f5\u00f5tmed<\/strong><\/td>\n<td style=\"text-align: center;\" width=\"161\">670x550x650mm<\/td>\n<td style=\"text-align: center;\" width=\"161\">820x680x650mm<\/td>\n<td style=\"text-align: center;\" width=\"170\">970x680x650mm<\/td>\n<td width=\"165\">\n<p style=\"text-align: center;\">1270x860x650mm<\/p>\n<\/td>\n<\/tr>\n<tr>\n<td width=\"123\">\n<p style=\"text-align: center;\"><strong>Kuulkraanid<\/strong><\/p>\n<\/td>\n<td style=\"text-align: center;\" colspan=\"4\" width=\"657\">X = 16x10mm | Y = 16x10mm | Z = 12x4mm | Tolerantsiklass T07 | HIWIN | 2% eelpingestatud spetsiaalsete kuulidega<\/td>\n<\/tr>\n<tr>\n<td style=\"text-align: center;\" width=\"123\"><strong>Korratavus<\/strong><\/td>\n<td colspan=\"4\" width=\"657\">\n<p style=\"text-align: center;\">+ &#8211; 0.02mm<\/p>\n<\/td>\n<\/tr>\n<tr>\n<td width=\"123\">\n<p style=\"text-align: center;\"><strong>Kaal ilma lisaseadmeteta<\/strong><\/p>\n<\/td>\n<td style=\"text-align: center;\" width=\"161\">18 kg<\/td>\n<td style=\"text-align: center;\" width=\"161\">21 kg<\/td>\n<td style=\"text-align: center;\" width=\"170\">28 kg<\/td>\n<td style=\"text-align: center;\" width=\"165\">36 kg<\/td>\n<\/tr>\n<tr>\n<td style=\"text-align: center;\" width=\"123\"><strong>Surveplaat<\/strong><\/td>\n<td colspan=\"4\" width=\"657\">\n<p style=\"text-align: center;\">Valikuline MDF v\u00f5i alumiinium T-paneel<\/p>\n<\/td>\n<\/tr>\n<tr>\n<td width=\"123\">\n<p style=\"text-align: center;\"><strong>Maksimaalne kiirus<\/strong><\/p>\n<\/td>\n<td style=\"text-align: center;\" colspan=\"2\" width=\"321\">X: 83,3 mm\/s v\u00f5i 4 m\/min | Y: 83,3 mm\/s v\u00f5i 4 m\/min | Z: 40 mm\/s v\u00f5i 2,4 m\/min<\/td>\n<td colspan=\"2\" width=\"336\">\n<p style=\"text-align: center;\">X: 66,7 mm\/s v\u00f5i 3 m\/min | Y: 66,7 mm\/s v\u00f5i 3 m\/min | Z: 40 mm\/s v\u00f5i 2,4 m\/min<\/p>\n<\/td>\n<\/tr>\n<tr>\n<td width=\"123\">\n<p style=\"text-align: center;\"><strong>Kiirendus mm\/s<\/strong><strong>\u00b2<\/strong><\/p>\n<\/td>\n<td colspan=\"4\" width=\"657\">\n<p style=\"text-align: center;\">X: 300 | Y: 300 | Z: 200<\/p>\n<\/td>\n<\/tr>\n<\/tbody>\n<\/table>\n<\/div>\n<p>&nbsp;<\/p>\n","protected":false},"excerpt":{"rendered":"<p>Hobby Line CNC-freesping on mitmek\u00fclgne ja \u00fclit\u00e4pne masin harrastajatele ja v\u00e4ikestele t\u00f6\u00f6kodadele. See mudel on ideaalne neile, kes soovivad teostada \u00fcksikasjalikke ja keerulisi freesimist\u00f6id mitmesuguste materjalide, sealhulgas puidu, plastide ja metallide t\u00f6\u00f6tlemiseks. Hobby Line CNC-freesping on ideaalne valik harrastajatele ja v\u00e4ikeste t\u00f6\u00f6kodade tegijatele, kes otsivad usaldusv\u00e4\u00e4rset, t\u00e4pset ja mitmek\u00fclgset freesimislahendust. T\u00e4nu tugevale konstruktsioonile, kasutajas\u00f5bralikule kasutajaliidesele &#8230; <a title=\"CNC freespink Hobby Line\" class=\"read-more\" href=\"https:\/\/eltechnika.eu\/et\/toode\/cnc-freespingi-hobi-liin\/\" aria-label=\"Read more about CNC freespink Hobby Line\">Read more<\/a><\/p>\n","protected":false},"featured_media":8722,"template":"","meta":{"_acf_changed":false},"product_brand":[],"product_cat":[352],"product_tag":[],"class_list":{"0":"post-8721","1":"product","2":"type-product","3":"status-publish","4":"has-post-thumbnail","6":"product_cat-cnc-freespingid","7":"","8":"woocommerce-text-align-center","9":"woocommerce-image-align-center","10":"wc-has-gallery","12":"first","13":"instock","14":"shipping-taxable","15":"purchasable","16":"product-type-simple"},"acf":[],"_links":{"self":[{"href":"https:\/\/eltechnika.eu\/et\/wp-json\/wp\/v2\/product\/8721","targetHints":{"allow":["GET"]}}],"collection":[{"href":"https:\/\/eltechnika.eu\/et\/wp-json\/wp\/v2\/product"}],"about":[{"href":"https:\/\/eltechnika.eu\/et\/wp-json\/wp\/v2\/types\/product"}],"wp:featuredmedia":[{"embeddable":true,"href":"https:\/\/eltechnika.eu\/et\/wp-json\/wp\/v2\/media\/8722"}],"wp:attachment":[{"href":"https:\/\/eltechnika.eu\/et\/wp-json\/wp\/v2\/media?parent=8721"}],"wp:term":[{"taxonomy":"product_brand","embeddable":true,"href":"https:\/\/eltechnika.eu\/et\/wp-json\/wp\/v2\/product_brand?post=8721"},{"taxonomy":"product_cat","embeddable":true,"href":"https:\/\/eltechnika.eu\/et\/wp-json\/wp\/v2\/product_cat?post=8721"},{"taxonomy":"product_tag","embeddable":true,"href":"https:\/\/eltechnika.eu\/et\/wp-json\/wp\/v2\/product_tag?post=8721"}],"curies":[{"name":"wp","href":"https:\/\/api.w.org\/{rel}","templated":true}]}}