{"id":8647,"date":"2024-06-25T11:47:50","date_gmt":"2024-06-25T08:47:50","guid":{"rendered":"https:\/\/eltechnika.eu\/produktas\/uv-lasermargistusmasin\/"},"modified":"2025-08-21T15:41:16","modified_gmt":"2025-08-21T12:41:16","slug":"uv-lasermargistusmasin","status":"publish","type":"product","link":"https:\/\/eltechnika.eu\/et\/toode\/uv-lasermargistusmasin\/","title":{"rendered":"UV-laserm\u00e4rgistusmasin"},"content":{"rendered":"<h2>UV-laser: k\u00fclmam\u00e4rgistus k\u00f5ige tundlikumate materjalide jaoks<\/h2>\n<p>Kui tavalised kiud- v\u00f5i CO2-laserid on liiga agressiivsed, tuleb appi UV-lasertehnoloogia. Enamik lasereid t\u00f6\u00f6tab termilisel p\u00f5him\u00f5ttel &#8211; nad kuumutavad ja aurustavad materjali. UV-laserid seevastu kasutavad l\u00fchemat 355 nm lainepikkust ja t\u00f6\u00f6tavad fotokeemilisel p\u00f5him\u00f5ttel. K\u00f5rge energiaga UV-fotonid l\u00f5huvad otseselt materjali molekulaarsed sidemed, ilma \u00fcmbritsevat ala kuumutamata. See protsess, mida nimetatakse &#8220;k\u00fclmaks m\u00e4rgistamiseks&#8221;, v\u00f5imaldab luua t\u00e4iesti selgeid ja kontrastseid m\u00e4rke ilma materjali enda kahjustamata.    <\/p>\n<h2>Miks valida UV-laser?<\/h2>\n<p>UV-laser avab ukse piirkondadesse, mis olid varem laserm\u00e4rgistusele k\u00e4ttesaamatud materjali kuumustundlikkuse t\u00f5ttu.<\/p>\n<h3>V\u00f5rratu t\u00e4psus ja kvaliteet<\/h3>\n<p>T\u00e4nu laseri \u00fcliv\u00e4ikesele punktim\u00f5\u00f5dule saab UV-laseriga luua uskumatult peeneid ja t\u00e4pseid detaile. See v\u00f5imaldab mikrom\u00e4rgistamist &#8211; \u00fcliv\u00e4ikese teksti, keeruliste logode v\u00f5i suure eraldusv\u00f5imega QR-koodide graveerimist -, mis on kergesti loetavad ja veatult selged. <\/p>\n<h3>T\u00e4ielik kaitse rikkumiste eest<\/h3>\n<p>&#8220;K\u00fclmam\u00e4rgistamise&#8221; protsess tagab, et teie toode ei ilmuta mingeid ebasoovitavaid m\u00f5jusid: ei k\u00f5rvetamist, sulamist, vahutamist ega mikror\u00f5hkumist, mis sageli tekivad, kui pinnad kuumusega kokku puutuvad. Materjali struktuur ja pinna terviklikkus j\u00e4\u00e4vad puutumatuks, mis on kriitilise t\u00e4htsusega meditsiiniseadmete, elektroonikaseadmete v\u00f5i toidupakendite valmistamisel. <\/p>\n<h2>Laiad kasutusvaldkonnad<\/h2>\n<p>UV-laser on mitmek\u00fclgne lahendus, mis t\u00e4idab ni\u0161i kiud- ja CO2-tehnoloogiate vahel. See on ideaalne seal, kus teised tehnoloogiad on v\u00f5imetud. <\/p>\n<h3>Materjalide spekter:<\/h3>\n<ul>\n<li><strong>K\u00f5ik plastid:<\/strong> ABS, PVC, PLA, pol\u00fckarbonaat, pol\u00fcprop\u00fcleen ja eriti silikoon.<\/li>\n<li><strong>Klaas ja kristall:<\/strong> m\u00e4rgistamine ilma mikropragude ohuta.<\/li>\n<li><strong>Keraamika:<\/strong> t\u00e4ppisgraveerimine erinevat t\u00fc\u00fcpi keraamikatele.<\/li>\n<li><strong>Elektroonikakomponendid:<\/strong> mikrokiipide korpused, tr\u00fckkplaadid (PCB), r\u00e4niplaadid.<\/li>\n<li><strong>Meditsiin:<\/strong> kirurgiliste instrumentide, implantaatide ja meditsiiniseadmete plastosade markeerimine.<\/li>\n<li><strong>P\u00e4ikeseenergia:<\/strong> p\u00e4ikesepaneelide plaatide m\u00e4rgistamine.<\/li>\n<li>Sellega saab m\u00e4rgistada ka puitu, paberit, nahka ja isegi metalle, andes sellega Fibre Laserist erineva kontrasti.<\/li>\n<\/ul>\n<h3>N\u00e4iteid kasutamisest:<\/h3>\n<ul>\n<li>Logo ja sertifitseerimism\u00e4rgistus telefonilaadijatel, USB-pulkadel.<\/li>\n<li>Seerianumbrite ja v\u00f6\u00f6tkoodide graveerimine klaasanumatele v\u00f5i laboritarvikutele.<\/li>\n<li>Identifitseerimiskoodide m\u00e4rkimine meditsiinilistele silikoontorudele v\u00f5i -seadmetele.<\/li>\n<li>V\u00e4ikeste skeemide ja numbrite m\u00e4rkimine elektroonikakomponentidel.<\/li>\n<\/ul>\n<p>&nbsp;<\/p>\n<div class=\"product-descr-table\">\n<table width=\"634\">\n<tbody>\n<tr>\n<td colspan=\"2\" width=\"634\">\n<p style=\"text-align: left;\"><strong>SPETSIFIKATSIOON<\/strong><\/p>\n<\/td>\n<\/tr>\n<tr>\n<td style=\"text-align: left;\" width=\"217\"><strong>Laseri allikas<\/strong><\/td>\n<td width=\"417\">\n<p style=\"text-align: center;\">JPT tihend &#8211; 355 &#8211; 3SE\/3C\/5C\/10S<\/p>\n<\/td>\n<\/tr>\n<tr>\n<td width=\"217\">\n<p style=\"text-align: left;\"><strong>Laseri v\u00f5imsus<\/strong><\/p>\n<\/td>\n<td style=\"text-align: center;\" width=\"417\">3W, 5W, 10W<\/td>\n<\/tr>\n<tr>\n<td style=\"text-align: left;\" width=\"217\"><strong>Impulsside vahemik<\/strong><\/td>\n<td width=\"417\">\n<p style=\"text-align: center;\">20 &#8211; 150kHz<\/p>\n<\/td>\n<\/tr>\n<tr>\n<td width=\"217\">\n<p style=\"text-align: left;\"><strong>Graveerimise kiirus<\/strong><\/p>\n<\/td>\n<td style=\"text-align: center;\" width=\"417\">0 &#8211; 8000mm\/s<\/td>\n<\/tr>\n<tr>\n<td style=\"text-align: left;\" width=\"217\"><strong>Minimaalne joone paksus<\/strong><\/td>\n<td width=\"417\">\n<p style=\"text-align: center;\">&lt;0.01mm<\/p>\n<\/td>\n<\/tr>\n<tr>\n<td width=\"217\">\n<p style=\"text-align: left;\"><strong>Laseri lainepikkus<\/strong><\/p>\n<\/td>\n<td style=\"text-align: center;\" width=\"417\">355 nm<\/td>\n<\/tr>\n<tr>\n<td style=\"text-align: left;\" width=\"217\"><strong>T\u00f6\u00f6valdkond<\/strong><\/td>\n<td width=\"417\">\n<p style=\"text-align: center;\">70x70mm, 110x110mm, 150x150mm, 175x175mm, 200x200mm, 300x300mm.<\/p>\n<\/td>\n<\/tr>\n<tr>\n<td width=\"217\">\n<p style=\"text-align: left;\"><strong>Jahutamine<\/strong><\/p>\n<\/td>\n<td style=\"text-align: center;\" width=\"417\">\u00d5hk \/ vesi<\/td>\n<\/tr>\n<tr>\n<td style=\"text-align: left;\" width=\"217\"><strong>Laserallika eluiga<\/strong><\/td>\n<td width=\"417\">\n<p style=\"text-align: center;\">Kuni 20 000 tundi.<\/p>\n<\/td>\n<\/tr>\n<tr>\n<td width=\"217\">\n<p style=\"text-align: left;\"><strong>Toitepinge<\/strong><\/p>\n<\/td>\n<td style=\"text-align: center;\" width=\"417\">230VAC, 50-60Hz<\/td>\n<\/tr>\n<tr>\n<td style=\"text-align: left;\" width=\"217\"><strong>Energiatarbimine<\/strong><\/td>\n<td width=\"417\">\n<p style=\"text-align: center;\">&lt;= 500W<\/p>\n<\/td>\n<\/tr>\n<tr>\n<td width=\"217\">\n<p style=\"text-align: left;\"><strong>Temperatuur\/niiskus<\/strong><\/p>\n<\/td>\n<td style=\"text-align: center;\" width=\"417\">0~35\u00b0C \/ 10~95%<\/td>\n<\/tr>\n<tr>\n<td style=\"text-align: left;\" width=\"217\"><strong>T\u00f6\u00f6pingi m\u00f5\u00f5tmed ja kaal<\/strong><\/td>\n<td width=\"417\">\n<p style=\"text-align: center;\">660x240x500mm, 35kg<\/p>\n<\/td>\n<\/tr>\n<tr>\n<td width=\"217\">\n<p style=\"text-align: left;\"><strong>Tarkvara<\/strong><\/p>\n<\/td>\n<td style=\"text-align: center;\" width=\"417\">EzCAD (LightBurn Pro soovitatav, eraldi tasuline litsents)<\/td>\n<\/tr>\n<tr>\n<td style=\"text-align: left;\" width=\"217\"><strong>Toetatud vormingud<\/strong><\/td>\n<td width=\"417\">\n<p style=\"text-align: center;\">AI, PLT, DXF, BMP, DWG, DXP, PNG, JPG jne.<\/p>\n<\/td>\n<\/tr>\n<tr>\n<td width=\"217\">\n<p style=\"text-align: left;\"><strong>Sobivad materjalid<\/strong><\/p>\n<\/td>\n<td style=\"text-align: center;\" width=\"417\">Peaaegu k\u00f5ik (orgaanilised ained, tahked ained, klaas, kristallid, metallid, plastid, r\u00e4ni jne).<\/td>\n<\/tr>\n<tr>\n<td style=\"text-align: left;\" width=\"217\"><strong>Rotary<\/strong><\/td>\n<td width=\"417\">\n<p style=\"text-align: center;\">Lisav\u00f5imalus (s\u00f5rmuste, k\u00e4ev\u00f5rude, prillide jne. jaoks)<\/p>\n<\/td>\n<\/tr>\n<\/tbody>\n<\/table>\n<\/div>\n","protected":false},"excerpt":{"rendered":"<p><strong>UV-laserm\u00e4rgistusmasinad<\/strong> on spetsialiseerunud seadmed tundlike materjalide \u00fclit\u00e4pseks m\u00e4rgistamiseks. Kasutades ainulaadset &#8220;k\u00fclma m\u00e4rgistamise&#8221; tehnoloogiat, m\u00f5jub UV-laser pinnale ilma termilise m\u00f5juta, v\u00e4ltides kahjustusi, p\u00f5letusi v\u00f5i mikroristl\u00f5ikeid. See on asendamatu vahend <strong>plastide, klaasi, silikooni, keraamika<\/strong> ja tundliku elektroonika t\u00f6\u00f6tlemisel, kus on vaja k\u00f5rgeimat kvaliteeti ja pinna terviklikkuse s\u00e4ilitamist.  <\/p>\n","protected":false},"featured_media":8648,"template":"","meta":{"_acf_changed":false},"product_brand":[],"product_cat":[318],"product_tag":[],"class_list":{"0":"post-8647","1":"product","2":"type-product","3":"status-publish","4":"has-post-thumbnail","6":"product_cat-laser-toopingid","7":"","8":"woocommerce-text-align-center","9":"woocommerce-image-align-center","11":"first","12":"instock","13":"shipping-taxable","14":"purchasable","15":"product-type-simple"},"acf":[],"_links":{"self":[{"href":"https:\/\/eltechnika.eu\/et\/wp-json\/wp\/v2\/product\/8647","targetHints":{"allow":["GET"]}}],"collection":[{"href":"https:\/\/eltechnika.eu\/et\/wp-json\/wp\/v2\/product"}],"about":[{"href":"https:\/\/eltechnika.eu\/et\/wp-json\/wp\/v2\/types\/product"}],"wp:featuredmedia":[{"embeddable":true,"href":"https:\/\/eltechnika.eu\/et\/wp-json\/wp\/v2\/media\/8648"}],"wp:attachment":[{"href":"https:\/\/eltechnika.eu\/et\/wp-json\/wp\/v2\/media?parent=8647"}],"wp:term":[{"taxonomy":"product_brand","embeddable":true,"href":"https:\/\/eltechnika.eu\/et\/wp-json\/wp\/v2\/product_brand?post=8647"},{"taxonomy":"product_cat","embeddable":true,"href":"https:\/\/eltechnika.eu\/et\/wp-json\/wp\/v2\/product_cat?post=8647"},{"taxonomy":"product_tag","embeddable":true,"href":"https:\/\/eltechnika.eu\/et\/wp-json\/wp\/v2\/product_tag?post=8647"}],"curies":[{"name":"wp","href":"https:\/\/api.w.org\/{rel}","templated":true}]}}