{"id":8572,"date":"2025-12-15T10:00:47","date_gmt":"2025-12-15T07:00:47","guid":{"rendered":"https:\/\/eltechnika.eu\/produktas\/aeon-super-nova-koos-redline-10-14-16\/"},"modified":"2025-08-21T15:41:06","modified_gmt":"2025-08-21T12:41:06","slug":"aeon-super-nova-koos-redline-10-14-16","status":"publish","type":"product","link":"https:\/\/eltechnika.eu\/et\/toode\/aeon-super-nova-koos-redline-10-14-16\/","title":{"rendered":"Aeon Super Nova S Redline 10\/14\/16"},"content":{"rendered":"<h2>AEON <strong>Super NOVA <span style=\"color: #ff0000;\">S<\/span> <span style=\"color: #ff0000;\">REDLINE<\/span><\/strong>: h\u00fcbriidv\u00f5imsus ilma analoogideta<\/h2>\n<p>AEON <strong>Super NOVA <span style=\"color: #ff0000;\">S<\/span> <span style=\"color: #ff0000;\">REDLINE<\/span><\/strong> on AEONi inseneride k\u00f5ige arenenum arendus t\u00f6\u00f6stusharudele, kus j\u00f5udlus ja paindlikkus on kriitilise t\u00e4htsusega. See mudel v\u00f5tab Super NOVA seeria parimad omadused ja viib selle uuele tasemele, integreerides revolutsioonilise h\u00fcbriids\u00fcsteemi CO2 Galvo skaneerimispeaga. <strong>Super NOVA <span style=\"color: #ff0000;\">S<\/span> <span style=\"color: #ff0000;\">REDLINE<\/span><\/strong> on m\u00f5eldud k\u00f5ige n\u00f5udlikumate kombineeritud \u00fclesannete &#8211; l\u00f5ikamine, graveerimine ja \u00fclikiire m\u00e4rgistamine &#8211; t\u00e4itmiseks \u00fche protsessiga, mis s\u00e4\u00e4stab tohutult aega ja avab t\u00e4iesti uusi tootmisv\u00f5imalusi. <\/p>\n<h2>Revolutsiooniline h\u00fcbriidtehnoloogia: kaks pead \u00fchel teljel<\/h2>\n<p><strong>Super NOVA <span style=\"color: #ff0000;\">S<\/span> <span style=\"color: #ff0000;\">REDLINE<\/span><\/strong> on ainulaadne s\u00fcsteem, kus kaks t\u00e4iesti erinevat laserpead on paigaldatud samale liikuvale teljele. Tarkvara l\u00fclitub nende vahel automaatselt \u00fcmber s\u00f5ltuvalt teostatavast operatsioonist. <\/p>\n<h3>1. Standardne l\u00f5ikamis- ja graveerimispea<\/h3>\n<p>See pea, mis on \u00fchendatud v\u00f5imsa klaasist CO2-lasertoruga (100-150 W), vastutab l\u00f5ikamise ja s\u00fcvagraveerimise \u00fclesannete eest. See tagab paksude materjalide, nagu puit, akr\u00fc\u00fcl v\u00f5i spoon, t\u00e4pse ja t\u00f5husa l\u00f5ikamise, nagu NOVA-seeria standardmasinad. <\/p>\n<h3>2. CO2 Galvo skaneerimispea<\/h3>\n<p>See on <strong>Super NOVA <span style=\"color: #ff0000;\">S<\/span> <span style=\"color: #ff0000;\">REDLINE<\/span><\/strong> &#8217;i t\u00f5eline &#8220;superv\u00f5ime&#8221;. See pea, mis on \u00fchendatud vastupidava metallist RF-lasertoruga, kasutab laserkiire suunamiseks mitte liikuvat telge, vaid \u00fclikiireid peegleid. See v\u00f5imaldab absoluutselt uskumatuid m\u00e4rgistamis- ja graveerimiskiirusi, mis on <strong>30-50 korda kiiremad<\/strong> kui tavalised XY-teljelised s\u00fcsteemid. See on ideaalne seerianumbrite, v\u00f6\u00f6tkoodide, logode v\u00f5i muu peene graafika m\u00e4rgistamiseks.   <\/p>\n<h2>\u00dche protsessiga tootmine: l\u00f5ikamine ja markeerimine \u00fche aasta jooksul<\/h2>\n<p>Kujutage ette protsessi: tavaline pea l\u00f5ikab toote kontuuri v\u00e4lja ja Galvo pea kaardistab selle koheselt vajaliku teabega. K\u00f5ik see toimub \u00fche t\u00f6\u00f6ga, ilma et toodet oleks vaja teisele masinale \u00fcle kanda. See mitte ainult ei suurenda oluliselt tootlikkust, vaid tagab ka absoluutse t\u00e4psuse, v\u00e4ltides positsioneerimisvigu.  <\/p>\n<h2>Tippklassi pakett<\/h2>\n<p>Nagu lipulaevale kohane,  <strong>Super NOVA <span style=\"color: #ff0000;\">S<\/span> <span style=\"color: #ff0000;\">REDLINE<\/span><\/strong>  on k\u00f5ik v\u00f5imalikud eelised standardvarustuses:<\/p>\n<ul>\n<li><strong>Sisseehitatud kaamera:<\/strong> visuaalseks positsioneerimiseks ja printimise tuvastamiseks<em>(Print &amp; Cut<\/em>).<\/li>\n<li><strong>AC servomootorid:<\/strong> maksimaalse kiiruse, kiirenduse ja t\u00e4psuse saavutamiseks.<\/li>\n<li><strong>&#8220;Clean Pack Technology&#8221;:<\/strong> kaitstud ja vastupidav mehaanika.<\/li>\n<li><strong>T\u00e4ielik &#8220;k\u00f5ik-\u00fches&#8221; disain:<\/strong> integreeritud jahutus, suitsu v\u00e4ljal\u00fclitus ja \u00f5huvarustus.<\/li>\n<li><strong>Mootoriga laud ja autofookus:<\/strong> mugavaks ja kiireks t\u00f6\u00f6ks.<\/li>\n<\/ul>\n<h2>Valige oma <strong>Super NOVA <span style=\"color: #ff0000;\">S<\/span> <span style=\"color: #ff0000;\">REDLINE<\/span><\/strong> tootmisplatvorm<\/h2>\n<p><strong>Super NOVA <span style=\"color: #ff0000;\">S<\/span> <span style=\"color: #ff0000;\">REDLINE<\/span><\/strong> seeria pakub kolme suurust, et kohandada seda tipptasemel tehnoloogiat teie tootmisvajadustele:<\/p>\n<ul>\n<li><strong>Super NOVA <span style=\"color: #ff0000;\">S<\/span> <span style=\"color: #ff0000;\">REDLINE<\/span>10:<\/strong> <strong>1000 x 700 mm<\/strong> t\u00f6\u00f6pindala.<\/li>\n<li><strong>Super NOVA <span style=\"color: #ff0000;\">S<\/span> <span style=\"color: #ff0000;\">REDLINE<\/span>14:<\/strong> <strong>1400 x 900 mm<\/strong> t\u00f6\u00f6pindala.<\/li>\n<li><strong>Super NOVA <span style=\"color: #ff0000;\">S<\/span> <span style=\"color: #ff0000;\">REDLINE<\/span>16:<\/strong> <strong>1600 x 1000 mm<\/strong> t\u00f6\u00f6pindala.<\/li>\n<\/ul>\n<div class=\"product-descr-table\">\n<table width=\"944\">\n<tbody>\n<tr>\n<td colspan=\"4\" width=\"944\"><strong>SPETSIFIKATSIOON<\/strong><\/td>\n<\/tr>\n<tr>\n<td width=\"215\"><strong>MUDEL<\/strong><\/td>\n<td style=\"text-align: center;\" width=\"243\"><strong>NOVA10 SUPER <span style=\"color: #ff0000;\">Redline<\/span><\/strong><\/td>\n<td style=\"text-align: center;\" width=\"243\"><strong>NOVA14 SUPER <span style=\"color: #ff0000;\">Redline<\/span><\/strong><\/td>\n<td style=\"text-align: center;\" width=\"243\"><strong>NOVA16 SUPER <span style=\"color: #ff0000;\">Redline<\/span><\/strong><\/td>\n<\/tr>\n<tr>\n<td width=\"215\"><strong>T\u00f6\u00f6piirkond<\/strong><\/td>\n<td style=\"text-align: center;\" width=\"243\">700&#215;1000 mm<\/td>\n<td style=\"text-align: center;\" width=\"243\">900&#215;1400 mm<\/td>\n<td style=\"text-align: center;\" width=\"243\">1000&#215;1600 mm<\/td>\n<\/tr>\n<tr>\n<td width=\"215\"><strong>Maksimaalne motoriseeritud Z-telje k\u00f5rgus<\/strong><\/td>\n<td style=\"text-align: center;\" width=\"243\">200 mm<\/td>\n<td style=\"text-align: center;\" width=\"243\">200 mm<\/td>\n<td style=\"text-align: center;\" width=\"243\">200 mm<\/td>\n<\/tr>\n<tr>\n<td width=\"215\"><strong>Maksimaalne t\u00f5stev\u00f5ime<\/strong><\/td>\n<td style=\"text-align: center;\" width=\"243\">120 kg<\/td>\n<td style=\"text-align: center;\" width=\"243\">120 kg<\/td>\n<td style=\"text-align: center;\" width=\"243\">120 kg<\/td>\n<\/tr>\n<tr>\n<td rowspan=\"2\" width=\"215\"><strong>Laseri t\u00fc\u00fcp\/v\u00f5imsus<\/strong><\/td>\n<td style=\"text-align: center;\" width=\"243\">DC klaas 90\/100W<\/td>\n<td style=\"text-align: center;\" width=\"243\">DC Glass 90\/100\/130W<\/td>\n<td style=\"text-align: center;\" width=\"243\">DC Glass 90\/100\/130\/150W<\/td>\n<\/tr>\n<tr>\n<td style=\"text-align: center;\" width=\"243\">RF Metal 30\/60W<\/td>\n<td style=\"text-align: center;\" width=\"243\">RF Metal 30\/60W<\/td>\n<td style=\"text-align: center;\" width=\"243\">RF Metal 30\/60W<\/td>\n<\/tr>\n<tr>\n<td width=\"215\"><strong>Maksimaalne graveerimiskiirus<\/strong><\/td>\n<td style=\"text-align: center;\" width=\"243\">DC 1200 mm\/s, RF 4000 mm\/s<\/td>\n<td style=\"text-align: center;\" colspan=\"2\" width=\"486\">DC 1200 mm\/s, RF 4200 mm\/s<\/td>\n<\/tr>\n<tr>\n<td rowspan=\"2\" width=\"215\"><strong>Kiirendus<\/strong><\/td>\n<td style=\"text-align: center;\" colspan=\"3\">5G (ALALISVOOL)<\/td>\n<\/tr>\n<tr>\n<td style=\"text-align: center;\" colspan=\"3\">8G (RF)<\/td>\n<\/tr>\n<tr>\n<td rowspan=\"2\" width=\"215\"><strong>Mootori t\u00fc\u00fcp<\/strong><\/td>\n<td style=\"text-align: center;\" colspan=\"3\">DC Stepper (DC)<\/td>\n<\/tr>\n<tr>\n<td style=\"text-align: center;\" colspan=\"3\">AC servo (RF)<\/td>\n<\/tr>\n<tr>\n<td width=\"215\"><strong>Alalisvoolu allika maksimaalne eraldusv\u00f5ime<\/strong><\/td>\n<td style=\"text-align: center;\" colspan=\"3\" width=\"729\">1000 DPI<\/td>\n<\/tr>\n<tr>\n<td width=\"215\"><strong>RF-allika maksimaalne eraldusv\u00f5ime<\/strong><\/td>\n<td style=\"text-align: center;\" colspan=\"3\" width=\"729\">4000 DPI<\/td>\n<\/tr>\n<tr>\n<td width=\"215\"><strong>Kirja graveerimise minimaalne suurus<\/strong><\/td>\n<td style=\"text-align: center;\" colspan=\"3\" width=\"729\">1 x 1mm (RF)<\/td>\n<\/tr>\n<tr>\n<td width=\"215\"><strong>Positsioneerimise t\u00e4psus<\/strong><\/td>\n<td style=\"text-align: center;\" colspan=\"3\" width=\"729\">&lt; 0,01 mm<\/td>\n<\/tr>\n<tr>\n<td width=\"215\"><strong>L\u00f5ike paksus<\/strong><\/td>\n<td style=\"text-align: center;\" colspan=\"3\" width=\"729\">&lt; 15mm (s\u00f5ltuvalt materjalist ja allika v\u00f5imsusest)<\/td>\n<\/tr>\n<tr>\n<td width=\"215\"><strong>T\u00f6\u00f6laud<\/strong><\/td>\n<td style=\"text-align: center;\" colspan=\"3\" width=\"729\">Cellular + spetsiaalne l\u00f5iket\u00f6\u00f6pind<\/td>\n<\/tr>\n<tr>\n<td width=\"215\"><strong>Jahutamine<\/strong><\/td>\n<td style=\"text-align: center;\" width=\"243\">DC: vesijahuti CW5000<\/td>\n<td style=\"text-align: center;\" colspan=\"2\" width=\"486\">DC: Vesijahuti CW5200<\/td>\n<\/tr>\n<tr>\n<td width=\"215\"><\/td>\n<td style=\"text-align: center;\" colspan=\"3\" width=\"729\">RF: \u00d5hujahutus<\/td>\n<\/tr>\n<tr>\n<td width=\"215\"><strong>Suitsu v\u00e4ljat\u00f5mbeventilaator<\/strong><\/td>\n<td style=\"text-align: center;\" colspan=\"3\" width=\"729\">500W<\/td>\n<\/tr>\n<tr>\n<td width=\"215\"><strong>Integreeritud \u00f5hupump<\/strong><\/td>\n<td style=\"text-align: center;\" width=\"243\">750W ja 24L \u00f5huv\u00f5imsus<\/td>\n<td style=\"text-align: center;\" colspan=\"2\" width=\"486\">750W 40L \u00f5humahuga<\/td>\n<\/tr>\n<tr>\n<td width=\"215\"><strong>Autofookus<\/strong><\/td>\n<td style=\"text-align: center;\" colspan=\"3\" width=\"729\">Sisseehitatud<\/td>\n<\/tr>\n<tr>\n<td width=\"215\"><strong>Kaamera<\/strong><\/td>\n<td style=\"text-align: center;\" colspan=\"3\">100\u00b0 8 megapikslit<\/td>\n<\/tr>\n<tr>\n<td width=\"215\"><strong>Laserite ohutuse klassifikatsioon<\/strong><\/td>\n<td style=\"text-align: center;\" colspan=\"3\">Klassi 1 lasertoode<\/td>\n<\/tr>\n<tr>\n<td width=\"215\"><strong>Tarkvara<\/strong><\/td>\n<td style=\"text-align: center;\" colspan=\"3\" width=\"729\">RDWorks (Lightburn soovitatav, eraldi tasuline litsents)<\/td>\n<\/tr>\n<tr>\n<td width=\"215\"><strong>Toetatud vormingud<\/strong><\/td>\n<td style=\"text-align: center;\" colspan=\"3\" width=\"729\">DSP\/PLT\/BMP\/DXF\/AI\/DWG\/SVG<\/td>\n<\/tr>\n<tr>\n<td><strong>Masina m\u00f5\u00f5tmed<\/strong><\/td>\n<td style=\"text-align: center;\">1500*1210*1125 mm<\/td>\n<td style=\"text-align: center;\">1900*1410*1125 mm<\/td>\n<td style=\"text-align: center;\">2100*1510*1125 mm<\/td>\n<\/tr>\n<tr>\n<td><strong>Brutokaal<\/strong><\/td>\n<td style=\"text-align: center;\">532 kg<\/td>\n<td style=\"text-align: center;\">683 kg<\/td>\n<td style=\"text-align: center;\">730 kg<\/td>\n<\/tr>\n<tr>\n<td><strong>Netokaal<\/strong><\/td>\n<td style=\"text-align: center;\">415 kg<\/td>\n<td style=\"text-align: center;\">560 kg<\/td>\n<td style=\"text-align: center;\">566 kg<\/td>\n<\/tr>\n<tr>\n<td width=\"215\"><strong>Toitepinge<\/strong><\/td>\n<td style=\"text-align: center;\" colspan=\"3\" width=\"729\">220V AC 50Hz<\/td>\n<\/tr>\n<tr>\n<td width=\"215\"><strong>Koguv\u00f5imsus<\/strong><\/td>\n<td style=\"text-align: center;\" colspan=\"3\" width=\"729\">3300W<\/td>\n<\/tr>\n<tr>\n<td width=\"215\"><strong>Rotary<\/strong><\/td>\n<td style=\"text-align: center;\" colspan=\"3\" width=\"729\">Valikuline (toorik\/rull)<\/td>\n<\/tr>\n<\/tbody>\n<\/table>\n<\/div>\n","protected":false},"excerpt":{"rendered":"<p>AEON <strong>Super NOVA <span style=\"color: #ff0000;\">S<\/span> <span style=\"color: #ff0000;\">REDLINE<\/span><\/strong> on lasertehnoloogia absoluutne tipp, mis on m\u00f5eldud kompromissituks tootmiseks. Ainulaadne <strong>h\u00fcbriids\u00fcsteem kahe peaga (standard ja CO2 Galvo<\/strong> ) v\u00f5imaldab l\u00f5ikamist ja \u00fclikiiret m\u00e4rgistamist \u00fche t\u00f6\u00f6ga. Integreeritud positsioneerimiskaamera, vahelduvvooluservomootorid ja Clean Pack tehnoloogia teevad REDLINE-st k\u00f5ige v\u00f5imsama ja mitmek\u00fclgsema CO2-laserkeskuse turul.  <\/p>\n","protected":false},"featured_media":8573,"template":"","meta":{"_acf_changed":false},"product_brand":[],"product_cat":[319,318],"product_tag":[],"class_list":{"0":"post-8572","1":"product","2":"type-product","3":"status-publish","4":"has-post-thumbnail","6":"product_cat-aeon-co2-laserloikus-graveerimismasin","7":"product_cat-laser-toopingid","8":"","9":"woocommerce-text-align-center","10":"woocommerce-image-align-center","11":"wc-has-gallery","13":"first","14":"instock","15":"shipping-taxable","16":"purchasable","17":"product-type-simple"},"acf":[],"_links":{"self":[{"href":"https:\/\/eltechnika.eu\/et\/wp-json\/wp\/v2\/product\/8572","targetHints":{"allow":["GET"]}}],"collection":[{"href":"https:\/\/eltechnika.eu\/et\/wp-json\/wp\/v2\/product"}],"about":[{"href":"https:\/\/eltechnika.eu\/et\/wp-json\/wp\/v2\/types\/product"}],"wp:featuredmedia":[{"embeddable":true,"href":"https:\/\/eltechnika.eu\/et\/wp-json\/wp\/v2\/media\/8573"}],"wp:attachment":[{"href":"https:\/\/eltechnika.eu\/et\/wp-json\/wp\/v2\/media?parent=8572"}],"wp:term":[{"taxonomy":"product_brand","embeddable":true,"href":"https:\/\/eltechnika.eu\/et\/wp-json\/wp\/v2\/product_brand?post=8572"},{"taxonomy":"product_cat","embeddable":true,"href":"https:\/\/eltechnika.eu\/et\/wp-json\/wp\/v2\/product_cat?post=8572"},{"taxonomy":"product_tag","embeddable":true,"href":"https:\/\/eltechnika.eu\/et\/wp-json\/wp\/v2\/product_tag?post=8572"}],"curies":[{"name":"wp","href":"https:\/\/api.w.org\/{rel}","templated":true}]}}