{"id":8447,"date":"2024-06-19T11:24:24","date_gmt":"2024-06-19T11:24:24","guid":{"rendered":"https:\/\/eltechnika.eu\/produktas\/co2-laser-margistamise-graveerimismasin\/"},"modified":"2025-08-21T15:41:05","modified_gmt":"2025-08-21T12:41:05","slug":"co2-laser-margistamise-graveerimismasin","status":"publish","type":"product","link":"https:\/\/eltechnika.eu\/et\/toode\/co2-laser-margistamise-graveerimismasin\/","title":{"rendered":"CO2 lasergraveerimismasin"},"content":{"rendered":"<h2>CO2 pea laser: kiirused, mida \u00fckski plotter ei suuda saavutada<\/h2>\n<p>Masstootmise ja m\u00e4rgistamise kiiruse osas on CO2 Galvo lasermasinad omaette kategooria. Erinevalt traditsioonilistest plotter-t\u00fc\u00fcpi laseritest, mis liiguvad mehaaniliselt m\u00f6\u00f6da XY-telge, kasutatakse Galvo s\u00fcsteemis kahte pisikest, arvutiga juhitavat peeglit. Need peeglid suunavad laserkiire peaaegu koheselt \u00f5igesse punkti, mille tulemuseks on uskumatu m\u00e4rgistuskiirus kuni 7000 mm\/s. Tegemist on spetsiaalse t\u00f6\u00f6riistaga, mis ei ole m\u00f5eldud l\u00f5ikamiseks, vaid \u00fche eesm\u00e4rgi saavutamiseks: maksimaalne kiirus ja t\u00e4pne pinnam\u00e4rgistus.   <\/p>\n<h2>Kuidas Galvo tehnoloogia t\u00f6\u00f6tab?<\/h2>\n<p>Selle asemel, et liigutada rasket mehaanilist pead \u00fcle kogu t\u00f6\u00f6piirkonna, hoiab Galvo s\u00fcsteem laserallika ja t\u00f6\u00f6deldava detaili paigal. Laserkiir suunatakse kahele galvanomeetrilisele mootorile, mis ajavad peegleid. Need peeglid v\u00f5ivad p\u00f6\u00f6relda tuhandeid kordi sekundis, nii et laserpunkt materjali pinnal liigub v\u00e4lkkiirusega. Selle tulemuseks on kuni 10 korda suurem tootlikkus v\u00f5rreldes tavaliste lasermasinatega samade graveerimis\u00fclesannete puhul.   <\/p>\n<h2>Ideaalne vahend teie tootmise jaoks<\/h2>\n<p>T\u00e4nu oma kiirusele ja t\u00e4psusele on CO2 Galvo laser asendamatu paljudes rakendustes. See on ideaalne CO2-laseri lainepikkusest m\u00f5jutatud materjalide m\u00e4rgistamiseks. <\/p>\n<h3>Eelistatud materjalid:<\/h3>\n<ul>\n<li><strong>Puit ja puittooted:<\/strong> spoon, MDF, t\u00e4ispuit.<\/li>\n<li><strong>Nahk ja tekstiil:<\/strong> Looduslik ja s\u00fcnteetiline nahk, teksakangas, vilt.<\/li>\n<li><strong>Paber ja papp:<\/strong> pakendite markeerimine, kutsete graveerimine.<\/li>\n<li><strong>Klaas ja keraamika:<\/strong> matt efekti ekstraheerimine, pinnagraveerimine.<\/li>\n<li><strong>Enamik plastist:<\/strong> Akr\u00fc\u00fcl (PMMA), ABS, pol\u00fckarbonaat.<\/li>\n<li><strong>V\u00e4rvitud metallid:<\/strong> laser v\u00f5ib eemaldada v\u00e4rvikihi, paljastades alusp\u00f5hja metalli.<\/li>\n<\/ul>\n<h3>N\u00e4iteid kasutamisest:<\/h3>\n<ul>\n<li>Seerianumbrite, aegumiskuup\u00e4evade ja v\u00f6\u00f6tkoodide m\u00e4rkimine pakendil.<\/li>\n<li>Logode ja kaubam\u00e4rkide graveerimine puidust suveniiridele v\u00f5i nahktoodetele.<\/li>\n<li>Peente ja keeruliste mustrite loomine klaasile v\u00f5i keraamikale.<\/li>\n<li>Plastikust korpuste v\u00f5i elektroonikakomponentide kiire personaliseerimine.<\/li>\n<\/ul>\n<h2>Pikaajaline investeering: RF laseriallikas<\/h2>\n<p>Need masinad kasutavad vastupidavat, \u00f5hkjahutusega metallist RF (raadiosagedus) lasertoru. Erinevalt klaastorudest, mida tuleb perioodiliselt vahetada, on RF-kiirguse allikate kasutusiga <strong>\u00fcle 20 000 tunni<\/strong> ja neid saab uuesti t\u00e4ita. See tagab minimaalse hoolduse ja stabiilse laseri v\u00f5imsuse kogu laseri eluea jooksul, mis teeb neist masinatest usaldusv\u00e4\u00e4rse pikaajalise investeeringu.  <\/p>\n<p>&nbsp;<\/p>\n<div class=\"product-descr-table\">\n<table width=\"619\">\n<tbody>\n<tr>\n<td colspan=\"2\" width=\"619\">\n<p style=\"text-align: center;\"><strong>SPETSIFIKATSIOON<\/strong><\/p>\n<\/td>\n<\/tr>\n<tr>\n<td style=\"text-align: left;\" width=\"217\"><strong>Laseri allikas<\/strong><\/td>\n<td width=\"402\">\n<p style=\"text-align: center;\">DAVI<\/p>\n<\/td>\n<\/tr>\n<tr>\n<td width=\"217\">\n<p style=\"text-align: left;\"><strong>Laseri v\u00f5imsus<\/strong><\/p>\n<\/td>\n<td style=\"text-align: center;\" width=\"402\">30W, 40W, 45W, 50W, 60W, 60W<\/td>\n<\/tr>\n<tr>\n<td style=\"text-align: left;\" width=\"217\"><strong>Impulsside vahemik<\/strong><\/td>\n<td width=\"402\">\n<p style=\"text-align: center;\">1 &#8211; 500kHz<\/p>\n<\/td>\n<\/tr>\n<tr>\n<td width=\"217\">\n<p style=\"text-align: left;\"><strong>Graveerimise kiirus<\/strong><\/p>\n<\/td>\n<td style=\"text-align: center;\" width=\"402\">0 &#8211; 7000mm\/s<\/td>\n<\/tr>\n<tr>\n<td style=\"text-align: left;\" width=\"217\"><strong>Minimaalne joone paksus<\/strong><\/td>\n<td width=\"402\">\n<p style=\"text-align: center;\">&gt;0.01mm<\/p>\n<\/td>\n<\/tr>\n<tr>\n<td width=\"217\">\n<p style=\"text-align: left;\"><strong>Laseri lainepikkus<\/strong><\/p>\n<\/td>\n<td style=\"text-align: center;\" width=\"402\">10,6um<\/td>\n<\/tr>\n<tr>\n<td style=\"text-align: left;\" width=\"217\"><strong>T\u00f6\u00f6valdkond<\/strong><\/td>\n<td width=\"402\">\n<p style=\"text-align: center;\">100x100mm, 140x140mm, 150x150mm, 300x300mm.<\/p>\n<\/td>\n<\/tr>\n<tr>\n<td width=\"217\">\n<p style=\"text-align: left;\"><strong>Jahutamine<\/strong><\/p>\n<\/td>\n<td style=\"text-align: center;\" width=\"402\">Oru<\/td>\n<\/tr>\n<tr>\n<td style=\"text-align: left;\" width=\"217\"><strong>Laserallika eluiga<\/strong><\/td>\n<td width=\"402\">\n<p style=\"text-align: center;\">Kuni 20 000 tundi.<\/p>\n<\/td>\n<\/tr>\n<tr>\n<td width=\"217\">\n<p style=\"text-align: left;\"><strong>Toitepinge<\/strong><\/p>\n<\/td>\n<td style=\"text-align: center;\" width=\"402\">230VAC, 50-60Hz<\/td>\n<\/tr>\n<tr>\n<td style=\"text-align: left;\" width=\"217\"><strong>Energiatarbimine<\/strong><\/td>\n<td width=\"402\">\n<p style=\"text-align: center;\">&lt;= 500W<\/p>\n<\/td>\n<\/tr>\n<tr>\n<td width=\"217\">\n<p style=\"text-align: left;\"><strong>Temperatuur\/niiskus<\/strong><\/p>\n<\/td>\n<td style=\"text-align: center;\" width=\"402\">0~35\u00b0C \/ 10~95%<\/td>\n<\/tr>\n<tr>\n<td style=\"text-align: left;\" width=\"217\"><strong>T\u00f6\u00f6pingi m\u00f5\u00f5tmed ja kaal<\/strong><\/td>\n<td width=\"402\">\n<p style=\"text-align: center;\">660x240x500mm, 35kg<\/p>\n<\/td>\n<\/tr>\n<tr>\n<td width=\"217\">\n<p style=\"text-align: left;\"><strong>Tarkvara<\/strong><\/p>\n<\/td>\n<td style=\"text-align: center;\" width=\"402\">EzCAD (LightBurn Pro soovitatav, eraldi tasuline litsents)<\/td>\n<\/tr>\n<tr>\n<td style=\"text-align: left;\" width=\"217\"><strong>Toetatud vormingud<\/strong><\/td>\n<td width=\"402\">\n<p style=\"text-align: center;\">AI, PLT, DXF, BMP, DWG, DXP, PNG, JPG jne.<\/p>\n<\/td>\n<\/tr>\n<tr>\n<td width=\"217\">\n<p style=\"text-align: left;\"><strong>Sobivad materjalid<\/strong><\/p>\n<\/td>\n<td style=\"text-align: center;\" width=\"402\">Puit, vineer, nahk, plastik, akr\u00fc\u00fcl, kummi, klaas, kristallid, keraamika, paber, papp, ABS, teksad, riided, pol\u00fcmeerid jne.<\/td>\n<\/tr>\n<tr>\n<td style=\"text-align: left;\" width=\"217\"><strong>Rotary<\/strong><\/td>\n<td width=\"402\">\n<p style=\"text-align: center;\">Lisav\u00f5imalus (s\u00f5rmuste, pliiatsite, Chucki jne. jaoks)<\/p>\n<\/td>\n<\/tr>\n<\/tbody>\n<\/table>\n<\/div>\n","protected":false},"excerpt":{"rendered":"<p><strong>CO2 Galvo lasergraveerimismasin<\/strong> on spetsiaalne t\u00f6\u00f6riist, mis on m\u00f5eldud orgaaniliste materjalide \u00fclikiireks m\u00e4rgistamiseks. Kasutades tavalise XY-telje asemel liikuvate peeglitega uuenduslikku Galvo-pead, saavutab see masin <strong>kuni 10 korda kiirema<\/strong> kiiruse kui plottermasinad. Ideaalne lahendus suurte tootmismahtude jaoks, kus on vaja t\u00e4histada puit, nahk, paber, klaas v\u00f5i plastik seerianumbrite, logode v\u00f5i v\u00f6\u00f6tkoodidega v\u00e4lkkiirelt.  <\/p>\n","protected":false},"featured_media":8448,"template":"","meta":{"_acf_changed":false},"product_brand":[],"product_cat":[318],"product_tag":[],"class_list":{"0":"post-8447","1":"product","2":"type-product","3":"status-publish","4":"has-post-thumbnail","6":"product_cat-laser-toopingid","7":"","8":"woocommerce-text-align-center","9":"woocommerce-image-align-center","10":"wc-has-gallery","12":"first","13":"instock","14":"shipping-taxable","15":"purchasable","16":"product-type-simple"},"acf":[],"_links":{"self":[{"href":"https:\/\/eltechnika.eu\/et\/wp-json\/wp\/v2\/product\/8447","targetHints":{"allow":["GET"]}}],"collection":[{"href":"https:\/\/eltechnika.eu\/et\/wp-json\/wp\/v2\/product"}],"about":[{"href":"https:\/\/eltechnika.eu\/et\/wp-json\/wp\/v2\/types\/product"}],"wp:featuredmedia":[{"embeddable":true,"href":"https:\/\/eltechnika.eu\/et\/wp-json\/wp\/v2\/media\/8448"}],"wp:attachment":[{"href":"https:\/\/eltechnika.eu\/et\/wp-json\/wp\/v2\/media?parent=8447"}],"wp:term":[{"taxonomy":"product_brand","embeddable":true,"href":"https:\/\/eltechnika.eu\/et\/wp-json\/wp\/v2\/product_brand?post=8447"},{"taxonomy":"product_cat","embeddable":true,"href":"https:\/\/eltechnika.eu\/et\/wp-json\/wp\/v2\/product_cat?post=8447"},{"taxonomy":"product_tag","embeddable":true,"href":"https:\/\/eltechnika.eu\/et\/wp-json\/wp\/v2\/product_tag?post=8447"}],"curies":[{"name":"wp","href":"https:\/\/api.w.org\/{rel}","templated":true}]}}